{"id":1165,"date":"2014-04-19T10:16:32","date_gmt":"2014-04-19T09:16:32","guid":{"rendered":"http:\/\/thetheoryworks.com\/home-2\/"},"modified":"2020-12-06T11:47:53","modified_gmt":"2020-12-06T10:47:53","slug":"home","status":"publish","type":"page","link":"https:\/\/www.thetheoryworks.com\/de\/","title":{"rendered":"Home"},"content":{"rendered":"<div id=\"metaslider-id-5109\" style=\"width: 100%;\" class=\"ml-slider-3-105-0 metaslider metaslider-flex metaslider-5109 ml-slider has-dots-nav ms-theme-default\" role=\"region\" aria-label=\"Front Page Top DE\" data-height=\"450\" data-width=\"960\">\n    <div id=\"metaslider_container_5109\">\n        <div id=\"metaslider_5109\">\n            <ul class='slides'>\n                <li style=\"display: block; width: 100%;\" class=\"slide-5110 ms-image \" aria-roledescription=\"slide\" data-date=\"2020-11-08 17:59:53\" data-filename=\"PWT-Quad-20-03-Wind-Lake-027-DE.jpg\" data-slide-type=\"image\"><img loading=\"lazy\" decoding=\"async\" src=\"https:\/\/www.thetheoryworks.com\/wordpress\/wp-content\/uploads\/PWT-Quad-20-03-Wind-Lake-027-DE.jpg\" height=\"450\" width=\"960\" alt=\"Quadratic tent pitched by a lake in high winds\" class=\"slider-5109 slide-5110 msDefaultImage\" \/><\/li>\n                <li style=\"display: none; width: 100%;\" class=\"slide-5111 ms-image \" aria-roledescription=\"slide\" data-date=\"2020-11-08 17:59:54\" data-filename=\"PWT-Quad-18-02-Spindrift-095-DE.jpg\" data-slide-type=\"image\"><img loading=\"lazy\" decoding=\"async\" src=\"https:\/\/www.thetheoryworks.com\/wordpress\/wp-content\/uploads\/PWT-Quad-18-02-Spindrift-095-DE.jpg\" height=\"450\" width=\"960\" alt=\"Quadratic Zelt im Schnee\" class=\"slider-5109 slide-5111 msDefaultImage\" \/><\/li>\n                <li style=\"display: none; width: 100%;\" class=\"slide-5112 ms-image \" aria-roledescription=\"slide\" data-date=\"2020-11-08 17:59:54\" data-filename=\"PWT-Quad-18-02-Night-019-DE.jpg\" data-slide-type=\"image\"><img loading=\"lazy\" decoding=\"async\" src=\"https:\/\/www.thetheoryworks.com\/wordpress\/wp-content\/uploads\/PWT-Quad-18-02-Night-019-DE.jpg\" height=\"450\" width=\"960\" alt=\"Quadratic Zelt\" class=\"slider-5109 slide-5112 msDefaultImage\" \/><\/li>\n            <\/ul>\n        <\/div>\n        \n    <\/div>\n<\/div>\n<div class=\"continuitytext\">\n<h2>\u201eDas Zelt ist ein Bunker\u201d &#8211; Winterfjell.de<\/h2>\n<\/div>\n<p>Winterfjell ist eine deutsche Webseite, die sich auf Winterwandern und Skifahren in Skandinavien spezialisiert hat. Sie haben unser Quadratic<sup>\u2122<\/sup> Zelt getestet. Hier sind einige ihrer Experten- Kommentare:<\/p>\n<blockquote>\n<p>Das Zelt ist ein Bunker. Ich m\u00f6chte es sogar in eine Liga mit etablierten Zelten wie dem The North Face VE 25 oder dem Mountain Hardwear EV 3 (heute ACI 3) z\u00e4hlen.<\/p>\n<p>Dabei schl\u00e4gt das Quadratic das VE 25 durch den gemeinsamen Aufbau von Au\u00dfen- und Innenzelt und beim Gewicht. Das EV 3 hat im Vergleich keine Apsis zum Kochen und verf\u00fcgt \u00fcber kein Innenzelt. Preislich ist das Quadratic sehr fair kalkuliert.<\/p>\n<p>Genau dort sehe ich eine gute Nische f\u00fcr das The Theory Works Quadratic Expeditionszelt und w\u00fcrde es als Bergzelt sofort in Betracht ziehen.<\/p>\n<\/blockquote>\n<div class=\"continuitytext\">\n<p>Lese <a href=\"\/\/www.thetheoryworks.com\/de\/blog\/winterfjell-testbericht-quadratic-tent-system-6-20\/\" rel=\"noopener noreferrer\" target=\"_blank\">mehr ihrer Kommentare<\/a> oder den <a href=\"https:\/\/www.winterfjell.de\/the-theory-works-quadratic-expeditionszelt-im-test\/\" rel=\"noopener noreferrer\" target=\"_blank\">vollst\u00e4ndigen Testbericht auf der Winterfjell Webseite<\/a>.<\/p>\n<\/div>\n<div class=\"outer-wrapper imagefader settopmargin-20\">\n<a href=\"\/\/www.thetheoryworks.com\/de\/quadratic-zeltsystem\/\"><br \/>\n<img loading=\"lazy\" decoding=\"async\" style=\"border: none; padding: 5;\" src=\"\/\/www.thetheoryworks.com\/wordpress\/wp-content\/uploads\/IUP-QuadSW-18-10-Scot_032b.jpg\" alt=\"Quadratic Light Outer, pitched by a mountain lake\" width=\"960\" height=\"450\" class=\"alignnone size-full wp-image-4696\" srcset=\"https:\/\/www.thetheoryworks.com\/wordpress\/wp-content\/uploads\/IUP-QuadSW-18-10-Scot_032b.jpg 960w, https:\/\/www.thetheoryworks.com\/wordpress\/wp-content\/uploads\/IUP-QuadSW-18-10-Scot_032b-500x234.jpg 500w, https:\/\/www.thetheoryworks.com\/wordpress\/wp-content\/uploads\/IUP-QuadSW-18-10-Scot_032b-200x94.jpg 200w, https:\/\/www.thetheoryworks.com\/wordpress\/wp-content\/uploads\/IUP-QuadSW-18-10-Scot_032b-150x70.jpg 150w, https:\/\/www.thetheoryworks.com\/wordpress\/wp-content\/uploads\/IUP-QuadSW-18-10-Scot_032b-300x141.jpg 300w, https:\/\/www.thetheoryworks.com\/wordpress\/wp-content\/uploads\/IUP-QuadSW-18-10-Scot_032b-768x360.jpg 768w, https:\/\/www.thetheoryworks.com\/wordpress\/wp-content\/uploads\/IUP-QuadSW-18-10-Scot_032b-600x281.jpg 600w\" sizes=\"auto, (max-width: 960px) 100vw, 960px\" \/><\/p>\n<div class=\"text-wrapper-mss-left\">\n<h2 class=\"wh-b-2m\">Entdecke das<br \/>\nQuadratic<sup2>\u2122<\/sup2><br \/>\nZelt System<\/h2>\n<h4 class=\"wh-n-1m\">&nbsp; Das 2-Personen Alpinzelt.<br \/>\n&nbsp; W\u00e4hle die Komponenten f\u00fcr deine Anforderungen. <br \/>\n&nbsp; Optimiere das Gest\u00e4nge nach Gewicht oder Beanspruchung.<br \/>\n&nbsp; Konfiguriere den Aufbau f\u00fcr jede Tour.<\/h4>\n<h4 class=\"wh-b-12m\">Unz\u00e4hlige Abenteuer. Ein Zeltsystem.<\/h4>\n<\/div>\n<p><\/a>\n<\/div>\n<div class=\"responsive\">\n<div class=\"gallery\">\n<div class=\"outer-wrapper imagefader settopmargin-20\">\n    <a href=\"\/\/www.thetheoryworks.com\/de\/produkt-kategorie\/quadratic-zeltsystem\/quad-individualisiere-dein-zelt\/\"><br \/>\n      <img loading=\"lazy\" decoding=\"async\" style=\"border: none;\" src=\"\/\/www.thetheoryworks.com\/wordpress\/wp-content\/uploads\/IUP-QuadSW-17-08-Scotland-049.jpg\" alt=\"Quadratic tent pitched on a plateau\" width=\"960\" height=\"450\" class=\"size-full  wp-image-3947\" srcset=\"https:\/\/www.thetheoryworks.com\/wordpress\/wp-content\/uploads\/IUP-QuadSW-17-08-Scotland-049.jpg 960w, https:\/\/www.thetheoryworks.com\/wordpress\/wp-content\/uploads\/IUP-QuadSW-17-08-Scotland-049-200x94.jpg 200w, https:\/\/www.thetheoryworks.com\/wordpress\/wp-content\/uploads\/IUP-QuadSW-17-08-Scotland-049-500x234.jpg 500w, https:\/\/www.thetheoryworks.com\/wordpress\/wp-content\/uploads\/IUP-QuadSW-17-08-Scotland-049-600x281.jpg 600w, https:\/\/www.thetheoryworks.com\/wordpress\/wp-content\/uploads\/IUP-QuadSW-17-08-Scotland-049-150x70.jpg 150w, https:\/\/www.thetheoryworks.com\/wordpress\/wp-content\/uploads\/IUP-QuadSW-17-08-Scotland-049-300x141.jpg 300w, https:\/\/www.thetheoryworks.com\/wordpress\/wp-content\/uploads\/IUP-QuadSW-17-08-Scotland-049-768x360.jpg 768w\" sizes=\"auto, (max-width: 960px) 100vw, 960px\" \/><\/p>\n<div class=\"text-wrapper-mss-left\">\n<h4 class=\"wh-b-2m\">Individualisiere dein Zelt<\/h4>\n<div class=\"wh-n-1m\">Stelle dein pers\u00f6nliches Zelt zusammen<\/div>\n<\/p><\/div>\n<p>   <\/a>\n<\/div>\n<\/p><\/div>\n<\/div>\n<div class=\"responsive\">\n<div class=\"gallery\">\n<div class=\"outer-wrapper imagefader settopmargin-20\">\n    <a href=\"\/\/www.thetheoryworks.com\/de\/produkt-kategorie\/quadratic-zeltsystem\/quad-erweitere-dein-system\/\"><br \/>\n      <img loading=\"lazy\" decoding=\"async\" style=\"border: none;\" src=\"\/\/www.thetheoryworks.com\/wordpress\/wp-content\/uploads\/IUP-QuadSW-16-07-Sweden-93b.jpg\" alt=\"Quadratic Tent with rocks behind\" width=\"960\" height=\"450\" class=\"size-full  wp-image-3943\" srcset=\"https:\/\/www.thetheoryworks.com\/wordpress\/wp-content\/uploads\/IUP-QuadSW-16-07-Sweden-93b.jpg 960w, https:\/\/www.thetheoryworks.com\/wordpress\/wp-content\/uploads\/IUP-QuadSW-16-07-Sweden-93b-200x94.jpg 200w, https:\/\/www.thetheoryworks.com\/wordpress\/wp-content\/uploads\/IUP-QuadSW-16-07-Sweden-93b-500x234.jpg 500w\" sizes=\"auto, (max-width: 960px) 100vw, 960px\" \/><\/p>\n<div class=\"text-wrapper-mss-right\">\n<h4 class=\"wh-b-2m\">Erweitere dein System<\/h4>\n<div class=\"wh-n-1m\">Komponenten f\u00fcr dein Zeltsystem<\/div>\n<\/p><\/div>\n<p>   <\/a>\n<\/div>\n<\/p><\/div>\n<\/div>\n<div class=\"clearfix\"><\/div>\n<div class=\"continuitytext\">\n<h2>Das Quadratic<sup3>\u2122<\/sup3> Zeltsystem erh\u00e4lt den \u201eKauftipp\u201d vom \u201eOutdoor\u201d Magazin<\/h2>\n<\/div>\n<p><img loading=\"lazy\" decoding=\"async\" src=\"https:\/\/www.thetheoryworks.com\/wordpress\/wp-content\/uploads\/\/FRM-Quad-01-19-Outdoor-2-19-300x300.jpg\" alt=\"Quadratic Zelt, mit Outdoor Magazin Kauf-Tipp Logo\" width=\"300\" height=\"300\" class=\"alignright size-medium wp-image-4614\" srcset=\"https:\/\/www.thetheoryworks.com\/wordpress\/wp-content\/uploads\/FRM-Quad-01-19-Outdoor-2-19-300x300.jpg 300w, https:\/\/www.thetheoryworks.com\/wordpress\/wp-content\/uploads\/FRM-Quad-01-19-Outdoor-2-19-500x500.jpg 500w, https:\/\/www.thetheoryworks.com\/wordpress\/wp-content\/uploads\/FRM-Quad-01-19-Outdoor-2-19-200x200.jpg 200w, https:\/\/www.thetheoryworks.com\/wordpress\/wp-content\/uploads\/FRM-Quad-01-19-Outdoor-2-19-150x150.jpg 150w, https:\/\/www.thetheoryworks.com\/wordpress\/wp-content\/uploads\/FRM-Quad-01-19-Outdoor-2-19-100x100.jpg 100w, https:\/\/www.thetheoryworks.com\/wordpress\/wp-content\/uploads\/FRM-Quad-01-19-Outdoor-2-19.jpg 600w\" sizes=\"auto, (max-width: 300px) 100vw, 300px\" \/><\/p>\n<p>Das branchenf\u00fchrende \u201eOutdoor\u201c Magazin hat dem Quadratic\u2122 Zeltsystem das Pr\u00e4dikat \u201cKauftipp\u201d  in ihrer Februar 2019 Ausgabe verliehen. Hier ein paar Ausz\u00fcge aus der Bewertung:<\/p>\n<blockquote>\n<p>Steht schon ohne beide L\u00e4ngsb\u00f6gen (Sidepoles, 300g) gut, mit wie ein Fels in der Brandung.  Auch Dauerregen und Zugluft haben keine Chance.<\/p>\n<p>Mit dem Quadratic bietet The Theory Works ein innovatives, individuell konfigurierbares Allroundzelt mit einem klasse Preis-Leistungs-Verh\u00e4ltnis.<\/p>\n<p><strong>SEHR GUT<\/strong><\/p>\n<\/blockquote>\n<div class=\"continuitytext\">\n<p>Lese mehr <a href=\"\/\/www.thetheoryworks.com\/de\/blog\/quadratic-zeltsystem-erhaelt-kauftipp-vom-outdoor-magazin-2-19\/#lightbox\/0\/\" rel=\"noopener noreferrer\" target=\"_blank\">hier<\/a>.<\/p>\n<\/div>\n<div class=\"continuitytext\">\n<h2>Quadratic<sup3>\u2122<\/sup3> Zeltsystem Beurteilung von Svens freiluft<span>&#8209;<\/span>blog.de<\/h2>\n<\/div>\n<blockquote><p>Insgesamt hat das Quadratic Zeltsystem einen sehr guten Eindruck hinterlassen. Die Verarbeitung der einzelnen Komponenten ist hervorragend und das System allgemein gut durchdacht\u2026   \u2026 Egal welche Kombination man w\u00e4hlt, ist der Preis durchaus fair f\u00fcr die gebotene Qualit\u00e4t und die einzigartige Modularit\u00e4t. Wer viel in unterschiedlichen Regionen und\/oder zu allen Jahreszeiten unterwegs ist, f\u00fcr den k\u00f6nnte sich ein solch flexibles Zeltsystem sicherlich lohnen.<\/p><\/blockquote>\n<div class=\"continuitytext\"><a href=\"http:\/\/www.freiluft-blog.de\/2018\/09\/the-theory-works-quadratic-zeltsystem-im-test\/\" rel=\"noopener noreferrer\" target=\"_blank\">Hier<\/a> kannst du mehr \u00fcber Svens Beurteilung lessen.<\/div>\n<div class=\"outer-wrapper imagefader settopmargin-20\">\n<a href=\"\/\/www.thetheoryworks.com\/de\/modulares-sheltersystem\/\"><br \/>\n<img loading=\"lazy\" decoding=\"async\" style=\"border: none; padding: 5;\" src=\"\/\/www.thetheoryworks.com\/wordpress\/wp-content\/uploads\/IUP-ModShel-14-09-SidewallsUp-287.jpg\" alt=\"Modular Shelter pitched on hillside, with sidewalls\" width=\"960\" height=\"451\" class=\"alignnone size-full wp-image-3673\" srcset=\"https:\/\/www.thetheoryworks.com\/wordpress\/wp-content\/uploads\/IUP-ModShel-14-09-SidewallsUp-287.jpg 960w, https:\/\/www.thetheoryworks.com\/wordpress\/wp-content\/uploads\/IUP-ModShel-14-09-SidewallsUp-287-200x94.jpg 200w, https:\/\/www.thetheoryworks.com\/wordpress\/wp-content\/uploads\/IUP-ModShel-14-09-SidewallsUp-287-500x235.jpg 500w\" sizes=\"auto, (max-width: 960px) 100vw, 960px\" \/><\/p>\n<div class=\"text-wrapper-mss-left\">\n<h2 class=\"wh-b-2m\">Erlebe das<br \/>\nModulare Sheltersystem<\/h2>\n<h4 class=\"wh-n-1m\">&nbsp; Von 1 bis 6 Personen.<br \/>\n&nbsp; Aufbau f\u00fcr unterschiedliches Terrain und Wetterlage.<br \/>\n&nbsp; Anspruchsvolle Materialien f\u00fcr hohe Wetterbest\u00e4ndigkeit.<\/h4>\n<h4 class=\"wh-b-12m\">Anpassbar. Vielseitig. Stark.<\/h4>\n<\/div>\n<p><\/a>\n<\/div>\n<div class=\"responsive\">\n<div class=\"gallery\">\n<div class=\"outer-wrapper imagefader settopmargin-20\">\n    <a href=\"\/\/www.thetheoryworks.com\/de\/produkt-kategorie\/modulares-sheltersystem\/bereits-zusammengestellte-shelter\/\"><br \/>\n      <img loading=\"lazy\" decoding=\"async\" style=\"border: none;\" src=\"\/\/www.thetheoryworks.com\/wordpress\/wp-content\/uploads\/IUP-ModShel-14-03-Spain-96c.jpg\" alt=\"Modular Shelter pitched in snow\" width=\"960\" height=\"450\" class=\"size-full  wp-image-3589\" srcset=\"https:\/\/www.thetheoryworks.com\/wordpress\/wp-content\/uploads\/IUP-ModShel-14-03-Spain-96c.jpg 960w, https:\/\/www.thetheoryworks.com\/wordpress\/wp-content\/uploads\/IUP-ModShel-14-03-Spain-96c-200x94.jpg 200w, https:\/\/www.thetheoryworks.com\/wordpress\/wp-content\/uploads\/IUP-ModShel-14-03-Spain-96c-500x234.jpg 500w\" sizes=\"auto, (max-width: 960px) 100vw, 960px\" \/><\/p>\n<div class=\"text-wrapper-mss-left\">\n<h4 class=\"wh-b-2m\">Individualisiere deinen Shelter<\/h4>\n<div class=\"wh-n-1m\">Hier findest du alle individualisierbaren Shelter.<\/div>\n<\/p><\/div>\n<p>   <\/a>\n<\/div>\n<\/p><\/div>\n<\/div>\n<div class=\"responsive\">\n<div class=\"gallery\">\n<div class=\"outer-wrapper imagefader settopmargin-20\">\n    <a href=\"\n\/\/www.thetheoryworks.com\/de\/produkt-kategorie\/modulares-sheltersystem\/einzelne-komponenten\/\"><br \/>\n      <img loading=\"lazy\" decoding=\"async\" style=\"border: none;\" src=\"\/\/www.thetheoryworks.com\/wordpress\/wp-content\/uploads\/Graphic-ModShel-17-06-Insect-Ceiling.jpg\" alt=\"Fitted Insect Ceiling, inside a Modular Shelter\" width=\"960\" height=\"450\" class=\"size-full  wp-image-3619\" srcset=\"https:\/\/www.thetheoryworks.com\/wordpress\/wp-content\/uploads\/Graphic-ModShel-17-06-Insect-Ceiling.jpg 960w, https:\/\/www.thetheoryworks.com\/wordpress\/wp-content\/uploads\/Graphic-ModShel-17-06-Insect-Ceiling-200x94.jpg 200w, https:\/\/www.thetheoryworks.com\/wordpress\/wp-content\/uploads\/Graphic-ModShel-17-06-Insect-Ceiling-500x235.jpg 500w\" sizes=\"auto, (max-width: 960px) 100vw, 960px\" \/><\/p>\n<div class=\"text-wrapper-mss-right\">\n<h4 class=\"wh-b-2m\">Erweitere dein System<\/h4>\n<div class=\"wh-n-1m\">Komponenten um deinen Shelter vielf\u00e4ltiger zu machen.<\/div>\n<\/p><\/div>\n<p>   <\/a>\n<\/div>\n<\/p><\/div>\n<\/div>\n<div class=\"clearfix\"><\/div>\n","protected":false},"excerpt":{"rendered":"<p>\u201eDas Zelt ist ein Bunker\u201d &#8211; Winterfjell.de Winterfjell ist eine deutsche Webseite, die sich auf Winterwandern und Skifahren in Skandinavien spezialisiert hat. Sie haben unser Quadratic\u2122 Zelt getestet. Hier sind einige ihrer Experten- Kommentare: Das Zelt ist ein Bunker. Ich m\u00f6chte es sogar in eine Liga mit etablierten Zelten wie dem The North Face VE [&hellip;]<\/p>\n","protected":false},"author":2,"featured_media":0,"parent":0,"menu_order":0,"comment_status":"open","ping_status":"open","template":"","meta":{"footnotes":""},"class_list":["post-1165","page","type-page","status-publish","hentry"],"yoast_head":"<!-- This site is optimized with the Yoast SEO plugin v26.9 - https:\/\/yoast.com\/product\/yoast-seo-wordpress\/ -->\n<title>The Theory Works\u00ae<\/title>\n<meta name=\"description\" content=\"The Theory Works\u00ae bietet modulare Shelter und Zelte an. Stellen Sie Ihren eigenen Shelter zusammen und passen Sie ihn jeder Situation an.\" \/>\n<meta name=\"robots\" content=\"index, follow, max-snippet:-1, max-image-preview:large, max-video-preview:-1\" \/>\n<link rel=\"canonical\" href=\"https:\/\/www.thetheoryworks.com\/de\/\" \/>\n<meta property=\"og:locale\" content=\"de_DE\" \/>\n<meta property=\"og:type\" content=\"article\" \/>\n<meta property=\"og:title\" content=\"The Theory Works\u00ae\" \/>\n<meta property=\"og:description\" content=\"The Theory Works\u00ae bietet modulare Shelter und Zelte an. Stellen Sie Ihren eigenen Shelter zusammen und passen Sie ihn jeder Situation an.\" \/>\n<meta property=\"og:url\" content=\"https:\/\/www.thetheoryworks.com\/de\/\" \/>\n<meta property=\"og:site_name\" content=\"The Theory Works\u00ae\" \/>\n<meta property=\"article:modified_time\" content=\"2020-12-06T10:47:53+00:00\" \/>\n<meta property=\"og:image\" content=\"\/\/www.thetheoryworks.com\/wordpress\/wp-content\/uploads\/IUP-QuadSW-18-10-Scot_032b.jpg\" \/>\n<meta name=\"twitter:label1\" content=\"Gesch\u00e4tzte Lesezeit\" \/>\n\t<meta name=\"twitter:data1\" content=\"2\u00a0Minuten\" \/>\n<script type=\"application\/ld+json\" class=\"yoast-schema-graph\">{\"@context\":\"https:\/\/schema.org\",\"@graph\":[{\"@type\":\"WebPage\",\"@id\":\"https:\/\/www.thetheoryworks.com\/de\/\",\"url\":\"https:\/\/www.thetheoryworks.com\/de\/\",\"name\":\"The Theory Works\u00ae\",\"isPartOf\":{\"@id\":\"https:\/\/www.thetheoryworks.com\/de\/#website\"},\"primaryImageOfPage\":{\"@id\":\"https:\/\/www.thetheoryworks.com\/de\/#primaryimage\"},\"image\":{\"@id\":\"https:\/\/www.thetheoryworks.com\/de\/#primaryimage\"},\"thumbnailUrl\":\"https:\/\/www.thetheoryworks.com\/wordpress\/wp-content\/uploads\/\/FRM-Quad-01-19-Outdoor-2-19-300x300.jpg\",\"datePublished\":\"2014-04-19T09:16:32+00:00\",\"dateModified\":\"2020-12-06T10:47:53+00:00\",\"description\":\"The Theory Works\u00ae bietet modulare Shelter und Zelte an. Stellen Sie Ihren eigenen Shelter zusammen und passen Sie ihn jeder Situation an.\",\"breadcrumb\":{\"@id\":\"https:\/\/www.thetheoryworks.com\/de\/#breadcrumb\"},\"inLanguage\":\"de\",\"potentialAction\":[{\"@type\":\"ReadAction\",\"target\":[\"https:\/\/www.thetheoryworks.com\/de\/\"]}]},{\"@type\":\"ImageObject\",\"inLanguage\":\"de\",\"@id\":\"https:\/\/www.thetheoryworks.com\/de\/#primaryimage\",\"url\":\"https:\/\/www.thetheoryworks.com\/wordpress\/wp-content\/uploads\/\/FRM-Quad-01-19-Outdoor-2-19-300x300.jpg\",\"contentUrl\":\"https:\/\/www.thetheoryworks.com\/wordpress\/wp-content\/uploads\/\/FRM-Quad-01-19-Outdoor-2-19-300x300.jpg\"},{\"@type\":\"BreadcrumbList\",\"@id\":\"https:\/\/www.thetheoryworks.com\/de\/#breadcrumb\",\"itemListElement\":[{\"@type\":\"ListItem\",\"position\":1,\"name\":\"Home\",\"item\":\"https:\/\/www.thetheoryworks.com\/de\/\"},{\"@type\":\"ListItem\",\"position\":2,\"name\":\"Home\"}]},{\"@type\":\"WebSite\",\"@id\":\"https:\/\/www.thetheoryworks.com\/de\/#website\",\"url\":\"https:\/\/www.thetheoryworks.com\/de\/\",\"name\":\"The Theory Works\u00ae\",\"description\":\"\",\"potentialAction\":[{\"@type\":\"SearchAction\",\"target\":{\"@type\":\"EntryPoint\",\"urlTemplate\":\"https:\/\/www.thetheoryworks.com\/de\/?s={search_term_string}\"},\"query-input\":{\"@type\":\"PropertyValueSpecification\",\"valueRequired\":true,\"valueName\":\"search_term_string\"}}],\"inLanguage\":\"de\"}]}<\/script>\n<!-- \/ Yoast SEO plugin. -->","yoast_head_json":{"title":"The Theory Works\u00ae","description":"The Theory Works\u00ae bietet modulare Shelter und Zelte an. Stellen Sie Ihren eigenen Shelter zusammen und passen Sie ihn jeder Situation an.","robots":{"index":"index","follow":"follow","max-snippet":"max-snippet:-1","max-image-preview":"max-image-preview:large","max-video-preview":"max-video-preview:-1"},"canonical":"https:\/\/www.thetheoryworks.com\/de\/","og_locale":"de_DE","og_type":"article","og_title":"The Theory Works\u00ae","og_description":"The Theory Works\u00ae bietet modulare Shelter und Zelte an. Stellen Sie Ihren eigenen Shelter zusammen und passen Sie ihn jeder Situation an.","og_url":"https:\/\/www.thetheoryworks.com\/de\/","og_site_name":"The Theory Works\u00ae","article_modified_time":"2020-12-06T10:47:53+00:00","og_image":[{"url":"\/\/www.thetheoryworks.com\/wordpress\/wp-content\/uploads\/IUP-QuadSW-18-10-Scot_032b.jpg","type":"","width":"","height":""}],"twitter_misc":{"Gesch\u00e4tzte Lesezeit":"2\u00a0Minuten"},"schema":{"@context":"https:\/\/schema.org","@graph":[{"@type":"WebPage","@id":"https:\/\/www.thetheoryworks.com\/de\/","url":"https:\/\/www.thetheoryworks.com\/de\/","name":"The Theory Works\u00ae","isPartOf":{"@id":"https:\/\/www.thetheoryworks.com\/de\/#website"},"primaryImageOfPage":{"@id":"https:\/\/www.thetheoryworks.com\/de\/#primaryimage"},"image":{"@id":"https:\/\/www.thetheoryworks.com\/de\/#primaryimage"},"thumbnailUrl":"https:\/\/www.thetheoryworks.com\/wordpress\/wp-content\/uploads\/\/FRM-Quad-01-19-Outdoor-2-19-300x300.jpg","datePublished":"2014-04-19T09:16:32+00:00","dateModified":"2020-12-06T10:47:53+00:00","description":"The Theory Works\u00ae bietet modulare Shelter und Zelte an. Stellen Sie Ihren eigenen Shelter zusammen und passen Sie ihn jeder Situation an.","breadcrumb":{"@id":"https:\/\/www.thetheoryworks.com\/de\/#breadcrumb"},"inLanguage":"de","potentialAction":[{"@type":"ReadAction","target":["https:\/\/www.thetheoryworks.com\/de\/"]}]},{"@type":"ImageObject","inLanguage":"de","@id":"https:\/\/www.thetheoryworks.com\/de\/#primaryimage","url":"https:\/\/www.thetheoryworks.com\/wordpress\/wp-content\/uploads\/\/FRM-Quad-01-19-Outdoor-2-19-300x300.jpg","contentUrl":"https:\/\/www.thetheoryworks.com\/wordpress\/wp-content\/uploads\/\/FRM-Quad-01-19-Outdoor-2-19-300x300.jpg"},{"@type":"BreadcrumbList","@id":"https:\/\/www.thetheoryworks.com\/de\/#breadcrumb","itemListElement":[{"@type":"ListItem","position":1,"name":"Home","item":"https:\/\/www.thetheoryworks.com\/de\/"},{"@type":"ListItem","position":2,"name":"Home"}]},{"@type":"WebSite","@id":"https:\/\/www.thetheoryworks.com\/de\/#website","url":"https:\/\/www.thetheoryworks.com\/de\/","name":"The Theory Works\u00ae","description":"","potentialAction":[{"@type":"SearchAction","target":{"@type":"EntryPoint","urlTemplate":"https:\/\/www.thetheoryworks.com\/de\/?s={search_term_string}"},"query-input":{"@type":"PropertyValueSpecification","valueRequired":true,"valueName":"search_term_string"}}],"inLanguage":"de"}]}},"_links":{"self":[{"href":"https:\/\/www.thetheoryworks.com\/de\/wp-json\/wp\/v2\/pages\/1165","targetHints":{"allow":["GET"]}}],"collection":[{"href":"https:\/\/www.thetheoryworks.com\/de\/wp-json\/wp\/v2\/pages"}],"about":[{"href":"https:\/\/www.thetheoryworks.com\/de\/wp-json\/wp\/v2\/types\/page"}],"author":[{"embeddable":true,"href":"https:\/\/www.thetheoryworks.com\/de\/wp-json\/wp\/v2\/users\/2"}],"replies":[{"embeddable":true,"href":"https:\/\/www.thetheoryworks.com\/de\/wp-json\/wp\/v2\/comments?post=1165"}],"version-history":[{"count":77,"href":"https:\/\/www.thetheoryworks.com\/de\/wp-json\/wp\/v2\/pages\/1165\/revisions"}],"predecessor-version":[{"id":5212,"href":"https:\/\/www.thetheoryworks.com\/de\/wp-json\/wp\/v2\/pages\/1165\/revisions\/5212"}],"wp:attachment":[{"href":"https:\/\/www.thetheoryworks.com\/de\/wp-json\/wp\/v2\/media?parent=1165"}],"curies":[{"name":"wp","href":"https:\/\/api.w.org\/{rel}","templated":true}]}}