{"id":2056,"date":"2014-05-04T18:13:25","date_gmt":"2014-05-04T17:13:25","guid":{"rendered":"http:\/\/thetheoryworks.com\/ueber-uns\/"},"modified":"2019-09-01T10:09:10","modified_gmt":"2019-09-01T09:09:10","slug":"ueber-uns","status":"publish","type":"page","link":"https:\/\/www.thetheoryworks.com\/de\/ueber-uns\/","title":{"rendered":"\u00dcber uns"},"content":{"rendered":"<article>\n<h1>\u00dcber The Theory Works\u00ae<\/h1>\n<p>The Theory Works\u00ae ist eine brandneue Firma, die\u00a0sich auf funktionale Outdoorprodukte spezialisiert hat. Durch das modulare, flexible und individuell gestaltbare Design m\u00f6chten wir Ausr\u00fcstungen auf den Markt bringen, die Outdoorenthusiasten speziell auf eigene Bed\u00fcrfnisse anpassen k\u00f6nnen.<\/p>\n<p>Will Penney ist Ingenieur und arbeitet seit 20 Jahren als Produktmanager und Designer in den Bereichen Outdoor und Bike. Seine reichhaltigen Erfahrungen hat er auf zwei Hemisph\u00e4ren und in f\u00fcnf L\u00e4ndern gesammelt.<\/p>\n<\/article>\n","protected":false},"excerpt":{"rendered":"<p>\u00dcber The Theory Works\u00ae The Theory Works\u00ae ist eine brandneue Firma, die\u00a0sich auf funktionale Outdoorprodukte spezialisiert hat. Durch das modulare, flexible und individuell gestaltbare Design m\u00f6chten wir Ausr\u00fcstungen auf den Markt bringen, die Outdoorenthusiasten speziell auf eigene Bed\u00fcrfnisse anpassen k\u00f6nnen. Will Penney ist Ingenieur und arbeitet seit 20 Jahren als Produktmanager und Designer in den [&hellip;]<\/p>\n","protected":false},"author":2,"featured_media":0,"parent":0,"menu_order":0,"comment_status":"open","ping_status":"open","template":"","meta":{"footnotes":""},"class_list":["post-2056","page","type-page","status-publish","hentry"],"yoast_head":"<!-- This site is optimized with the Yoast SEO plugin v26.9 - https:\/\/yoast.com\/product\/yoast-seo-wordpress\/ -->\n<title>\u00dcber The Theory Works\u00ae<\/title>\n<meta name=\"description\" content=\"Informationen \u00fcber The Theory Works\u00ae, eine in Deutschland ans\u00e4ssige Firma, die sich auf innovative Outdoorausr\u00fcstung spezialisiert hat.\" \/>\n<meta name=\"robots\" content=\"index, follow, max-snippet:-1, max-image-preview:large, max-video-preview:-1\" \/>\n<link rel=\"canonical\" href=\"https:\/\/www.thetheoryworks.com\/de\/ueber-uns\/\" \/>\n<meta property=\"og:locale\" content=\"de_DE\" \/>\n<meta property=\"og:type\" content=\"article\" \/>\n<meta property=\"og:title\" content=\"\u00dcber The Theory Works\u00ae\" \/>\n<meta property=\"og:description\" content=\"Informationen \u00fcber The Theory Works\u00ae, eine in Deutschland ans\u00e4ssige Firma, die sich auf innovative Outdoorausr\u00fcstung spezialisiert hat.\" \/>\n<meta property=\"og:url\" content=\"https:\/\/www.thetheoryworks.com\/de\/ueber-uns\/\" \/>\n<meta property=\"og:site_name\" content=\"The Theory Works\u00ae\" \/>\n<meta property=\"article:modified_time\" content=\"2019-09-01T09:09:10+00:00\" \/>\n<script type=\"application\/ld+json\" class=\"yoast-schema-graph\">{\"@context\":\"https:\/\/schema.org\",\"@graph\":[{\"@type\":\"WebPage\",\"@id\":\"https:\/\/www.thetheoryworks.com\/de\/ueber-uns\/\",\"url\":\"https:\/\/www.thetheoryworks.com\/de\/ueber-uns\/\",\"name\":\"\u00dcber The Theory Works\u00ae\",\"isPartOf\":{\"@id\":\"https:\/\/www.thetheoryworks.com\/de\/#website\"},\"datePublished\":\"2014-05-04T17:13:25+00:00\",\"dateModified\":\"2019-09-01T09:09:10+00:00\",\"description\":\"Informationen \u00fcber The Theory Works\u00ae, eine in Deutschland ans\u00e4ssige Firma, die sich auf innovative Outdoorausr\u00fcstung spezialisiert hat.\",\"breadcrumb\":{\"@id\":\"https:\/\/www.thetheoryworks.com\/de\/ueber-uns\/#breadcrumb\"},\"inLanguage\":\"de\",\"potentialAction\":[{\"@type\":\"ReadAction\",\"target\":[\"https:\/\/www.thetheoryworks.com\/de\/ueber-uns\/\"]}]},{\"@type\":\"BreadcrumbList\",\"@id\":\"https:\/\/www.thetheoryworks.com\/de\/ueber-uns\/#breadcrumb\",\"itemListElement\":[{\"@type\":\"ListItem\",\"position\":1,\"name\":\"Home\",\"item\":\"https:\/\/www.thetheoryworks.com\/de\/\"},{\"@type\":\"ListItem\",\"position\":2,\"name\":\"\u00dcber uns\"}]},{\"@type\":\"WebSite\",\"@id\":\"https:\/\/www.thetheoryworks.com\/de\/#website\",\"url\":\"https:\/\/www.thetheoryworks.com\/de\/\",\"name\":\"The Theory Works\u00ae\",\"description\":\"\",\"potentialAction\":[{\"@type\":\"SearchAction\",\"target\":{\"@type\":\"EntryPoint\",\"urlTemplate\":\"https:\/\/www.thetheoryworks.com\/de\/?s={search_term_string}\"},\"query-input\":{\"@type\":\"PropertyValueSpecification\",\"valueRequired\":true,\"valueName\":\"search_term_string\"}}],\"inLanguage\":\"de\"}]}<\/script>\n<!-- \/ Yoast SEO plugin. -->","yoast_head_json":{"title":"\u00dcber The Theory Works\u00ae","description":"Informationen \u00fcber The Theory Works\u00ae, eine in Deutschland ans\u00e4ssige Firma, die sich auf innovative Outdoorausr\u00fcstung spezialisiert hat.","robots":{"index":"index","follow":"follow","max-snippet":"max-snippet:-1","max-image-preview":"max-image-preview:large","max-video-preview":"max-video-preview:-1"},"canonical":"https:\/\/www.thetheoryworks.com\/de\/ueber-uns\/","og_locale":"de_DE","og_type":"article","og_title":"\u00dcber The Theory Works\u00ae","og_description":"Informationen \u00fcber The Theory Works\u00ae, eine in Deutschland ans\u00e4ssige Firma, die sich auf innovative Outdoorausr\u00fcstung spezialisiert hat.","og_url":"https:\/\/www.thetheoryworks.com\/de\/ueber-uns\/","og_site_name":"The Theory Works\u00ae","article_modified_time":"2019-09-01T09:09:10+00:00","schema":{"@context":"https:\/\/schema.org","@graph":[{"@type":"WebPage","@id":"https:\/\/www.thetheoryworks.com\/de\/ueber-uns\/","url":"https:\/\/www.thetheoryworks.com\/de\/ueber-uns\/","name":"\u00dcber The Theory Works\u00ae","isPartOf":{"@id":"https:\/\/www.thetheoryworks.com\/de\/#website"},"datePublished":"2014-05-04T17:13:25+00:00","dateModified":"2019-09-01T09:09:10+00:00","description":"Informationen \u00fcber The Theory Works\u00ae, eine in Deutschland ans\u00e4ssige Firma, die sich auf innovative Outdoorausr\u00fcstung spezialisiert hat.","breadcrumb":{"@id":"https:\/\/www.thetheoryworks.com\/de\/ueber-uns\/#breadcrumb"},"inLanguage":"de","potentialAction":[{"@type":"ReadAction","target":["https:\/\/www.thetheoryworks.com\/de\/ueber-uns\/"]}]},{"@type":"BreadcrumbList","@id":"https:\/\/www.thetheoryworks.com\/de\/ueber-uns\/#breadcrumb","itemListElement":[{"@type":"ListItem","position":1,"name":"Home","item":"https:\/\/www.thetheoryworks.com\/de\/"},{"@type":"ListItem","position":2,"name":"\u00dcber uns"}]},{"@type":"WebSite","@id":"https:\/\/www.thetheoryworks.com\/de\/#website","url":"https:\/\/www.thetheoryworks.com\/de\/","name":"The Theory Works\u00ae","description":"","potentialAction":[{"@type":"SearchAction","target":{"@type":"EntryPoint","urlTemplate":"https:\/\/www.thetheoryworks.com\/de\/?s={search_term_string}"},"query-input":{"@type":"PropertyValueSpecification","valueRequired":true,"valueName":"search_term_string"}}],"inLanguage":"de"}]}},"_links":{"self":[{"href":"https:\/\/www.thetheoryworks.com\/de\/wp-json\/wp\/v2\/pages\/2056","targetHints":{"allow":["GET"]}}],"collection":[{"href":"https:\/\/www.thetheoryworks.com\/de\/wp-json\/wp\/v2\/pages"}],"about":[{"href":"https:\/\/www.thetheoryworks.com\/de\/wp-json\/wp\/v2\/types\/page"}],"author":[{"embeddable":true,"href":"https:\/\/www.thetheoryworks.com\/de\/wp-json\/wp\/v2\/users\/2"}],"replies":[{"embeddable":true,"href":"https:\/\/www.thetheoryworks.com\/de\/wp-json\/wp\/v2\/comments?post=2056"}],"version-history":[{"count":6,"href":"https:\/\/www.thetheoryworks.com\/de\/wp-json\/wp\/v2\/pages\/2056\/revisions"}],"predecessor-version":[{"id":4756,"href":"https:\/\/www.thetheoryworks.com\/de\/wp-json\/wp\/v2\/pages\/2056\/revisions\/4756"}],"wp:attachment":[{"href":"https:\/\/www.thetheoryworks.com\/de\/wp-json\/wp\/v2\/media?parent=2056"}],"curies":[{"name":"wp","href":"https:\/\/api.w.org\/{rel}","templated":true}]}}