{"id":2068,"date":"2014-04-20T16:39:10","date_gmt":"2014-04-20T15:39:10","guid":{"rendered":"http:\/\/thetheoryworks.com\/impressum-2\/"},"modified":"2018-04-13T19:51:20","modified_gmt":"2018-04-13T18:51:20","slug":"impressum","status":"publish","type":"page","link":"https:\/\/www.thetheoryworks.com\/de\/impressum\/","title":{"rendered":"Impressum"},"content":{"rendered":"<h1>Impressum<\/h1>\n<p>Angaben gem\u00e4\u00df \u00a7 5 TMG:<\/p>\n<p>William Penney<br \/>\nThe Theory Works, Import &amp; Verkauf von Outdoorprodukten<br \/>\nEibenstr. 11<br \/>\n90513 Zirndorf<\/p>\n<table>\n<tbody>\n<tr>\n<td width=\"62\">Telefon:<\/td>\n<td width=\"198\">+49 (0) 911 896 13 225<\/td>\n<\/tr>\n<tr>\n<td width=\"62\">E-Mail:<\/td>\n<td width=\"198\">info@thetheoryworks.com<\/td>\n<\/tr>\n<\/tbody>\n<\/table>\n<p>Umsatzsteuer-Identifikationsnummer gem\u00e4\u00df \u00a727a Umsatzsteuergesetz: DE289805032<\/p>\n<h2>Haftungsausschluss (Disclaimer)<\/h2>\n<h4>Haftung f\u00fcr Inhalte<\/h4>\n<p>Die Inhalte dieser Seiten wurden mit gr\u00f6\u00dfter Sorgfalt erstellt. Es wurde besonders darauf Wert gelegt, Ihnen zutreffende und aktuelle Informationen bereitzustellen. Leider k\u00f6nnen Fehler auftreten. Wir \u00fcbernehmen keine Gew\u00e4hr f\u00fcr Aktualit\u00e4t, Richtigkeit und Vollst\u00e4ndigkeit der Informationen.Als Dienstanbieter sind wir gem\u00e4\u00df \u00a7 7 Abs.1 TMG f\u00fcr eigene Inhalte auf diesen Seiten nach den allgemeinen Gesetzen verantwortlich.<\/p>\n<h4>Haftung f\u00fcr Links<\/h4>\n<p>Unser Angebot enth\u00e4lt Links zu externen Webseiten Dritter, auf deren Inhalte wir keinen Einfluss haben. Deshalb k\u00f6nnen wir f\u00fcr diese fremden Inhalte auch keine Gew\u00e4hr \u00fcbernehmen. F\u00fcr die Inhalte der verlinkten Seiten ist stets der jeweilige Anbieter oder Betreiber der Seiten verantwortlich. Die verlinkten Seiten wurden zum Zeitpunkt der Verlinkung auf m\u00f6gliche Rechtsverst\u00f6\u00dfe \u00fcberpr\u00fcft. Rechtswidrige Inhalte waren zum Zeitpunkt der Verlinkung nicht erkennbar. Eine permanente inhaltliche Kontrolle der verlinkten Seiten ist jedoch ohne konkrete Anhaltspunkte einer Rechtsverletzung nicht zumutbar. Bei Bekanntwerden von Rechtsverletzungen werden wir derartige Links umgehend entfernen.<\/p>\n<h4>Urheberrecht<\/h4>\n<p>Die durch die Seitenbetreiber erstellten Inhalte und Werke auf diesen Seiten unterliegen dem deutschen Urheberrecht. Die Vervielf\u00e4ltigung, Bearbeitung, Verbreitung und jede Art der Verwertung au\u00dferhalb der Grenzen des Urheberrechtes bed\u00fcrfen der schriftlichen Zustimmung des jeweiligen Autors bzw. Erstellers. Downloads und Kopien dieser Seite sind nur f\u00fcr den privaten, nicht kommerziellen Gebrauch gestattet. Soweit die Inhalte auf dieser Seite nicht vom Betreiber erstellt wurden, werden die Urheberrechte Dritter beachtet. Insbesondere werden Inhalte Dritter als solche gekennzeichnet. Sollten Sie trotzdem auf eine Urheberrechtsverletzung aufmerksam werden, bitten wir um einen entsprechenden Hinweis. Bei Bekanntwerden von Rechtsverletzungen werden wir derartige Inhalte umgehend entfernen.<\/p>\n<h4>Marken und Logos<\/h4>\n<p>Die auf den The Theory Works Seiten verwendeten Marken und Logos sind gesch\u00fctzt. Es ist nicht gestattet, diese Marken ohne vorherige schriftliche Zustimmung von The Theory Works zu nutzen.<\/p>\n<p>Weitere Informationen erhalten Sie unter dem Link \u201eDatenschutz\u201c.<\/p>\n","protected":false},"excerpt":{"rendered":"<p>Impressum Angaben gem\u00e4\u00df \u00a7 5 TMG: William Penney The Theory Works, Import &amp; Verkauf von Outdoorprodukten Eibenstr. 11 90513 Zirndorf Telefon: +49 (0) 911 896 13 225 E-Mail: info@thetheoryworks.com Umsatzsteuer-Identifikationsnummer gem\u00e4\u00df \u00a727a Umsatzsteuergesetz: DE289805032 Haftungsausschluss (Disclaimer) Haftung f\u00fcr Inhalte Die Inhalte dieser Seiten wurden mit gr\u00f6\u00dfter Sorgfalt erstellt. Es wurde besonders darauf Wert gelegt, Ihnen [&hellip;]<\/p>\n","protected":false},"author":2,"featured_media":0,"parent":0,"menu_order":0,"comment_status":"open","ping_status":"open","template":"","meta":{"footnotes":""},"class_list":["post-2068","page","type-page","status-publish","hentry"],"yoast_head":"<!-- This site is optimized with the Yoast SEO plugin v26.9 - https:\/\/yoast.com\/product\/yoast-seo-wordpress\/ -->\n<title>The Theory Works\u00ae Impressum<\/title>\n<meta name=\"description\" content=\"Das The Theory Works\u00ae Impressum\" \/>\n<meta name=\"robots\" content=\"index, follow, max-snippet:-1, max-image-preview:large, max-video-preview:-1\" \/>\n<link rel=\"canonical\" href=\"https:\/\/www.thetheoryworks.com\/de\/impressum\/\" \/>\n<meta property=\"og:locale\" content=\"de_DE\" \/>\n<meta property=\"og:type\" content=\"article\" \/>\n<meta property=\"og:title\" content=\"The Theory Works\u00ae Impressum\" \/>\n<meta property=\"og:description\" content=\"Das The Theory Works\u00ae Impressum\" \/>\n<meta property=\"og:url\" content=\"https:\/\/www.thetheoryworks.com\/de\/impressum\/\" \/>\n<meta property=\"og:site_name\" content=\"The Theory Works\u00ae\" \/>\n<meta property=\"article:modified_time\" content=\"2018-04-13T18:51:20+00:00\" \/>\n<meta name=\"twitter:label1\" content=\"Gesch\u00e4tzte Lesezeit\" \/>\n\t<meta name=\"twitter:data1\" content=\"2\u00a0Minuten\" \/>\n<script type=\"application\/ld+json\" class=\"yoast-schema-graph\">{\"@context\":\"https:\/\/schema.org\",\"@graph\":[{\"@type\":\"WebPage\",\"@id\":\"https:\/\/www.thetheoryworks.com\/de\/impressum\/\",\"url\":\"https:\/\/www.thetheoryworks.com\/de\/impressum\/\",\"name\":\"The Theory Works\u00ae Impressum\",\"isPartOf\":{\"@id\":\"https:\/\/www.thetheoryworks.com\/de\/#website\"},\"datePublished\":\"2014-04-20T15:39:10+00:00\",\"dateModified\":\"2018-04-13T18:51:20+00:00\",\"description\":\"Das The Theory Works\u00ae Impressum\",\"breadcrumb\":{\"@id\":\"https:\/\/www.thetheoryworks.com\/de\/impressum\/#breadcrumb\"},\"inLanguage\":\"de\",\"potentialAction\":[{\"@type\":\"ReadAction\",\"target\":[\"https:\/\/www.thetheoryworks.com\/de\/impressum\/\"]}]},{\"@type\":\"BreadcrumbList\",\"@id\":\"https:\/\/www.thetheoryworks.com\/de\/impressum\/#breadcrumb\",\"itemListElement\":[{\"@type\":\"ListItem\",\"position\":1,\"name\":\"Home\",\"item\":\"https:\/\/www.thetheoryworks.com\/de\/\"},{\"@type\":\"ListItem\",\"position\":2,\"name\":\"Impressum\"}]},{\"@type\":\"WebSite\",\"@id\":\"https:\/\/www.thetheoryworks.com\/de\/#website\",\"url\":\"https:\/\/www.thetheoryworks.com\/de\/\",\"name\":\"The Theory Works\u00ae\",\"description\":\"\",\"potentialAction\":[{\"@type\":\"SearchAction\",\"target\":{\"@type\":\"EntryPoint\",\"urlTemplate\":\"https:\/\/www.thetheoryworks.com\/de\/?s={search_term_string}\"},\"query-input\":{\"@type\":\"PropertyValueSpecification\",\"valueRequired\":true,\"valueName\":\"search_term_string\"}}],\"inLanguage\":\"de\"}]}<\/script>\n<!-- \/ Yoast SEO plugin. -->","yoast_head_json":{"title":"The Theory Works\u00ae Impressum","description":"Das The Theory Works\u00ae Impressum","robots":{"index":"index","follow":"follow","max-snippet":"max-snippet:-1","max-image-preview":"max-image-preview:large","max-video-preview":"max-video-preview:-1"},"canonical":"https:\/\/www.thetheoryworks.com\/de\/impressum\/","og_locale":"de_DE","og_type":"article","og_title":"The Theory Works\u00ae Impressum","og_description":"Das The Theory Works\u00ae Impressum","og_url":"https:\/\/www.thetheoryworks.com\/de\/impressum\/","og_site_name":"The Theory Works\u00ae","article_modified_time":"2018-04-13T18:51:20+00:00","twitter_misc":{"Gesch\u00e4tzte Lesezeit":"2\u00a0Minuten"},"schema":{"@context":"https:\/\/schema.org","@graph":[{"@type":"WebPage","@id":"https:\/\/www.thetheoryworks.com\/de\/impressum\/","url":"https:\/\/www.thetheoryworks.com\/de\/impressum\/","name":"The Theory Works\u00ae Impressum","isPartOf":{"@id":"https:\/\/www.thetheoryworks.com\/de\/#website"},"datePublished":"2014-04-20T15:39:10+00:00","dateModified":"2018-04-13T18:51:20+00:00","description":"Das The Theory Works\u00ae Impressum","breadcrumb":{"@id":"https:\/\/www.thetheoryworks.com\/de\/impressum\/#breadcrumb"},"inLanguage":"de","potentialAction":[{"@type":"ReadAction","target":["https:\/\/www.thetheoryworks.com\/de\/impressum\/"]}]},{"@type":"BreadcrumbList","@id":"https:\/\/www.thetheoryworks.com\/de\/impressum\/#breadcrumb","itemListElement":[{"@type":"ListItem","position":1,"name":"Home","item":"https:\/\/www.thetheoryworks.com\/de\/"},{"@type":"ListItem","position":2,"name":"Impressum"}]},{"@type":"WebSite","@id":"https:\/\/www.thetheoryworks.com\/de\/#website","url":"https:\/\/www.thetheoryworks.com\/de\/","name":"The Theory Works\u00ae","description":"","potentialAction":[{"@type":"SearchAction","target":{"@type":"EntryPoint","urlTemplate":"https:\/\/www.thetheoryworks.com\/de\/?s={search_term_string}"},"query-input":{"@type":"PropertyValueSpecification","valueRequired":true,"valueName":"search_term_string"}}],"inLanguage":"de"}]}},"_links":{"self":[{"href":"https:\/\/www.thetheoryworks.com\/de\/wp-json\/wp\/v2\/pages\/2068","targetHints":{"allow":["GET"]}}],"collection":[{"href":"https:\/\/www.thetheoryworks.com\/de\/wp-json\/wp\/v2\/pages"}],"about":[{"href":"https:\/\/www.thetheoryworks.com\/de\/wp-json\/wp\/v2\/types\/page"}],"author":[{"embeddable":true,"href":"https:\/\/www.thetheoryworks.com\/de\/wp-json\/wp\/v2\/users\/2"}],"replies":[{"embeddable":true,"href":"https:\/\/www.thetheoryworks.com\/de\/wp-json\/wp\/v2\/comments?post=2068"}],"version-history":[{"count":5,"href":"https:\/\/www.thetheoryworks.com\/de\/wp-json\/wp\/v2\/pages\/2068\/revisions"}],"predecessor-version":[{"id":3486,"href":"https:\/\/www.thetheoryworks.com\/de\/wp-json\/wp\/v2\/pages\/2068\/revisions\/3486"}],"wp:attachment":[{"href":"https:\/\/www.thetheoryworks.com\/de\/wp-json\/wp\/v2\/media?parent=2068"}],"curies":[{"name":"wp","href":"https:\/\/api.w.org\/{rel}","templated":true}]}}