{"id":2072,"date":"2014-05-06T23:12:14","date_gmt":"2014-05-06T22:12:14","guid":{"rendered":"http:\/\/thetheoryworks.com\/datenschutz\/"},"modified":"2020-05-01T09:41:16","modified_gmt":"2020-05-01T08:41:16","slug":"datenschutz","status":"publish","type":"page","link":"https:\/\/www.thetheoryworks.com\/de\/datenschutz\/","title":{"rendered":"Datenschutz"},"content":{"rendered":"<h1>Datenschutzrichtlinie<\/h1>\n<h2>1.\u00a0\u00a0\u00a0\u00a0 Pers\u00f6nliche Daten<\/h2>\n<p>The Theory Works verpflichtet sich, Ihre Daten und Ihre Sicherheit zu respektieren. Diese Richtlinie liefert die Grundlage, auf welcher wir Ihre pers\u00f6nlichen Daten sammeln, wie wir mit den von Ihnen zur Verf\u00fcgung gestellten Daten umgehen und wie wir diese verarbeiten.<\/p>\n<h2>2. Wer wir sind<\/h2>\n<p>\u201cThe Theory Works\u201d verkauft Outdoorausr\u00fcstung. Unsere Webseite lautet:<br \/>\nwww.thetheoryworks.com<\/p>\n<p>Gem\u00e4\u00df dem Datensicherheitsgesetz 1998 (in Deutschland gem\u00e4\u00df \u00a73 Abs. 1 BDSG) ist der Datensammler William Penney, Eibenstr. 11, 90513 Zirndorf, Deutschland. <\/p>\n<h2>3. Datensammlung, Datenverarbeitung und Datennutzung<\/h2>\n<h4>3.1. Vertragsantr\u00e4ge<\/h4>\n<p>Wir stellen einen Vertragsantrag bereit, mit dem Sie uns kontaktieren k\u00f6nnen. Wir erfassen Ihren Namen, Email-Adresse, den Kontaktgrund und Ihre Nachricht. Diese Informationen werden nicht auf unserer Webseite gespeichert, sondern wird zu unserem Email-System weitergeleitet. Wir verwenden diese Daten nur um Ihre Email zu beantworten. <\/p>\n<h4>3.2. Cookies<\/h4>\n<p>Du kannst deine <a href=\"\/#gdpr_cookie_modal\">Cookie Settings<\/a> ver\u00e4ndern hier.<\/p>\n<p><p>W\u00e4hrend Sie unsere Webseite nutzen, sammelt unser Analytics Partner Google Analytics, Statistiken wie Nutzer mit der Webseite interagieren; mehr Informationen finden Sie unter der Rubrik \u201cAnalytics\u201d. <\/p>\n<p>Nutzer k\u00f6nnen Cookies ausschalten oder jeden individuellen Cookie l\u00f6schen. Diese Cookies bleiben auf Ihrem Harddrive, bis Sie sie l\u00f6schen oder sie ung\u00fcltig werden (sie haben unterschiedliche Fristabl\u00e4ufe, bis zu zwei Jahren).<\/p>\n<p>Wenn Sie ein Benutzerkonto haben und eingeloggt sind, installieren wir einen tempor\u00e4ren Cookie um zu sehen, ob Ihr Browser Cookies akzeptiert. Dieser Cookie enth\u00e4lt keine pers\u00f6nlichen Daten und wird wieder gel\u00f6scht, wenn Sie Ihren Browser schlie\u00dfen.<\/p>\n<p>Wenn Sie sich einloggen, werden einige Cookies installiert, um Ihre Login-Informationen und Ihre Bildschirm-Setup Auswahl zu speichern. Login Cookies verbleiben zwei Tage auf der Webseite und Ihre Bildschirm-Setup Daten verbleiben ein Jahr lang. Wenn Sie \u201cAngemeldet bleiben\u201d ausw\u00e4hlen, wird Ihr Login f\u00fcr zwei Wochen gespeichert. Loggen Sie sich aus Ihrem Benutzerkonto aus, so werden die Login Cookies gel\u00f6scht.<\/p>\n<p>Wenn Sie etwas in den Warenkorb legen, werden drei Cookies aktiviert, die Informationen \u00fcber den Wareninhalt und den Nutzer des Warenkorbs speichern. Diese Cookies enthalten keinerlei pers\u00f6nliche Daten und werden verworfen, wenn Sie Ihren Browser schlie\u00dfen. <\/p>\n<p>Sie k\u00f6nnen Cookies blockieren, wenn Sie Ihre Browsereinstellung dementsprechend einstellen, so dass alle Cookies deaktiviert werden. Wenn Sie alle Cookies blockieren sollten, kann es sein, dass Sie unsere Webseite nicht nutzen, oder nur teilweise nutzen k\u00f6nnen, oder nicht den Webshop benutzen k\u00f6nnen. Wenn Sie keine Cookies blockiert haben, wird unser System Cookies verwenden, sobald Sie unsere Webseite nutzen. M\u00f6chten Sie mehr \u00fcber Cookies wissen, lesen Sie bitte mehr auf der folgenden Webseite:<br \/>\n<a href=\"https:\/\/www.aboutcookies.org\">https:\/\/www.aboutcookies.org<\/a><\/p>\n<h4>3.3. Eingebauter Inhalt anderer Webseiten<\/h4>\n<p>Informationen dieser Webseite k\u00f6nnen andere eingebaute Inhalte (z.B. Videos, Fotos, Artikel etc.) enthalten. Dieser eingebaute Inhalt anderer Webseiten verh\u00e4lt sich genauso, als w\u00fcrde ein Besucher die andere Webseite nutzen. <\/p>\n<p>Diese Webseiten k\u00f6nnen Daten \u00fcber Sie sammeln, Cookies verwenden, zus\u00e4tzliches Third Party Tracking einbauen und Ihre Interaktionen mit diesem eingebauten Inhalt beobachten, wenn Sie ein Benutzerkonto haben und in diese Webseite eingeloggt sind. <\/p>\n<h4>3.4. Analytics<\/h4>\n<p>W\u00e4hrend Sie diese Webseite besuchen, benutzt unser Analytics Partner Google Analytics Cookies, um Statistiken dar\u00fcber zu sammeln, wie Nutzer mit dieser Webseite interagieren. Mehr Informationen \u00fcber dieses Thema unter \u201cCookies\u201d (s.o.).<\/p>\n<p>Die gesammelten Informationen beinhalten die IP Adresse, das Datum und die Zeit, sowie Ihren Browsertypen und Operationssystem. Es handelt sich hier um statistische Daten des Browser-Nutzers, \u00fcber seine Aktionen und Handlungsmuster. Mit diesen Daten k\u00f6nnen wir nicht keine Person identifizieren, was auch nicht unsere Intention ist. <\/p>\n<p>Google Analytics sammelt Internet Protocol (IP) Adressen um uns Informationen zu liefern, aus welchem Land, Bundesland oder Stadt unsere Webseitennutzer kommen (s.g. \u201cIP geolocation\u201d). Wir verwenden IP masking, das hei\u00dft, dass die genaue IP Adresse nicht ermittelt oder gespeichert wird. Google Analytics stellt auch einen optionalen Browser-add on, der, sobald er installiert und aktiviert wurde, keinerlei Google Analytics Aktivit\u00e4ten zul\u00e4sst. Bitte beachten Sie, dass dieses add-on nur Google Analytics ausschaltet. Weitere Informationen k\u00f6nnen Sie auf den folgenden Webseiten erhalten:<br \/>\n<a href=\"https:\/\/tools.google.com\/dlpage\/gaoptout\">https:\/\/tools.google.com\/dlpage\/gaoptout<\/a><br \/>\n<a href=\" https:\/\/support.google.com\/analytics\/answer\/6004245\"> https:\/\/support.google.com\/analytics\/answer\/6004245<\/a><\/p>\n<h4>3.5. Eink\u00e4ufe<\/h4>\n<p>Wenn Sie einen Einkauf t\u00e4tigen ben\u00f6tigen wir bestimmte pers\u00f6nliche Daten von Ihnen. Wir fragen Sie nach Ihrem Namen, Versand- und Lieferadresse, Telefonnummer und Emailadresse. Wenn Sie sich entscheiden, weitere pers\u00f6nliche Informationen bereit zu stellen, erlauben Sie uns automatisch, diese Informationen zu verwenden. Wir werden diese Daten nur f\u00fcr den Kaufprozess und den Versand verwenden.<\/p>\n<h4>3.6. Passw\u00f6rter<\/h4>\n<p>Wenn Sie sich auf unserer Webseite registrieren, fragen wir Sie nach einem Passwort, damit Sie sicher zu Ihrem Benutzerkonto gelangen. Dieses Passwort ist verschl\u00fcsselt auf unserer Webseite gespeichert. Wir k\u00f6nnen dieses nicht sehen, obwohl der Webseitenadministrator dieses Passwort zur\u00fccksetzen kann. Sie sind daf\u00fcr verantwortlich, das Passwort zu sch\u00fctzen. Wir fordern Sie auf, Ihr Passwort mit keinem Dritten zu teilen.<\/p>\n<h2>4. Datenverbund<\/h2>\n<p>Wenn Sie etwas auf dieser Webseite kaufen, teilen wir Ihren Namen und Kontaktdaten der Versandfirma mit, um Ihnen Ihre Ware zukommen zu lassen. <\/p>\n<p>Wenn Sie mit Kreditkarte zahlen, werde Ihre Karteninformationen unserem Zahlungsoperator Braintree zur Verf\u00fcgung gestellt, um Ihre Zahlung nachzuverfolgen. Wir erhalten niemals vollst\u00e4ndige Informationen Ihrer Kreditkarte. Die Datenschutzinformationen von Braintree k\u00f6nnen Sie auf der folgenden Webseite finden:<br \/>\n<a href=\"https:\/\/www.braintreepayments.com\/en-de\/legal\/braintree-privacy-policy\">https:\/\/www.braintreepayments.com\/en-de\/legal\/braintree-privacy-policy<\/a><\/p>\n<p>Google Analytics sammelt Informationen \u00fcber Interaktionen mit dieser Webseite, siehe \u201cAnalytics\u201d und \u201cCookies\u201d.<\/p>\n<p>Dar\u00fcber hinaus werden wir Ihre Informationen mit niemanden ohne Ihre Einwilligung teilen, es sei denn, wir sind gesetzlich dazu verpflichtet. Wir werden Ihre Daten nie an Dritte verkaufen.<\/p>\n<h2>5. Datenspeicherung<\/h2>\n<p>Pers\u00f6nliche Daten, die uns \u00fcber die Webseite zukommen werden nur so lange gespeichert so lange es dauert, bis Sie den Grund erf\u00fcllt haben, weshalb Sie unsere Webseite besucht haben. <\/p>\n<p>Wenn wir den Steuer- und Handelsgesetzen nachkommen m\u00fcssen, m\u00fcssen bestimmte Daten von Ihnen bis zu 10 Jahre gespeichert werden. <\/p>\n<p>Die pers\u00f6nlichen Daten der Benutzer, die sich auf unserer Webseite registriert haben, werden gespeichert. Alle Nutzer k\u00f6nnen Ihre Daten ansehen, ver\u00e4ndern oder ihre Daten jeder Zeit l\u00f6schen. Sie k\u00f6nnen allerdings nicht ihren Nutzernamen ver\u00e4ndern. Webseitenadminstratoren k\u00f6nnen ebenfalls diese Daten sehen und \u00e4ndern.<\/p>\n<h2>6. Ihre Rechte<\/h2>\n<p>Wenn Sie ein Benutzerkonto haben, k\u00f6nnen Sie verlangen, die Daten zu sehen, die wir \u00fcber Sie gesammelt haben, inclusive der Daten, die Sie uns zur Verf\u00fcgung gestellt haben. Sie k\u00f6nnen ebenfalls verlangen, dass wir diese Daten l\u00f6schen. Dies beinhaltet nicht jene Daten, die wir f\u00fcr administrative, rechtliche oder Sicherheitsgr\u00fcnde behalten m\u00fcssen. <\/p>\n<p>Wenn Sie ein solches Anliegen haben, dann kontaktieren Sie bitte:<\/p>\n<p>William Penney<br \/>\nEibenstr. 11<br \/>\n90513 Zirndorf<br \/>\nGermany<br \/>\ninfo@thetheoryworks.com<\/p>\n<h2>7. Datentransfer<\/h2>\n<p>Unsere Webseite wird in der EU gehostet. <\/p>\n<p>Die Informationen, die von Analytics Cookies generiert werden, werden in die USA weitergeleitet und dort gespeichert. Normalerweise wird Ihre IP Adresse innerhalb der EU verk\u00fcrzt (IP Masking). Nur in seltenen F\u00e4llen wird die ganze IP Adresse in die USA \u00fcbertragen und dort gek\u00fcrzt. Wir haben Google beauftragt, diese Informationen zu sammeln, um die Nutzung dieser Webseite und dazugeh\u00f6rige Internetdienstleistungen zu analysieren. Die IP Adresse, die durch Google generiert wird, wird nicht mit anderen Daten gemischt. <\/p>\n<p>Google folgt dem EU-US Privacy Shield Framework. Weitere Informationen erhalten Sie hier:<br \/>\n<a href=\"https:\/\/support.google.com\/analytics\/answer\/7105316?hl=en&#038;ref_topic=2919631\">https:\/\/support.google.com\/analytics\/answer\/7105316?hl=en&#038;ref_topic=2919631<\/a><\/p>\n<p>Wenn Sie mit Kreditkarte zahlen, kann es sein, dass unser Zahlungsoperator Braintree diese Daten in die USA oder andere L\u00e4nder schickt, um diese zu bearbeiten. Braintrees Datenschutzrichtlinien k\u00f6nnen Sie hier lesen:<br \/>\n<a href=\"https:\/\/www.braintreepayments.com\/en-de\/legal\/braintree-privacy-policy\">https:\/\/www.braintreepayments.com\/en-de\/legal\/braintree-privacy-policy<\/a><\/p>\n<h2>8. Datensicherheit<\/h2>\n<p>Wir benutzen SSL Verschl\u00fcsselung, um den Versand pers\u00f6nlicher Daten zu und von unserer Webseite zu sch\u00fctzen. Unsere Webseite benutzt Firewalls und andere Sicherheitsbeobachungs-Systeme und Software.<\/p>\n<p>Update am 21. Mai 2018<\/p>\n","protected":false},"excerpt":{"rendered":"<p>Datenschutzrichtlinie 1.\u00a0\u00a0\u00a0\u00a0 Pers\u00f6nliche Daten The Theory Works verpflichtet sich, Ihre Daten und Ihre Sicherheit zu respektieren. Diese Richtlinie liefert die Grundlage, auf welcher wir Ihre pers\u00f6nlichen Daten sammeln, wie wir mit den von Ihnen zur Verf\u00fcgung gestellten Daten umgehen und wie wir diese verarbeiten. 2. Wer wir sind \u201cThe Theory Works\u201d verkauft Outdoorausr\u00fcstung. Unsere Webseite [&hellip;]<\/p>\n","protected":false},"author":2,"featured_media":0,"parent":0,"menu_order":0,"comment_status":"open","ping_status":"open","template":"","meta":{"footnotes":""},"class_list":["post-2072","page","type-page","status-publish","hentry"],"yoast_head":"<!-- This site is optimized with the Yoast SEO plugin v26.9 - https:\/\/yoast.com\/product\/yoast-seo-wordpress\/ -->\n<title>Datenschutz und Cookies von The Theory Works\u00ae<\/title>\n<meta name=\"description\" content=\"Datenschutz ist f\u00fcr alle ein wichtiges Thema. The Theory Works\u00ae will Sie wissen lassen, wie wir Ihre Daten nutzen und sichern.\" \/>\n<meta name=\"robots\" content=\"index, follow, max-snippet:-1, max-image-preview:large, max-video-preview:-1\" \/>\n<link rel=\"canonical\" href=\"https:\/\/www.thetheoryworks.com\/de\/datenschutz\/\" \/>\n<meta property=\"og:locale\" content=\"de_DE\" \/>\n<meta property=\"og:type\" content=\"article\" \/>\n<meta property=\"og:title\" content=\"Datenschutz und Cookies von The Theory Works\u00ae\" \/>\n<meta property=\"og:description\" content=\"Datenschutz ist f\u00fcr alle ein wichtiges Thema. The Theory Works\u00ae will Sie wissen lassen, wie wir Ihre Daten nutzen und sichern.\" \/>\n<meta property=\"og:url\" content=\"https:\/\/www.thetheoryworks.com\/de\/datenschutz\/\" \/>\n<meta property=\"og:site_name\" content=\"The Theory Works\u00ae\" \/>\n<meta property=\"article:modified_time\" content=\"2020-05-01T08:41:16+00:00\" \/>\n<meta name=\"twitter:label1\" content=\"Gesch\u00e4tzte Lesezeit\" \/>\n\t<meta name=\"twitter:data1\" content=\"6\u00a0Minuten\" \/>\n<script type=\"application\/ld+json\" class=\"yoast-schema-graph\">{\"@context\":\"https:\/\/schema.org\",\"@graph\":[{\"@type\":\"WebPage\",\"@id\":\"https:\/\/www.thetheoryworks.com\/de\/datenschutz\/\",\"url\":\"https:\/\/www.thetheoryworks.com\/de\/datenschutz\/\",\"name\":\"Datenschutz und Cookies von The Theory Works\u00ae\",\"isPartOf\":{\"@id\":\"https:\/\/www.thetheoryworks.com\/de\/#website\"},\"datePublished\":\"2014-05-06T22:12:14+00:00\",\"dateModified\":\"2020-05-01T08:41:16+00:00\",\"description\":\"Datenschutz ist f\u00fcr alle ein wichtiges Thema. The Theory Works\u00ae will Sie wissen lassen, wie wir Ihre Daten nutzen und sichern.\",\"breadcrumb\":{\"@id\":\"https:\/\/www.thetheoryworks.com\/de\/datenschutz\/#breadcrumb\"},\"inLanguage\":\"de\",\"potentialAction\":[{\"@type\":\"ReadAction\",\"target\":[\"https:\/\/www.thetheoryworks.com\/de\/datenschutz\/\"]}]},{\"@type\":\"BreadcrumbList\",\"@id\":\"https:\/\/www.thetheoryworks.com\/de\/datenschutz\/#breadcrumb\",\"itemListElement\":[{\"@type\":\"ListItem\",\"position\":1,\"name\":\"Home\",\"item\":\"https:\/\/www.thetheoryworks.com\/de\/\"},{\"@type\":\"ListItem\",\"position\":2,\"name\":\"Datenschutz\"}]},{\"@type\":\"WebSite\",\"@id\":\"https:\/\/www.thetheoryworks.com\/de\/#website\",\"url\":\"https:\/\/www.thetheoryworks.com\/de\/\",\"name\":\"The Theory Works\u00ae\",\"description\":\"\",\"potentialAction\":[{\"@type\":\"SearchAction\",\"target\":{\"@type\":\"EntryPoint\",\"urlTemplate\":\"https:\/\/www.thetheoryworks.com\/de\/?s={search_term_string}\"},\"query-input\":{\"@type\":\"PropertyValueSpecification\",\"valueRequired\":true,\"valueName\":\"search_term_string\"}}],\"inLanguage\":\"de\"}]}<\/script>\n<!-- \/ Yoast SEO plugin. -->","yoast_head_json":{"title":"Datenschutz und Cookies von The Theory Works\u00ae","description":"Datenschutz ist f\u00fcr alle ein wichtiges Thema. The Theory Works\u00ae will Sie wissen lassen, wie wir Ihre Daten nutzen und sichern.","robots":{"index":"index","follow":"follow","max-snippet":"max-snippet:-1","max-image-preview":"max-image-preview:large","max-video-preview":"max-video-preview:-1"},"canonical":"https:\/\/www.thetheoryworks.com\/de\/datenschutz\/","og_locale":"de_DE","og_type":"article","og_title":"Datenschutz und Cookies von The Theory Works\u00ae","og_description":"Datenschutz ist f\u00fcr alle ein wichtiges Thema. The Theory Works\u00ae will Sie wissen lassen, wie wir Ihre Daten nutzen und sichern.","og_url":"https:\/\/www.thetheoryworks.com\/de\/datenschutz\/","og_site_name":"The Theory Works\u00ae","article_modified_time":"2020-05-01T08:41:16+00:00","twitter_misc":{"Gesch\u00e4tzte Lesezeit":"6\u00a0Minuten"},"schema":{"@context":"https:\/\/schema.org","@graph":[{"@type":"WebPage","@id":"https:\/\/www.thetheoryworks.com\/de\/datenschutz\/","url":"https:\/\/www.thetheoryworks.com\/de\/datenschutz\/","name":"Datenschutz und Cookies von The Theory Works\u00ae","isPartOf":{"@id":"https:\/\/www.thetheoryworks.com\/de\/#website"},"datePublished":"2014-05-06T22:12:14+00:00","dateModified":"2020-05-01T08:41:16+00:00","description":"Datenschutz ist f\u00fcr alle ein wichtiges Thema. The Theory Works\u00ae will Sie wissen lassen, wie wir Ihre Daten nutzen und sichern.","breadcrumb":{"@id":"https:\/\/www.thetheoryworks.com\/de\/datenschutz\/#breadcrumb"},"inLanguage":"de","potentialAction":[{"@type":"ReadAction","target":["https:\/\/www.thetheoryworks.com\/de\/datenschutz\/"]}]},{"@type":"BreadcrumbList","@id":"https:\/\/www.thetheoryworks.com\/de\/datenschutz\/#breadcrumb","itemListElement":[{"@type":"ListItem","position":1,"name":"Home","item":"https:\/\/www.thetheoryworks.com\/de\/"},{"@type":"ListItem","position":2,"name":"Datenschutz"}]},{"@type":"WebSite","@id":"https:\/\/www.thetheoryworks.com\/de\/#website","url":"https:\/\/www.thetheoryworks.com\/de\/","name":"The Theory Works\u00ae","description":"","potentialAction":[{"@type":"SearchAction","target":{"@type":"EntryPoint","urlTemplate":"https:\/\/www.thetheoryworks.com\/de\/?s={search_term_string}"},"query-input":{"@type":"PropertyValueSpecification","valueRequired":true,"valueName":"search_term_string"}}],"inLanguage":"de"}]}},"_links":{"self":[{"href":"https:\/\/www.thetheoryworks.com\/de\/wp-json\/wp\/v2\/pages\/2072","targetHints":{"allow":["GET"]}}],"collection":[{"href":"https:\/\/www.thetheoryworks.com\/de\/wp-json\/wp\/v2\/pages"}],"about":[{"href":"https:\/\/www.thetheoryworks.com\/de\/wp-json\/wp\/v2\/types\/page"}],"author":[{"embeddable":true,"href":"https:\/\/www.thetheoryworks.com\/de\/wp-json\/wp\/v2\/users\/2"}],"replies":[{"embeddable":true,"href":"https:\/\/www.thetheoryworks.com\/de\/wp-json\/wp\/v2\/comments?post=2072"}],"version-history":[{"count":8,"href":"https:\/\/www.thetheoryworks.com\/de\/wp-json\/wp\/v2\/pages\/2072\/revisions"}],"predecessor-version":[{"id":4861,"href":"https:\/\/www.thetheoryworks.com\/de\/wp-json\/wp\/v2\/pages\/2072\/revisions\/4861"}],"wp:attachment":[{"href":"https:\/\/www.thetheoryworks.com\/de\/wp-json\/wp\/v2\/media?parent=2072"}],"curies":[{"name":"wp","href":"https:\/\/api.w.org\/{rel}","templated":true}]}}