{"id":2289,"date":"2014-04-20T16:41:34","date_gmt":"2014-04-20T15:41:34","guid":{"rendered":"http:\/\/www.thetheoryworks.com\/versand\/"},"modified":"2021-05-16T12:16:57","modified_gmt":"2021-05-16T11:16:57","slug":"versand","status":"publish","type":"page","link":"https:\/\/www.thetheoryworks.com\/de\/versand\/","title":{"rendered":"Versand"},"content":{"rendered":"<section>\n<h1>Versandinformation<\/h1>\n<p>Derzeit versenden wir nach Deutschland, \u00d6sterreich und Frankreich.  Sollten Sie woanders wohnen und sind an unseren Produkten interessiert, kontaktieren Sie uns bitte.<br \/>\nNach dem Eingang der Bezahlung erfolgt der Versand der Ware innerhalb von drei Werktagen.<br \/>\nWir versenden gro\u00dfe Bestellungen mit DHL, wir k\u00f6nnen Bestellungen in Umschlaggr\u00f6\u00dfe per Post versenden.<br \/>\nNach M\u00f6glichkeit verwenden wir Verpackungen wie Pappkartons und Luftpolsterumschl\u00e4ge wieder.<\/p>\n<section>\n<h2>Versand innerhalb Deutschlands:<\/h2>\n<p>F\u00fcr Lieferungen innerhalb Deutschlands berechnen wir eine Pauschale von 6 Euro. Die Sendungsdauer betr\u00e4gt 1-3 Werktage innerhalb Deutschlands. DHL liefert auch samstags.<br \/>\n<\/section>\n<section>\n<h2>Versand innerhalb der EU (nicht Deutschland):<\/h2>\n<p>Innerhalb der EU berechnen wir eine Versandpauschale von 15 Euro. Die Sendungsdauer betr\u00e4gt 3-5 Werktage.<br \/>\n<\/section>\n<\/section>\n","protected":false},"excerpt":{"rendered":"<p>Versandinformation Derzeit versenden wir nach Deutschland, \u00d6sterreich und Frankreich. Sollten Sie woanders wohnen und sind an unseren Produkten interessiert, kontaktieren Sie uns bitte. Nach dem Eingang der Bezahlung erfolgt der Versand der Ware innerhalb von drei Werktagen. Wir versenden gro\u00dfe Bestellungen mit DHL, wir k\u00f6nnen Bestellungen in Umschlaggr\u00f6\u00dfe per Post versenden. Nach M\u00f6glichkeit verwenden wir [&hellip;]<\/p>\n","protected":false},"author":2,"featured_media":0,"parent":0,"menu_order":0,"comment_status":"open","ping_status":"closed","template":"","meta":{"footnotes":""},"class_list":["post-2289","page","type-page","status-publish","hentry"],"yoast_head":"<!-- This site is optimized with the Yoast SEO plugin v26.9 - https:\/\/yoast.com\/product\/yoast-seo-wordpress\/ -->\n<title>Versandinformationen von The Theory Works\u00ae<\/title>\n<meta name=\"description\" content=\"Nachdem wir Ihre Bezahlung erhalten haben, schicken wir Ihre Ware innerhalb von drei Werktagen. Unser Versandpartner ist DHL.\" \/>\n<meta name=\"robots\" content=\"index, follow, max-snippet:-1, max-image-preview:large, max-video-preview:-1\" \/>\n<link rel=\"canonical\" href=\"https:\/\/www.thetheoryworks.com\/de\/versand\/\" \/>\n<meta property=\"og:locale\" content=\"de_DE\" \/>\n<meta property=\"og:type\" content=\"article\" \/>\n<meta property=\"og:title\" content=\"Versandinformationen von The Theory Works\u00ae\" \/>\n<meta property=\"og:description\" content=\"Nachdem wir Ihre Bezahlung erhalten haben, schicken wir Ihre Ware innerhalb von drei Werktagen. Unser Versandpartner ist DHL.\" \/>\n<meta property=\"og:url\" content=\"https:\/\/www.thetheoryworks.com\/de\/versand\/\" \/>\n<meta property=\"og:site_name\" content=\"The Theory Works\u00ae\" \/>\n<meta property=\"article:modified_time\" content=\"2021-05-16T11:16:57+00:00\" \/>\n<meta name=\"twitter:label1\" content=\"Gesch\u00e4tzte Lesezeit\" \/>\n\t<meta name=\"twitter:data1\" content=\"1\u00a0Minute\" \/>\n<script type=\"application\/ld+json\" class=\"yoast-schema-graph\">{\"@context\":\"https:\/\/schema.org\",\"@graph\":[{\"@type\":\"WebPage\",\"@id\":\"https:\/\/www.thetheoryworks.com\/de\/versand\/\",\"url\":\"https:\/\/www.thetheoryworks.com\/de\/versand\/\",\"name\":\"Versandinformationen von The Theory Works\u00ae\",\"isPartOf\":{\"@id\":\"https:\/\/www.thetheoryworks.com\/de\/#website\"},\"datePublished\":\"2014-04-20T15:41:34+00:00\",\"dateModified\":\"2021-05-16T11:16:57+00:00\",\"description\":\"Nachdem wir Ihre Bezahlung erhalten haben, schicken wir Ihre Ware innerhalb von drei Werktagen. Unser Versandpartner ist DHL.\",\"breadcrumb\":{\"@id\":\"https:\/\/www.thetheoryworks.com\/de\/versand\/#breadcrumb\"},\"inLanguage\":\"de\",\"potentialAction\":[{\"@type\":\"ReadAction\",\"target\":[\"https:\/\/www.thetheoryworks.com\/de\/versand\/\"]}]},{\"@type\":\"BreadcrumbList\",\"@id\":\"https:\/\/www.thetheoryworks.com\/de\/versand\/#breadcrumb\",\"itemListElement\":[{\"@type\":\"ListItem\",\"position\":1,\"name\":\"Home\",\"item\":\"https:\/\/www.thetheoryworks.com\/de\/\"},{\"@type\":\"ListItem\",\"position\":2,\"name\":\"Versand\"}]},{\"@type\":\"WebSite\",\"@id\":\"https:\/\/www.thetheoryworks.com\/de\/#website\",\"url\":\"https:\/\/www.thetheoryworks.com\/de\/\",\"name\":\"The Theory Works\u00ae\",\"description\":\"\",\"potentialAction\":[{\"@type\":\"SearchAction\",\"target\":{\"@type\":\"EntryPoint\",\"urlTemplate\":\"https:\/\/www.thetheoryworks.com\/de\/?s={search_term_string}\"},\"query-input\":{\"@type\":\"PropertyValueSpecification\",\"valueRequired\":true,\"valueName\":\"search_term_string\"}}],\"inLanguage\":\"de\"}]}<\/script>\n<!-- \/ Yoast SEO plugin. -->","yoast_head_json":{"title":"Versandinformationen von The Theory Works\u00ae","description":"Nachdem wir Ihre Bezahlung erhalten haben, schicken wir Ihre Ware innerhalb von drei Werktagen. Unser Versandpartner ist DHL.","robots":{"index":"index","follow":"follow","max-snippet":"max-snippet:-1","max-image-preview":"max-image-preview:large","max-video-preview":"max-video-preview:-1"},"canonical":"https:\/\/www.thetheoryworks.com\/de\/versand\/","og_locale":"de_DE","og_type":"article","og_title":"Versandinformationen von The Theory Works\u00ae","og_description":"Nachdem wir Ihre Bezahlung erhalten haben, schicken wir Ihre Ware innerhalb von drei Werktagen. Unser Versandpartner ist DHL.","og_url":"https:\/\/www.thetheoryworks.com\/de\/versand\/","og_site_name":"The Theory Works\u00ae","article_modified_time":"2021-05-16T11:16:57+00:00","twitter_misc":{"Gesch\u00e4tzte Lesezeit":"1\u00a0Minute"},"schema":{"@context":"https:\/\/schema.org","@graph":[{"@type":"WebPage","@id":"https:\/\/www.thetheoryworks.com\/de\/versand\/","url":"https:\/\/www.thetheoryworks.com\/de\/versand\/","name":"Versandinformationen von The Theory Works\u00ae","isPartOf":{"@id":"https:\/\/www.thetheoryworks.com\/de\/#website"},"datePublished":"2014-04-20T15:41:34+00:00","dateModified":"2021-05-16T11:16:57+00:00","description":"Nachdem wir Ihre Bezahlung erhalten haben, schicken wir Ihre Ware innerhalb von drei Werktagen. Unser Versandpartner ist DHL.","breadcrumb":{"@id":"https:\/\/www.thetheoryworks.com\/de\/versand\/#breadcrumb"},"inLanguage":"de","potentialAction":[{"@type":"ReadAction","target":["https:\/\/www.thetheoryworks.com\/de\/versand\/"]}]},{"@type":"BreadcrumbList","@id":"https:\/\/www.thetheoryworks.com\/de\/versand\/#breadcrumb","itemListElement":[{"@type":"ListItem","position":1,"name":"Home","item":"https:\/\/www.thetheoryworks.com\/de\/"},{"@type":"ListItem","position":2,"name":"Versand"}]},{"@type":"WebSite","@id":"https:\/\/www.thetheoryworks.com\/de\/#website","url":"https:\/\/www.thetheoryworks.com\/de\/","name":"The Theory Works\u00ae","description":"","potentialAction":[{"@type":"SearchAction","target":{"@type":"EntryPoint","urlTemplate":"https:\/\/www.thetheoryworks.com\/de\/?s={search_term_string}"},"query-input":{"@type":"PropertyValueSpecification","valueRequired":true,"valueName":"search_term_string"}}],"inLanguage":"de"}]}},"_links":{"self":[{"href":"https:\/\/www.thetheoryworks.com\/de\/wp-json\/wp\/v2\/pages\/2289","targetHints":{"allow":["GET"]}}],"collection":[{"href":"https:\/\/www.thetheoryworks.com\/de\/wp-json\/wp\/v2\/pages"}],"about":[{"href":"https:\/\/www.thetheoryworks.com\/de\/wp-json\/wp\/v2\/types\/page"}],"author":[{"embeddable":true,"href":"https:\/\/www.thetheoryworks.com\/de\/wp-json\/wp\/v2\/users\/2"}],"replies":[{"embeddable":true,"href":"https:\/\/www.thetheoryworks.com\/de\/wp-json\/wp\/v2\/comments?post=2289"}],"version-history":[{"count":8,"href":"https:\/\/www.thetheoryworks.com\/de\/wp-json\/wp\/v2\/pages\/2289\/revisions"}],"predecessor-version":[{"id":5348,"href":"https:\/\/www.thetheoryworks.com\/de\/wp-json\/wp\/v2\/pages\/2289\/revisions\/5348"}],"wp:attachment":[{"href":"https:\/\/www.thetheoryworks.com\/de\/wp-json\/wp\/v2\/media?parent=2289"}],"curies":[{"name":"wp","href":"https:\/\/api.w.org\/{rel}","templated":true}]}}