{"id":3263,"date":"2015-05-29T18:44:16","date_gmt":"2015-05-29T17:44:16","guid":{"rendered":"http:\/\/www.thetheoryworks.com\/?page_id=3263"},"modified":"2020-11-15T22:19:35","modified_gmt":"2020-11-15T21:19:35","slug":"mss-wie-trekkingstoecke-verbinden","status":"publish","type":"page","link":"https:\/\/www.thetheoryworks.com\/de\/modulares-sheltersystem\/mss-wie-trekkingstoecke-verbinden\/","title":{"rendered":"Wie man Trekkingst\u00f6cke verbindet"},"content":{"rendered":"<h1>Anleitung wie man anhand eines Pole Unions\u2122 zwei Trekkingst\u00f6cke verbindet<\/h1>\n<p>Es gibt verschiedene L\u00f6sungen f\u00fcr eine zentrale Tarpstange des modularen Shelters. Hier wurde ein Verbindungsst\u00fcck, der Pole Union\u2122, benutzt um zwei Wanderst\u00f6cke zu verbinden. Der Pole Union\u2122 spezielle Verschl\u00fcsse, die selbst bei starkem Wind nicht locker werden. Wenn der Pole Union\u2122 gerade nicht als Verbindungsst\u00fcck ben\u00f6tigt wird, kann er als Stausack f\u00fcr Heringe und das Insektennetz (Insect Ceiling\u2122) benutzt werden.<\/p>\n<div id=\"metaslider-id-5139\" style=\"width: 100%;\" class=\"ml-slider-3-105-0 metaslider metaslider-flex metaslider-5139 ml-slider has-dots-nav ms-theme-default\" role=\"region\" aria-label=\"MSS How To - Pole Union DE\" data-height=\"640\" data-width=\"960\">\n    <div id=\"metaslider_container_5139\">\n        <div id=\"metaslider_5139\">\n            <ul class='slides'>\n                <li style=\"display: block; width: 100%;\" class=\"slide-5140 ms-image \" aria-roledescription=\"slide\" data-date=\"2020-11-15 21:21:58\" data-filename=\"STP-ModShel-15-05-PoleU-01_02.jpg\" data-slide-type=\"image\"><img loading=\"lazy\" decoding=\"async\" src=\"https:\/\/www.thetheoryworks.com\/wordpress\/wp-content\/uploads\/STP-ModShel-15-05-PoleU-01_02.jpg\" height=\"640\" width=\"960\" alt=\"\" class=\"slider-5139 slide-5140 msDefaultImage\" \/><div class=\"caption-wrap\"><div class=\"caption\"><h4 class=\"wh-n-1m\">1. \u00d6ffnen Sie den Verschluss des Verbindungsst\u00fccks (Pole Union\u2122)<\/h4><div class=\"wh-n-1m\">\u00d6ffnen Sie die Klappen des Verschlusses und ziehen sie das Webband durch den Verschluss um die Schlaufen so gro\u00df wie m\u00f6glich zu machen. So k\u00f6nnen die Trekkingst\u00f6cke leichter in den Pole Union\u2122 gesteckt werden. <\/div><\/div><\/div><\/li>\n                <li style=\"display: none; width: 100%;\" class=\"slide-5141 ms-image \" aria-roledescription=\"slide\" data-date=\"2020-11-15 21:21:58\" data-filename=\"STP-ModShel-15-05-PoleU-02_05.jpg\" data-slide-type=\"image\"><img loading=\"lazy\" decoding=\"async\" src=\"https:\/\/www.thetheoryworks.com\/wordpress\/wp-content\/uploads\/STP-ModShel-15-05-PoleU-02_05.jpg\" height=\"640\" width=\"960\" alt=\"\" class=\"slider-5139 slide-5141 msDefaultImage\" \/><div class=\"caption-wrap\"><div class=\"caption\"><h4 class=\"wh-n-1m\">2. Stecken Sie den ersten Trekkingstock durch die Webband-Schlaufe <\/h4><div class=\"wh-n-1m\">Stecken Sie den Griff eines Trekkingstocks durch das Webband in das Verbindungsst\u00fcck (Pole Union\u2122). Es macht keinen Unterschied, welchen Wanderstock Sie zuerst benutzen. <\/div><\/div><\/div><\/li>\n                <li style=\"display: none; width: 100%;\" class=\"slide-5142 ms-image \" aria-roledescription=\"slide\" data-date=\"2020-11-15 21:21:58\" data-filename=\"STP-ModShel-15-05-PoleU-03_08.jpg\" data-slide-type=\"image\"><img loading=\"lazy\" decoding=\"async\" src=\"https:\/\/www.thetheoryworks.com\/wordpress\/wp-content\/uploads\/STP-ModShel-15-05-PoleU-03_08.jpg\" height=\"640\" width=\"960\" alt=\"\" class=\"slider-5139 slide-5142 msDefaultImage\" \/><div class=\"caption-wrap\"><div class=\"caption\"><h4 class=\"wh-n-1m\">3. Stecken Sie den ersten Trekkingstock in die Tasche des Pole Unions\u2122<\/h4><div class=\"wh-n-1m\">Stecken Sie das Ende des Wanderstocks in Richtung Webschlaufe in die Pole Union Tasche\u2122. Verschlie\u00dfen Sie die Zugkordel um den Wanderstock in Position zu halten. <\/div><\/div><\/div><\/li>\n                <li style=\"display: none; width: 100%;\" class=\"slide-5143 ms-image \" aria-roledescription=\"slide\" data-date=\"2020-11-15 21:21:59\" data-filename=\"STP-ModShel-15-05-PoleU-04_11.jpg\" data-slide-type=\"image\"><img loading=\"lazy\" decoding=\"async\" src=\"https:\/\/www.thetheoryworks.com\/wordpress\/wp-content\/uploads\/STP-ModShel-15-05-PoleU-04_11.jpg\" height=\"640\" width=\"960\" alt=\"\" class=\"slider-5139 slide-5143 msDefaultImage\" \/><div class=\"caption-wrap\"><div class=\"caption\"><h4 class=\"wh-n-1m\">4. Stecken Sie den zweiten Trekkingstock durch die Webband-Schlaufe<\/h4><div class=\"wh-n-1m\">Stecken Sie nun von der anderen Seite den Griff des Wanderstocks durch die zweite Webband-Schlaufe. <\/div><\/div><\/div><\/li>\n                <li style=\"display: none; width: 100%;\" class=\"slide-5144 ms-image \" aria-roledescription=\"slide\" data-date=\"2020-11-15 21:21:59\" data-filename=\"STP-ModShel-15-05-PoleU-05_14.jpg\" data-slide-type=\"image\"><img loading=\"lazy\" decoding=\"async\" src=\"https:\/\/www.thetheoryworks.com\/wordpress\/wp-content\/uploads\/STP-ModShel-15-05-PoleU-05_14.jpg\" height=\"640\" width=\"960\" alt=\"\" class=\"slider-5139 slide-5144 msDefaultImage\" \/><div class=\"caption-wrap\"><div class=\"caption\"><h4 class=\"wh-n-1m\">5. Stecken Sie den zweiten Trekkingstock in die Tasche des Pole Unions\u2122<\/h4><div class=\"wh-n-1m\">Stecken Sie das Ende des zweiten Wanderstocks in Richtung Webschlaufe in die Pole Union\u2122 Tasche. Verschlie\u00dfen Sie die Zugkordel um den Wanderstock in Position zu halten.<\/div><\/div><\/div><\/li>\n                <li style=\"display: none; width: 100%;\" class=\"slide-5145 ms-image \" aria-roledescription=\"slide\" data-date=\"2020-11-15 21:21:59\" data-filename=\"STP-ModShel-15-05-PoleU-06_20.jpg\" data-slide-type=\"image\"><img loading=\"lazy\" decoding=\"async\" src=\"https:\/\/www.thetheoryworks.com\/wordpress\/wp-content\/uploads\/STP-ModShel-15-05-PoleU-06_20.jpg\" height=\"640\" width=\"960\" alt=\"\" class=\"slider-5139 slide-5145 msDefaultImage\" \/><div class=\"caption-wrap\"><div class=\"caption\"><h4 class=\"wh-n-1m\">6. Straffen Sie das Webband und verschlie\u00dfen Sie den Verschluss <\/h4><div class=\"wh-n-1m\">Straffen Sie beide Gurtb\u00e4nder und verschlie\u00dfen Sie den Verschluss, um den Gurt in Position zu halten. <\/div><\/div><\/div><\/li>\n                <li style=\"display: none; width: 100%;\" class=\"slide-5146 ms-image \" aria-roledescription=\"slide\" data-date=\"2020-11-15 22:04:24\" data-filename=\"IUP-ModShel-14-09-PoleU-01_0184.jpg\" data-slide-type=\"image\"><img loading=\"lazy\" decoding=\"async\" src=\"https:\/\/www.thetheoryworks.com\/wordpress\/wp-content\/uploads\/IUP-ModShel-14-09-PoleU-01_0184.jpg\" height=\"640\" width=\"960\" alt=\"\" class=\"slider-5139 slide-5146 msDefaultImage\" \/><div class=\"caption-wrap\"><div class=\"caption\"><h4 class=\"wh-n-1m\">7. Falls n\u00f6tig, straffen Sie noch einmal nach<\/h4><div class=\"wh-n-1m\">Wenn der Shelter aufgebaut ist, m\u00fcssen Sie gegebenenfalls noch einmal die Gurtb\u00e4nder straffen. <\/div><\/div><\/div><\/li>\n            <\/ul>\n        <\/div>\n        \n    <\/div>\n<\/div>\n","protected":false},"excerpt":{"rendered":"<p>Anleitung wie man anhand eines Pole Unions\u2122 zwei Trekkingst\u00f6cke verbindet Es gibt verschiedene L\u00f6sungen f\u00fcr eine zentrale Tarpstange des modularen Shelters. Hier wurde ein Verbindungsst\u00fcck, der Pole Union\u2122, benutzt um zwei Wanderst\u00f6cke zu verbinden. Der Pole Union\u2122 spezielle Verschl\u00fcsse, die selbst bei starkem Wind nicht locker werden. Wenn der Pole Union\u2122 gerade nicht als Verbindungsst\u00fcck [&hellip;]<\/p>\n","protected":false},"author":2,"featured_media":0,"parent":4598,"menu_order":2,"comment_status":"closed","ping_status":"closed","template":"","meta":{"footnotes":""},"class_list":["post-3263","page","type-page","status-publish","hentry"],"yoast_head":"<!-- This site is optimized with the Yoast SEO plugin v26.9 - https:\/\/yoast.com\/product\/yoast-seo-wordpress\/ -->\n<title>Anleitung f\u00fcr das Verbinden von Trekkingst\u00f6cken mit dem Pole Union\u2122<\/title>\n<meta name=\"description\" content=\"Ein Pole Union\u2122 verbindet ein Paar Trekkingst\u00f6cke um eine lange Tarpstange f\u00fcr den modularen Shelter zu erhalten. Sehen Sie hier, wie man die St\u00f6cke verbindet.\" \/>\n<meta name=\"robots\" content=\"index, follow, max-snippet:-1, max-image-preview:large, max-video-preview:-1\" \/>\n<link rel=\"canonical\" href=\"https:\/\/www.thetheoryworks.com\/de\/modulares-sheltersystem\/mss-wie-trekkingstoecke-verbinden\/\" \/>\n<meta property=\"og:locale\" content=\"de_DE\" \/>\n<meta property=\"og:type\" content=\"article\" \/>\n<meta property=\"og:title\" content=\"Anleitung f\u00fcr das Verbinden von Trekkingst\u00f6cken mit dem Pole Union\u2122\" \/>\n<meta property=\"og:description\" content=\"Ein Pole Union\u2122 verbindet ein Paar Trekkingst\u00f6cke um eine lange Tarpstange f\u00fcr den modularen Shelter zu erhalten. Sehen Sie hier, wie man die St\u00f6cke verbindet.\" \/>\n<meta property=\"og:url\" content=\"https:\/\/www.thetheoryworks.com\/de\/modulares-sheltersystem\/mss-wie-trekkingstoecke-verbinden\/\" \/>\n<meta property=\"og:site_name\" content=\"The Theory Works\u00ae\" \/>\n<meta property=\"article:modified_time\" content=\"2020-11-15T21:19:35+00:00\" \/>\n<script type=\"application\/ld+json\" class=\"yoast-schema-graph\">{\"@context\":\"https:\/\/schema.org\",\"@graph\":[{\"@type\":\"WebPage\",\"@id\":\"https:\/\/www.thetheoryworks.com\/de\/modulares-sheltersystem\/mss-wie-trekkingstoecke-verbinden\/\",\"url\":\"https:\/\/www.thetheoryworks.com\/de\/modulares-sheltersystem\/mss-wie-trekkingstoecke-verbinden\/\",\"name\":\"Anleitung f\u00fcr das Verbinden von Trekkingst\u00f6cken mit dem Pole Union\u2122\",\"isPartOf\":{\"@id\":\"https:\/\/www.thetheoryworks.com\/de\/#website\"},\"datePublished\":\"2015-05-29T17:44:16+00:00\",\"dateModified\":\"2020-11-15T21:19:35+00:00\",\"description\":\"Ein Pole Union\u2122 verbindet ein Paar Trekkingst\u00f6cke um eine lange Tarpstange f\u00fcr den modularen Shelter zu erhalten. Sehen Sie hier, wie man die St\u00f6cke verbindet.\",\"breadcrumb\":{\"@id\":\"https:\/\/www.thetheoryworks.com\/de\/modulares-sheltersystem\/mss-wie-trekkingstoecke-verbinden\/#breadcrumb\"},\"inLanguage\":\"de\",\"potentialAction\":[{\"@type\":\"ReadAction\",\"target\":[\"https:\/\/www.thetheoryworks.com\/de\/modulares-sheltersystem\/mss-wie-trekkingstoecke-verbinden\/\"]}]},{\"@type\":\"BreadcrumbList\",\"@id\":\"https:\/\/www.thetheoryworks.com\/de\/modulares-sheltersystem\/mss-wie-trekkingstoecke-verbinden\/#breadcrumb\",\"itemListElement\":[{\"@type\":\"ListItem\",\"position\":1,\"name\":\"Home\",\"item\":\"https:\/\/www.thetheoryworks.com\/de\/\"},{\"@type\":\"ListItem\",\"position\":2,\"name\":\"Modulares Sheltersystem\",\"item\":\"https:\/\/www.thetheoryworks.com\/de\/modulares-sheltersystem\/\"},{\"@type\":\"ListItem\",\"position\":3,\"name\":\"Wie man Trekkingst\u00f6cke verbindet\"}]},{\"@type\":\"WebSite\",\"@id\":\"https:\/\/www.thetheoryworks.com\/de\/#website\",\"url\":\"https:\/\/www.thetheoryworks.com\/de\/\",\"name\":\"The Theory Works\u00ae\",\"description\":\"\",\"potentialAction\":[{\"@type\":\"SearchAction\",\"target\":{\"@type\":\"EntryPoint\",\"urlTemplate\":\"https:\/\/www.thetheoryworks.com\/de\/?s={search_term_string}\"},\"query-input\":{\"@type\":\"PropertyValueSpecification\",\"valueRequired\":true,\"valueName\":\"search_term_string\"}}],\"inLanguage\":\"de\"}]}<\/script>\n<!-- \/ Yoast SEO plugin. -->","yoast_head_json":{"title":"Anleitung f\u00fcr das Verbinden von Trekkingst\u00f6cken mit dem Pole Union\u2122","description":"Ein Pole Union\u2122 verbindet ein Paar Trekkingst\u00f6cke um eine lange Tarpstange f\u00fcr den modularen Shelter zu erhalten. Sehen Sie hier, wie man die St\u00f6cke verbindet.","robots":{"index":"index","follow":"follow","max-snippet":"max-snippet:-1","max-image-preview":"max-image-preview:large","max-video-preview":"max-video-preview:-1"},"canonical":"https:\/\/www.thetheoryworks.com\/de\/modulares-sheltersystem\/mss-wie-trekkingstoecke-verbinden\/","og_locale":"de_DE","og_type":"article","og_title":"Anleitung f\u00fcr das Verbinden von Trekkingst\u00f6cken mit dem Pole Union\u2122","og_description":"Ein Pole Union\u2122 verbindet ein Paar Trekkingst\u00f6cke um eine lange Tarpstange f\u00fcr den modularen Shelter zu erhalten. Sehen Sie hier, wie man die St\u00f6cke verbindet.","og_url":"https:\/\/www.thetheoryworks.com\/de\/modulares-sheltersystem\/mss-wie-trekkingstoecke-verbinden\/","og_site_name":"The Theory Works\u00ae","article_modified_time":"2020-11-15T21:19:35+00:00","schema":{"@context":"https:\/\/schema.org","@graph":[{"@type":"WebPage","@id":"https:\/\/www.thetheoryworks.com\/de\/modulares-sheltersystem\/mss-wie-trekkingstoecke-verbinden\/","url":"https:\/\/www.thetheoryworks.com\/de\/modulares-sheltersystem\/mss-wie-trekkingstoecke-verbinden\/","name":"Anleitung f\u00fcr das Verbinden von Trekkingst\u00f6cken mit dem Pole Union\u2122","isPartOf":{"@id":"https:\/\/www.thetheoryworks.com\/de\/#website"},"datePublished":"2015-05-29T17:44:16+00:00","dateModified":"2020-11-15T21:19:35+00:00","description":"Ein Pole Union\u2122 verbindet ein Paar Trekkingst\u00f6cke um eine lange Tarpstange f\u00fcr den modularen Shelter zu erhalten. Sehen Sie hier, wie man die St\u00f6cke verbindet.","breadcrumb":{"@id":"https:\/\/www.thetheoryworks.com\/de\/modulares-sheltersystem\/mss-wie-trekkingstoecke-verbinden\/#breadcrumb"},"inLanguage":"de","potentialAction":[{"@type":"ReadAction","target":["https:\/\/www.thetheoryworks.com\/de\/modulares-sheltersystem\/mss-wie-trekkingstoecke-verbinden\/"]}]},{"@type":"BreadcrumbList","@id":"https:\/\/www.thetheoryworks.com\/de\/modulares-sheltersystem\/mss-wie-trekkingstoecke-verbinden\/#breadcrumb","itemListElement":[{"@type":"ListItem","position":1,"name":"Home","item":"https:\/\/www.thetheoryworks.com\/de\/"},{"@type":"ListItem","position":2,"name":"Modulares Sheltersystem","item":"https:\/\/www.thetheoryworks.com\/de\/modulares-sheltersystem\/"},{"@type":"ListItem","position":3,"name":"Wie man Trekkingst\u00f6cke verbindet"}]},{"@type":"WebSite","@id":"https:\/\/www.thetheoryworks.com\/de\/#website","url":"https:\/\/www.thetheoryworks.com\/de\/","name":"The Theory Works\u00ae","description":"","potentialAction":[{"@type":"SearchAction","target":{"@type":"EntryPoint","urlTemplate":"https:\/\/www.thetheoryworks.com\/de\/?s={search_term_string}"},"query-input":{"@type":"PropertyValueSpecification","valueRequired":true,"valueName":"search_term_string"}}],"inLanguage":"de"}]}},"_links":{"self":[{"href":"https:\/\/www.thetheoryworks.com\/de\/wp-json\/wp\/v2\/pages\/3263","targetHints":{"allow":["GET"]}}],"collection":[{"href":"https:\/\/www.thetheoryworks.com\/de\/wp-json\/wp\/v2\/pages"}],"about":[{"href":"https:\/\/www.thetheoryworks.com\/de\/wp-json\/wp\/v2\/types\/page"}],"author":[{"embeddable":true,"href":"https:\/\/www.thetheoryworks.com\/de\/wp-json\/wp\/v2\/users\/2"}],"replies":[{"embeddable":true,"href":"https:\/\/www.thetheoryworks.com\/de\/wp-json\/wp\/v2\/comments?post=3263"}],"version-history":[{"count":3,"href":"https:\/\/www.thetheoryworks.com\/de\/wp-json\/wp\/v2\/pages\/3263\/revisions"}],"predecessor-version":[{"id":5158,"href":"https:\/\/www.thetheoryworks.com\/de\/wp-json\/wp\/v2\/pages\/3263\/revisions\/5158"}],"up":[{"embeddable":true,"href":"https:\/\/www.thetheoryworks.com\/de\/wp-json\/wp\/v2\/pages\/4598"}],"wp:attachment":[{"href":"https:\/\/www.thetheoryworks.com\/de\/wp-json\/wp\/v2\/media?parent=3263"}],"curies":[{"name":"wp","href":"https:\/\/api.w.org\/{rel}","templated":true}]}}