{"id":3809,"date":"2017-06-09T19:32:56","date_gmt":"2017-06-09T18:32:56","guid":{"rendered":"http:\/\/www.thetheoryworks.com\/?page_id=3809\/"},"modified":"2021-04-27T13:57:16","modified_gmt":"2021-04-27T12:57:16","slug":"mss-individualisieren","status":"publish","type":"page","link":"https:\/\/www.thetheoryworks.com\/de\/modulares-sheltersystem\/mss-individualisieren\/","title":{"rendered":"Individualisieren"},"content":{"rendered":"<div class=\"headingtext\">\n<h1>\n<img loading=\"lazy\" decoding=\"async\"  style=\"border: none; padding: 0px\" src=\"\/\/www.thetheoryworks.com\/wordpress\/wp-content\/uploads\/iconIndividualisieren-150x150.png\" alt=\"Customize Icon\" width=\"75\" height=\"75\" class=\"alignleft size-thumbnail wp-image-3781\" \/><br \/>\nIndividualisieren<\/h1>\n<\/div>\n<div class=\"continuitytext\">\n<h4>Individualisiere deinen Shelter: Suche die Komponenten aus, die deinen Anspr\u00fcchen entsprechen.<\/h4>\n<\/div>\n<div class=\"outer-wrapper\">\n     <img loading=\"lazy\" decoding=\"async\" style=\"border: none; padding: 0px\" src=\"\/\/www.thetheoryworks.com\/wordpress\/wp-content\/uploads\/PWT-ModShel-14-09-DoorOpen-0224.jpg\" alt=\"Modular Shelter pitched in snow\" width=\"960\" height=\"450\" class=\"size-full  wp-image-136\" \/><\/p>\n<div class=\"text-wrapper-pos-3\">\n<h4 class=\"wh-b-12m\">1. Elemente<\/h4>\n<\/p><\/div>\n<div class=\"text-wrapper-pos-4\">\n<h4 class=\"wh-b-12m\">2. Rain Ceiling\u2122<\/h4>\n<\/p><\/div>\n<div class=\"text-wrapper-pos-6\">\n<h4 class=\"wh-b-12m\">3. Pole Union\u2122<\/h4>\n<\/p><\/div>\n<div class=\"text-wrapper-pos-7\">\n<h4 class=\"wh-b-12m\">4. Insect Ceiling\u2122<\/h4>\n<h4 class=\"wh-n-1m\">(nicht gezeigt)<\/h4>\n<\/p><\/div>\n<div class=\"text-wrapper-pos-8\">\n<h4 class=\"wh-b-12m\">5. Groundfloor\u2122<\/h4>\n<\/p><\/div>\n<\/div>\n<div class=\"continuitytext\">\n<h2>Elemente<\/h2>\n<h4>Durch das Zusammenf\u00fcgen von verschiedenen Elementen kannst du unterschiedliche Shelter bauen.<\/h4>\n<\/div>\n<div id=\"metaslider-id-5259\" style=\"width: 100%;\" class=\"ml-slider-3-105-0 metaslider metaslider-flex metaslider-5259 ml-slider has-dots-nav ms-theme-default\" role=\"region\" aria-label=\"Modular Shelter System - Elements DE\" data-height=\"450\" data-width=\"960\">\n    <div id=\"metaslider_container_5259\">\n        <div id=\"metaslider_5259\">\n            <ul class='slides'>\n                <li style=\"display: block; width: 100%;\" class=\"slide-5260 ms-image \" aria-roledescription=\"slide\" data-date=\"2021-04-27 13:06:01\" data-filename=\"Graphic-ModShel-17-06-3xElements-960x450.jpg\" data-slide-type=\"image\"><img loading=\"lazy\" decoding=\"async\" src=\"https:\/\/www.thetheoryworks.com\/wordpress\/wp-content\/uploads\/Graphic-ModShel-17-06-3xElements-960x450.jpg\" height=\"450\" width=\"960\" alt=\"Single, Double, Triple Elements\" class=\"slider-5259 slide-5260 msDefaultImage\" \/><div class=\"caption-wrap\"><div class=\"caption\"><div class=\"wh-n-1m\">Die drei Elemente. Die Elemente machen das Dach und die W\u00e4nde des Shelters aus. Sie k\u00f6nnen mit Rei\u00dfverschl\u00fcssen zusammengef\u00fcgt werden, um unterschiedliche Shelter zu errichten. Das \"Triple\" Element hat ein kleineres Mittelteil, das das Dach des Shelters steiler macht.<\/div><\/div><\/div><\/li>\n                <li style=\"display: none; width: 100%;\" class=\"slide-5261 ms-image \" aria-roledescription=\"slide\" data-date=\"2021-04-27 13:06:01\" data-filename=\"Graphic-ModShel-17-06-3xSheltersPl-960x450.png\" data-slide-type=\"image\"><img loading=\"lazy\" decoding=\"async\" src=\"https:\/\/www.thetheoryworks.com\/wordpress\/wp-content\/uploads\/Graphic-ModShel-17-06-3xSheltersPl-960x450.png\" height=\"450\" width=\"960\" alt=\"3x Shelters Plan\" class=\"slider-5259 slide-5261 msDefaultImage\" \/><div class=\"caption-wrap\"><div class=\"caption\"><div class=\"wh-n-1m\">Drei modulare Sheltertypen. 5R, 6R, 7R. Die unterschiedlichen Shelterformen werden durch das Kombinieren von verschiedenen Shelterteilen erreicht. Hier werden alle Shelter mit gleichf\u00f6rmigen Elementen zusammengesetzt, dem Single und Double Element.<\/div><\/div><\/div><\/li>\n                <li style=\"display: none; width: 100%;\" class=\"slide-5262 ms-image \" aria-roledescription=\"slide\" data-date=\"2021-04-27 13:06:01\" data-filename=\"Graphic-ModShel-17-06-3xElementsEl-960x450.png\" data-slide-type=\"image\"><img loading=\"lazy\" decoding=\"async\" src=\"https:\/\/www.thetheoryworks.com\/wordpress\/wp-content\/uploads\/Graphic-ModShel-17-06-3xElementsEl-960x450.png\" height=\"450\" width=\"960\" alt=\"3x Shelters Elevation\" class=\"slider-5259 slide-5262 msDefaultImage\" \/><div class=\"caption-wrap\"><div class=\"caption\"><div class=\"wh-n-1m\">Drei modulare Sheltertypen. 5R, 6R, 7R. Von der Seite betrachtet kannst du sehen, dass die gr\u00f6\u00dferen Shelter niedriger sind und das Dach weniger steil ist.<\/div><\/div><\/div><\/li>\n                <li style=\"display: none; width: 100%;\" class=\"slide-5263 ms-image \" aria-roledescription=\"slide\" data-date=\"2021-04-27 13:06:01\" data-filename=\"Graphic-ModShel-17-06-2xElementsIrr-960x450.png\" data-slide-type=\"image\"><img loading=\"lazy\" decoding=\"async\" src=\"https:\/\/www.thetheoryworks.com\/wordpress\/wp-content\/uploads\/Graphic-ModShel-17-06-2xElementsIrr-960x450.png\" height=\"450\" width=\"960\" alt=\"2x Irregular Shelters\" class=\"slider-5259 slide-5263 msDefaultImage\" \/><div class=\"caption-wrap\"><div class=\"caption\"><div class=\"wh-n-1m\">Zwei modulare Shelter, der 5I und der 6II. Diese werden mit den Triple Elementen zusammengesetzt, die steiler sind und den Shelter kleiner machen. Das reduziert im Vergleich zu den gleichf\u00f6rmigen Sheltern mit der gleichen Seitenanzahl die Gr\u00f6\u00dfe und das Gewicht .<\/div><\/div><\/div><\/li>\n            <\/ul>\n        <\/div>\n        \n    <\/div>\n<\/div>\n<div class=\"continuitytext\">\n<h2>Andere Komponenten<\/h2>\n<h4>Du kannst deinen Shelter noch anpassbarer machen, indem du zus\u00e4tzliche Komponenten hinzuf\u00fcgst.<\/h4>\n<\/div>\n<div id=\"metaslider-id-5272\" style=\"width: 100%;\" class=\"ml-slider-3-105-0 metaslider metaslider-flex metaslider-5272 ml-slider has-dots-nav ms-theme-default\" role=\"region\" aria-label=\"Modular Shelter System - Components DE\" data-height=\"450\" data-width=\"960\">\n    <div id=\"metaslider_container_5272\">\n        <div id=\"metaslider_5272\">\n            <ul class='slides'>\n                <li style=\"display: block; width: 100%;\" class=\"slide-5273 ms-image \" aria-roledescription=\"slide\" data-date=\"2021-04-27 13:52:28\" data-filename=\"Graphic-ModShel-17-06-Rain-Ceiling-960x450.jpg\" data-slide-type=\"image\"><img loading=\"lazy\" decoding=\"async\" src=\"https:\/\/www.thetheoryworks.com\/wordpress\/wp-content\/uploads\/Graphic-ModShel-17-06-Rain-Ceiling-960x450.jpg\" height=\"450\" width=\"960\" alt=\"Rain Ceiling fitted to Modular Shelter, with mountains behind\" class=\"slider-5272 slide-5273 msDefaultImage\" \/><div class=\"caption-wrap\"><div class=\"caption\"><div class=\"wh-n-1m\">Rain Ceiling - dieses Regendach kann zusammengefaltet werden und wird auf dem Dach des Shelters angebracht. Es l\u00e4\u00dft Licht hinein, passt auf alle Shelter und die Ventilation kann leicht eingestellt und jeder Zeit ver\u00e4ndert werden. <\/div><\/div><\/div><\/li>\n                <li style=\"display: none; width: 100%;\" class=\"slide-5274 ms-image \" aria-roledescription=\"slide\" data-date=\"2021-04-27 13:52:28\" data-filename=\"Graphic-ModShel-17-06-Pole-Union-960x450.jpg\" data-slide-type=\"image\"><img loading=\"lazy\" decoding=\"async\" src=\"https:\/\/www.thetheoryworks.com\/wordpress\/wp-content\/uploads\/Graphic-ModShel-17-06-Pole-Union-960x450.jpg\" height=\"450\" width=\"960\" alt=\"Pole Union fitted to trekking poles\" class=\"slider-5272 slide-5274 msDefaultImage\" \/><div class=\"caption-wrap\"><div class=\"caption\"><div class=\"wh-n-1m\">Pole Union - durch das Verbindungsst\u00fcck k\u00f6nnen deine verl\u00e4ngerbaren Trekkingst\u00f6cke verbunden werden, um einen einzelen Stock zu erhalten. Benutze ihn f\u00fcr deine Wanderst\u00f6cke oder nimm eine eigene verl\u00e4ngerbare Zeltstange mit.<\/div><\/div><\/div><\/li>\n                <li style=\"display: none; width: 100%;\" class=\"slide-5275 ms-image \" aria-roledescription=\"slide\" data-date=\"2021-04-27 13:52:28\" data-filename=\"Graphic-ModShel-17-06-Insect-Ceiling-960x450.jpg\" data-slide-type=\"image\"><img loading=\"lazy\" decoding=\"async\" src=\"https:\/\/www.thetheoryworks.com\/wordpress\/wp-content\/uploads\/Graphic-ModShel-17-06-Insect-Ceiling-960x450.jpg\" height=\"450\" width=\"960\" alt=\"Fitted Insect Ceiling, inside a Modular Shelter\" class=\"slider-5272 slide-5275 msDefaultImage\" \/><div class=\"caption-wrap\"><div class=\"caption\"><div class=\"wh-n-1m\">Insect Ceiling - sch\u00fctzt die obere Zeltdecke vor dem Eindringen von Insekten. Die gro\u00dfe Oberfl\u00e4chendecke dieses Insektennetzes erm\u00f6glicht die Ventilation w\u00e4hrend die Insekten drau\u00dfen bleiben. Das Netz kann ohne Rain Ceiling benutzt werden und erlaubt so die maximale Ventilation bei gutem Wetter. <\/div><\/div><\/div><\/li>\n                <li style=\"display: none; width: 100%;\" class=\"slide-5276 ms-image \" aria-roledescription=\"slide\" data-date=\"2021-04-27 13:52:28\" data-filename=\"Graphic-ModShel-17-06-Groundfloor-960x450.jpg\" data-slide-type=\"image\"><img loading=\"lazy\" decoding=\"async\" src=\"https:\/\/www.thetheoryworks.com\/wordpress\/wp-content\/uploads\/Graphic-ModShel-17-06-Groundfloor-960x450.jpg\" height=\"450\" width=\"960\" alt=\"Groundfloor\u2122, showing central gusset for trekking pole\" class=\"slider-5272 slide-5276 msDefaultImage\" \/><div class=\"caption-wrap\"><div class=\"caption\"><div class=\"wh-n-1m\">Groundfloor\u2122 erh\u00e4ltlich in drei Gr\u00f6\u00dfen f\u00fcr den 5-, 6- oder 7-seitigen Shelter. Diese Bodenplane ist nicht nur ein wasserfester Boden, sondern hilft dir auch, die richtige Position f\u00fcr das Errichten deines Shelters zu finden. <\/div><\/div><\/div><\/li>\n            <\/ul>\n        <\/div>\n        \n    <\/div>\n<\/div>\n<div class=\"continuitytext\">\n<h2>Individualisiere deinen Shelter<\/h2>\n<h4>Bereit anzufangen? Beginne deinen eigenen Shelter zusammenzubauen.<\/h4>\n<\/div>\n<div class=\"responsive\">\n<div class=\"gallery\">\n<div class=\"outer-wrapper imagefader settopmargin-20\">\n    <a href=\"\/\/www.thetheoryworks.com\/de\/produkt-kategorie\/modulares-sheltersystem\/bereits-zusammengestellte-shelter\/\"><br \/>\n      <img loading=\"lazy\" decoding=\"async\" style=\"border: none;\" src=\"\/\/www.thetheoryworks.com\/wordpress\/wp-content\/uploads\/IUP-ModShel-14-03-Spain-96c.jpg\" alt=\"Modular Shelter pitched in snow\" width=\"960\" height=\"450\" class=\"size-full  wp-image-3588\" srcset=\"https:\/\/www.thetheoryworks.com\/wordpress\/wp-content\/uploads\/IUP-ModShel-14-03-Spain-96c.jpg 960w, https:\/\/www.thetheoryworks.com\/wordpress\/wp-content\/uploads\/IUP-ModShel-14-03-Spain-96c-200x94.jpg 200w, https:\/\/www.thetheoryworks.com\/wordpress\/wp-content\/uploads\/IUP-ModShel-14-03-Spain-96c-500x234.jpg 500w, https:\/\/www.thetheoryworks.com\/wordpress\/wp-content\/uploads\/IUP-ModShel-14-03-Spain-96c-600x281.jpg 600w, https:\/\/www.thetheoryworks.com\/wordpress\/wp-content\/uploads\/IUP-ModShel-14-03-Spain-96c-150x70.jpg 150w, https:\/\/www.thetheoryworks.com\/wordpress\/wp-content\/uploads\/IUP-ModShel-14-03-Spain-96c-300x141.jpg 300w, https:\/\/www.thetheoryworks.com\/wordpress\/wp-content\/uploads\/IUP-ModShel-14-03-Spain-96c-768x360.jpg 768w\" sizes=\"auto, (max-width: 960px) 100vw, 960px\" \/><\/p>\n<div class=\"text-wrapper-mss-left\">\n<h4 class=\"wh-b-2m\">Individualisiere deinen Shelter<\/h4>\n<div class=\"wh-n-1m\">Erkunde alle individualisierbaren Shelter.<\/div>\n<\/p><\/div>\n<p>   <\/a>\n<\/div>\n<\/p><\/div>\n<\/div>\n<div class=\"responsive\">\n<div class=\"gallery\">\n<div class=\"outer-wrapper imagefader settopmargin-20\">\n    <a href=\"\/\/www.thetheoryworks.com\/de\/produkt-kategorie\/modulares-sheltersystem\/einzelne-komponenten\/\"><br \/>\n      <img loading=\"lazy\" decoding=\"async\" style=\"border: none;\" src=\"\/\/www.thetheoryworks.com\/wordpress\/wp-content\/uploads\/Graphic-ModShel-17-06-Insect-Ceiling.jpg\" alt=\"Fitted Insect Ceiling, inside a Modular Shelter\" width=\"960\" height=\"450\" class=\"size-full  wp-image-3618\" srcset=\"https:\/\/www.thetheoryworks.com\/wordpress\/wp-content\/uploads\/Graphic-ModShel-17-06-Insect-Ceiling.jpg 960w, https:\/\/www.thetheoryworks.com\/wordpress\/wp-content\/uploads\/Graphic-ModShel-17-06-Insect-Ceiling-200x94.jpg 200w, https:\/\/www.thetheoryworks.com\/wordpress\/wp-content\/uploads\/Graphic-ModShel-17-06-Insect-Ceiling-500x235.jpg 500w, https:\/\/www.thetheoryworks.com\/wordpress\/wp-content\/uploads\/Graphic-ModShel-17-06-Insect-Ceiling-600x282.jpg 600w, https:\/\/www.thetheoryworks.com\/wordpress\/wp-content\/uploads\/Graphic-ModShel-17-06-Insect-Ceiling-150x70.jpg 150w, https:\/\/www.thetheoryworks.com\/wordpress\/wp-content\/uploads\/Graphic-ModShel-17-06-Insect-Ceiling-300x141.jpg 300w, https:\/\/www.thetheoryworks.com\/wordpress\/wp-content\/uploads\/Graphic-ModShel-17-06-Insect-Ceiling-768x361.jpg 768w, https:\/\/www.thetheoryworks.com\/wordpress\/wp-content\/uploads\/Graphic-ModShel-17-06-Insect-Ceiling-620x291.jpg 620w, https:\/\/www.thetheoryworks.com\/wordpress\/wp-content\/uploads\/Graphic-ModShel-17-06-Insect-Ceiling-400x188.jpg 400w\" sizes=\"auto, (max-width: 960px) 100vw, 960px\" \/><\/p>\n<div class=\"text-wrapper-mss-right\">\n<h4 class=\"wh-b-2m\">Baue dein System aus<\/h4>\n<div class=\"wh-n-1m\">Zus\u00e4tzliche Komponenten f\u00fcr dein System<\/div>\n<\/p><\/div>\n<p>   <\/a>\n<\/div>\n<\/p><\/div>\n<\/div>\n<div class=\"clearfix\"><\/div>\n","protected":false},"excerpt":{"rendered":"<p>Individualisieren Individualisiere deinen Shelter: Suche die Komponenten aus, die deinen Anspr\u00fcchen entsprechen. 1. Elemente 2. Rain Ceiling\u2122 3. Pole Union\u2122 4. Insect Ceiling\u2122 (nicht gezeigt) 5. Groundfloor\u2122 Elemente Durch das Zusammenf\u00fcgen von verschiedenen Elementen kannst du unterschiedliche Shelter bauen. Andere Komponenten Du kannst deinen Shelter noch anpassbarer machen, indem du zus\u00e4tzliche Komponenten hinzuf\u00fcgst. Individualisiere deinen [&hellip;]<\/p>\n","protected":false},"author":2,"featured_media":0,"parent":4598,"menu_order":0,"comment_status":"closed","ping_status":"closed","template":"","meta":{"footnotes":""},"class_list":["post-3809","page","type-page","status-publish","hentry"],"yoast_head":"<!-- This site is optimized with the Yoast SEO plugin v26.9 - https:\/\/yoast.com\/product\/yoast-seo-wordpress\/ -->\n<title>Individualisieren - Modulares Sheltersystem<\/title>\n<meta name=\"description\" content=\"Suche die Komponenten aus, die deinen Anspr\u00fcchen entsprechen. Durch das Zusammenf\u00fcgen von verschiedenen Elementen kannst du unterschiedliche Shelter bauen.\" \/>\n<meta name=\"robots\" content=\"index, follow, max-snippet:-1, max-image-preview:large, max-video-preview:-1\" \/>\n<link rel=\"canonical\" href=\"https:\/\/www.thetheoryworks.com\/de\/modulares-sheltersystem\/mss-individualisieren\/\" \/>\n<meta property=\"og:locale\" content=\"de_DE\" \/>\n<meta property=\"og:type\" content=\"article\" \/>\n<meta property=\"og:title\" content=\"Individualisieren - Modulares Sheltersystem\" \/>\n<meta property=\"og:description\" content=\"Suche die Komponenten aus, die deinen Anspr\u00fcchen entsprechen. Durch das Zusammenf\u00fcgen von verschiedenen Elementen kannst du unterschiedliche Shelter bauen.\" \/>\n<meta property=\"og:url\" content=\"https:\/\/www.thetheoryworks.com\/de\/modulares-sheltersystem\/mss-individualisieren\/\" \/>\n<meta property=\"og:site_name\" content=\"The Theory Works\u00ae\" \/>\n<meta property=\"article:modified_time\" content=\"2021-04-27T12:57:16+00:00\" \/>\n<meta property=\"og:image\" content=\"\/\/www.thetheoryworks.com\/wordpress\/wp-content\/uploads\/iconIndividualisieren-150x150.png\" \/>\n<script type=\"application\/ld+json\" class=\"yoast-schema-graph\">{\"@context\":\"https:\/\/schema.org\",\"@graph\":[{\"@type\":\"WebPage\",\"@id\":\"https:\/\/www.thetheoryworks.com\/de\/modulares-sheltersystem\/mss-individualisieren\/\",\"url\":\"https:\/\/www.thetheoryworks.com\/de\/modulares-sheltersystem\/mss-individualisieren\/\",\"name\":\"Individualisieren - Modulares Sheltersystem\",\"isPartOf\":{\"@id\":\"https:\/\/www.thetheoryworks.com\/de\/#website\"},\"datePublished\":\"2017-06-09T18:32:56+00:00\",\"dateModified\":\"2021-04-27T12:57:16+00:00\",\"description\":\"Suche die Komponenten aus, die deinen Anspr\u00fcchen entsprechen. Durch das Zusammenf\u00fcgen von verschiedenen Elementen kannst du unterschiedliche Shelter bauen.\",\"breadcrumb\":{\"@id\":\"https:\/\/www.thetheoryworks.com\/de\/modulares-sheltersystem\/mss-individualisieren\/#breadcrumb\"},\"inLanguage\":\"de\",\"potentialAction\":[{\"@type\":\"ReadAction\",\"target\":[\"https:\/\/www.thetheoryworks.com\/de\/modulares-sheltersystem\/mss-individualisieren\/\"]}]},{\"@type\":\"BreadcrumbList\",\"@id\":\"https:\/\/www.thetheoryworks.com\/de\/modulares-sheltersystem\/mss-individualisieren\/#breadcrumb\",\"itemListElement\":[{\"@type\":\"ListItem\",\"position\":1,\"name\":\"Home\",\"item\":\"https:\/\/www.thetheoryworks.com\/de\/\"},{\"@type\":\"ListItem\",\"position\":2,\"name\":\"Modulares Sheltersystem\",\"item\":\"https:\/\/www.thetheoryworks.com\/de\/modulares-sheltersystem\/\"},{\"@type\":\"ListItem\",\"position\":3,\"name\":\"Individualisieren\"}]},{\"@type\":\"WebSite\",\"@id\":\"https:\/\/www.thetheoryworks.com\/de\/#website\",\"url\":\"https:\/\/www.thetheoryworks.com\/de\/\",\"name\":\"The Theory Works\u00ae\",\"description\":\"\",\"potentialAction\":[{\"@type\":\"SearchAction\",\"target\":{\"@type\":\"EntryPoint\",\"urlTemplate\":\"https:\/\/www.thetheoryworks.com\/de\/?s={search_term_string}\"},\"query-input\":{\"@type\":\"PropertyValueSpecification\",\"valueRequired\":true,\"valueName\":\"search_term_string\"}}],\"inLanguage\":\"de\"}]}<\/script>\n<!-- \/ Yoast SEO plugin. -->","yoast_head_json":{"title":"Individualisieren - Modulares Sheltersystem","description":"Suche die Komponenten aus, die deinen Anspr\u00fcchen entsprechen. Durch das Zusammenf\u00fcgen von verschiedenen Elementen kannst du unterschiedliche Shelter bauen.","robots":{"index":"index","follow":"follow","max-snippet":"max-snippet:-1","max-image-preview":"max-image-preview:large","max-video-preview":"max-video-preview:-1"},"canonical":"https:\/\/www.thetheoryworks.com\/de\/modulares-sheltersystem\/mss-individualisieren\/","og_locale":"de_DE","og_type":"article","og_title":"Individualisieren - Modulares Sheltersystem","og_description":"Suche die Komponenten aus, die deinen Anspr\u00fcchen entsprechen. Durch das Zusammenf\u00fcgen von verschiedenen Elementen kannst du unterschiedliche Shelter bauen.","og_url":"https:\/\/www.thetheoryworks.com\/de\/modulares-sheltersystem\/mss-individualisieren\/","og_site_name":"The Theory Works\u00ae","article_modified_time":"2021-04-27T12:57:16+00:00","og_image":[{"url":"\/\/www.thetheoryworks.com\/wordpress\/wp-content\/uploads\/iconIndividualisieren-150x150.png","type":"","width":"","height":""}],"schema":{"@context":"https:\/\/schema.org","@graph":[{"@type":"WebPage","@id":"https:\/\/www.thetheoryworks.com\/de\/modulares-sheltersystem\/mss-individualisieren\/","url":"https:\/\/www.thetheoryworks.com\/de\/modulares-sheltersystem\/mss-individualisieren\/","name":"Individualisieren - Modulares Sheltersystem","isPartOf":{"@id":"https:\/\/www.thetheoryworks.com\/de\/#website"},"datePublished":"2017-06-09T18:32:56+00:00","dateModified":"2021-04-27T12:57:16+00:00","description":"Suche die Komponenten aus, die deinen Anspr\u00fcchen entsprechen. Durch das Zusammenf\u00fcgen von verschiedenen Elementen kannst du unterschiedliche Shelter bauen.","breadcrumb":{"@id":"https:\/\/www.thetheoryworks.com\/de\/modulares-sheltersystem\/mss-individualisieren\/#breadcrumb"},"inLanguage":"de","potentialAction":[{"@type":"ReadAction","target":["https:\/\/www.thetheoryworks.com\/de\/modulares-sheltersystem\/mss-individualisieren\/"]}]},{"@type":"BreadcrumbList","@id":"https:\/\/www.thetheoryworks.com\/de\/modulares-sheltersystem\/mss-individualisieren\/#breadcrumb","itemListElement":[{"@type":"ListItem","position":1,"name":"Home","item":"https:\/\/www.thetheoryworks.com\/de\/"},{"@type":"ListItem","position":2,"name":"Modulares Sheltersystem","item":"https:\/\/www.thetheoryworks.com\/de\/modulares-sheltersystem\/"},{"@type":"ListItem","position":3,"name":"Individualisieren"}]},{"@type":"WebSite","@id":"https:\/\/www.thetheoryworks.com\/de\/#website","url":"https:\/\/www.thetheoryworks.com\/de\/","name":"The Theory Works\u00ae","description":"","potentialAction":[{"@type":"SearchAction","target":{"@type":"EntryPoint","urlTemplate":"https:\/\/www.thetheoryworks.com\/de\/?s={search_term_string}"},"query-input":{"@type":"PropertyValueSpecification","valueRequired":true,"valueName":"search_term_string"}}],"inLanguage":"de"}]}},"_links":{"self":[{"href":"https:\/\/www.thetheoryworks.com\/de\/wp-json\/wp\/v2\/pages\/3809","targetHints":{"allow":["GET"]}}],"collection":[{"href":"https:\/\/www.thetheoryworks.com\/de\/wp-json\/wp\/v2\/pages"}],"about":[{"href":"https:\/\/www.thetheoryworks.com\/de\/wp-json\/wp\/v2\/types\/page"}],"author":[{"embeddable":true,"href":"https:\/\/www.thetheoryworks.com\/de\/wp-json\/wp\/v2\/users\/2"}],"replies":[{"embeddable":true,"href":"https:\/\/www.thetheoryworks.com\/de\/wp-json\/wp\/v2\/comments?post=3809"}],"version-history":[{"count":10,"href":"https:\/\/www.thetheoryworks.com\/de\/wp-json\/wp\/v2\/pages\/3809\/revisions"}],"predecessor-version":[{"id":5278,"href":"https:\/\/www.thetheoryworks.com\/de\/wp-json\/wp\/v2\/pages\/3809\/revisions\/5278"}],"up":[{"embeddable":true,"href":"https:\/\/www.thetheoryworks.com\/de\/wp-json\/wp\/v2\/pages\/4598"}],"wp:attachment":[{"href":"https:\/\/www.thetheoryworks.com\/de\/wp-json\/wp\/v2\/media?parent=3809"}],"curies":[{"name":"wp","href":"https:\/\/api.w.org\/{rel}","templated":true}]}}