{"id":3834,"date":"2017-06-09T19:33:28","date_gmt":"2017-06-09T18:33:28","guid":{"rendered":"http:\/\/www.thetheoryworks.com\/?page_id=3834\/"},"modified":"2021-04-27T14:25:34","modified_gmt":"2021-04-27T13:25:34","slug":"mss-optimieren","status":"publish","type":"page","link":"https:\/\/www.thetheoryworks.com\/de\/modulares-sheltersystem\/mss-optimieren\/","title":{"rendered":"Optimieren"},"content":{"rendered":"<div class=\"headingtext\">\n<h1>\n<img loading=\"lazy\" decoding=\"async\"  style=\"border: none; padding: 0px\" src=\"\/\/www.thetheoryworks.com\/wordpress\/wp-content\/uploads\/IconOptimize.png\" alt=\"Optimize Icon\" width=\"75\" height=\"75\" class=\"alignleft size-thumbnail wp-image-3552\" srcset=\"https:\/\/www.thetheoryworks.com\/wordpress\/wp-content\/uploads\/IconOptimize.png 600w, https:\/\/www.thetheoryworks.com\/wordpress\/wp-content\/uploads\/IconOptimize-200x200.png 200w, https:\/\/www.thetheoryworks.com\/wordpress\/wp-content\/uploads\/IconOptimize-500x500.png 500w, https:\/\/www.thetheoryworks.com\/wordpress\/wp-content\/uploads\/IconOptimize-100x100.png 100w, https:\/\/www.thetheoryworks.com\/wordpress\/wp-content\/uploads\/IconOptimize-150x150.png 150w, https:\/\/www.thetheoryworks.com\/wordpress\/wp-content\/uploads\/IconOptimize-300x300.png 300w\" sizes=\"auto, (max-width: 75px) 100vw, 75px\" \/><br \/>\nOptimieren<\/h1>\n<\/div>\n<div class=\"continuitytext\">\n<h4>Optimiere deinen Shelter: kombiniere verschiedene Komponenten f\u00fcr unterschiedliche Reisen. <\/h4>\n<\/div>\n<div class=\"outer-wrapper\">\n     <img loading=\"lazy\" decoding=\"async\" style=\"border: none; padding: 0px\" src=\"\/\/www.thetheoryworks.com\/wordpress\/wp-content\/uploads\/SUP-ModShel-14-05_2ROpen-0077.jpg\" alt=\"Open shelter used during a daywalk\" width=\"960\" height=\"450\" class=\"size-full  wp-image-3651\" srcset=\"https:\/\/www.thetheoryworks.com\/wordpress\/wp-content\/uploads\/SUP-ModShel-14-05_2ROpen-0077.jpg 960w, https:\/\/www.thetheoryworks.com\/wordpress\/wp-content\/uploads\/SUP-ModShel-14-05_2ROpen-0077-200x94.jpg 200w, https:\/\/www.thetheoryworks.com\/wordpress\/wp-content\/uploads\/SUP-ModShel-14-05_2ROpen-0077-500x234.jpg 500w, https:\/\/www.thetheoryworks.com\/wordpress\/wp-content\/uploads\/SUP-ModShel-14-05_2ROpen-0077-600x281.jpg 600w, https:\/\/www.thetheoryworks.com\/wordpress\/wp-content\/uploads\/SUP-ModShel-14-05_2ROpen-0077-150x70.jpg 150w, https:\/\/www.thetheoryworks.com\/wordpress\/wp-content\/uploads\/SUP-ModShel-14-05_2ROpen-0077-300x141.jpg 300w, https:\/\/www.thetheoryworks.com\/wordpress\/wp-content\/uploads\/SUP-ModShel-14-05_2ROpen-0077-768x360.jpg 768w\" sizes=\"auto, (max-width: 960px) 100vw, 960px\" \/><\/p>\n<div class=\"text-wrapper-pos-1\">\n<h4 class=\"wh-b-12m\">Optimiere die Sheltergr\u00f6\u00dfe<\/h4>\n<\/p><\/div>\n<div class=\"text-wrapper-pos-8\">\n<h4 class=\"wh-b-12m\">Aufbau als offener oder geschlossener Shelter<\/h4>\n<\/p><\/div>\n<\/div>\n<div class=\"continuitytext\">\n<h2>Optimiere die Gr\u00f6\u00dfe deines Shelters<\/h2>\n<h4>Tausche die Elemente aus, um die Gr\u00f6\u00dfe zu ver\u00e4ndern.<\/h4>\n<\/div>\n<div id=\"metaslider-id-5284\" style=\"width: 100%;\" class=\"ml-slider-3-105-0 metaslider metaslider-flex metaslider-5284 ml-slider has-dots-nav ms-theme-default\" role=\"region\" aria-label=\"Modular Shelter System - Size DE\" data-height=\"450\" data-width=\"960\">\n    <div id=\"metaslider_container_5284\">\n        <div id=\"metaslider_5284\">\n            <ul class='slides'>\n                <li style=\"display: block; width: 100%;\" class=\"slide-5285 ms-image \" aria-roledescription=\"slide\" data-date=\"2021-04-27 14:07:49\" data-filename=\"Graphic-ModShel-17-06-5Rto6R-960x450.png\" data-slide-type=\"image\"><img loading=\"lazy\" decoding=\"async\" src=\"https:\/\/www.thetheoryworks.com\/wordpress\/wp-content\/uploads\/Graphic-ModShel-17-06-5Rto6R-960x450.png\" height=\"450\" width=\"960\" alt=\"5R shelter converts to a 6R Shelter\" class=\"slider-5284 slide-5285 msDefaultImage\" \/><div class=\"caption-wrap\"><div class=\"caption\"><div class=\"wh-n-1m\">Das Hinzuf\u00fcgen eines Single Elements zu einem 5R Shelter macht ihn zu einem 6R Shelter. Die Schlafraumkapazit\u00e4t vergr\u00f6\u00dfert sich so von zwei auf bis zu vier Personen.<\/div><\/div><\/div><\/li>\n                <li style=\"display: none; width: 100%;\" class=\"slide-5286 ms-image \" aria-roledescription=\"slide\" data-date=\"2021-04-27 14:07:49\" data-filename=\"Graphic-ModShel-17-06-5Rto7R-960x450.png\" data-slide-type=\"image\"><img loading=\"lazy\" decoding=\"async\" src=\"https:\/\/www.thetheoryworks.com\/wordpress\/wp-content\/uploads\/Graphic-ModShel-17-06-5Rto7R-960x450.png\" height=\"450\" width=\"960\" alt=\"5R shelter converts to a 7R Shelter\" class=\"slider-5284 slide-5286 msDefaultImage\" \/><div class=\"caption-wrap\"><div class=\"caption\"><div class=\"wh-n-1m\">Das Hinzuf\u00fcgen eines Double Elements zu einem 5R Shelter macht ihn zu einem 7R Shelter. Die Schlafraumkapazit\u00e4t vergr\u00f6\u00dfert sich so von zwei auf bis zu sechs Personen. <\/div><\/div><\/div><\/li>\n                <li style=\"display: none; width: 100%;\" class=\"slide-5287 ms-image \" aria-roledescription=\"slide\" data-date=\"2021-04-27 14:07:49\" data-filename=\"Graphic-ModShel-17-06-6IIto7II-960x450.png\" data-slide-type=\"image\"><img loading=\"lazy\" decoding=\"async\" src=\"https:\/\/www.thetheoryworks.com\/wordpress\/wp-content\/uploads\/Graphic-ModShel-17-06-6IIto7II-960x450.png\" height=\"450\" width=\"960\" alt=\"6IIshelter converts to a 7II Shelter\" class=\"slider-5284 slide-5287 msDefaultImage\" \/><div class=\"caption-wrap\"><div class=\"caption\"><div class=\"wh-n-1m\">Der 6II Shelter benutzt zwei Triple Elemente. Das Hinzuf\u00fcgen eines Single Elements macht ihn zu einem 7II Shelter, in dem bis zu vier Personen schlafen k\u00f6nnen. <\/div><\/div><\/div><\/li>\n            <\/ul>\n        <\/div>\n        \n    <\/div>\n<\/div>\n<div class=\"continuitytext\">\n<h2>Offene Shelter f\u00fcr ultraleichte Wetterbest\u00e4ndigkeit<\/h2>\n<h4>Benutze ein oder zwei Elemente als einen Leichtgewicht Wetterschutz.<\/h4>\n<\/div>\n<div id=\"metaslider-id-5295\" style=\"width: 100%;\" class=\"ml-slider-3-105-0 metaslider metaslider-flex metaslider-5295 ml-slider has-dots-nav ms-theme-default\" role=\"region\" aria-label=\"Modular Shelter System - Open Shelter DE\" data-height=\"450\" data-width=\"960\">\n    <div id=\"metaslider_container_5295\">\n        <div id=\"metaslider_5295\">\n            <ul class='slides'>\n                <li style=\"display: block; width: 100%;\" class=\"slide-5296 ms-image \" aria-roledescription=\"slide\" data-date=\"2021-04-27 14:21:28\" data-filename=\"SUP-ModShel-14-05-2ROpen-0023.jpg\" data-slide-type=\"image\"><img loading=\"lazy\" decoding=\"async\" src=\"https:\/\/www.thetheoryworks.com\/wordpress\/wp-content\/uploads\/SUP-ModShel-14-05-2ROpen-0023.jpg\" height=\"450\" width=\"960\" alt=\"Open Shelter set up with one Double Element\" class=\"slider-5295 slide-5296 msDefaultImage\" \/><div class=\"caption-wrap\"><div class=\"caption\"><div class=\"wh-n-1m\">Ein Double Element als offener Shelter errichtet. Ein oder mehrere Elemente k\u00f6nnen benutzt werden, um einen offenen  Wind- und Wettershelter zu bauen. Durch das Anpassen der H\u00f6he kann der Shelter vergr\u00f6\u00dfert werden und bietet riecht und links mehr Schutz. Diese Art von Shelter kann f\u00fcr einen Biwaksack oder als Not- oder Essensshelter benutzt werden. <\/div><\/div><\/div><\/li>\n                <li style=\"display: none; width: 100%;\" class=\"slide-5297 ms-image \" aria-roledescription=\"slide\" data-date=\"2021-04-27 14:21:28\" data-filename=\"IUP-ModShel-14-09-DoorInside-180-934x437.jpg\" data-slide-type=\"image\"><img loading=\"lazy\" decoding=\"async\" src=\"https:\/\/www.thetheoryworks.com\/wordpress\/wp-content\/uploads\/IUP-ModShel-14-09-DoorInside-180-934x437.jpg\" height=\"450\" width=\"960\" alt=\"180\u00b0 View of inside of 5R Shelter\" class=\"slider-5295 slide-5297 msDefaultImage\" \/><div class=\"caption-wrap\"><div class=\"caption\"><div class=\"wh-n-1m\">Eine 180\u00b0 Rundschau von einem geschlossenen Shelter. Durch das Verschlie\u00dfen des Eingangs sch\u00fctzt dieser 5R Shelter vor schlechtem Wetter aus allen Himmelsrichtungen. Der perfekte Schutz bei offenem Gel\u00e4nde und Schlechtwetterkonditionen. <\/div><\/div><\/div><\/li>\n            <\/ul>\n        <\/div>\n        \n    <\/div>\n<\/div>\n<div class=\"continuitytext\">\n<h2>Individualisiere deinen Shelter<\/h2>\n<h4>Bereit anzufangen? Beginne deinen eigenen Shelter zusammenzubauen.<\/h4>\n<\/div>\n<div class=\"responsive\">\n<div class=\"gallery\">\n<div class=\"outer-wrapper imagefader settopmargin-20\">\n    <a href=\"\/\/www.thetheoryworks.com\/de\/produkt-kategorie\/modulares-sheltersystem\/bereits-zusammengestellte-shelter\/\"><br \/>\n      <img loading=\"lazy\" decoding=\"async\" style=\"border: none;\" src=\"\/\/www.thetheoryworks.com\/wordpress\/wp-content\/uploads\/IUP-ModShel-14-03-Spain-96c.jpg\" alt=\"Modular Shelter pitched in snow\" width=\"960\" height=\"450\" class=\"size-full  wp-image-3588\" srcset=\"https:\/\/www.thetheoryworks.com\/wordpress\/wp-content\/uploads\/IUP-ModShel-14-03-Spain-96c.jpg 960w, https:\/\/www.thetheoryworks.com\/wordpress\/wp-content\/uploads\/IUP-ModShel-14-03-Spain-96c-200x94.jpg 200w, https:\/\/www.thetheoryworks.com\/wordpress\/wp-content\/uploads\/IUP-ModShel-14-03-Spain-96c-500x234.jpg 500w, https:\/\/www.thetheoryworks.com\/wordpress\/wp-content\/uploads\/IUP-ModShel-14-03-Spain-96c-600x281.jpg 600w, https:\/\/www.thetheoryworks.com\/wordpress\/wp-content\/uploads\/IUP-ModShel-14-03-Spain-96c-150x70.jpg 150w, https:\/\/www.thetheoryworks.com\/wordpress\/wp-content\/uploads\/IUP-ModShel-14-03-Spain-96c-300x141.jpg 300w, https:\/\/www.thetheoryworks.com\/wordpress\/wp-content\/uploads\/IUP-ModShel-14-03-Spain-96c-768x360.jpg 768w\" sizes=\"auto, (max-width: 960px) 100vw, 960px\" \/><\/p>\n<div class=\"text-wrapper-mss-left\">\n<h4 class=\"wh-b-2m\">Individualisiere deinen Shelter<\/h4>\n<div class=\"wh-n-1m\">Erkunde alle individualisierbaren Shelter.<\/div>\n<\/p><\/div>\n<p>   <\/a>\n<\/div>\n<\/p><\/div>\n<\/div>\n<div class=\"responsive\">\n<div class=\"gallery\">\n<div class=\"outer-wrapper imagefader settopmargin-20\">\n    <a href=\"\/\/www.thetheoryworks.com\/de\/produkt-kategorie\/modulares-sheltersystem\/einzelne-komponenten\/\"><br \/>\n      <img loading=\"lazy\" decoding=\"async\" style=\"border: none;\" src=\"\/\/www.thetheoryworks.com\/wordpress\/wp-content\/uploads\/Graphic-ModShel-17-06-Insect-Ceiling.jpg\" alt=\"Fitted Insect Ceiling, inside a Modular Shelter\" width=\"960\" height=\"450\" class=\"size-full  wp-image-3618\" srcset=\"https:\/\/www.thetheoryworks.com\/wordpress\/wp-content\/uploads\/Graphic-ModShel-17-06-Insect-Ceiling.jpg 960w, https:\/\/www.thetheoryworks.com\/wordpress\/wp-content\/uploads\/Graphic-ModShel-17-06-Insect-Ceiling-200x94.jpg 200w, https:\/\/www.thetheoryworks.com\/wordpress\/wp-content\/uploads\/Graphic-ModShel-17-06-Insect-Ceiling-500x235.jpg 500w, https:\/\/www.thetheoryworks.com\/wordpress\/wp-content\/uploads\/Graphic-ModShel-17-06-Insect-Ceiling-600x282.jpg 600w, https:\/\/www.thetheoryworks.com\/wordpress\/wp-content\/uploads\/Graphic-ModShel-17-06-Insect-Ceiling-150x70.jpg 150w, https:\/\/www.thetheoryworks.com\/wordpress\/wp-content\/uploads\/Graphic-ModShel-17-06-Insect-Ceiling-300x141.jpg 300w, https:\/\/www.thetheoryworks.com\/wordpress\/wp-content\/uploads\/Graphic-ModShel-17-06-Insect-Ceiling-768x361.jpg 768w, https:\/\/www.thetheoryworks.com\/wordpress\/wp-content\/uploads\/Graphic-ModShel-17-06-Insect-Ceiling-620x291.jpg 620w, https:\/\/www.thetheoryworks.com\/wordpress\/wp-content\/uploads\/Graphic-ModShel-17-06-Insect-Ceiling-400x188.jpg 400w\" sizes=\"auto, (max-width: 960px) 100vw, 960px\" \/><\/p>\n<div class=\"text-wrapper-mss-right\">\n<h4 class=\"wh-b-2m\">Baue dein System aus<\/h4>\n<div class=\"wh-n-1m\">Zus\u00e4tzliche Komponenten f\u00fcr dein System<\/div>\n<\/p><\/div>\n<p>   <\/a>\n<\/div>\n<\/p><\/div>\n<\/div>\n<div class=\"clearfix\"><\/div>\n","protected":false},"excerpt":{"rendered":"<p>Optimieren Optimiere deinen Shelter: kombiniere verschiedene Komponenten f\u00fcr unterschiedliche Reisen. Optimiere die Sheltergr\u00f6\u00dfe Aufbau als offener oder geschlossener Shelter Optimiere die Gr\u00f6\u00dfe deines Shelters Tausche die Elemente aus, um die Gr\u00f6\u00dfe zu ver\u00e4ndern. Offene Shelter f\u00fcr ultraleichte Wetterbest\u00e4ndigkeit Benutze ein oder zwei Elemente als einen Leichtgewicht Wetterschutz. Individualisiere deinen Shelter Bereit anzufangen? Beginne deinen eigenen [&hellip;]<\/p>\n","protected":false},"author":2,"featured_media":0,"parent":4598,"menu_order":0,"comment_status":"closed","ping_status":"closed","template":"","meta":{"footnotes":""},"class_list":["post-3834","page","type-page","status-publish","hentry"],"yoast_head":"<!-- This site is optimized with the Yoast SEO plugin v26.9 - https:\/\/yoast.com\/product\/yoast-seo-wordpress\/ -->\n<title>Optimieren - Modulares Sheltersystem<\/title>\n<meta name=\"description\" content=\"Optimiere deinen Shelter: kombiniere verschiedene Komponenten f\u00fcr unterschiedliche Reisen. Aufbau als offener oder geschlossener Shelter.\" \/>\n<meta name=\"robots\" content=\"index, follow, max-snippet:-1, max-image-preview:large, max-video-preview:-1\" \/>\n<link rel=\"canonical\" href=\"https:\/\/www.thetheoryworks.com\/de\/modulares-sheltersystem\/mss-optimieren\/\" \/>\n<meta property=\"og:locale\" content=\"de_DE\" \/>\n<meta property=\"og:type\" content=\"article\" \/>\n<meta property=\"og:title\" content=\"Optimieren - Modulares Sheltersystem\" \/>\n<meta property=\"og:description\" content=\"Optimiere deinen Shelter: kombiniere verschiedene Komponenten f\u00fcr unterschiedliche Reisen. Aufbau als offener oder geschlossener Shelter.\" \/>\n<meta property=\"og:url\" content=\"https:\/\/www.thetheoryworks.com\/de\/modulares-sheltersystem\/mss-optimieren\/\" \/>\n<meta property=\"og:site_name\" content=\"The Theory Works\u00ae\" \/>\n<meta property=\"article:modified_time\" content=\"2021-04-27T13:25:34+00:00\" \/>\n<meta property=\"og:image\" content=\"\/\/www.thetheoryworks.com\/wordpress\/wp-content\/uploads\/IconOptimize.png\" \/>\n<script type=\"application\/ld+json\" class=\"yoast-schema-graph\">{\"@context\":\"https:\/\/schema.org\",\"@graph\":[{\"@type\":\"WebPage\",\"@id\":\"https:\/\/www.thetheoryworks.com\/de\/modulares-sheltersystem\/mss-optimieren\/\",\"url\":\"https:\/\/www.thetheoryworks.com\/de\/modulares-sheltersystem\/mss-optimieren\/\",\"name\":\"Optimieren - Modulares Sheltersystem\",\"isPartOf\":{\"@id\":\"https:\/\/www.thetheoryworks.com\/de\/#website\"},\"datePublished\":\"2017-06-09T18:33:28+00:00\",\"dateModified\":\"2021-04-27T13:25:34+00:00\",\"description\":\"Optimiere deinen Shelter: kombiniere verschiedene Komponenten f\u00fcr unterschiedliche Reisen. Aufbau als offener oder geschlossener Shelter.\",\"breadcrumb\":{\"@id\":\"https:\/\/www.thetheoryworks.com\/de\/modulares-sheltersystem\/mss-optimieren\/#breadcrumb\"},\"inLanguage\":\"de\",\"potentialAction\":[{\"@type\":\"ReadAction\",\"target\":[\"https:\/\/www.thetheoryworks.com\/de\/modulares-sheltersystem\/mss-optimieren\/\"]}]},{\"@type\":\"BreadcrumbList\",\"@id\":\"https:\/\/www.thetheoryworks.com\/de\/modulares-sheltersystem\/mss-optimieren\/#breadcrumb\",\"itemListElement\":[{\"@type\":\"ListItem\",\"position\":1,\"name\":\"Home\",\"item\":\"https:\/\/www.thetheoryworks.com\/de\/\"},{\"@type\":\"ListItem\",\"position\":2,\"name\":\"Modulares Sheltersystem\",\"item\":\"https:\/\/www.thetheoryworks.com\/de\/modulares-sheltersystem\/\"},{\"@type\":\"ListItem\",\"position\":3,\"name\":\"Optimieren\"}]},{\"@type\":\"WebSite\",\"@id\":\"https:\/\/www.thetheoryworks.com\/de\/#website\",\"url\":\"https:\/\/www.thetheoryworks.com\/de\/\",\"name\":\"The Theory Works\u00ae\",\"description\":\"\",\"potentialAction\":[{\"@type\":\"SearchAction\",\"target\":{\"@type\":\"EntryPoint\",\"urlTemplate\":\"https:\/\/www.thetheoryworks.com\/de\/?s={search_term_string}\"},\"query-input\":{\"@type\":\"PropertyValueSpecification\",\"valueRequired\":true,\"valueName\":\"search_term_string\"}}],\"inLanguage\":\"de\"}]}<\/script>\n<!-- \/ Yoast SEO plugin. -->","yoast_head_json":{"title":"Optimieren - Modulares Sheltersystem","description":"Optimiere deinen Shelter: kombiniere verschiedene Komponenten f\u00fcr unterschiedliche Reisen. Aufbau als offener oder geschlossener Shelter.","robots":{"index":"index","follow":"follow","max-snippet":"max-snippet:-1","max-image-preview":"max-image-preview:large","max-video-preview":"max-video-preview:-1"},"canonical":"https:\/\/www.thetheoryworks.com\/de\/modulares-sheltersystem\/mss-optimieren\/","og_locale":"de_DE","og_type":"article","og_title":"Optimieren - Modulares Sheltersystem","og_description":"Optimiere deinen Shelter: kombiniere verschiedene Komponenten f\u00fcr unterschiedliche Reisen. Aufbau als offener oder geschlossener Shelter.","og_url":"https:\/\/www.thetheoryworks.com\/de\/modulares-sheltersystem\/mss-optimieren\/","og_site_name":"The Theory Works\u00ae","article_modified_time":"2021-04-27T13:25:34+00:00","og_image":[{"url":"\/\/www.thetheoryworks.com\/wordpress\/wp-content\/uploads\/IconOptimize.png","type":"","width":"","height":""}],"schema":{"@context":"https:\/\/schema.org","@graph":[{"@type":"WebPage","@id":"https:\/\/www.thetheoryworks.com\/de\/modulares-sheltersystem\/mss-optimieren\/","url":"https:\/\/www.thetheoryworks.com\/de\/modulares-sheltersystem\/mss-optimieren\/","name":"Optimieren - Modulares Sheltersystem","isPartOf":{"@id":"https:\/\/www.thetheoryworks.com\/de\/#website"},"datePublished":"2017-06-09T18:33:28+00:00","dateModified":"2021-04-27T13:25:34+00:00","description":"Optimiere deinen Shelter: kombiniere verschiedene Komponenten f\u00fcr unterschiedliche Reisen. Aufbau als offener oder geschlossener Shelter.","breadcrumb":{"@id":"https:\/\/www.thetheoryworks.com\/de\/modulares-sheltersystem\/mss-optimieren\/#breadcrumb"},"inLanguage":"de","potentialAction":[{"@type":"ReadAction","target":["https:\/\/www.thetheoryworks.com\/de\/modulares-sheltersystem\/mss-optimieren\/"]}]},{"@type":"BreadcrumbList","@id":"https:\/\/www.thetheoryworks.com\/de\/modulares-sheltersystem\/mss-optimieren\/#breadcrumb","itemListElement":[{"@type":"ListItem","position":1,"name":"Home","item":"https:\/\/www.thetheoryworks.com\/de\/"},{"@type":"ListItem","position":2,"name":"Modulares Sheltersystem","item":"https:\/\/www.thetheoryworks.com\/de\/modulares-sheltersystem\/"},{"@type":"ListItem","position":3,"name":"Optimieren"}]},{"@type":"WebSite","@id":"https:\/\/www.thetheoryworks.com\/de\/#website","url":"https:\/\/www.thetheoryworks.com\/de\/","name":"The Theory Works\u00ae","description":"","potentialAction":[{"@type":"SearchAction","target":{"@type":"EntryPoint","urlTemplate":"https:\/\/www.thetheoryworks.com\/de\/?s={search_term_string}"},"query-input":{"@type":"PropertyValueSpecification","valueRequired":true,"valueName":"search_term_string"}}],"inLanguage":"de"}]}},"_links":{"self":[{"href":"https:\/\/www.thetheoryworks.com\/de\/wp-json\/wp\/v2\/pages\/3834","targetHints":{"allow":["GET"]}}],"collection":[{"href":"https:\/\/www.thetheoryworks.com\/de\/wp-json\/wp\/v2\/pages"}],"about":[{"href":"https:\/\/www.thetheoryworks.com\/de\/wp-json\/wp\/v2\/types\/page"}],"author":[{"embeddable":true,"href":"https:\/\/www.thetheoryworks.com\/de\/wp-json\/wp\/v2\/users\/2"}],"replies":[{"embeddable":true,"href":"https:\/\/www.thetheoryworks.com\/de\/wp-json\/wp\/v2\/comments?post=3834"}],"version-history":[{"count":7,"href":"https:\/\/www.thetheoryworks.com\/de\/wp-json\/wp\/v2\/pages\/3834\/revisions"}],"predecessor-version":[{"id":5299,"href":"https:\/\/www.thetheoryworks.com\/de\/wp-json\/wp\/v2\/pages\/3834\/revisions\/5299"}],"up":[{"embeddable":true,"href":"https:\/\/www.thetheoryworks.com\/de\/wp-json\/wp\/v2\/pages\/4598"}],"wp:attachment":[{"href":"https:\/\/www.thetheoryworks.com\/de\/wp-json\/wp\/v2\/media?parent=3834"}],"curies":[{"name":"wp","href":"https:\/\/api.w.org\/{rel}","templated":true}]}}