{"id":3892,"date":"2015-05-12T22:25:58","date_gmt":"2015-05-12T21:25:58","guid":{"rendered":"http:\/\/www.thetheoryworks.com\/?page_id=3892\/"},"modified":"2020-11-17T20:21:36","modified_gmt":"2020-11-17T19:21:36","slug":"mss-wie-insektennetz-anbringen","status":"publish","type":"page","link":"https:\/\/www.thetheoryworks.com\/de\/modulares-sheltersystem\/mss-wie-insektennetz-anbringen\/","title":{"rendered":"Wie man ein Insektennetz anbringt"},"content":{"rendered":"<h1>Wie man das Insektennetz (Insect Ceiling\u2122) anbringt<\/h1>\n<p>Das Insektennetz kann an jedem geschlossenen Shelter angebracht werden. In unserem Beispiel wurde es an einem 7:R Shelter befestigt. Bei anderen, kleineren Sheltern muss der Klettverschluss des Insektennetzes etwas (wie bei einer Ziehharmonika) zusammengeschoben werden, wenn es am Shelter angebracht wird. Wenn n\u00f6tig kann das Regendach (Rain Ceiling\u2122) angebracht, abgenommen oder ver\u00e4ndert werden, auch wenn das Insektennetz bereits angebracht wurde.<\/p>\n<div id=\"metaslider-id-5193\" style=\"width: 100%;\" class=\"ml-slider-3-105-0 metaslider metaslider-flex metaslider-5193 ml-slider has-dots-nav ms-theme-default\" role=\"region\" aria-label=\"MSS How To - Insect Ceiling DE\" data-height=\"640\" data-width=\"960\">\n    <div id=\"metaslider_container_5193\">\n        <div id=\"metaslider_5193\">\n            <ul class='slides'>\n                <li style=\"display: block; width: 100%;\" class=\"slide-5194 ms-image \" aria-roledescription=\"slide\" data-date=\"2020-11-17 20:11:41\" data-filename=\"SUP-ModShel-14-05-InsectC-01_055-960x640.jpg\" data-slide-type=\"image\"><img loading=\"lazy\" decoding=\"async\" src=\"https:\/\/www.thetheoryworks.com\/wordpress\/wp-content\/uploads\/SUP-ModShel-14-05-InsectC-01_055-960x640.jpg\" height=\"640\" width=\"960\" alt=\"\" class=\"slider-5193 slide-5194 msDefaultImage\" \/><div class=\"caption-wrap\"><div class=\"caption\"><h4 class=\"wh-n-1m\">1. \u00dcberpr\u00fcfen Sie die Rei\u00dfverschl\u00fcsse und das Regendach (Rain Ceiiling\u2122)<\/h4><div class=\"wh-n-1m\">Bevor Sie das Insektennetz (Insect Ceiling\u2122) anbringen, \u00fcberpr\u00fcfen Sie, ob alle Rei\u00dfverschl\u00fcsse oben verschlossen sind und setzen Sie Ihr Regendach in der bevorzugten Position auf. Das Insektennetz kann mit oder ohne Regendach (Rain Ceiling\u2122) verwendet werden. <\/div><\/div><\/div><\/li>\n                <li style=\"display: none; width: 100%;\" class=\"slide-5195 ms-image \" aria-roledescription=\"slide\" data-date=\"2020-11-17 20:11:41\" data-filename=\"SUP-ModShel-14-05-InsectC-02_054-960x640.jpg\" data-slide-type=\"image\"><img loading=\"lazy\" decoding=\"async\" src=\"https:\/\/www.thetheoryworks.com\/wordpress\/wp-content\/uploads\/SUP-ModShel-14-05-InsectC-02_054-960x640.jpg\" height=\"640\" width=\"960\" alt=\"\" class=\"slider-5193 slide-5195 msDefaultImage\" \/><div class=\"caption-wrap\"><div class=\"caption\"><h4 class=\"wh-n-1m\">2. Fangen Sie an, das Insektennetz anzubringen<\/h4><div class=\"wh-n-1m\">Fangen Sie an, den Klettverschluss des Insektennetzes im Inneren des Shelters anzubringen.<\/div><\/div><\/div><\/li>\n                <li style=\"display: none; width: 100%;\" class=\"slide-5196 ms-image \" aria-roledescription=\"slide\" data-date=\"2020-11-17 20:11:41\" data-filename=\"SUP-ModShel-14-05-InsectC-04_050-960x640.jpg\" data-slide-type=\"image\"><img loading=\"lazy\" decoding=\"async\" src=\"https:\/\/www.thetheoryworks.com\/wordpress\/wp-content\/uploads\/SUP-ModShel-14-05-InsectC-04_050-960x640.jpg\" height=\"640\" width=\"960\" alt=\"\" class=\"slider-5193 slide-5196 msDefaultImage\" \/><div class=\"caption-wrap\"><div class=\"caption\"><h4 class=\"wh-n-1m\">3. Schlie\u00dfen Sie den Rei\u00dfverschluss des Insektennetzes<\/h4><div class=\"wh-n-1m\">Verbinden Sie die beiden Rei\u00dfverschlussenden am Ende des Insektennetzes und ziehen Sie den Rei\u00dfverschluss vollst\u00e4ndig nach oben, um einen geschlossenen Schlauch zu erhalten. <\/div><\/div><\/div><\/li>\n                <li style=\"display: none; width: 100%;\" class=\"slide-5197 ms-image \" aria-roledescription=\"slide\" data-date=\"2020-11-17 20:11:41\" data-filename=\"SUP-ModShel-14-05-InsectC-05_048-960x640.jpg\" data-slide-type=\"image\"><img loading=\"lazy\" decoding=\"async\" src=\"https:\/\/www.thetheoryworks.com\/wordpress\/wp-content\/uploads\/SUP-ModShel-14-05-InsectC-05_048-960x640.jpg\" height=\"640\" width=\"960\" alt=\"\" class=\"slider-5193 slide-5197 msDefaultImage\" \/><div class=\"caption-wrap\"><div class=\"caption\"><h4 class=\"wh-n-1m\">4. Bringen Sie das Insektennetz vollst\u00e4ndig an<\/h4><div class=\"wh-n-1m\">Befestigen Sie nun den Klettverschluss des Netzes vollst\u00e4ndig am Shelter, bis die das Insektennetz vollst\u00e4ndig angebracht ist. An kleineren Sheltern muss das \u00fcberfl\u00fcssige Material zusammengenommen werden (wie bei einer Ziehharmonika), was durch das Legen von kleine Falten im Klettverschluss erreicht wird. <\/div><\/div><\/div><\/li>\n                <li style=\"display: none; width: 100%;\" class=\"slide-5198 ms-image \" aria-roledescription=\"slide\" data-date=\"2020-11-17 20:11:41\" data-filename=\"SUP-ModShel-14-05-InsectC-06_049-960x640.jpg\" data-slide-type=\"image\"><img loading=\"lazy\" decoding=\"async\" src=\"https:\/\/www.thetheoryworks.com\/wordpress\/wp-content\/uploads\/SUP-ModShel-14-05-InsectC-06_049-960x640.jpg\" height=\"640\" width=\"960\" alt=\"\" class=\"slider-5193 slide-5198 msDefaultImage\" \/><div class=\"caption-wrap\"><div class=\"caption\"><h4 class=\"wh-n-1m\">5. Schlie\u00dfen Sie das Zugband<\/h4><div class=\"wh-n-1m\">Am Ende wird das Netz durch das Zusammenziehen der Schnur mit Hilfe des Zugverschlusses um die Stange oder Wanderst\u00f6cke verschlossen. Um das Regendach erreichen zu k\u00f6nnen oder die Ventilation zu erh\u00f6hen \u00f6ffnen Sie einfach wieder die Zugkordel und lassen das Insektennetz offen von der Decke baumeln (siehe voriger Schritt). <\/div><\/div><\/div><\/li>\n            <\/ul>\n        <\/div>\n        \n    <\/div>\n<\/div>\n","protected":false},"excerpt":{"rendered":"<p>Wie man das Insektennetz (Insect Ceiling\u2122) anbringt Das Insektennetz kann an jedem geschlossenen Shelter angebracht werden. In unserem Beispiel wurde es an einem 7:R Shelter befestigt. Bei anderen, kleineren Sheltern muss der Klettverschluss des Insektennetzes etwas (wie bei einer Ziehharmonika) zusammengeschoben werden, wenn es am Shelter angebracht wird. Wenn n\u00f6tig kann das Regendach (Rain Ceiling\u2122) [&hellip;]<\/p>\n","protected":false},"author":2,"featured_media":0,"parent":4598,"menu_order":3,"comment_status":"closed","ping_status":"closed","template":"","meta":{"footnotes":""},"class_list":["post-3892","page","type-page","status-publish","hentry"],"yoast_head":"<!-- This site is optimized with the Yoast SEO plugin v26.9 - https:\/\/yoast.com\/product\/yoast-seo-wordpress\/ -->\n<title>Wie man ein Insektennetz anbringt<\/title>\n<meta name=\"description\" content=\"Ein Insektennetz (Insect Ceiling\u2122) verhindert das Eindringen von Insekten am oberen Ende des Shelters. Hier erfahren Sie, wie man das Netz anbringt.\" \/>\n<meta name=\"robots\" content=\"index, follow, max-snippet:-1, max-image-preview:large, max-video-preview:-1\" \/>\n<link rel=\"canonical\" href=\"https:\/\/www.thetheoryworks.com\/de\/modulares-sheltersystem\/mss-wie-insektennetz-anbringen\/\" \/>\n<meta property=\"og:locale\" content=\"de_DE\" \/>\n<meta property=\"og:type\" content=\"article\" \/>\n<meta property=\"og:title\" content=\"Wie man ein Insektennetz anbringt\" \/>\n<meta property=\"og:description\" content=\"Ein Insektennetz (Insect Ceiling\u2122) verhindert das Eindringen von Insekten am oberen Ende des Shelters. Hier erfahren Sie, wie man das Netz anbringt.\" \/>\n<meta property=\"og:url\" content=\"https:\/\/www.thetheoryworks.com\/de\/modulares-sheltersystem\/mss-wie-insektennetz-anbringen\/\" \/>\n<meta property=\"og:site_name\" content=\"The Theory Works\u00ae\" \/>\n<meta property=\"article:modified_time\" content=\"2020-11-17T19:21:36+00:00\" \/>\n<script type=\"application\/ld+json\" class=\"yoast-schema-graph\">{\"@context\":\"https:\/\/schema.org\",\"@graph\":[{\"@type\":\"WebPage\",\"@id\":\"https:\/\/www.thetheoryworks.com\/de\/modulares-sheltersystem\/mss-wie-insektennetz-anbringen\/\",\"url\":\"https:\/\/www.thetheoryworks.com\/de\/modulares-sheltersystem\/mss-wie-insektennetz-anbringen\/\",\"name\":\"Wie man ein Insektennetz anbringt\",\"isPartOf\":{\"@id\":\"https:\/\/www.thetheoryworks.com\/de\/#website\"},\"datePublished\":\"2015-05-12T21:25:58+00:00\",\"dateModified\":\"2020-11-17T19:21:36+00:00\",\"description\":\"Ein Insektennetz (Insect Ceiling\u2122) verhindert das Eindringen von Insekten am oberen Ende des Shelters. Hier erfahren Sie, wie man das Netz anbringt.\",\"breadcrumb\":{\"@id\":\"https:\/\/www.thetheoryworks.com\/de\/modulares-sheltersystem\/mss-wie-insektennetz-anbringen\/#breadcrumb\"},\"inLanguage\":\"de\",\"potentialAction\":[{\"@type\":\"ReadAction\",\"target\":[\"https:\/\/www.thetheoryworks.com\/de\/modulares-sheltersystem\/mss-wie-insektennetz-anbringen\/\"]}]},{\"@type\":\"BreadcrumbList\",\"@id\":\"https:\/\/www.thetheoryworks.com\/de\/modulares-sheltersystem\/mss-wie-insektennetz-anbringen\/#breadcrumb\",\"itemListElement\":[{\"@type\":\"ListItem\",\"position\":1,\"name\":\"Home\",\"item\":\"https:\/\/www.thetheoryworks.com\/de\/\"},{\"@type\":\"ListItem\",\"position\":2,\"name\":\"Modulares Sheltersystem\",\"item\":\"https:\/\/www.thetheoryworks.com\/de\/modulares-sheltersystem\/\"},{\"@type\":\"ListItem\",\"position\":3,\"name\":\"Wie man ein Insektennetz anbringt\"}]},{\"@type\":\"WebSite\",\"@id\":\"https:\/\/www.thetheoryworks.com\/de\/#website\",\"url\":\"https:\/\/www.thetheoryworks.com\/de\/\",\"name\":\"The Theory Works\u00ae\",\"description\":\"\",\"potentialAction\":[{\"@type\":\"SearchAction\",\"target\":{\"@type\":\"EntryPoint\",\"urlTemplate\":\"https:\/\/www.thetheoryworks.com\/de\/?s={search_term_string}\"},\"query-input\":{\"@type\":\"PropertyValueSpecification\",\"valueRequired\":true,\"valueName\":\"search_term_string\"}}],\"inLanguage\":\"de\"}]}<\/script>\n<!-- \/ Yoast SEO plugin. -->","yoast_head_json":{"title":"Wie man ein Insektennetz anbringt","description":"Ein Insektennetz (Insect Ceiling\u2122) verhindert das Eindringen von Insekten am oberen Ende des Shelters. Hier erfahren Sie, wie man das Netz anbringt.","robots":{"index":"index","follow":"follow","max-snippet":"max-snippet:-1","max-image-preview":"max-image-preview:large","max-video-preview":"max-video-preview:-1"},"canonical":"https:\/\/www.thetheoryworks.com\/de\/modulares-sheltersystem\/mss-wie-insektennetz-anbringen\/","og_locale":"de_DE","og_type":"article","og_title":"Wie man ein Insektennetz anbringt","og_description":"Ein Insektennetz (Insect Ceiling\u2122) verhindert das Eindringen von Insekten am oberen Ende des Shelters. Hier erfahren Sie, wie man das Netz anbringt.","og_url":"https:\/\/www.thetheoryworks.com\/de\/modulares-sheltersystem\/mss-wie-insektennetz-anbringen\/","og_site_name":"The Theory Works\u00ae","article_modified_time":"2020-11-17T19:21:36+00:00","schema":{"@context":"https:\/\/schema.org","@graph":[{"@type":"WebPage","@id":"https:\/\/www.thetheoryworks.com\/de\/modulares-sheltersystem\/mss-wie-insektennetz-anbringen\/","url":"https:\/\/www.thetheoryworks.com\/de\/modulares-sheltersystem\/mss-wie-insektennetz-anbringen\/","name":"Wie man ein Insektennetz anbringt","isPartOf":{"@id":"https:\/\/www.thetheoryworks.com\/de\/#website"},"datePublished":"2015-05-12T21:25:58+00:00","dateModified":"2020-11-17T19:21:36+00:00","description":"Ein Insektennetz (Insect Ceiling\u2122) verhindert das Eindringen von Insekten am oberen Ende des Shelters. Hier erfahren Sie, wie man das Netz anbringt.","breadcrumb":{"@id":"https:\/\/www.thetheoryworks.com\/de\/modulares-sheltersystem\/mss-wie-insektennetz-anbringen\/#breadcrumb"},"inLanguage":"de","potentialAction":[{"@type":"ReadAction","target":["https:\/\/www.thetheoryworks.com\/de\/modulares-sheltersystem\/mss-wie-insektennetz-anbringen\/"]}]},{"@type":"BreadcrumbList","@id":"https:\/\/www.thetheoryworks.com\/de\/modulares-sheltersystem\/mss-wie-insektennetz-anbringen\/#breadcrumb","itemListElement":[{"@type":"ListItem","position":1,"name":"Home","item":"https:\/\/www.thetheoryworks.com\/de\/"},{"@type":"ListItem","position":2,"name":"Modulares Sheltersystem","item":"https:\/\/www.thetheoryworks.com\/de\/modulares-sheltersystem\/"},{"@type":"ListItem","position":3,"name":"Wie man ein Insektennetz anbringt"}]},{"@type":"WebSite","@id":"https:\/\/www.thetheoryworks.com\/de\/#website","url":"https:\/\/www.thetheoryworks.com\/de\/","name":"The Theory Works\u00ae","description":"","potentialAction":[{"@type":"SearchAction","target":{"@type":"EntryPoint","urlTemplate":"https:\/\/www.thetheoryworks.com\/de\/?s={search_term_string}"},"query-input":{"@type":"PropertyValueSpecification","valueRequired":true,"valueName":"search_term_string"}}],"inLanguage":"de"}]}},"_links":{"self":[{"href":"https:\/\/www.thetheoryworks.com\/de\/wp-json\/wp\/v2\/pages\/3892","targetHints":{"allow":["GET"]}}],"collection":[{"href":"https:\/\/www.thetheoryworks.com\/de\/wp-json\/wp\/v2\/pages"}],"about":[{"href":"https:\/\/www.thetheoryworks.com\/de\/wp-json\/wp\/v2\/types\/page"}],"author":[{"embeddable":true,"href":"https:\/\/www.thetheoryworks.com\/de\/wp-json\/wp\/v2\/users\/2"}],"replies":[{"embeddable":true,"href":"https:\/\/www.thetheoryworks.com\/de\/wp-json\/wp\/v2\/comments?post=3892"}],"version-history":[{"count":4,"href":"https:\/\/www.thetheoryworks.com\/de\/wp-json\/wp\/v2\/pages\/3892\/revisions"}],"predecessor-version":[{"id":5201,"href":"https:\/\/www.thetheoryworks.com\/de\/wp-json\/wp\/v2\/pages\/3892\/revisions\/5201"}],"up":[{"embeddable":true,"href":"https:\/\/www.thetheoryworks.com\/de\/wp-json\/wp\/v2\/pages\/4598"}],"wp:attachment":[{"href":"https:\/\/www.thetheoryworks.com\/de\/wp-json\/wp\/v2\/media?parent=3892"}],"curies":[{"name":"wp","href":"https:\/\/api.w.org\/{rel}","templated":true}]}}