{"id":4598,"date":"2014-04-13T15:12:04","date_gmt":"2014-04-13T14:12:04","guid":{"rendered":"http:\/\/www.thetheoryworks.com\/?page_id=4598"},"modified":"2021-04-27T18:54:16","modified_gmt":"2021-04-27T17:54:16","slug":"modulares-sheltersystem","status":"publish","type":"page","link":"https:\/\/www.thetheoryworks.com\/de\/modulares-sheltersystem\/","title":{"rendered":"Modulares Sheltersystem"},"content":{"rendered":"<div class=\"outer-wrapper settopmargin-20\">\n     <img loading=\"lazy\" decoding=\"async\" style=\"border: none; padding: 0px\" src=\"\/\/www.thetheoryworks.com\/wordpress\/wp-content\/uploads\/ModShelter-Mar-2014_0224.jpg\" alt=\"Modular Shelter pitched on snow\" width=\"960\" height=\"450\" class=\"size-full  wp-image-137\" srcset=\"https:\/\/www.thetheoryworks.com\/wordpress\/wp-content\/uploads\/ModShelter-Mar-2014_0224.jpg 960w, https:\/\/www.thetheoryworks.com\/wordpress\/wp-content\/uploads\/ModShelter-Mar-2014_0224-200x94.jpg 200w, https:\/\/www.thetheoryworks.com\/wordpress\/wp-content\/uploads\/ModShelter-Mar-2014_0224-500x234.jpg 500w\" sizes=\"auto, (max-width: 960px) 100vw, 960px\" \/><\/p>\n<div class=\"text-wrapper-mss-topimage\">\n<h1 class=\"wh-b-2m\">Modulares<br \/>\nSheltersystem<\/h1>\n<h4 class=\"wh-n-1m\">Der flexible Shelter<\/h4>\n<\/p><\/div>\n<\/div>\n<div class=\"continuitytext\">\n<h2>Anpassbar. Vielseitig. Stark.<\/h2>\n<p>Von 1 bis 6 Personen.<br \/>\nAufbau f\u00fcr unterscheidliches Terrain und Wetterlage.<br \/>\nAnspruchsvolle Materialien f\u00fcr hohe Wetterbest\u00e4ndigkeit.<\/p>\n<h4>Das modulare Sheltersystem \u2013 der einzigartige Trekkingstockshelter.<\/h4>\n<\/div>\n<div id=\"metaslider-id-5132\" style=\"width: 100%;\" class=\"ml-slider-3-105-0 metaslider metaslider-flex metaslider-5132 ml-slider has-dots-nav ms-theme-default\" role=\"region\" aria-label=\"Modular Shelter System Top\" data-height=\"450\" data-width=\"960\">\n    <div id=\"metaslider_container_5132\">\n        <div id=\"metaslider_5132\">\n            <ul class='slides'>\n                <li style=\"display: block; width: 100%;\" class=\"slide-5133 ms-image \" aria-roledescription=\"slide\" data-date=\"2020-11-15 18:42:23\" data-filename=\"IUP-ModShel-14-03-SideWInside-09-960x450.jpg\" data-slide-type=\"image\"><img loading=\"lazy\" decoding=\"async\" src=\"https:\/\/www.thetheoryworks.com\/wordpress\/wp-content\/uploads\/IUP-ModShel-14-03-SideWInside-09-960x450.jpg\" height=\"450\" width=\"960\" alt=\"Modular shelter pitched on a hillside with sidewalls inside.\" class=\"slider-5132 slide-5133 msDefaultImage\" \/><\/li>\n                <li style=\"display: none; width: 100%;\" class=\"slide-5134 ms-image \" aria-roledescription=\"slide\" data-date=\"2020-11-15 18:42:23\" data-filename=\"IUP-ModShel-14-09-DoorInside-180-934x437.jpg\" data-slide-type=\"image\"><img loading=\"lazy\" decoding=\"async\" src=\"https:\/\/www.thetheoryworks.com\/wordpress\/wp-content\/uploads\/IUP-ModShel-14-09-DoorInside-180-934x437.jpg\" height=\"450\" width=\"960\" alt=\"180\u00b0 View of inside of 5R Shelter\" class=\"slider-5132 slide-5134 msDefaultImage\" \/><\/li>\n                <li style=\"display: none; width: 100%;\" class=\"slide-5135 ms-image \" aria-roledescription=\"slide\" data-date=\"2020-11-15 18:42:23\" data-filename=\"IUP-ModShel-14-09-SidewallsUp-287-960x450.jpg\" data-slide-type=\"image\"><img loading=\"lazy\" decoding=\"async\" src=\"https:\/\/www.thetheoryworks.com\/wordpress\/wp-content\/uploads\/IUP-ModShel-14-09-SidewallsUp-287-960x450.jpg\" height=\"450\" width=\"960\" alt=\"Modular Shelter pitched on hillside, with sidewalls\" class=\"slider-5132 slide-5135 msDefaultImage\" \/><\/li>\n                <li style=\"display: none; width: 100%;\" class=\"slide-5136 ms-image \" aria-roledescription=\"slide\" data-date=\"2020-11-15 18:43:25\" data-filename=\"SUP-ModShel-14-05-2ROpen-0023.jpg\" data-slide-type=\"image\"><img loading=\"lazy\" decoding=\"async\" src=\"https:\/\/www.thetheoryworks.com\/wordpress\/wp-content\/uploads\/SUP-ModShel-14-05-2ROpen-0023.jpg\" height=\"450\" width=\"960\" alt=\"Open Shelter set up with one Double Element\" class=\"slider-5132 slide-5136 msDefaultImage\" \/><\/li>\n            <\/ul>\n        <\/div>\n        \n    <\/div>\n<\/div>\n<div class=\"outer-wrapper\">\n<img loading=\"lazy\" decoding=\"async\" style=\"border: none; padding: 0;\" src=\"\/\/www.thetheoryworks.com\/wordpress\/wp-content\/uploads\/IUP-ModShel-15-04-GOCMeet-24.jpg\" alt=\"\" width=\"960\" height=\"640\" class=\"alignnone size-full wp-image-2704\" \/><\/p>\n<div class=\"text-wrapper-mss-left\">\n<h4 class=\"wh-b-2m\">Shelter. Zusammenbaubar.<\/h4>\n<div class=\"wh-n-1m\">Jedes Abenteuer ist unterschiedlich &#8211; unterschiedliche Orte, unterschiedliche Leute, unterschiedliche Jahreszeiten. Hier ist ein Sheltersystem, das diesen Anforderungen standhalten kann.<br \/>\nBaue deinen optimalen Shelter. Passe die Gr\u00f6\u00dfe an, indem du unterschiedliche Elemente zusammenf\u00fcgst und dann die Ventilation, Wasserdichte, Windstabilisierung und den Innenraum beim Aufbau optimierst.<\/div>\n<\/div>\n<\/div>\n<div class=\"outer-wrapper settopmargin-20\">\n<img loading=\"lazy\" decoding=\"async\" style=\"border: none; padding: 0;\" src=\"\/\/www.thetheoryworks.com\/wordpress\/wp-content\/uploads\/IUP-ModShel-13-01-NLNPview-20b.jpg\" alt=\"\" width=\"960\" height=\"640\" class=\"alignnone size-full wp-image-2706\" \/><\/p>\n<div class=\"text-wrapper-mss-righttop\">\n<h4 class=\"wh-b-2m\">Eine Pyramide. Mit W\u00e4nden.<\/h4>\n<div class=\"wh-n-1m\">Ein herk\u00f6mmlicher Pyramidenshelter bietet durch die steilen W\u00e4nde wenig Innenraum und l\u00e4\u00dft sich nicht gut mit dem Boden versiegeln. Die vielseitigen Seitenw\u00e4nde unseres Systems geben dir vier verschiedene Aufbaum\u00f6glichkeiten.<br \/>\nAufgestellte W\u00e4nde bieten dir mehr Innenraum. Rolle sie f\u00fcr zus\u00e4tzliche Ventilation hoch. In Schlechtwettersituationen kannst du sie f\u00fcr h\u00f6here Stabilit\u00e4t nach au\u00dfen klappen und mit Steinen oder Schnee befestigen, oder f\u00fcr besseren Regenschutz nach innen falten.<\/div>\n<\/div>\n<\/div>\n<div class=\"outer-wrapper settopmargin-20\">\n<img loading=\"lazy\" decoding=\"async\" style=\"border: none; padding: 0;\" src=\"\/\/www.thetheoryworks.com\/wordpress\/wp-content\/uploads\/IUP-ModShelt-14-5-Bavaria-32.jpg\" alt=\"\" width=\"960\" height=\"640\" class=\"alignnone size-full wp-image-2710\" \/><\/p>\n<div class=\"text-wrapper-mss-left\">\n<h4 class=\"wh-b-2m\">Leistungsstark.<br \/>\nVerl\u00e4sslich.<\/h4>\n<div class=\"wh-n-1m\">Ein Outdoorshelter ist wenig Wert, wenn du dich nicht auf ihn verlassen kannst. Wir haben das Modulare Sheltersystem deshalb so konzipiert und spezifiziert, dass es eine lange Lebensdauer hat.<br \/>\nH\u00f6chst rei\u00dffestes 40D doppelt silikonbeschichtetes Nylon. Hypalon f\u00fcr die Verst\u00e4rkung der Ecken. YKK Rei\u00dfverschl\u00fcsse. F\u00fcr mehr Komfort. <\/div>\n<\/div>\n<\/div>\n<div class=\"continuitytext\">\n<h2>System Highlights<\/h2>\n<h4>Nur einige der Eigenschaften, die das Modulare Sheltersystem einzigartig machen.<\/h4>\n<\/div>\n<div id=\"metaslider-id-5336\" style=\"width: 100%;\" class=\"ml-slider-3-105-0 metaslider metaslider-flex metaslider-5336 ml-slider has-dots-nav ms-theme-default\" role=\"region\" aria-label=\"Modular Shelter System - Features DE\" data-height=\"450\" data-width=\"960\">\n    <div id=\"metaslider_container_5336\">\n        <div id=\"metaslider_5336\">\n            <ul class='slides'>\n                <li style=\"display: block; width: 100%;\" class=\"slide-5337 ms-image \" aria-roledescription=\"slide\" data-date=\"2021-04-27 18:46:32\" data-filename=\"Graphic-ModShel-17-06-3xSheltersPl-960x450.png\" data-slide-type=\"image\"><img loading=\"lazy\" decoding=\"async\" src=\"https:\/\/www.thetheoryworks.com\/wordpress\/wp-content\/uploads\/Graphic-ModShel-17-06-3xSheltersPl-960x450.png\" height=\"450\" width=\"960\" alt=\"3x Shelters Plan\" class=\"slider-5336 slide-5337 msDefaultImage\" \/><div class=\"caption-wrap\"><div class=\"caption\"><div class=\"wh-n-1m\">Drei modulare Sheltertypen. 5R, 6R, 7R. Die unterschiedlichen Shelterformen werden durch das Kombinieren von verschiedenen Shelterteilen erreicht. Hier werden alle Shelter mit gleichf\u00f6rmigen Elementen zusammengesetzt, dem Single und Double Element.<\/div><\/div><\/div><\/li>\n                <li style=\"display: none; width: 100%;\" class=\"slide-5338 ms-image \" aria-roledescription=\"slide\" data-date=\"2021-04-27 18:46:32\" data-filename=\"Graphic-ModShel-17-06-5Rto7R-960x450.png\" data-slide-type=\"image\"><img loading=\"lazy\" decoding=\"async\" src=\"https:\/\/www.thetheoryworks.com\/wordpress\/wp-content\/uploads\/Graphic-ModShel-17-06-5Rto7R-960x450.png\" height=\"450\" width=\"960\" alt=\"5R shelter converts to a 7R Shelter\" class=\"slider-5336 slide-5338 msDefaultImage\" \/><div class=\"caption-wrap\"><div class=\"caption\"><div class=\"wh-n-1m\">Das Hinzuf\u00fcgen eines Double Elements zu einem 5R Shelter macht ihn zu einem 7R Shelter. Die Schlafraumkapazit\u00e4t vergr\u00f6\u00dfert sich so von zwei auf bis zu sechs Personen. <\/div><\/div><\/div><\/li>\n                <li style=\"display: none; width: 100%;\" class=\"slide-5339 ms-image \" aria-roledescription=\"slide\" data-date=\"2021-04-27 18:46:32\" data-filename=\"SUP-ModShel-14-09-SideWRollDetail-16-960x450.jpg\" data-slide-type=\"image\"><img loading=\"lazy\" decoding=\"async\" src=\"https:\/\/www.thetheoryworks.com\/wordpress\/wp-content\/uploads\/SUP-ModShel-14-09-SideWRollDetail-16-960x450.jpg\" height=\"450\" width=\"960\" alt=\"Inside of a Modular Shelter with sidewalls rolled up\" class=\"slider-5336 slide-5339 msDefaultImage\" \/><div class=\"caption-wrap\"><div class=\"caption\"><div class=\"wh-n-1m\">Wenn die Seitenw\u00e4nde aufgestellt werden, k\u00f6nnen diese aufgerollt werden. Hier wurden die Seitenwand-St\u00f6cke f\u00fcr zus\u00e4tzliche Stabilisation aufgestellt. Bei Schlechtwettereinbruch k\u00f6nnen die Seitenw\u00e4nde heruntergerollt und befestigt werden.<\/div><\/div><\/div><\/li>\n                <li style=\"display: none; width: 100%;\" class=\"slide-5340 ms-image \" aria-roledescription=\"slide\" data-date=\"2021-04-27 18:46:32\" data-filename=\"IUP-ModShel-13-01-SideWOutside-20-960x450.jpg\" data-slide-type=\"image\"><img loading=\"lazy\" decoding=\"async\" src=\"https:\/\/www.thetheoryworks.com\/wordpress\/wp-content\/uploads\/IUP-ModShel-13-01-SideWOutside-20-960x450.jpg\" height=\"450\" width=\"960\" alt=\"Modular Shelter pitched with rocks on sidewalls\" class=\"slider-5336 slide-5340 msDefaultImage\" \/><div class=\"caption-wrap\"><div class=\"caption\"><div class=\"wh-n-1m\">Wenn die Seitenw\u00e4nde nach au\u00dfen gefaltet werden, kann der Shelter stabilisiert werden, indem die Seitenw\u00e4nde mit Schnee, Sand oder Steinen beschwert werden. Das ist beispielsweise in einem steinigen Flu\u00dfbett hilfreich, wo Herigen schwer einsetzbar sind. So wird der Shelter extrem windstabil. <\/div><\/div><\/div><\/li>\n                <li style=\"display: none; width: 100%;\" class=\"slide-5341 ms-image \" aria-roledescription=\"slide\" data-date=\"2021-04-27 18:46:32\" data-filename=\"SUP-ModShel-17-06-2RainCeiling-960x450.jpg\" data-slide-type=\"image\"><img loading=\"lazy\" decoding=\"async\" src=\"https:\/\/www.thetheoryworks.com\/wordpress\/wp-content\/uploads\/SUP-ModShel-17-06-2RainCeiling-960x450.jpg\" height=\"450\" width=\"960\" alt=\"Top of a modular shelter, with and without Rain Ceiling\" class=\"slider-5336 slide-5341 msDefaultImage\" \/><div class=\"caption-wrap\"><div class=\"caption\"><div class=\"wh-n-1m\">Die Rain Ceiling\u2122 kann schnell angebracht werden und erm\u00f6glicht Ventilation auf jeder Seite. Es sind bis zu drei wasserdichte Ventilationsoptionen m\u00f6glich. Bei gutem Wetter kann das Regendach vollst\u00e4ndig weggelassen werden. <\/div><\/div><\/div><\/li>\n                <li style=\"display: none; width: 100%;\" class=\"slide-5342 ms-image \" aria-roledescription=\"slide\" data-date=\"2021-04-27 18:46:32\" data-filename=\"SUP-ModShel-14-05-Vent-014-960x450.jpg\" data-slide-type=\"image\"><img loading=\"lazy\" decoding=\"async\" src=\"https:\/\/www.thetheoryworks.com\/wordpress\/wp-content\/uploads\/SUP-ModShel-14-05-Vent-014-960x450.jpg\" height=\"450\" width=\"960\" alt=\"Modular Shelter side vent, in open position\" class=\"slider-5336 slide-5342 msDefaultImage\" \/><div class=\"caption-wrap\"><div class=\"caption\"><div class=\"wh-n-1m\">Jedes Element hat eine Seitenventilation. Die insektendichte, wetterdichte Seitenventilation erm\u00f6glicht Luftzirkulation selbst dann, wenn die Klappen anliegen oder mit Schnee oder Steinen verschlossen werden. Bei schlechtem Wetter k\u00f6nnen kann die Ventilation auch vollst\u00e4ndig geschlossen werden. <\/div><\/div><\/div><\/li>\n            <\/ul>\n        <\/div>\n        \n    <\/div>\n<\/div>\n<div class=\"continuitytext\">\n<h2>Individualisiere deinen Shelter<\/h2>\n<h4>Bereit anzufangen? Beginne deinen eigenen Shelter zusammenzubauen.<\/h4>\n<\/div>\n<div class=\"responsive\">\n<div class=\"gallery\">\n<div class=\"outer-wrapper imagefader settopmargin-20\">\n    <a href=\"\/\/www.thetheoryworks.com\/de\/produkt-kategorie\/modulares-sheltersystem\/bereits-zusammengestellte-shelter\/\"><br \/>\n      <img loading=\"lazy\" decoding=\"async\" style=\"border: none;\" src=\"\/\/www.thetheoryworks.com\/wordpress\/wp-content\/uploads\/IUP-ModShel-14-03-Spain-96c.jpg\" alt=\"Modular Shelter pitched in snow\" width=\"960\" height=\"450\" class=\"size-full  wp-image-3589\" srcset=\"https:\/\/www.thetheoryworks.com\/wordpress\/wp-content\/uploads\/IUP-ModShel-14-03-Spain-96c.jpg 960w, https:\/\/www.thetheoryworks.com\/wordpress\/wp-content\/uploads\/IUP-ModShel-14-03-Spain-96c-200x94.jpg 200w, https:\/\/www.thetheoryworks.com\/wordpress\/wp-content\/uploads\/IUP-ModShel-14-03-Spain-96c-500x234.jpg 500w\" sizes=\"auto, (max-width: 960px) 100vw, 960px\" \/><\/p>\n<div class=\"text-wrapper-mss-left\">\n<h4 class=\"wh-b-2m\">Individualisiere deinen Shelter<\/h4>\n<div class=\"wh-n-1m\">Erkunde alle individualisierbaren Shelter.<\/div>\n<\/p><\/div>\n<p>   <\/a>\n<\/div>\n<\/p><\/div>\n<\/div>\n<div class=\"responsive\">\n<div class=\"gallery\">\n<div class=\"outer-wrapper imagefader settopmargin-20\">\n    <a href=\"\/\/www.thetheoryworks.com\/de\/produkt-kategorie\/modulares-sheltersystem\/einzelne-komponenten\/\"><br \/>\n      <img loading=\"lazy\" decoding=\"async\" style=\"border: none;\" src=\"\/\/www.thetheoryworks.com\/wordpress\/wp-content\/uploads\/Graphic-ModShel-17-06-Insect-Ceiling.jpg\" alt=\"Fitted Insect Ceiling, inside a Modular Shelter\" width=\"960\" height=\"450\" class=\"size-full  wp-image-3619\" srcset=\"https:\/\/www.thetheoryworks.com\/wordpress\/wp-content\/uploads\/Graphic-ModShel-17-06-Insect-Ceiling.jpg 960w, https:\/\/www.thetheoryworks.com\/wordpress\/wp-content\/uploads\/Graphic-ModShel-17-06-Insect-Ceiling-200x94.jpg 200w, https:\/\/www.thetheoryworks.com\/wordpress\/wp-content\/uploads\/Graphic-ModShel-17-06-Insect-Ceiling-500x235.jpg 500w\" sizes=\"auto, (max-width: 960px) 100vw, 960px\" \/><\/p>\n<div class=\"text-wrapper-mss-right\">\n<h4 class=\"wh-b-2m\">Baue dein System aus<\/h4>\n<div class=\"wh-n-1m\">Zus\u00e4tzliche Komponenten f\u00fcr dein System<\/div>\n<\/p><\/div>\n<p>   <\/a>\n<\/div>\n<\/p><\/div>\n<\/div>\n<div class=\"clearfix\"><\/div>\n","protected":false},"excerpt":{"rendered":"<p>Modulares Sheltersystem Der flexible Shelter Anpassbar. Vielseitig. Stark. Von 1 bis 6 Personen. Aufbau f\u00fcr unterscheidliches Terrain und Wetterlage. Anspruchsvolle Materialien f\u00fcr hohe Wetterbest\u00e4ndigkeit. Das modulare Sheltersystem \u2013 der einzigartige Trekkingstockshelter. Shelter. Zusammenbaubar. Jedes Abenteuer ist unterschiedlich &#8211; unterschiedliche Orte, unterschiedliche Leute, unterschiedliche Jahreszeiten. Hier ist ein Sheltersystem, das diesen Anforderungen standhalten kann. Baue deinen [&hellip;]<\/p>\n","protected":false},"author":2,"featured_media":0,"parent":0,"menu_order":0,"comment_status":"open","ping_status":"open","template":"","meta":{"footnotes":""},"class_list":["post-4598","page","type-page","status-publish","hentry"],"yoast_head":"<!-- This site is optimized with the Yoast SEO plugin v26.9 - https:\/\/yoast.com\/product\/yoast-seo-wordpress\/ -->\n<title>Modulares Sheltersystem<\/title>\n<meta name=\"robots\" content=\"index, follow, max-snippet:-1, max-image-preview:large, max-video-preview:-1\" \/>\n<link rel=\"canonical\" href=\"https:\/\/www.thetheoryworks.com\/de\/modulares-sheltersystem\/\" \/>\n<meta property=\"og:locale\" content=\"de_DE\" \/>\n<meta property=\"og:type\" content=\"article\" \/>\n<meta property=\"og:title\" content=\"Modulares Sheltersystem\" \/>\n<meta property=\"og:description\" content=\"Modulares Sheltersystem Der flexible Shelter Anpassbar. Vielseitig. Stark. Von 1 bis 6 Personen. Aufbau f\u00fcr unterscheidliches Terrain und Wetterlage. Anspruchsvolle Materialien f\u00fcr hohe Wetterbest\u00e4ndigkeit. Das modulare Sheltersystem \u2013 der einzigartige Trekkingstockshelter. Shelter. Zusammenbaubar. Jedes Abenteuer ist unterschiedlich &#8211; unterschiedliche Orte, unterschiedliche Leute, unterschiedliche Jahreszeiten. Hier ist ein Sheltersystem, das diesen Anforderungen standhalten kann. Baue deinen [&hellip;]\" \/>\n<meta property=\"og:url\" content=\"https:\/\/www.thetheoryworks.com\/de\/modulares-sheltersystem\/\" \/>\n<meta property=\"og:site_name\" content=\"The Theory Works\u00ae\" \/>\n<meta property=\"article:modified_time\" content=\"2021-04-27T17:54:16+00:00\" \/>\n<meta property=\"og:image\" content=\"\/\/www.thetheoryworks.com\/wordpress\/wp-content\/uploads\/ModShelter-Mar-2014_0224.jpg\" \/>\n<meta name=\"twitter:label1\" content=\"Gesch\u00e4tzte Lesezeit\" \/>\n\t<meta name=\"twitter:data1\" content=\"1\u00a0Minute\" \/>\n<script type=\"application\/ld+json\" class=\"yoast-schema-graph\">{\"@context\":\"https:\/\/schema.org\",\"@graph\":[{\"@type\":\"WebPage\",\"@id\":\"https:\/\/www.thetheoryworks.com\/de\/modulares-sheltersystem\/\",\"url\":\"https:\/\/www.thetheoryworks.com\/de\/modulares-sheltersystem\/\",\"name\":\"Modulares Sheltersystem\",\"isPartOf\":{\"@id\":\"https:\/\/www.thetheoryworks.com\/de\/#website\"},\"datePublished\":\"2014-04-13T14:12:04+00:00\",\"dateModified\":\"2021-04-27T17:54:16+00:00\",\"breadcrumb\":{\"@id\":\"https:\/\/www.thetheoryworks.com\/de\/modulares-sheltersystem\/#breadcrumb\"},\"inLanguage\":\"de\",\"potentialAction\":[{\"@type\":\"ReadAction\",\"target\":[\"https:\/\/www.thetheoryworks.com\/de\/modulares-sheltersystem\/\"]}]},{\"@type\":\"BreadcrumbList\",\"@id\":\"https:\/\/www.thetheoryworks.com\/de\/modulares-sheltersystem\/#breadcrumb\",\"itemListElement\":[{\"@type\":\"ListItem\",\"position\":1,\"name\":\"Home\",\"item\":\"https:\/\/www.thetheoryworks.com\/de\/\"},{\"@type\":\"ListItem\",\"position\":2,\"name\":\"Modulares Sheltersystem\"}]},{\"@type\":\"WebSite\",\"@id\":\"https:\/\/www.thetheoryworks.com\/de\/#website\",\"url\":\"https:\/\/www.thetheoryworks.com\/de\/\",\"name\":\"The Theory Works\u00ae\",\"description\":\"\",\"potentialAction\":[{\"@type\":\"SearchAction\",\"target\":{\"@type\":\"EntryPoint\",\"urlTemplate\":\"https:\/\/www.thetheoryworks.com\/de\/?s={search_term_string}\"},\"query-input\":{\"@type\":\"PropertyValueSpecification\",\"valueRequired\":true,\"valueName\":\"search_term_string\"}}],\"inLanguage\":\"de\"}]}<\/script>\n<!-- \/ Yoast SEO plugin. -->","yoast_head_json":{"title":"Modulares Sheltersystem","robots":{"index":"index","follow":"follow","max-snippet":"max-snippet:-1","max-image-preview":"max-image-preview:large","max-video-preview":"max-video-preview:-1"},"canonical":"https:\/\/www.thetheoryworks.com\/de\/modulares-sheltersystem\/","og_locale":"de_DE","og_type":"article","og_title":"Modulares Sheltersystem","og_description":"Modulares Sheltersystem Der flexible Shelter Anpassbar. Vielseitig. Stark. Von 1 bis 6 Personen. Aufbau f\u00fcr unterscheidliches Terrain und Wetterlage. Anspruchsvolle Materialien f\u00fcr hohe Wetterbest\u00e4ndigkeit. Das modulare Sheltersystem \u2013 der einzigartige Trekkingstockshelter. Shelter. Zusammenbaubar. Jedes Abenteuer ist unterschiedlich &#8211; unterschiedliche Orte, unterschiedliche Leute, unterschiedliche Jahreszeiten. Hier ist ein Sheltersystem, das diesen Anforderungen standhalten kann. Baue deinen [&hellip;]","og_url":"https:\/\/www.thetheoryworks.com\/de\/modulares-sheltersystem\/","og_site_name":"The Theory Works\u00ae","article_modified_time":"2021-04-27T17:54:16+00:00","og_image":[{"url":"\/\/www.thetheoryworks.com\/wordpress\/wp-content\/uploads\/ModShelter-Mar-2014_0224.jpg","type":"","width":"","height":""}],"twitter_misc":{"Gesch\u00e4tzte Lesezeit":"1\u00a0Minute"},"schema":{"@context":"https:\/\/schema.org","@graph":[{"@type":"WebPage","@id":"https:\/\/www.thetheoryworks.com\/de\/modulares-sheltersystem\/","url":"https:\/\/www.thetheoryworks.com\/de\/modulares-sheltersystem\/","name":"Modulares Sheltersystem","isPartOf":{"@id":"https:\/\/www.thetheoryworks.com\/de\/#website"},"datePublished":"2014-04-13T14:12:04+00:00","dateModified":"2021-04-27T17:54:16+00:00","breadcrumb":{"@id":"https:\/\/www.thetheoryworks.com\/de\/modulares-sheltersystem\/#breadcrumb"},"inLanguage":"de","potentialAction":[{"@type":"ReadAction","target":["https:\/\/www.thetheoryworks.com\/de\/modulares-sheltersystem\/"]}]},{"@type":"BreadcrumbList","@id":"https:\/\/www.thetheoryworks.com\/de\/modulares-sheltersystem\/#breadcrumb","itemListElement":[{"@type":"ListItem","position":1,"name":"Home","item":"https:\/\/www.thetheoryworks.com\/de\/"},{"@type":"ListItem","position":2,"name":"Modulares Sheltersystem"}]},{"@type":"WebSite","@id":"https:\/\/www.thetheoryworks.com\/de\/#website","url":"https:\/\/www.thetheoryworks.com\/de\/","name":"The Theory Works\u00ae","description":"","potentialAction":[{"@type":"SearchAction","target":{"@type":"EntryPoint","urlTemplate":"https:\/\/www.thetheoryworks.com\/de\/?s={search_term_string}"},"query-input":{"@type":"PropertyValueSpecification","valueRequired":true,"valueName":"search_term_string"}}],"inLanguage":"de"}]}},"_links":{"self":[{"href":"https:\/\/www.thetheoryworks.com\/de\/wp-json\/wp\/v2\/pages\/4598","targetHints":{"allow":["GET"]}}],"collection":[{"href":"https:\/\/www.thetheoryworks.com\/de\/wp-json\/wp\/v2\/pages"}],"about":[{"href":"https:\/\/www.thetheoryworks.com\/de\/wp-json\/wp\/v2\/types\/page"}],"author":[{"embeddable":true,"href":"https:\/\/www.thetheoryworks.com\/de\/wp-json\/wp\/v2\/users\/2"}],"replies":[{"embeddable":true,"href":"https:\/\/www.thetheoryworks.com\/de\/wp-json\/wp\/v2\/comments?post=4598"}],"version-history":[{"count":8,"href":"https:\/\/www.thetheoryworks.com\/de\/wp-json\/wp\/v2\/pages\/4598\/revisions"}],"predecessor-version":[{"id":5344,"href":"https:\/\/www.thetheoryworks.com\/de\/wp-json\/wp\/v2\/pages\/4598\/revisions\/5344"}],"wp:attachment":[{"href":"https:\/\/www.thetheoryworks.com\/de\/wp-json\/wp\/v2\/media?parent=4598"}],"curies":[{"name":"wp","href":"https:\/\/api.w.org\/{rel}","templated":true}]}}