{"id":1141,"date":"2013-06-30T22:19:03","date_gmt":"2013-06-30T21:19:03","guid":{"rendered":"http:\/\/thetheoryworks.com\/product\/guy-cord-ppr-3-20-2\/"},"modified":"2020-09-01T00:06:15","modified_gmt":"2020-08-31T23:06:15","slug":"guy-cord-ppr-3-20","status":"publish","type":"product","link":"https:\/\/www.thetheoryworks.com\/de\/produkt\/guy-cord-ppr-3-20\/","title":{"rendered":"Abspannleine PPR\/3\/20"},"content":{"rendered":"<p>Die Abspannleine ist ein n\u00fctzliches Toolkit, das aus der Leine und anderen Teilen besteht, um zus\u00e4tzliche Abspannleine am Zelt oder Shelter zu befestigen. Unser modulares Sheltersystem beinhaltet schon die Abspannleine, die die meisten Outdoorfreunde brauchen.<\/p>\n<p>Dieses Kit enth\u00e4lt Leine&#8230;<\/p>\n<ul>\n<li>zum Austauschen der alten Abspannleine<\/li>\n<li>zum Verl\u00e4ngern der existierenden Abspannleine<\/li>\n<li>zum Aufstocken existierender Abspannleine<\/li>\n<li>zum Hinzuf\u00fcgen von Heringsschlaufen (z. B. zur Verwendung von Steinen anstelle von Heringen)<\/li>\n<\/ul>\n<p>Das Kit enth\u00e4lt:<\/p>\n<ul>\n<li><span class=\"Apple-style-span\" style=\"line-height: 13px;\">20 Meter\u00a03mm PP Abspannleine mit reflektierendem eingewebten Band<\/span><\/li>\n<li>10 Abspannleinen- Spannern\u00a0<\/li>\n<li>6 Abspannleinen- Ringe\u00a0<\/li>\n<\/ul>\n","protected":false},"excerpt":{"rendered":"<p>Die Abspannleine ist ein n\u00fctzliches Toolkit, das aus der Leine und anderen Teilen besteht, um zus\u00e4tzliche Abspannleine am Zelt oder Shelter zu befestigen. Unser modulares Sheltersystem beinhaltet schon die Abspannleine, die die meisten Outdoorfreunde brauchen. Dieses Kit enth\u00e4lt Leine&#8230; zum Austauschen der alten Abspannleine zum Verl\u00e4ngern der existierenden Abspannleine zum Aufstocken existierender Abspannleine zum Hinzuf\u00fcgen [&hellip;]<\/p>\n","protected":false},"featured_media":2418,"comment_status":"closed","ping_status":"closed","template":"","meta":[],"product_brand":[],"product_cat":[201],"product_tag":[],"class_list":{"0":"post-1141","1":"product","2":"type-product","3":"status-publish","4":"has-post-thumbnail","6":"product_cat-abspannleine","8":"first","9":"instock","10":"taxable","11":"shipping-taxable","12":"purchasable","13":"product-type-simple"},"composite_virtual":false,"composite_layout":"","composite_add_to_cart_form_location":"","composite_editable_in_cart":false,"composite_sold_individually_context":"","composite_shop_price_calc":"","composite_components":[],"composite_scenarios":[],"yoast_head":"<!-- This site is optimized with the Yoast SEO plugin v26.9 - https:\/\/yoast.com\/product\/yoast-seo-wordpress\/ -->\n<title>Abspannleinen Kit - stellen Sie Ihre eigene Abspannleine her - Theory Works\u00ae<\/title>\n<meta name=\"description\" content=\"Das Abspannleinen Kit stellt alle Teile zur Verf\u00fcgung, die Sie ben\u00f6tigen, um Ihre eigene Abspannleine herzustellen. F\u00fcgen Sie extra Abspannleine hinzu um die Windresistenz zu erh\u00f6hen\" \/>\n<meta name=\"robots\" content=\"index, follow, max-snippet:-1, max-image-preview:large, max-video-preview:-1\" \/>\n<link rel=\"canonical\" href=\"https:\/\/www.thetheoryworks.com\/de\/produkt\/guy-cord-ppr-3-20\/\" \/>\n<meta property=\"og:locale\" content=\"de_DE\" \/>\n<meta property=\"og:type\" content=\"article\" \/>\n<meta property=\"og:title\" content=\"Abspannleinen Kit - stellen Sie Ihre eigene Abspannleine her - Theory Works\u00ae\" \/>\n<meta property=\"og:description\" content=\"Das Abspannleinen Kit stellt alle Teile zur Verf\u00fcgung, die Sie ben\u00f6tigen, um Ihre eigene Abspannleine herzustellen. F\u00fcgen Sie extra Abspannleine hinzu um die Windresistenz zu erh\u00f6hen\" \/>\n<meta property=\"og:url\" content=\"https:\/\/www.thetheoryworks.com\/de\/produkt\/guy-cord-ppr-3-20\/\" \/>\n<meta property=\"og:site_name\" content=\"The Theory Works\u00ae\" \/>\n<meta property=\"article:modified_time\" content=\"2020-08-31T23:06:15+00:00\" \/>\n<meta property=\"og:image\" content=\"https:\/\/www.thetheoryworks.com\/wordpress\/wp-content\/uploads\/2014-CordPPR320-1.jpg\" \/>\n\t<meta property=\"og:image:width\" content=\"600\" \/>\n\t<meta property=\"og:image:height\" content=\"600\" \/>\n\t<meta property=\"og:image:type\" content=\"image\/jpeg\" \/>\n<script type=\"application\/ld+json\" class=\"yoast-schema-graph\">{\"@context\":\"https:\/\/schema.org\",\"@graph\":[{\"@type\":\"WebPage\",\"@id\":\"https:\/\/www.thetheoryworks.com\/de\/produkt\/guy-cord-ppr-3-20\/\",\"url\":\"https:\/\/www.thetheoryworks.com\/de\/produkt\/guy-cord-ppr-3-20\/\",\"name\":\"Abspannleinen Kit - stellen Sie Ihre eigene Abspannleine her - Theory Works\u00ae\",\"isPartOf\":{\"@id\":\"https:\/\/www.thetheoryworks.com\/de\/#website\"},\"primaryImageOfPage\":{\"@id\":\"https:\/\/www.thetheoryworks.com\/de\/produkt\/guy-cord-ppr-3-20\/#primaryimage\"},\"image\":{\"@id\":\"https:\/\/www.thetheoryworks.com\/de\/produkt\/guy-cord-ppr-3-20\/#primaryimage\"},\"thumbnailUrl\":\"https:\/\/www.thetheoryworks.com\/wordpress\/wp-content\/uploads\/2014-CordPPR320-1.jpg\",\"datePublished\":\"2013-06-30T21:19:03+00:00\",\"dateModified\":\"2020-08-31T23:06:15+00:00\",\"description\":\"Das Abspannleinen Kit stellt alle Teile zur Verf\u00fcgung, die Sie ben\u00f6tigen, um Ihre eigene Abspannleine herzustellen. F\u00fcgen Sie extra Abspannleine hinzu um die Windresistenz zu erh\u00f6hen\",\"breadcrumb\":{\"@id\":\"https:\/\/www.thetheoryworks.com\/de\/produkt\/guy-cord-ppr-3-20\/#breadcrumb\"},\"inLanguage\":\"de\",\"potentialAction\":[{\"@type\":\"ReadAction\",\"target\":[\"https:\/\/www.thetheoryworks.com\/de\/produkt\/guy-cord-ppr-3-20\/\"]}]},{\"@type\":\"ImageObject\",\"inLanguage\":\"de\",\"@id\":\"https:\/\/www.thetheoryworks.com\/de\/produkt\/guy-cord-ppr-3-20\/#primaryimage\",\"url\":\"https:\/\/www.thetheoryworks.com\/wordpress\/wp-content\/uploads\/2014-CordPPR320-1.jpg\",\"contentUrl\":\"https:\/\/www.thetheoryworks.com\/wordpress\/wp-content\/uploads\/2014-CordPPR320-1.jpg\",\"width\":600,\"height\":600},{\"@type\":\"BreadcrumbList\",\"@id\":\"https:\/\/www.thetheoryworks.com\/de\/produkt\/guy-cord-ppr-3-20\/#breadcrumb\",\"itemListElement\":[{\"@type\":\"ListItem\",\"position\":1,\"name\":\"Home\",\"item\":\"https:\/\/www.thetheoryworks.com\/de\/\"},{\"@type\":\"ListItem\",\"position\":2,\"name\":\"Shop\",\"item\":\"https:\/\/www.thetheoryworks.com\/de\/shop\/\"},{\"@type\":\"ListItem\",\"position\":3,\"name\":\"Abspannleine PPR\/3\/20\"}]},{\"@type\":\"WebSite\",\"@id\":\"https:\/\/www.thetheoryworks.com\/de\/#website\",\"url\":\"https:\/\/www.thetheoryworks.com\/de\/\",\"name\":\"The Theory Works\u00ae\",\"description\":\"\",\"potentialAction\":[{\"@type\":\"SearchAction\",\"target\":{\"@type\":\"EntryPoint\",\"urlTemplate\":\"https:\/\/www.thetheoryworks.com\/de\/?s={search_term_string}\"},\"query-input\":{\"@type\":\"PropertyValueSpecification\",\"valueRequired\":true,\"valueName\":\"search_term_string\"}}],\"inLanguage\":\"de\"}]}<\/script>\n<!-- \/ Yoast SEO plugin. -->","yoast_head_json":{"title":"Abspannleinen Kit - stellen Sie Ihre eigene Abspannleine her - Theory Works\u00ae","description":"Das Abspannleinen Kit stellt alle Teile zur Verf\u00fcgung, die Sie ben\u00f6tigen, um Ihre eigene Abspannleine herzustellen. F\u00fcgen Sie extra Abspannleine hinzu um die Windresistenz zu erh\u00f6hen","robots":{"index":"index","follow":"follow","max-snippet":"max-snippet:-1","max-image-preview":"max-image-preview:large","max-video-preview":"max-video-preview:-1"},"canonical":"https:\/\/www.thetheoryworks.com\/de\/produkt\/guy-cord-ppr-3-20\/","og_locale":"de_DE","og_type":"article","og_title":"Abspannleinen Kit - stellen Sie Ihre eigene Abspannleine her - Theory Works\u00ae","og_description":"Das Abspannleinen Kit stellt alle Teile zur Verf\u00fcgung, die Sie ben\u00f6tigen, um Ihre eigene Abspannleine herzustellen. F\u00fcgen Sie extra Abspannleine hinzu um die Windresistenz zu erh\u00f6hen","og_url":"https:\/\/www.thetheoryworks.com\/de\/produkt\/guy-cord-ppr-3-20\/","og_site_name":"The Theory Works\u00ae","article_modified_time":"2020-08-31T23:06:15+00:00","og_image":[{"width":600,"height":600,"url":"https:\/\/www.thetheoryworks.com\/wordpress\/wp-content\/uploads\/2014-CordPPR320-1.jpg","type":"image\/jpeg"}],"schema":{"@context":"https:\/\/schema.org","@graph":[{"@type":"WebPage","@id":"https:\/\/www.thetheoryworks.com\/de\/produkt\/guy-cord-ppr-3-20\/","url":"https:\/\/www.thetheoryworks.com\/de\/produkt\/guy-cord-ppr-3-20\/","name":"Abspannleinen Kit - stellen Sie Ihre eigene Abspannleine her - Theory Works\u00ae","isPartOf":{"@id":"https:\/\/www.thetheoryworks.com\/de\/#website"},"primaryImageOfPage":{"@id":"https:\/\/www.thetheoryworks.com\/de\/produkt\/guy-cord-ppr-3-20\/#primaryimage"},"image":{"@id":"https:\/\/www.thetheoryworks.com\/de\/produkt\/guy-cord-ppr-3-20\/#primaryimage"},"thumbnailUrl":"https:\/\/www.thetheoryworks.com\/wordpress\/wp-content\/uploads\/2014-CordPPR320-1.jpg","datePublished":"2013-06-30T21:19:03+00:00","dateModified":"2020-08-31T23:06:15+00:00","description":"Das Abspannleinen Kit stellt alle Teile zur Verf\u00fcgung, die Sie ben\u00f6tigen, um Ihre eigene Abspannleine herzustellen. F\u00fcgen Sie extra Abspannleine hinzu um die Windresistenz zu erh\u00f6hen","breadcrumb":{"@id":"https:\/\/www.thetheoryworks.com\/de\/produkt\/guy-cord-ppr-3-20\/#breadcrumb"},"inLanguage":"de","potentialAction":[{"@type":"ReadAction","target":["https:\/\/www.thetheoryworks.com\/de\/produkt\/guy-cord-ppr-3-20\/"]}]},{"@type":"ImageObject","inLanguage":"de","@id":"https:\/\/www.thetheoryworks.com\/de\/produkt\/guy-cord-ppr-3-20\/#primaryimage","url":"https:\/\/www.thetheoryworks.com\/wordpress\/wp-content\/uploads\/2014-CordPPR320-1.jpg","contentUrl":"https:\/\/www.thetheoryworks.com\/wordpress\/wp-content\/uploads\/2014-CordPPR320-1.jpg","width":600,"height":600},{"@type":"BreadcrumbList","@id":"https:\/\/www.thetheoryworks.com\/de\/produkt\/guy-cord-ppr-3-20\/#breadcrumb","itemListElement":[{"@type":"ListItem","position":1,"name":"Home","item":"https:\/\/www.thetheoryworks.com\/de\/"},{"@type":"ListItem","position":2,"name":"Shop","item":"https:\/\/www.thetheoryworks.com\/de\/shop\/"},{"@type":"ListItem","position":3,"name":"Abspannleine PPR\/3\/20"}]},{"@type":"WebSite","@id":"https:\/\/www.thetheoryworks.com\/de\/#website","url":"https:\/\/www.thetheoryworks.com\/de\/","name":"The Theory Works\u00ae","description":"","potentialAction":[{"@type":"SearchAction","target":{"@type":"EntryPoint","urlTemplate":"https:\/\/www.thetheoryworks.com\/de\/?s={search_term_string}"},"query-input":{"@type":"PropertyValueSpecification","valueRequired":true,"valueName":"search_term_string"}}],"inLanguage":"de"}]}},"_links":{"self":[{"href":"https:\/\/www.thetheoryworks.com\/de\/wp-json\/wp\/v2\/product\/1141","targetHints":{"allow":["GET"]}}],"collection":[{"href":"https:\/\/www.thetheoryworks.com\/de\/wp-json\/wp\/v2\/product"}],"about":[{"href":"https:\/\/www.thetheoryworks.com\/de\/wp-json\/wp\/v2\/types\/product"}],"replies":[{"embeddable":true,"href":"https:\/\/www.thetheoryworks.com\/de\/wp-json\/wp\/v2\/comments?post=1141"}],"wp:featuredmedia":[{"embeddable":true,"href":"https:\/\/www.thetheoryworks.com\/de\/wp-json\/wp\/v2\/media\/2418"}],"wp:attachment":[{"href":"https:\/\/www.thetheoryworks.com\/de\/wp-json\/wp\/v2\/media?parent=1141"}],"wp:term":[{"taxonomy":"product_brand","embeddable":true,"href":"https:\/\/www.thetheoryworks.com\/de\/wp-json\/wp\/v2\/product_brand?post=1141"},{"taxonomy":"product_cat","embeddable":true,"href":"https:\/\/www.thetheoryworks.com\/de\/wp-json\/wp\/v2\/product_cat?post=1141"},{"taxonomy":"product_tag","embeddable":true,"href":"https:\/\/www.thetheoryworks.com\/de\/wp-json\/wp\/v2\/product_tag?post=1141"}],"curies":[{"name":"wp","href":"https:\/\/api.w.org\/{rel}","templated":true}]}}