{"id":1143,"date":"2013-06-30T21:25:19","date_gmt":"2013-06-30T20:25:19","guid":{"rendered":"http:\/\/thetheoryworks.com\/product\/reducer-sac-l-2\/"},"modified":"2021-08-06T11:44:07","modified_gmt":"2021-08-06T10:44:07","slug":"reducer-sac-l","status":"publish","type":"product","link":"https:\/\/www.thetheoryworks.com\/de\/produkt\/reducer-sac-l\/","title":{"rendered":"Reducer Sac L"},"content":{"rendered":"<p>Da das modulare Sheltersystem in verschiedenen Gr\u00f6\u00dfen aufgebaut werden kann, macht es Sinn, dass der Packsack sich ebenfalls jeder Tour anpassen kann.<\/p>\n<p>Man kann den Shelter leichter in den Packsack packen, da dieser durch die Kompressionsriemen ge\u00f6ffnet und dann leicht komprimiert werden kann. Die Riemen erleichtern zudem\u00a0die Befestigung am Rucksack, z.B., wenn im Rucksack am Anfang einer Tour f\u00fcr Snacks Platz sein muss\u00a0oder der Shelter nass ist.<\/p>\n<div id=\"squelch-taas-toggle-0\" class=\"squelch-taas-toggle squelch-taas-override\" data-speed=\"800\" data-active=\"\" data-theme=\"ttw\" ><h3 id=\"squelch-taas-header-0\" class=\"squelch-taas-toggle-shortcode-header\"><a href=\"#squelch-taas-toggle-shortcode-content-0\">Spezifikationen<\/a><\/h3><div id=\"squelch-taas-toggle-shortcode-content-0\" class=\"squelch-taas-toggle-shortcode-content squelch-taas-toggle-shortcode-content-0\">\n<h4>Beschreibung<\/h4>\n<ul>\n<li>Leichtgewicht Packsack f\u00fcr das Verstauen und Tragen von Sheltern<\/li>\n<li>Best\u00e4ndige Materialien<\/li>\n<li>Kompressionsgurte erlauben einfaches Anbringen am Rucksack<\/li>\n<\/ul>\n<h4>Materialien<\/h4>\n<ul>\n<li>40D Ripstop Nylon, beidseitig silikonbeschichtet, mindestens 2.000 mm Wassers\u00e4ule<\/li>\n<li>70D Nylon mit mindestens 10.000 mm Wassers\u00e4ule Polyurethanbeschichtung<\/li>\n<\/ul>\n<h4>Gewicht<\/h4>\n<p>64g<\/p>\n<h4>Ma\u00df<\/h4>\n<p>440 mm x dia 175 mm durchschnittlich, wenn gef\u00fcllt und verschlossen<\/p>\n<h4>Volumen<\/h4>\n<p>10,8 l wenn gef\u00fcllt und verschlossen, ungef\u00e4hr 4 l wenn gef\u00fcllt, verschlossen und mit Gurten komprimiert.<\/div>\n<h3 id=\"squelch-taas-header-1\" class=\"squelch-taas-toggle-shortcode-header\"><a href=\"#squelch-taas-toggle-shortcode-content-1\">Download<\/a><\/h3><div id=\"squelch-taas-toggle-shortcode-content-1\" class=\"squelch-taas-toggle-shortcode-content squelch-taas-toggle-shortcode-content-1\"><div class='w3eden'>\n    <div class=''>\n\n        \n        <div id=\"content_wpdm_package_1\">\n            <div class='row'><div class='col-lg-4 col-md-6 col-12'><!-- WPDM Link Template: Default Template -->\n\n<div class=\"link-template-default card mb-2\">\n    <div class=\"card-body\">\n        <div class=\"media\">\n            <div class=\"mr-3 img-48\"><img decoding=\"async\" class=\"wpdm_icon\" alt=\"Icon\"   src=\"https:\/\/www.thetheoryworks.com\/wordpress\/wp-content\/plugins\/download-manager\/assets\/file-type-icons\/file_extension_pdf.png\" \/><\/div>\n            <div class=\"media-body\">\n                <h3 class=\"package-title\"><a href='https:\/\/www.thetheoryworks.com\/de\/download\/specification-reducer-stuff-sac-l-en\/'>Specification: Reducer Stuff Sac L (EN)<\/a><\/h3>\n                <div class=\"text-muted text-small\"><i class=\"fas fa-copy\"><\/i> 1 Datei(en) <i class=\"fas fa-hdd ml-3\"><\/i> 91.75 KB<\/div>\n            <\/div>\n            <div class=\"ml-3\">\n                <a class='wpdm-download-link download-on-click btn btn-primary btn-xs' rel='nofollow' href='#' data-downloadurl=\"https:\/\/www.thetheoryworks.com\/de\/download\/specification-reducer-stuff-sac-l-en\/?wpdmdl=2998&refresh=69ea8820e19901776977952\">Download<\/a>\n            <\/div>\n        <\/div>\n    <\/div>\n<\/div>\n\n<\/div><div class='col-lg-4 col-md-6 col-12'><!-- WPDM Link Template: Default Template -->\n\n<div class=\"link-template-default card mb-2\">\n    <div class=\"card-body\">\n        <div class=\"media\">\n            <div class=\"mr-3 img-48\"><img decoding=\"async\" class=\"wpdm_icon\" alt=\"Icon\"   src=\"https:\/\/www.thetheoryworks.com\/wordpress\/wp-content\/plugins\/download-manager\/assets\/file-type-icons\/file_extension_pdf.png\" \/><\/div>\n            <div class=\"media-body\">\n                <h3 class=\"package-title\"><a href='https:\/\/www.thetheoryworks.com\/de\/download\/spezifikation-reducer-stuff-sac-l-de\/'>Spezifikation: Reducer Stuff Sac L (DE)<\/a><\/h3>\n                <div class=\"text-muted text-small\"><i class=\"fas fa-copy\"><\/i> 1 Datei(en) <i class=\"fas fa-hdd ml-3\"><\/i> 93.98 KB<\/div>\n            <\/div>\n            <div class=\"ml-3\">\n                <a class='wpdm-download-link download-on-click btn btn-primary btn-xs' rel='nofollow' href='#' data-downloadurl=\"https:\/\/www.thetheoryworks.com\/de\/download\/spezifikation-reducer-stuff-sac-l-de\/?wpdmdl=3000&refresh=69ea8820ed8281776977952\">Download<\/a>\n            <\/div>\n        <\/div>\n    <\/div>\n<\/div>\n\n<\/div><\/div>            <div style='clear:both'><\/div><div class='text-center'><ul class='pagination wpdm-pagination pagination-centered text-center'><\/ul><\/div><div style='clear:both'><\/div>        <\/div>\n\n        <div style='clear:both'><\/div>\n    <\/div>\n<\/div>\n<\/div><\/div>\n\n","protected":false},"excerpt":{"rendered":"<p>Da das modulare Sheltersystem in verschiedenen Gr\u00f6\u00dfen aufgebaut werden kann, macht es Sinn, dass der Packsack sich ebenfalls jeder Tour anpassen kann. Man kann den Shelter leichter in den Packsack packen, da dieser durch die Kompressionsriemen ge\u00f6ffnet und dann leicht komprimiert werden kann. Die Riemen erleichtern zudem\u00a0die Befestigung am Rucksack, z.B., wenn im Rucksack am [&hellip;]<\/p>\n","protected":false},"featured_media":2395,"comment_status":"closed","ping_status":"closed","template":"","meta":[],"product_brand":[],"product_cat":[82,85],"product_tag":[],"class_list":{"0":"post-1143","1":"product","2":"type-product","3":"status-publish","4":"has-post-thumbnail","6":"product_cat-packsacke","7":"product_cat-einzelne-komponenten","9":"first","10":"instock","11":"taxable","12":"shipping-taxable","13":"purchasable","14":"product-type-simple"},"composite_virtual":false,"composite_layout":"","composite_add_to_cart_form_location":"","composite_editable_in_cart":false,"composite_sold_individually_context":"","composite_shop_price_calc":"","composite_components":[],"composite_scenarios":[],"yoast_head":"<!-- This site is optimized with the Yoast SEO plugin v26.9 - https:\/\/yoast.com\/product\/yoast-seo-wordpress\/ -->\n<title>Reducer Sac L: gro\u00dfer Zelt Packsack von The Theory Works\u00ae<\/title>\n<meta name=\"description\" content=\"Der Reducer Stuff Sac ist leicht und stabil. Er ist so konstruiert, dass er die Packgr\u00f6\u00dfe eines Shelters minimiert.\" \/>\n<meta name=\"robots\" content=\"index, follow, max-snippet:-1, max-image-preview:large, max-video-preview:-1\" \/>\n<link rel=\"canonical\" href=\"https:\/\/www.thetheoryworks.com\/de\/produkt\/reducer-sac-l\/\" \/>\n<meta property=\"og:locale\" content=\"de_DE\" \/>\n<meta property=\"og:type\" content=\"article\" \/>\n<meta property=\"og:title\" content=\"Reducer Sac L: gro\u00dfer Zelt Packsack von The Theory Works\u00ae\" \/>\n<meta property=\"og:description\" content=\"Der Reducer Stuff Sac ist leicht und stabil. Er ist so konstruiert, dass er die Packgr\u00f6\u00dfe eines Shelters minimiert.\" \/>\n<meta property=\"og:url\" content=\"https:\/\/www.thetheoryworks.com\/de\/produkt\/reducer-sac-l\/\" \/>\n<meta property=\"og:site_name\" content=\"The Theory Works\u00ae\" \/>\n<meta property=\"article:modified_time\" content=\"2021-08-06T10:44:07+00:00\" \/>\n<meta property=\"og:image\" content=\"https:\/\/www.thetheoryworks.com\/wordpress\/wp-content\/uploads\/2014-Access-ReduSac-1.jpg\" \/>\n\t<meta property=\"og:image:width\" content=\"600\" \/>\n\t<meta property=\"og:image:height\" content=\"600\" \/>\n\t<meta property=\"og:image:type\" content=\"image\/jpeg\" \/>\n<meta name=\"twitter:label1\" content=\"Gesch\u00e4tzte Lesezeit\" \/>\n\t<meta name=\"twitter:data1\" content=\"1\u00a0Minute\" \/>\n<script type=\"application\/ld+json\" class=\"yoast-schema-graph\">{\"@context\":\"https:\/\/schema.org\",\"@graph\":[{\"@type\":\"WebPage\",\"@id\":\"https:\/\/www.thetheoryworks.com\/de\/produkt\/reducer-sac-l\/\",\"url\":\"https:\/\/www.thetheoryworks.com\/de\/produkt\/reducer-sac-l\/\",\"name\":\"Reducer Sac L: gro\u00dfer Zelt Packsack von The Theory Works\u00ae\",\"isPartOf\":{\"@id\":\"https:\/\/www.thetheoryworks.com\/de\/#website\"},\"primaryImageOfPage\":{\"@id\":\"https:\/\/www.thetheoryworks.com\/de\/produkt\/reducer-sac-l\/#primaryimage\"},\"image\":{\"@id\":\"https:\/\/www.thetheoryworks.com\/de\/produkt\/reducer-sac-l\/#primaryimage\"},\"thumbnailUrl\":\"https:\/\/www.thetheoryworks.com\/wordpress\/wp-content\/uploads\/2014-Access-ReduSac-1.jpg\",\"datePublished\":\"2013-06-30T20:25:19+00:00\",\"dateModified\":\"2021-08-06T10:44:07+00:00\",\"description\":\"Der Reducer Stuff Sac ist leicht und stabil. Er ist so konstruiert, dass er die Packgr\u00f6\u00dfe eines Shelters minimiert.\",\"breadcrumb\":{\"@id\":\"https:\/\/www.thetheoryworks.com\/de\/produkt\/reducer-sac-l\/#breadcrumb\"},\"inLanguage\":\"de\",\"potentialAction\":[{\"@type\":\"ReadAction\",\"target\":[\"https:\/\/www.thetheoryworks.com\/de\/produkt\/reducer-sac-l\/\"]}]},{\"@type\":\"ImageObject\",\"inLanguage\":\"de\",\"@id\":\"https:\/\/www.thetheoryworks.com\/de\/produkt\/reducer-sac-l\/#primaryimage\",\"url\":\"https:\/\/www.thetheoryworks.com\/wordpress\/wp-content\/uploads\/2014-Access-ReduSac-1.jpg\",\"contentUrl\":\"https:\/\/www.thetheoryworks.com\/wordpress\/wp-content\/uploads\/2014-Access-ReduSac-1.jpg\",\"width\":600,\"height\":600},{\"@type\":\"BreadcrumbList\",\"@id\":\"https:\/\/www.thetheoryworks.com\/de\/produkt\/reducer-sac-l\/#breadcrumb\",\"itemListElement\":[{\"@type\":\"ListItem\",\"position\":1,\"name\":\"Home\",\"item\":\"https:\/\/www.thetheoryworks.com\/de\/\"},{\"@type\":\"ListItem\",\"position\":2,\"name\":\"Shop\",\"item\":\"https:\/\/www.thetheoryworks.com\/de\/shop\/\"},{\"@type\":\"ListItem\",\"position\":3,\"name\":\"Reducer Sac L\"}]},{\"@type\":\"WebSite\",\"@id\":\"https:\/\/www.thetheoryworks.com\/de\/#website\",\"url\":\"https:\/\/www.thetheoryworks.com\/de\/\",\"name\":\"The Theory Works\u00ae\",\"description\":\"\",\"potentialAction\":[{\"@type\":\"SearchAction\",\"target\":{\"@type\":\"EntryPoint\",\"urlTemplate\":\"https:\/\/www.thetheoryworks.com\/de\/?s={search_term_string}\"},\"query-input\":{\"@type\":\"PropertyValueSpecification\",\"valueRequired\":true,\"valueName\":\"search_term_string\"}}],\"inLanguage\":\"de\"}]}<\/script>\n<!-- \/ Yoast SEO plugin. -->","yoast_head_json":{"title":"Reducer Sac L: gro\u00dfer Zelt Packsack von The Theory Works\u00ae","description":"Der Reducer Stuff Sac ist leicht und stabil. Er ist so konstruiert, dass er die Packgr\u00f6\u00dfe eines Shelters minimiert.","robots":{"index":"index","follow":"follow","max-snippet":"max-snippet:-1","max-image-preview":"max-image-preview:large","max-video-preview":"max-video-preview:-1"},"canonical":"https:\/\/www.thetheoryworks.com\/de\/produkt\/reducer-sac-l\/","og_locale":"de_DE","og_type":"article","og_title":"Reducer Sac L: gro\u00dfer Zelt Packsack von The Theory Works\u00ae","og_description":"Der Reducer Stuff Sac ist leicht und stabil. Er ist so konstruiert, dass er die Packgr\u00f6\u00dfe eines Shelters minimiert.","og_url":"https:\/\/www.thetheoryworks.com\/de\/produkt\/reducer-sac-l\/","og_site_name":"The Theory Works\u00ae","article_modified_time":"2021-08-06T10:44:07+00:00","og_image":[{"width":600,"height":600,"url":"https:\/\/www.thetheoryworks.com\/wordpress\/wp-content\/uploads\/2014-Access-ReduSac-1.jpg","type":"image\/jpeg"}],"twitter_misc":{"Gesch\u00e4tzte Lesezeit":"1\u00a0Minute"},"schema":{"@context":"https:\/\/schema.org","@graph":[{"@type":"WebPage","@id":"https:\/\/www.thetheoryworks.com\/de\/produkt\/reducer-sac-l\/","url":"https:\/\/www.thetheoryworks.com\/de\/produkt\/reducer-sac-l\/","name":"Reducer Sac L: gro\u00dfer Zelt Packsack von The Theory Works\u00ae","isPartOf":{"@id":"https:\/\/www.thetheoryworks.com\/de\/#website"},"primaryImageOfPage":{"@id":"https:\/\/www.thetheoryworks.com\/de\/produkt\/reducer-sac-l\/#primaryimage"},"image":{"@id":"https:\/\/www.thetheoryworks.com\/de\/produkt\/reducer-sac-l\/#primaryimage"},"thumbnailUrl":"https:\/\/www.thetheoryworks.com\/wordpress\/wp-content\/uploads\/2014-Access-ReduSac-1.jpg","datePublished":"2013-06-30T20:25:19+00:00","dateModified":"2021-08-06T10:44:07+00:00","description":"Der Reducer Stuff Sac ist leicht und stabil. Er ist so konstruiert, dass er die Packgr\u00f6\u00dfe eines Shelters minimiert.","breadcrumb":{"@id":"https:\/\/www.thetheoryworks.com\/de\/produkt\/reducer-sac-l\/#breadcrumb"},"inLanguage":"de","potentialAction":[{"@type":"ReadAction","target":["https:\/\/www.thetheoryworks.com\/de\/produkt\/reducer-sac-l\/"]}]},{"@type":"ImageObject","inLanguage":"de","@id":"https:\/\/www.thetheoryworks.com\/de\/produkt\/reducer-sac-l\/#primaryimage","url":"https:\/\/www.thetheoryworks.com\/wordpress\/wp-content\/uploads\/2014-Access-ReduSac-1.jpg","contentUrl":"https:\/\/www.thetheoryworks.com\/wordpress\/wp-content\/uploads\/2014-Access-ReduSac-1.jpg","width":600,"height":600},{"@type":"BreadcrumbList","@id":"https:\/\/www.thetheoryworks.com\/de\/produkt\/reducer-sac-l\/#breadcrumb","itemListElement":[{"@type":"ListItem","position":1,"name":"Home","item":"https:\/\/www.thetheoryworks.com\/de\/"},{"@type":"ListItem","position":2,"name":"Shop","item":"https:\/\/www.thetheoryworks.com\/de\/shop\/"},{"@type":"ListItem","position":3,"name":"Reducer Sac L"}]},{"@type":"WebSite","@id":"https:\/\/www.thetheoryworks.com\/de\/#website","url":"https:\/\/www.thetheoryworks.com\/de\/","name":"The Theory Works\u00ae","description":"","potentialAction":[{"@type":"SearchAction","target":{"@type":"EntryPoint","urlTemplate":"https:\/\/www.thetheoryworks.com\/de\/?s={search_term_string}"},"query-input":{"@type":"PropertyValueSpecification","valueRequired":true,"valueName":"search_term_string"}}],"inLanguage":"de"}]}},"_links":{"self":[{"href":"https:\/\/www.thetheoryworks.com\/de\/wp-json\/wp\/v2\/product\/1143","targetHints":{"allow":["GET"]}}],"collection":[{"href":"https:\/\/www.thetheoryworks.com\/de\/wp-json\/wp\/v2\/product"}],"about":[{"href":"https:\/\/www.thetheoryworks.com\/de\/wp-json\/wp\/v2\/types\/product"}],"replies":[{"embeddable":true,"href":"https:\/\/www.thetheoryworks.com\/de\/wp-json\/wp\/v2\/comments?post=1143"}],"wp:featuredmedia":[{"embeddable":true,"href":"https:\/\/www.thetheoryworks.com\/de\/wp-json\/wp\/v2\/media\/2395"}],"wp:attachment":[{"href":"https:\/\/www.thetheoryworks.com\/de\/wp-json\/wp\/v2\/media?parent=1143"}],"wp:term":[{"taxonomy":"product_brand","embeddable":true,"href":"https:\/\/www.thetheoryworks.com\/de\/wp-json\/wp\/v2\/product_brand?post=1143"},{"taxonomy":"product_cat","embeddable":true,"href":"https:\/\/www.thetheoryworks.com\/de\/wp-json\/wp\/v2\/product_cat?post=1143"},{"taxonomy":"product_tag","embeddable":true,"href":"https:\/\/www.thetheoryworks.com\/de\/wp-json\/wp\/v2\/product_tag?post=1143"}],"curies":[{"name":"wp","href":"https:\/\/api.w.org\/{rel}","templated":true}]}}