{"id":1144,"date":"2013-06-30T21:07:41","date_gmt":"2013-06-30T20:07:41","guid":{"rendered":"http:\/\/thetheoryworks.com\/product\/pole-union-2\/"},"modified":"2024-03-28T21:35:19","modified_gmt":"2024-03-28T20:35:19","slug":"pole-union","status":"publish","type":"product","link":"https:\/\/www.thetheoryworks.com\/de\/produkt\/pole-union\/","title":{"rendered":"Pole Union\u2122"},"content":{"rendered":"<p>Der\u00a0Pole Union\u2122 ist eine Trekkingstockverbindung. Wenn die beiden Trekkingst\u00f6cke verbunden sind, k\u00f6nnen sie den Shelter sicher aufrecht halten.<\/p>\n<p>Der\u00a0Pole Union\u2122 besteht aus zwei Taschen, in die die Griffe der Trekkingst\u00f6cke gesteckt werden. Die L\u00e4nge der St\u00f6cke k\u00f6nnen dann angepasst werden umd en Shelter aufzurichten.<\/p>\n<p>Dieses System erm\u00f6glicht die Benutzung des Shelters ohne einen separaten Stab, der mitgenommen\u00a0werden muss. Mit dem Pole Union\u2122 k\u00f6nnen die St\u00f6cke h\u00f6her gestreckt werden als ein einzelner Wanderstock und geben so mehr Raum im Shelter.<\/p>\n<p>Der Pole Union\u2122 ist auch so designt, dass die gr\u00f6\u00dfere der beiden Taschen\u00a0f\u00fcr\u00a0Heringe\u00a0benutzt werden kann. In der\u00a0kleineren Tasche kann das Insektennetz\u2122 verstaut werden.<\/p>\n<div id=\"squelch-taas-toggle-0\" class=\"squelch-taas-toggle squelch-taas-override\" data-speed=\"800\" data-active=\"\" data-theme=\"ttw\" ><h3 id=\"squelch-taas-header-0\" class=\"squelch-taas-toggle-shortcode-header\"><a href=\"#squelch-taas-toggle-shortcode-content-0\">Spezifikationen<\/a><\/h3><div id=\"squelch-taas-toggle-shortcode-content-0\" class=\"squelch-taas-toggle-shortcode-content squelch-taas-toggle-shortcode-content-0\">\n<h4>Beschreibung<\/h4>\n<ul>\n<li>Verbindet die beiden Teleskop-Trekkingst\u00f6cke um sie mit dem modularen Sheltersystem zu benutzen<\/li>\n<li>Dient auch als Packbeutel f\u00fcr Heringe<\/li>\n<\/ul>\n<h4>Hauptmaterial<\/h4>\n<p>210D Nylon mit Polyurethanbeschichtung<\/p>\n<h4>Gewicht<\/h4>\n<p>54 g<\/div>\n<h3 id=\"squelch-taas-header-1\" class=\"squelch-taas-toggle-shortcode-header\"><a href=\"#squelch-taas-toggle-shortcode-content-1\">Download<\/a><\/h3><div id=\"squelch-taas-toggle-shortcode-content-1\" class=\"squelch-taas-toggle-shortcode-content squelch-taas-toggle-shortcode-content-1\"><div class='w3eden'>\n    <div class=''>\n\n        \n        <div id=\"content_wpdm_package_1\">\n            <div class='row'><div class='col-lg-4 col-md-6 col-12'><!-- WPDM Link Template: Default Template -->\n\n<div class=\"link-template-default card mb-2\">\n    <div class=\"card-body\">\n        <div class=\"media\">\n            <div class=\"mr-3 img-48\"><img decoding=\"async\" class=\"wpdm_icon\" alt=\"Icon\"   src=\"https:\/\/www.thetheoryworks.com\/wordpress\/wp-content\/plugins\/download-manager\/assets\/file-type-icons\/file_extension_pdf.png\" \/><\/div>\n            <div class=\"media-body\">\n                <h3 class=\"package-title\"><a href='https:\/\/www.thetheoryworks.com\/de\/download\/specification-pole-union-en\/'>Specification: Pole Union (EN)<\/a><\/h3>\n                <div class=\"text-muted text-small\"><i class=\"fas fa-copy\"><\/i> 1 Datei(en) <i class=\"fas fa-hdd ml-3\"><\/i> 200.06 KB<\/div>\n            <\/div>\n            <div class=\"ml-3\">\n                <a class='wpdm-download-link download-on-click btn btn-primary btn-xs' rel='nofollow' href='#' data-downloadurl=\"https:\/\/www.thetheoryworks.com\/de\/download\/specification-pole-union-en\/?wpdmdl=2975&refresh=69eb7f5c808c11777041244\">Download<\/a>\n            <\/div>\n        <\/div>\n    <\/div>\n<\/div>\n\n<\/div><div class='col-lg-4 col-md-6 col-12'><!-- WPDM Link Template: Default Template -->\n\n<div class=\"link-template-default card mb-2\">\n    <div class=\"card-body\">\n        <div class=\"media\">\n            <div class=\"mr-3 img-48\"><img decoding=\"async\" class=\"wpdm_icon\" alt=\"Icon\"   src=\"https:\/\/www.thetheoryworks.com\/wordpress\/wp-content\/plugins\/download-manager\/assets\/file-type-icons\/file_extension_pdf.png\" \/><\/div>\n            <div class=\"media-body\">\n                <h3 class=\"package-title\"><a href='https:\/\/www.thetheoryworks.com\/de\/download\/spezifikation-pole-union-de\/'>Spezifikation: Pole Union (DE)<\/a><\/h3>\n                <div class=\"text-muted text-small\"><i class=\"fas fa-copy\"><\/i> 1 Datei(en) <i class=\"fas fa-hdd ml-3\"><\/i> 201.30 KB<\/div>\n            <\/div>\n            <div class=\"ml-3\">\n                <a class='wpdm-download-link download-on-click btn btn-primary btn-xs' rel='nofollow' href='#' data-downloadurl=\"https:\/\/www.thetheoryworks.com\/de\/download\/spezifikation-pole-union-de\/?wpdmdl=2976&refresh=69eb7f5ca19f31777041244\">Download<\/a>\n            <\/div>\n        <\/div>\n    <\/div>\n<\/div>\n\n<\/div><\/div>            <div style='clear:both'><\/div><div class='text-center'><ul class='pagination wpdm-pagination pagination-centered text-center'><\/ul><\/div><div style='clear:both'><\/div>        <\/div>\n\n        <div style='clear:both'><\/div>\n    <\/div>\n<\/div>\n<\/div><\/div>\n\n","protected":false},"excerpt":{"rendered":"<p>Der\u00a0Pole Union\u2122 ist eine Trekkingstockverbindung. Wenn die beiden Trekkingst\u00f6cke verbunden sind, k\u00f6nnen sie den Shelter sicher aufrecht halten. Der\u00a0Pole Union\u2122 besteht aus zwei Taschen, in die die Griffe der Trekkingst\u00f6cke gesteckt werden. Die L\u00e4nge der St\u00f6cke k\u00f6nnen dann angepasst werden umd en Shelter aufzurichten. Dieses System erm\u00f6glicht die Benutzung des Shelters ohne einen separaten Stab, [&hellip;]<\/p>\n","protected":false},"featured_media":2391,"comment_status":"closed","ping_status":"closed","template":"","meta":[],"product_brand":[],"product_cat":[85],"product_tag":[],"class_list":{"0":"post-1144","1":"product","2":"type-product","3":"status-publish","4":"has-post-thumbnail","6":"product_cat-einzelne-komponenten","8":"first","9":"instock","10":"taxable","11":"shipping-taxable","12":"purchasable","13":"product-type-simple"},"composite_virtual":false,"composite_layout":"","composite_add_to_cart_form_location":"","composite_editable_in_cart":false,"composite_sold_individually_context":"","composite_shop_price_calc":"","composite_components":[],"composite_scenarios":[],"yoast_head":"<!-- This site is optimized with the Yoast SEO plugin v26.9 - https:\/\/yoast.com\/product\/yoast-seo-wordpress\/ -->\n<title>Pole Union\u2122 Zeltstangenverbindung von The Theory Works\u00ae<\/title>\n<meta name=\"description\" content=\"Der Pole Union\u2122 Trekkingstockverbindung verbindet zwei Wanderst\u00f6cke an den Griffen, um sie als einen verl\u00e4ngerbaren Stab f\u00fcr den modularen Shelter zu benutzen.\" \/>\n<meta name=\"robots\" content=\"index, follow, max-snippet:-1, max-image-preview:large, max-video-preview:-1\" \/>\n<link rel=\"canonical\" href=\"https:\/\/www.thetheoryworks.com\/de\/produkt\/pole-union\/\" \/>\n<meta property=\"og:locale\" content=\"de_DE\" \/>\n<meta property=\"og:type\" content=\"article\" \/>\n<meta property=\"og:title\" content=\"Pole Union\u2122 Zeltstangenverbindung von The Theory Works\u00ae\" \/>\n<meta property=\"og:description\" content=\"Der Pole Union\u2122 Trekkingstockverbindung verbindet zwei Wanderst\u00f6cke an den Griffen, um sie als einen verl\u00e4ngerbaren Stab f\u00fcr den modularen Shelter zu benutzen.\" \/>\n<meta property=\"og:url\" content=\"https:\/\/www.thetheoryworks.com\/de\/produkt\/pole-union\/\" \/>\n<meta property=\"og:site_name\" content=\"The Theory Works\u00ae\" \/>\n<meta property=\"article:modified_time\" content=\"2024-03-28T20:35:19+00:00\" \/>\n<meta property=\"og:image\" content=\"https:\/\/www.thetheoryworks.com\/wordpress\/wp-content\/uploads\/2014-Access-PoleUnion-1.jpg\" \/>\n\t<meta property=\"og:image:width\" content=\"600\" \/>\n\t<meta property=\"og:image:height\" content=\"600\" \/>\n\t<meta property=\"og:image:type\" content=\"image\/jpeg\" \/>\n<meta name=\"twitter:label1\" content=\"Gesch\u00e4tzte Lesezeit\" \/>\n\t<meta name=\"twitter:data1\" content=\"1\u00a0Minute\" \/>\n<script type=\"application\/ld+json\" class=\"yoast-schema-graph\">{\"@context\":\"https:\/\/schema.org\",\"@graph\":[{\"@type\":\"WebPage\",\"@id\":\"https:\/\/www.thetheoryworks.com\/de\/produkt\/pole-union\/\",\"url\":\"https:\/\/www.thetheoryworks.com\/de\/produkt\/pole-union\/\",\"name\":\"Pole Union\u2122 Zeltstangenverbindung von The Theory Works\u00ae\",\"isPartOf\":{\"@id\":\"https:\/\/www.thetheoryworks.com\/de\/#website\"},\"primaryImageOfPage\":{\"@id\":\"https:\/\/www.thetheoryworks.com\/de\/produkt\/pole-union\/#primaryimage\"},\"image\":{\"@id\":\"https:\/\/www.thetheoryworks.com\/de\/produkt\/pole-union\/#primaryimage\"},\"thumbnailUrl\":\"https:\/\/www.thetheoryworks.com\/wordpress\/wp-content\/uploads\/2014-Access-PoleUnion-1.jpg\",\"datePublished\":\"2013-06-30T20:07:41+00:00\",\"dateModified\":\"2024-03-28T20:35:19+00:00\",\"description\":\"Der Pole Union\u2122 Trekkingstockverbindung verbindet zwei Wanderst\u00f6cke an den Griffen, um sie als einen verl\u00e4ngerbaren Stab f\u00fcr den modularen Shelter zu benutzen.\",\"breadcrumb\":{\"@id\":\"https:\/\/www.thetheoryworks.com\/de\/produkt\/pole-union\/#breadcrumb\"},\"inLanguage\":\"de\",\"potentialAction\":[{\"@type\":\"ReadAction\",\"target\":[\"https:\/\/www.thetheoryworks.com\/de\/produkt\/pole-union\/\"]}]},{\"@type\":\"ImageObject\",\"inLanguage\":\"de\",\"@id\":\"https:\/\/www.thetheoryworks.com\/de\/produkt\/pole-union\/#primaryimage\",\"url\":\"https:\/\/www.thetheoryworks.com\/wordpress\/wp-content\/uploads\/2014-Access-PoleUnion-1.jpg\",\"contentUrl\":\"https:\/\/www.thetheoryworks.com\/wordpress\/wp-content\/uploads\/2014-Access-PoleUnion-1.jpg\",\"width\":600,\"height\":600},{\"@type\":\"BreadcrumbList\",\"@id\":\"https:\/\/www.thetheoryworks.com\/de\/produkt\/pole-union\/#breadcrumb\",\"itemListElement\":[{\"@type\":\"ListItem\",\"position\":1,\"name\":\"Home\",\"item\":\"https:\/\/www.thetheoryworks.com\/de\/\"},{\"@type\":\"ListItem\",\"position\":2,\"name\":\"Shop\",\"item\":\"https:\/\/www.thetheoryworks.com\/de\/shop\/\"},{\"@type\":\"ListItem\",\"position\":3,\"name\":\"Pole Union\u2122\"}]},{\"@type\":\"WebSite\",\"@id\":\"https:\/\/www.thetheoryworks.com\/de\/#website\",\"url\":\"https:\/\/www.thetheoryworks.com\/de\/\",\"name\":\"The Theory Works\u00ae\",\"description\":\"\",\"potentialAction\":[{\"@type\":\"SearchAction\",\"target\":{\"@type\":\"EntryPoint\",\"urlTemplate\":\"https:\/\/www.thetheoryworks.com\/de\/?s={search_term_string}\"},\"query-input\":{\"@type\":\"PropertyValueSpecification\",\"valueRequired\":true,\"valueName\":\"search_term_string\"}}],\"inLanguage\":\"de\"}]}<\/script>\n<!-- \/ Yoast SEO plugin. -->","yoast_head_json":{"title":"Pole Union\u2122 Zeltstangenverbindung von The Theory Works\u00ae","description":"Der Pole Union\u2122 Trekkingstockverbindung verbindet zwei Wanderst\u00f6cke an den Griffen, um sie als einen verl\u00e4ngerbaren Stab f\u00fcr den modularen Shelter zu benutzen.","robots":{"index":"index","follow":"follow","max-snippet":"max-snippet:-1","max-image-preview":"max-image-preview:large","max-video-preview":"max-video-preview:-1"},"canonical":"https:\/\/www.thetheoryworks.com\/de\/produkt\/pole-union\/","og_locale":"de_DE","og_type":"article","og_title":"Pole Union\u2122 Zeltstangenverbindung von The Theory Works\u00ae","og_description":"Der Pole Union\u2122 Trekkingstockverbindung verbindet zwei Wanderst\u00f6cke an den Griffen, um sie als einen verl\u00e4ngerbaren Stab f\u00fcr den modularen Shelter zu benutzen.","og_url":"https:\/\/www.thetheoryworks.com\/de\/produkt\/pole-union\/","og_site_name":"The Theory Works\u00ae","article_modified_time":"2024-03-28T20:35:19+00:00","og_image":[{"width":600,"height":600,"url":"https:\/\/www.thetheoryworks.com\/wordpress\/wp-content\/uploads\/2014-Access-PoleUnion-1.jpg","type":"image\/jpeg"}],"twitter_misc":{"Gesch\u00e4tzte Lesezeit":"1\u00a0Minute"},"schema":{"@context":"https:\/\/schema.org","@graph":[{"@type":"WebPage","@id":"https:\/\/www.thetheoryworks.com\/de\/produkt\/pole-union\/","url":"https:\/\/www.thetheoryworks.com\/de\/produkt\/pole-union\/","name":"Pole Union\u2122 Zeltstangenverbindung von The Theory Works\u00ae","isPartOf":{"@id":"https:\/\/www.thetheoryworks.com\/de\/#website"},"primaryImageOfPage":{"@id":"https:\/\/www.thetheoryworks.com\/de\/produkt\/pole-union\/#primaryimage"},"image":{"@id":"https:\/\/www.thetheoryworks.com\/de\/produkt\/pole-union\/#primaryimage"},"thumbnailUrl":"https:\/\/www.thetheoryworks.com\/wordpress\/wp-content\/uploads\/2014-Access-PoleUnion-1.jpg","datePublished":"2013-06-30T20:07:41+00:00","dateModified":"2024-03-28T20:35:19+00:00","description":"Der Pole Union\u2122 Trekkingstockverbindung verbindet zwei Wanderst\u00f6cke an den Griffen, um sie als einen verl\u00e4ngerbaren Stab f\u00fcr den modularen Shelter zu benutzen.","breadcrumb":{"@id":"https:\/\/www.thetheoryworks.com\/de\/produkt\/pole-union\/#breadcrumb"},"inLanguage":"de","potentialAction":[{"@type":"ReadAction","target":["https:\/\/www.thetheoryworks.com\/de\/produkt\/pole-union\/"]}]},{"@type":"ImageObject","inLanguage":"de","@id":"https:\/\/www.thetheoryworks.com\/de\/produkt\/pole-union\/#primaryimage","url":"https:\/\/www.thetheoryworks.com\/wordpress\/wp-content\/uploads\/2014-Access-PoleUnion-1.jpg","contentUrl":"https:\/\/www.thetheoryworks.com\/wordpress\/wp-content\/uploads\/2014-Access-PoleUnion-1.jpg","width":600,"height":600},{"@type":"BreadcrumbList","@id":"https:\/\/www.thetheoryworks.com\/de\/produkt\/pole-union\/#breadcrumb","itemListElement":[{"@type":"ListItem","position":1,"name":"Home","item":"https:\/\/www.thetheoryworks.com\/de\/"},{"@type":"ListItem","position":2,"name":"Shop","item":"https:\/\/www.thetheoryworks.com\/de\/shop\/"},{"@type":"ListItem","position":3,"name":"Pole Union\u2122"}]},{"@type":"WebSite","@id":"https:\/\/www.thetheoryworks.com\/de\/#website","url":"https:\/\/www.thetheoryworks.com\/de\/","name":"The Theory Works\u00ae","description":"","potentialAction":[{"@type":"SearchAction","target":{"@type":"EntryPoint","urlTemplate":"https:\/\/www.thetheoryworks.com\/de\/?s={search_term_string}"},"query-input":{"@type":"PropertyValueSpecification","valueRequired":true,"valueName":"search_term_string"}}],"inLanguage":"de"}]}},"_links":{"self":[{"href":"https:\/\/www.thetheoryworks.com\/de\/wp-json\/wp\/v2\/product\/1144","targetHints":{"allow":["GET"]}}],"collection":[{"href":"https:\/\/www.thetheoryworks.com\/de\/wp-json\/wp\/v2\/product"}],"about":[{"href":"https:\/\/www.thetheoryworks.com\/de\/wp-json\/wp\/v2\/types\/product"}],"replies":[{"embeddable":true,"href":"https:\/\/www.thetheoryworks.com\/de\/wp-json\/wp\/v2\/comments?post=1144"}],"wp:featuredmedia":[{"embeddable":true,"href":"https:\/\/www.thetheoryworks.com\/de\/wp-json\/wp\/v2\/media\/2391"}],"wp:attachment":[{"href":"https:\/\/www.thetheoryworks.com\/de\/wp-json\/wp\/v2\/media?parent=1144"}],"wp:term":[{"taxonomy":"product_brand","embeddable":true,"href":"https:\/\/www.thetheoryworks.com\/de\/wp-json\/wp\/v2\/product_brand?post=1144"},{"taxonomy":"product_cat","embeddable":true,"href":"https:\/\/www.thetheoryworks.com\/de\/wp-json\/wp\/v2\/product_cat?post=1144"},{"taxonomy":"product_tag","embeddable":true,"href":"https:\/\/www.thetheoryworks.com\/de\/wp-json\/wp\/v2\/product_tag?post=1144"}],"curies":[{"name":"wp","href":"https:\/\/api.w.org\/{rel}","templated":true}]}}