{"id":1147,"date":"2013-06-30T20:56:19","date_gmt":"2013-06-30T19:56:19","guid":{"rendered":"http:\/\/thetheoryworks.com\/product\/groundfloor-5s-2\/"},"modified":"2020-09-01T00:06:14","modified_gmt":"2020-08-31T23:06:14","slug":"groundfloor-5s","status":"publish","type":"product","link":"https:\/\/www.thetheoryworks.com\/de\/produkt\/groundfloor-5s\/","title":{"rendered":"Groundfloor\u2122 5S"},"content":{"rendered":"<p>Der Groundfloor\u2122 ist ein kleiner Boden f\u00fcr das modulare Sheltersystem. \u00a0Es passt genau auf den f\u00fcnfseitigen Shelter. In der Mitte befindet sich eine \u00d6ffnung mit Zugkordel so dass der verl\u00e4ngerte Trekkingstock durch den Zeltboden in den Untergrund gesteckt werden kann.<\/p>\n<p>Der Zeltboden bietet nicht nur Wasserschutz, sondern erleichtert auch den Zeltaufbau. Groundfloors\u2122 sind so gestaltet, dass sie jedem Hering den genauen Punkt f\u00fcr einen guten Aufbau zeigen. Durch das Umschlagen einiger Ecken kann man weitere Ecken f\u00fcr Heringe\u00a0finden, die benutzt werden, wenn der ungleichm\u00e4ssig geformte Shelter aufgebaut werden soll (5:I). Der Groundfloor 5S kann auch mit einem ungleichm\u00e4ssigem Element gebaut werden (Triple Element).<\/p>\n<p>Wir verwenden 70 Denier Nylon, das\u00a0eine gute Kombination aus\u00a0leichtem Gewicht und geringer Abnutzung darstellt.\u00a0\u00a0Nach dem Weben\u00a0wurde eine PU Beschichtung aufgetragen, die eine minimale Wasserresidenz von 10,000 mm hydrostatische Wassers\u00e4ule.<\/p>\n<div id=\"squelch-taas-toggle-0\" class=\"squelch-taas-toggle squelch-taas-override\" data-speed=\"800\" data-active=\"\" data-theme=\"ttw\" ><h3 id=\"squelch-taas-header-0\" class=\"squelch-taas-toggle-shortcode-header\"><a href=\"#squelch-taas-toggle-shortcode-content-0\">Spezifikationen<\/a><\/h3><div id=\"squelch-taas-toggle-shortcode-content-0\" class=\"squelch-taas-toggle-shortcode-content squelch-taas-toggle-shortcode-content-0\">\n<h4>Beschreibung<\/h4>\n<ul>\n<li>Boden f\u00fcr das modulare Sheltersystem, passend f\u00fcr offene oder geschlossene Shelter<\/li>\n<li>Optimiert f\u00fcr die 5:I und 5:R Shelter<\/li>\n<li>Mittige \u00d6ffnung mit Kordel und Verschluss f\u00fcr den Trekkingstock<\/li>\n<\/ul>\n<h4>Material<\/h4>\n<p>70D Nylon mit mindestens 10.000 mm Wassers\u00e4ule Polyurethanbeschichtung. Hei\u00dfluftversiegelung.<\/p>\n<h4>Gewicht<\/h4>\n<p>472 g<\/div>\n<h3 id=\"squelch-taas-header-1\" class=\"squelch-taas-toggle-shortcode-header\"><a href=\"#squelch-taas-toggle-shortcode-content-1\">Download<\/a><\/h3><div id=\"squelch-taas-toggle-shortcode-content-1\" class=\"squelch-taas-toggle-shortcode-content squelch-taas-toggle-shortcode-content-1\"><div class='w3eden'>\n    <div class=''>\n\n        \n        <div id=\"content_wpdm_package_1\">\n            <div class='row'><div class='col-lg-4 col-md-6 col-12'><!-- WPDM Link Template: Default Template -->\n\n<div class=\"link-template-default card mb-2\">\n    <div class=\"card-body\">\n        <div class=\"media\">\n            <div class=\"mr-3 img-48\"><img decoding=\"async\" class=\"wpdm_icon\" alt=\"Icon\"   src=\"https:\/\/www.thetheoryworks.com\/wordpress\/wp-content\/plugins\/download-manager\/assets\/file-type-icons\/file_extension_pdf.png\" \/><\/div>\n            <div class=\"media-body\">\n                <h3 class=\"package-title\"><a href='https:\/\/www.thetheoryworks.com\/de\/download\/specification-groundfloor-5s-en\/'>Specification: Groundfloor 5S (EN)<\/a><\/h3>\n                <div class=\"text-muted text-small\"><i class=\"fas fa-copy\"><\/i> 1 Datei(en) <i class=\"fas fa-hdd ml-3\"><\/i> 128.08 KB<\/div>\n            <\/div>\n            <div class=\"ml-3\">\n                <a class='wpdm-download-link download-on-click btn btn-primary btn-xs' rel='nofollow' href='#' data-downloadurl=\"https:\/\/www.thetheoryworks.com\/de\/download\/specification-groundfloor-5s-en\/?wpdmdl=3006&refresh=69ea8861318731776978017\">Download<\/a>\n            <\/div>\n        <\/div>\n    <\/div>\n<\/div>\n\n<\/div><div class='col-lg-4 col-md-6 col-12'><!-- WPDM Link Template: Default Template -->\n\n<div class=\"link-template-default card mb-2\">\n    <div class=\"card-body\">\n        <div class=\"media\">\n            <div class=\"mr-3 img-48\"><img decoding=\"async\" class=\"wpdm_icon\" alt=\"Icon\"   src=\"https:\/\/www.thetheoryworks.com\/wordpress\/wp-content\/plugins\/download-manager\/assets\/file-type-icons\/file_extension_pdf.png\" \/><\/div>\n            <div class=\"media-body\">\n                <h3 class=\"package-title\"><a href='https:\/\/www.thetheoryworks.com\/de\/download\/spezifikation-groundfloor-5s-de\/'>Spezifikation: Groundfloor 5S (DE)<\/a><\/h3>\n                <div class=\"text-muted text-small\"><i class=\"fas fa-copy\"><\/i> 1 Datei(en) <i class=\"fas fa-hdd ml-3\"><\/i> 129.55 KB<\/div>\n            <\/div>\n            <div class=\"ml-3\">\n                <a class='wpdm-download-link download-on-click btn btn-primary btn-xs' rel='nofollow' href='#' data-downloadurl=\"https:\/\/www.thetheoryworks.com\/de\/download\/spezifikation-groundfloor-5s-de\/?wpdmdl=3007&refresh=69ea88613ef0d1776978017\">Download<\/a>\n            <\/div>\n        <\/div>\n    <\/div>\n<\/div>\n\n<\/div><\/div>            <div style='clear:both'><\/div><div class='text-center'><ul class='pagination wpdm-pagination pagination-centered text-center'><\/ul><\/div><div style='clear:both'><\/div>        <\/div>\n\n        <div style='clear:both'><\/div>\n    <\/div>\n<\/div>\n<\/div><\/div>\n\n","protected":false},"excerpt":{"rendered":"<p>Der Groundfloor\u2122 ist ein kleiner Boden f\u00fcr das modulare Sheltersystem. \u00a0Es passt genau auf den f\u00fcnfseitigen Shelter. In der Mitte befindet sich eine \u00d6ffnung mit Zugkordel so dass der verl\u00e4ngerte Trekkingstock durch den Zeltboden in den Untergrund gesteckt werden kann. Der Zeltboden bietet nicht nur Wasserschutz, sondern erleichtert auch den Zeltaufbau. Groundfloors\u2122 sind so gestaltet, [&hellip;]<\/p>\n","protected":false},"featured_media":2387,"comment_status":"closed","ping_status":"closed","template":"","meta":[],"product_brand":[],"product_cat":[85],"product_tag":[],"class_list":{"0":"post-1147","1":"product","2":"type-product","3":"status-publish","4":"has-post-thumbnail","6":"product_cat-einzelne-komponenten","8":"first","9":"instock","10":"taxable","11":"shipping-taxable","12":"purchasable","13":"product-type-simple"},"composite_virtual":false,"composite_layout":"","composite_add_to_cart_form_location":"","composite_editable_in_cart":false,"composite_sold_individually_context":"","composite_shop_price_calc":"","composite_components":[],"composite_scenarios":[],"yoast_head":"<!-- This site is optimized with the Yoast SEO plugin v26.9 - https:\/\/yoast.com\/product\/yoast-seo-wordpress\/ -->\n<title>Groundfloor\u2122 5S - kleiner Zeltboden von The Theory Works\u00ae<\/title>\n<meta name=\"description\" content=\"Der Groundfloor\u2122 5S ist ein kleiner Boden f\u00fcr einen f\u00fcnf-seitigen modularen Shelter. Er besitzt eine sich schlie\u00dfende \u00d6ffnung in der Mitte. Es gibt zelt\u00e4hnlichen Schutz und Komfort.\" \/>\n<meta name=\"robots\" content=\"index, follow, max-snippet:-1, max-image-preview:large, max-video-preview:-1\" \/>\n<link rel=\"canonical\" href=\"https:\/\/www.thetheoryworks.com\/de\/produkt\/groundfloor-5s\/\" \/>\n<meta property=\"og:locale\" content=\"de_DE\" \/>\n<meta property=\"og:type\" content=\"article\" \/>\n<meta property=\"og:title\" content=\"Groundfloor\u2122 5S - kleiner Zeltboden von The Theory Works\u00ae\" \/>\n<meta property=\"og:description\" content=\"Der Groundfloor\u2122 5S ist ein kleiner Boden f\u00fcr einen f\u00fcnf-seitigen modularen Shelter. Er besitzt eine sich schlie\u00dfende \u00d6ffnung in der Mitte. Es gibt zelt\u00e4hnlichen Schutz und Komfort.\" \/>\n<meta property=\"og:url\" content=\"https:\/\/www.thetheoryworks.com\/de\/produkt\/groundfloor-5s\/\" \/>\n<meta property=\"og:site_name\" content=\"The Theory Works\u00ae\" \/>\n<meta property=\"article:modified_time\" content=\"2020-08-31T23:06:14+00:00\" \/>\n<meta property=\"og:image\" content=\"https:\/\/www.thetheoryworks.com\/wordpress\/wp-content\/uploads\/2014-Access-GrFloor-1.jpg\" \/>\n\t<meta property=\"og:image:width\" content=\"600\" \/>\n\t<meta property=\"og:image:height\" content=\"600\" \/>\n\t<meta property=\"og:image:type\" content=\"image\/jpeg\" \/>\n<meta name=\"twitter:label1\" content=\"Gesch\u00e4tzte Lesezeit\" \/>\n\t<meta name=\"twitter:data1\" content=\"1\u00a0Minute\" \/>\n<script type=\"application\/ld+json\" class=\"yoast-schema-graph\">{\"@context\":\"https:\/\/schema.org\",\"@graph\":[{\"@type\":\"WebPage\",\"@id\":\"https:\/\/www.thetheoryworks.com\/de\/produkt\/groundfloor-5s\/\",\"url\":\"https:\/\/www.thetheoryworks.com\/de\/produkt\/groundfloor-5s\/\",\"name\":\"Groundfloor\u2122 5S - kleiner Zeltboden von The Theory Works\u00ae\",\"isPartOf\":{\"@id\":\"https:\/\/www.thetheoryworks.com\/de\/#website\"},\"primaryImageOfPage\":{\"@id\":\"https:\/\/www.thetheoryworks.com\/de\/produkt\/groundfloor-5s\/#primaryimage\"},\"image\":{\"@id\":\"https:\/\/www.thetheoryworks.com\/de\/produkt\/groundfloor-5s\/#primaryimage\"},\"thumbnailUrl\":\"https:\/\/www.thetheoryworks.com\/wordpress\/wp-content\/uploads\/2014-Access-GrFloor-1.jpg\",\"datePublished\":\"2013-06-30T19:56:19+00:00\",\"dateModified\":\"2020-08-31T23:06:14+00:00\",\"description\":\"Der Groundfloor\u2122 5S ist ein kleiner Boden f\u00fcr einen f\u00fcnf-seitigen modularen Shelter. Er besitzt eine sich schlie\u00dfende \u00d6ffnung in der Mitte. Es gibt zelt\u00e4hnlichen Schutz und Komfort.\",\"breadcrumb\":{\"@id\":\"https:\/\/www.thetheoryworks.com\/de\/produkt\/groundfloor-5s\/#breadcrumb\"},\"inLanguage\":\"de\",\"potentialAction\":[{\"@type\":\"ReadAction\",\"target\":[\"https:\/\/www.thetheoryworks.com\/de\/produkt\/groundfloor-5s\/\"]}]},{\"@type\":\"ImageObject\",\"inLanguage\":\"de\",\"@id\":\"https:\/\/www.thetheoryworks.com\/de\/produkt\/groundfloor-5s\/#primaryimage\",\"url\":\"https:\/\/www.thetheoryworks.com\/wordpress\/wp-content\/uploads\/2014-Access-GrFloor-1.jpg\",\"contentUrl\":\"https:\/\/www.thetheoryworks.com\/wordpress\/wp-content\/uploads\/2014-Access-GrFloor-1.jpg\",\"width\":600,\"height\":600},{\"@type\":\"BreadcrumbList\",\"@id\":\"https:\/\/www.thetheoryworks.com\/de\/produkt\/groundfloor-5s\/#breadcrumb\",\"itemListElement\":[{\"@type\":\"ListItem\",\"position\":1,\"name\":\"Home\",\"item\":\"https:\/\/www.thetheoryworks.com\/de\/\"},{\"@type\":\"ListItem\",\"position\":2,\"name\":\"Shop\",\"item\":\"https:\/\/www.thetheoryworks.com\/de\/shop\/\"},{\"@type\":\"ListItem\",\"position\":3,\"name\":\"Groundfloor\u2122 5S\"}]},{\"@type\":\"WebSite\",\"@id\":\"https:\/\/www.thetheoryworks.com\/de\/#website\",\"url\":\"https:\/\/www.thetheoryworks.com\/de\/\",\"name\":\"The Theory Works\u00ae\",\"description\":\"\",\"potentialAction\":[{\"@type\":\"SearchAction\",\"target\":{\"@type\":\"EntryPoint\",\"urlTemplate\":\"https:\/\/www.thetheoryworks.com\/de\/?s={search_term_string}\"},\"query-input\":{\"@type\":\"PropertyValueSpecification\",\"valueRequired\":true,\"valueName\":\"search_term_string\"}}],\"inLanguage\":\"de\"}]}<\/script>\n<!-- \/ Yoast SEO plugin. -->","yoast_head_json":{"title":"Groundfloor\u2122 5S - kleiner Zeltboden von The Theory Works\u00ae","description":"Der Groundfloor\u2122 5S ist ein kleiner Boden f\u00fcr einen f\u00fcnf-seitigen modularen Shelter. Er besitzt eine sich schlie\u00dfende \u00d6ffnung in der Mitte. Es gibt zelt\u00e4hnlichen Schutz und Komfort.","robots":{"index":"index","follow":"follow","max-snippet":"max-snippet:-1","max-image-preview":"max-image-preview:large","max-video-preview":"max-video-preview:-1"},"canonical":"https:\/\/www.thetheoryworks.com\/de\/produkt\/groundfloor-5s\/","og_locale":"de_DE","og_type":"article","og_title":"Groundfloor\u2122 5S - kleiner Zeltboden von The Theory Works\u00ae","og_description":"Der Groundfloor\u2122 5S ist ein kleiner Boden f\u00fcr einen f\u00fcnf-seitigen modularen Shelter. Er besitzt eine sich schlie\u00dfende \u00d6ffnung in der Mitte. Es gibt zelt\u00e4hnlichen Schutz und Komfort.","og_url":"https:\/\/www.thetheoryworks.com\/de\/produkt\/groundfloor-5s\/","og_site_name":"The Theory Works\u00ae","article_modified_time":"2020-08-31T23:06:14+00:00","og_image":[{"width":600,"height":600,"url":"https:\/\/www.thetheoryworks.com\/wordpress\/wp-content\/uploads\/2014-Access-GrFloor-1.jpg","type":"image\/jpeg"}],"twitter_misc":{"Gesch\u00e4tzte Lesezeit":"1\u00a0Minute"},"schema":{"@context":"https:\/\/schema.org","@graph":[{"@type":"WebPage","@id":"https:\/\/www.thetheoryworks.com\/de\/produkt\/groundfloor-5s\/","url":"https:\/\/www.thetheoryworks.com\/de\/produkt\/groundfloor-5s\/","name":"Groundfloor\u2122 5S - kleiner Zeltboden von The Theory Works\u00ae","isPartOf":{"@id":"https:\/\/www.thetheoryworks.com\/de\/#website"},"primaryImageOfPage":{"@id":"https:\/\/www.thetheoryworks.com\/de\/produkt\/groundfloor-5s\/#primaryimage"},"image":{"@id":"https:\/\/www.thetheoryworks.com\/de\/produkt\/groundfloor-5s\/#primaryimage"},"thumbnailUrl":"https:\/\/www.thetheoryworks.com\/wordpress\/wp-content\/uploads\/2014-Access-GrFloor-1.jpg","datePublished":"2013-06-30T19:56:19+00:00","dateModified":"2020-08-31T23:06:14+00:00","description":"Der Groundfloor\u2122 5S ist ein kleiner Boden f\u00fcr einen f\u00fcnf-seitigen modularen Shelter. Er besitzt eine sich schlie\u00dfende \u00d6ffnung in der Mitte. Es gibt zelt\u00e4hnlichen Schutz und Komfort.","breadcrumb":{"@id":"https:\/\/www.thetheoryworks.com\/de\/produkt\/groundfloor-5s\/#breadcrumb"},"inLanguage":"de","potentialAction":[{"@type":"ReadAction","target":["https:\/\/www.thetheoryworks.com\/de\/produkt\/groundfloor-5s\/"]}]},{"@type":"ImageObject","inLanguage":"de","@id":"https:\/\/www.thetheoryworks.com\/de\/produkt\/groundfloor-5s\/#primaryimage","url":"https:\/\/www.thetheoryworks.com\/wordpress\/wp-content\/uploads\/2014-Access-GrFloor-1.jpg","contentUrl":"https:\/\/www.thetheoryworks.com\/wordpress\/wp-content\/uploads\/2014-Access-GrFloor-1.jpg","width":600,"height":600},{"@type":"BreadcrumbList","@id":"https:\/\/www.thetheoryworks.com\/de\/produkt\/groundfloor-5s\/#breadcrumb","itemListElement":[{"@type":"ListItem","position":1,"name":"Home","item":"https:\/\/www.thetheoryworks.com\/de\/"},{"@type":"ListItem","position":2,"name":"Shop","item":"https:\/\/www.thetheoryworks.com\/de\/shop\/"},{"@type":"ListItem","position":3,"name":"Groundfloor\u2122 5S"}]},{"@type":"WebSite","@id":"https:\/\/www.thetheoryworks.com\/de\/#website","url":"https:\/\/www.thetheoryworks.com\/de\/","name":"The Theory Works\u00ae","description":"","potentialAction":[{"@type":"SearchAction","target":{"@type":"EntryPoint","urlTemplate":"https:\/\/www.thetheoryworks.com\/de\/?s={search_term_string}"},"query-input":{"@type":"PropertyValueSpecification","valueRequired":true,"valueName":"search_term_string"}}],"inLanguage":"de"}]}},"_links":{"self":[{"href":"https:\/\/www.thetheoryworks.com\/de\/wp-json\/wp\/v2\/product\/1147","targetHints":{"allow":["GET"]}}],"collection":[{"href":"https:\/\/www.thetheoryworks.com\/de\/wp-json\/wp\/v2\/product"}],"about":[{"href":"https:\/\/www.thetheoryworks.com\/de\/wp-json\/wp\/v2\/types\/product"}],"replies":[{"embeddable":true,"href":"https:\/\/www.thetheoryworks.com\/de\/wp-json\/wp\/v2\/comments?post=1147"}],"wp:featuredmedia":[{"embeddable":true,"href":"https:\/\/www.thetheoryworks.com\/de\/wp-json\/wp\/v2\/media\/2387"}],"wp:attachment":[{"href":"https:\/\/www.thetheoryworks.com\/de\/wp-json\/wp\/v2\/media?parent=1147"}],"wp:term":[{"taxonomy":"product_brand","embeddable":true,"href":"https:\/\/www.thetheoryworks.com\/de\/wp-json\/wp\/v2\/product_brand?post=1147"},{"taxonomy":"product_cat","embeddable":true,"href":"https:\/\/www.thetheoryworks.com\/de\/wp-json\/wp\/v2\/product_cat?post=1147"},{"taxonomy":"product_tag","embeddable":true,"href":"https:\/\/www.thetheoryworks.com\/de\/wp-json\/wp\/v2\/product_tag?post=1147"}],"curies":[{"name":"wp","href":"https:\/\/api.w.org\/{rel}","templated":true}]}}