{"id":1149,"date":"2013-06-30T20:00:54","date_gmt":"2013-06-30T19:00:54","guid":{"rendered":"http:\/\/thetheoryworks.com\/product\/y-peg-al-12-195-2\/"},"modified":"2024-07-11T08:09:09","modified_gmt":"2024-07-11T07:09:09","slug":"y-peg-al-12-195","status":"publish","type":"product","link":"https:\/\/www.thetheoryworks.com\/de\/produkt\/y-peg-al-12-195\/","title":{"rendered":"Y Hering Al\/12\/195"},"content":{"rendered":"<p>Y Heringe sind leicht und dabei stabil. Durch ihre symmetrische Form haben sie eine relativ weite Form und eine sehr gute Biegeresistenz. Diese Aluminium Y Zeltheringe sind allseitig bearbeitet damit sich die Schnur nicht l\u00f6st.<\/p>\n<p> Die Heringe werden mit vorgeknoteten retro-reflektiver Schnur geliefert. So kann man sie leichter finden und auch einfacher aus dem Boden ziehen.\u00a0<\/p>\n<p>Woher kommt der Name? &#8222;Al&#8220; steht f\u00fcr Aluminium, 12 ist die Breite in Millimeter im Boden und die L\u00e4nge betr\u00e4gt 195 Millimeter.\u00a0<\/p>\n","protected":false},"excerpt":{"rendered":"<p>Y Heringe sind leicht und dabei stabil. Durch ihre symmetrische Form haben sie eine relativ weite Form und eine sehr gute Biegeresistenz. Diese Aluminium Y Zeltheringe sind allseitig bearbeitet damit sich die Schnur nicht l\u00f6st. Die Heringe werden mit vorgeknoteten retro-reflektiver Schnur geliefert. So kann man sie leichter finden und auch einfacher aus dem Boden [&hellip;]<\/p>\n","protected":false},"featured_media":2405,"comment_status":"closed","ping_status":"closed","template":"","meta":[],"product_brand":[],"product_cat":[81],"product_tag":[],"class_list":{"0":"post-1149","1":"product","2":"type-product","3":"status-publish","4":"has-post-thumbnail","6":"product_cat-heringe","8":"first","9":"instock","10":"taxable","11":"shipping-taxable","12":"purchasable","13":"product-type-simple"},"composite_virtual":false,"composite_layout":"","composite_add_to_cart_form_location":"","composite_editable_in_cart":false,"composite_sold_individually_context":"","composite_shop_price_calc":"","composite_components":[],"composite_scenarios":[],"yoast_head":"<!-- This site is optimized with the Yoast SEO plugin v26.9 - https:\/\/yoast.com\/product\/yoast-seo-wordpress\/ -->\n<title>Aluminium Y Zeltheringe von The Theory Works\u00ae<\/title>\n<meta name=\"description\" content=\"Der Y Hering Al\/12\/195 von The Theory Works\u00ae ist leicht und platzsparend. Y Zeltheringe sind leicht und gleichzeitig sehr stabil. Perfekt for light weight camping\" \/>\n<meta name=\"robots\" content=\"index, follow, max-snippet:-1, max-image-preview:large, max-video-preview:-1\" \/>\n<link rel=\"canonical\" href=\"https:\/\/www.thetheoryworks.com\/de\/produkt\/y-peg-al-12-195\/\" \/>\n<meta property=\"og:locale\" content=\"de_DE\" \/>\n<meta property=\"og:type\" content=\"article\" \/>\n<meta property=\"og:title\" content=\"Aluminium Y Zeltheringe von The Theory Works\u00ae\" \/>\n<meta property=\"og:description\" content=\"Der Y Hering Al\/12\/195 von The Theory Works\u00ae ist leicht und platzsparend. Y Zeltheringe sind leicht und gleichzeitig sehr stabil. Perfekt for light weight camping\" \/>\n<meta property=\"og:url\" content=\"https:\/\/www.thetheoryworks.com\/de\/produkt\/y-peg-al-12-195\/\" \/>\n<meta property=\"og:site_name\" content=\"The Theory Works\u00ae\" \/>\n<meta property=\"article:modified_time\" content=\"2024-07-11T07:09:09+00:00\" \/>\n<meta property=\"og:image\" content=\"https:\/\/www.thetheoryworks.com\/wordpress\/wp-content\/uploads\/2014-Peg-YAl12195-1.jpg\" \/>\n\t<meta property=\"og:image:width\" content=\"600\" \/>\n\t<meta property=\"og:image:height\" content=\"600\" \/>\n\t<meta property=\"og:image:type\" content=\"image\/jpeg\" \/>\n<script type=\"application\/ld+json\" class=\"yoast-schema-graph\">{\"@context\":\"https:\/\/schema.org\",\"@graph\":[{\"@type\":\"WebPage\",\"@id\":\"https:\/\/www.thetheoryworks.com\/de\/produkt\/y-peg-al-12-195\/\",\"url\":\"https:\/\/www.thetheoryworks.com\/de\/produkt\/y-peg-al-12-195\/\",\"name\":\"Aluminium Y Zeltheringe von The Theory Works\u00ae\",\"isPartOf\":{\"@id\":\"https:\/\/www.thetheoryworks.com\/de\/#website\"},\"primaryImageOfPage\":{\"@id\":\"https:\/\/www.thetheoryworks.com\/de\/produkt\/y-peg-al-12-195\/#primaryimage\"},\"image\":{\"@id\":\"https:\/\/www.thetheoryworks.com\/de\/produkt\/y-peg-al-12-195\/#primaryimage\"},\"thumbnailUrl\":\"https:\/\/www.thetheoryworks.com\/wordpress\/wp-content\/uploads\/2014-Peg-YAl12195-1.jpg\",\"datePublished\":\"2013-06-30T19:00:54+00:00\",\"dateModified\":\"2024-07-11T07:09:09+00:00\",\"description\":\"Der Y Hering Al\/12\/195 von The Theory Works\u00ae ist leicht und platzsparend. Y Zeltheringe sind leicht und gleichzeitig sehr stabil. Perfekt for light weight camping\",\"breadcrumb\":{\"@id\":\"https:\/\/www.thetheoryworks.com\/de\/produkt\/y-peg-al-12-195\/#breadcrumb\"},\"inLanguage\":\"de\",\"potentialAction\":[{\"@type\":\"ReadAction\",\"target\":[\"https:\/\/www.thetheoryworks.com\/de\/produkt\/y-peg-al-12-195\/\"]}]},{\"@type\":\"ImageObject\",\"inLanguage\":\"de\",\"@id\":\"https:\/\/www.thetheoryworks.com\/de\/produkt\/y-peg-al-12-195\/#primaryimage\",\"url\":\"https:\/\/www.thetheoryworks.com\/wordpress\/wp-content\/uploads\/2014-Peg-YAl12195-1.jpg\",\"contentUrl\":\"https:\/\/www.thetheoryworks.com\/wordpress\/wp-content\/uploads\/2014-Peg-YAl12195-1.jpg\",\"width\":600,\"height\":600},{\"@type\":\"BreadcrumbList\",\"@id\":\"https:\/\/www.thetheoryworks.com\/de\/produkt\/y-peg-al-12-195\/#breadcrumb\",\"itemListElement\":[{\"@type\":\"ListItem\",\"position\":1,\"name\":\"Home\",\"item\":\"https:\/\/www.thetheoryworks.com\/de\/\"},{\"@type\":\"ListItem\",\"position\":2,\"name\":\"Shop\",\"item\":\"https:\/\/www.thetheoryworks.com\/de\/shop\/\"},{\"@type\":\"ListItem\",\"position\":3,\"name\":\"Y Hering Al\/12\/195\"}]},{\"@type\":\"WebSite\",\"@id\":\"https:\/\/www.thetheoryworks.com\/de\/#website\",\"url\":\"https:\/\/www.thetheoryworks.com\/de\/\",\"name\":\"The Theory Works\u00ae\",\"description\":\"\",\"potentialAction\":[{\"@type\":\"SearchAction\",\"target\":{\"@type\":\"EntryPoint\",\"urlTemplate\":\"https:\/\/www.thetheoryworks.com\/de\/?s={search_term_string}\"},\"query-input\":{\"@type\":\"PropertyValueSpecification\",\"valueRequired\":true,\"valueName\":\"search_term_string\"}}],\"inLanguage\":\"de\"}]}<\/script>\n<!-- \/ Yoast SEO plugin. -->","yoast_head_json":{"title":"Aluminium Y Zeltheringe von The Theory Works\u00ae","description":"Der Y Hering Al\/12\/195 von The Theory Works\u00ae ist leicht und platzsparend. Y Zeltheringe sind leicht und gleichzeitig sehr stabil. Perfekt for light weight camping","robots":{"index":"index","follow":"follow","max-snippet":"max-snippet:-1","max-image-preview":"max-image-preview:large","max-video-preview":"max-video-preview:-1"},"canonical":"https:\/\/www.thetheoryworks.com\/de\/produkt\/y-peg-al-12-195\/","og_locale":"de_DE","og_type":"article","og_title":"Aluminium Y Zeltheringe von The Theory Works\u00ae","og_description":"Der Y Hering Al\/12\/195 von The Theory Works\u00ae ist leicht und platzsparend. Y Zeltheringe sind leicht und gleichzeitig sehr stabil. Perfekt for light weight camping","og_url":"https:\/\/www.thetheoryworks.com\/de\/produkt\/y-peg-al-12-195\/","og_site_name":"The Theory Works\u00ae","article_modified_time":"2024-07-11T07:09:09+00:00","og_image":[{"width":600,"height":600,"url":"https:\/\/www.thetheoryworks.com\/wordpress\/wp-content\/uploads\/2014-Peg-YAl12195-1.jpg","type":"image\/jpeg"}],"schema":{"@context":"https:\/\/schema.org","@graph":[{"@type":"WebPage","@id":"https:\/\/www.thetheoryworks.com\/de\/produkt\/y-peg-al-12-195\/","url":"https:\/\/www.thetheoryworks.com\/de\/produkt\/y-peg-al-12-195\/","name":"Aluminium Y Zeltheringe von The Theory Works\u00ae","isPartOf":{"@id":"https:\/\/www.thetheoryworks.com\/de\/#website"},"primaryImageOfPage":{"@id":"https:\/\/www.thetheoryworks.com\/de\/produkt\/y-peg-al-12-195\/#primaryimage"},"image":{"@id":"https:\/\/www.thetheoryworks.com\/de\/produkt\/y-peg-al-12-195\/#primaryimage"},"thumbnailUrl":"https:\/\/www.thetheoryworks.com\/wordpress\/wp-content\/uploads\/2014-Peg-YAl12195-1.jpg","datePublished":"2013-06-30T19:00:54+00:00","dateModified":"2024-07-11T07:09:09+00:00","description":"Der Y Hering Al\/12\/195 von The Theory Works\u00ae ist leicht und platzsparend. Y Zeltheringe sind leicht und gleichzeitig sehr stabil. Perfekt for light weight camping","breadcrumb":{"@id":"https:\/\/www.thetheoryworks.com\/de\/produkt\/y-peg-al-12-195\/#breadcrumb"},"inLanguage":"de","potentialAction":[{"@type":"ReadAction","target":["https:\/\/www.thetheoryworks.com\/de\/produkt\/y-peg-al-12-195\/"]}]},{"@type":"ImageObject","inLanguage":"de","@id":"https:\/\/www.thetheoryworks.com\/de\/produkt\/y-peg-al-12-195\/#primaryimage","url":"https:\/\/www.thetheoryworks.com\/wordpress\/wp-content\/uploads\/2014-Peg-YAl12195-1.jpg","contentUrl":"https:\/\/www.thetheoryworks.com\/wordpress\/wp-content\/uploads\/2014-Peg-YAl12195-1.jpg","width":600,"height":600},{"@type":"BreadcrumbList","@id":"https:\/\/www.thetheoryworks.com\/de\/produkt\/y-peg-al-12-195\/#breadcrumb","itemListElement":[{"@type":"ListItem","position":1,"name":"Home","item":"https:\/\/www.thetheoryworks.com\/de\/"},{"@type":"ListItem","position":2,"name":"Shop","item":"https:\/\/www.thetheoryworks.com\/de\/shop\/"},{"@type":"ListItem","position":3,"name":"Y Hering Al\/12\/195"}]},{"@type":"WebSite","@id":"https:\/\/www.thetheoryworks.com\/de\/#website","url":"https:\/\/www.thetheoryworks.com\/de\/","name":"The Theory Works\u00ae","description":"","potentialAction":[{"@type":"SearchAction","target":{"@type":"EntryPoint","urlTemplate":"https:\/\/www.thetheoryworks.com\/de\/?s={search_term_string}"},"query-input":{"@type":"PropertyValueSpecification","valueRequired":true,"valueName":"search_term_string"}}],"inLanguage":"de"}]}},"_links":{"self":[{"href":"https:\/\/www.thetheoryworks.com\/de\/wp-json\/wp\/v2\/product\/1149","targetHints":{"allow":["GET"]}}],"collection":[{"href":"https:\/\/www.thetheoryworks.com\/de\/wp-json\/wp\/v2\/product"}],"about":[{"href":"https:\/\/www.thetheoryworks.com\/de\/wp-json\/wp\/v2\/types\/product"}],"replies":[{"embeddable":true,"href":"https:\/\/www.thetheoryworks.com\/de\/wp-json\/wp\/v2\/comments?post=1149"}],"wp:featuredmedia":[{"embeddable":true,"href":"https:\/\/www.thetheoryworks.com\/de\/wp-json\/wp\/v2\/media\/2405"}],"wp:attachment":[{"href":"https:\/\/www.thetheoryworks.com\/de\/wp-json\/wp\/v2\/media?parent=1149"}],"wp:term":[{"taxonomy":"product_brand","embeddable":true,"href":"https:\/\/www.thetheoryworks.com\/de\/wp-json\/wp\/v2\/product_brand?post=1149"},{"taxonomy":"product_cat","embeddable":true,"href":"https:\/\/www.thetheoryworks.com\/de\/wp-json\/wp\/v2\/product_cat?post=1149"},{"taxonomy":"product_tag","embeddable":true,"href":"https:\/\/www.thetheoryworks.com\/de\/wp-json\/wp\/v2\/product_tag?post=1149"}],"curies":[{"name":"wp","href":"https:\/\/api.w.org\/{rel}","templated":true}]}}