{"id":1150,"date":"2013-06-27T21:16:54","date_gmt":"2013-06-27T20:16:54","guid":{"rendered":"http:\/\/thetheoryworks.com\/product\/wire-peg-al-6-180-2\/"},"modified":"2024-07-11T08:09:09","modified_gmt":"2024-07-11T07:09:09","slug":"wire-peg-al-6-180","status":"publish","type":"product","link":"https:\/\/www.thetheoryworks.com\/de\/produkt\/wire-peg-al-6-180\/","title":{"rendered":"Drahthering Al\/6\/180"},"content":{"rendered":"<p>Drahtheringe sehen einfach aus, aber sie erf\u00fcllen ihren Job ziemlich gut. Ihre Einfachheit machen sie auch sehr kosteneffektiv.<\/p>\n<p>Diese Aluminiumheringe haben einen Haken am oberen Ende, wodurch sie einfach in den Boden zu stecken und herauszuziehen sind und so auch die Sturmabspannleine oder Schlingen\u00a0halten.\u00a0<\/p>\n<p>Wieso dieser Name? Wir benutzen &#8222;Al&#8220; f\u00fcr Aluminium, 6 ist die Weite in Millimetern wenn der Hering im Boden steckt und 180 ist die L\u00e4nge in Millimetern.\u00a0<\/p>\n","protected":false},"excerpt":{"rendered":"<p>Drahtheringe sehen einfach aus, aber sie erf\u00fcllen ihren Job ziemlich gut. Ihre Einfachheit machen sie auch sehr kosteneffektiv. Diese Aluminiumheringe haben einen Haken am oberen Ende, wodurch sie einfach in den Boden zu stecken und herauszuziehen sind und so auch die Sturmabspannleine oder Schlingen\u00a0halten.\u00a0 Wieso dieser Name? Wir benutzen &#8222;Al&#8220; f\u00fcr Aluminium, 6 ist die [&hellip;]<\/p>\n","protected":false},"featured_media":2403,"comment_status":"closed","ping_status":"closed","template":"","meta":[],"product_brand":[],"product_cat":[81],"product_tag":[],"class_list":{"0":"post-1150","1":"product","2":"type-product","3":"status-publish","4":"has-post-thumbnail","6":"product_cat-heringe","8":"first","9":"instock","10":"taxable","11":"shipping-taxable","12":"purchasable","13":"product-type-simple"},"composite_virtual":false,"composite_layout":"","composite_add_to_cart_form_location":"","composite_editable_in_cart":false,"composite_sold_individually_context":"","composite_shop_price_calc":"","composite_components":[],"composite_scenarios":[],"yoast_head":"<!-- This site is optimized with the Yoast SEO plugin v26.9 - https:\/\/yoast.com\/product\/yoast-seo-wordpress\/ -->\n<title>Aluminium Drahtheringe von The Theory Works\u00ae<\/title>\n<meta name=\"description\" content=\"Der Aluminium Drahthering Al\/6\/180 from The Theory Works\u00ae ist preisg\u00fcnstig und vielseitig. Drahtheringe sind perfekt f\u00fcr eine viele unterschiedliche B\u00f6den.\" \/>\n<meta name=\"robots\" content=\"index, follow, max-snippet:-1, max-image-preview:large, max-video-preview:-1\" \/>\n<link rel=\"canonical\" href=\"https:\/\/www.thetheoryworks.com\/de\/produkt\/wire-peg-al-6-180\/\" \/>\n<meta property=\"og:locale\" content=\"de_DE\" \/>\n<meta property=\"og:type\" content=\"article\" \/>\n<meta property=\"og:title\" content=\"Aluminium Drahtheringe von The Theory Works\u00ae\" \/>\n<meta property=\"og:description\" content=\"Der Aluminium Drahthering Al\/6\/180 from The Theory Works\u00ae ist preisg\u00fcnstig und vielseitig. Drahtheringe sind perfekt f\u00fcr eine viele unterschiedliche B\u00f6den.\" \/>\n<meta property=\"og:url\" content=\"https:\/\/www.thetheoryworks.com\/de\/produkt\/wire-peg-al-6-180\/\" \/>\n<meta property=\"og:site_name\" content=\"The Theory Works\u00ae\" \/>\n<meta property=\"article:modified_time\" content=\"2024-07-11T07:09:09+00:00\" \/>\n<meta property=\"og:image\" content=\"https:\/\/www.thetheoryworks.com\/wordpress\/wp-content\/uploads\/2014-Peg-WireAl6180-1.jpg\" \/>\n\t<meta property=\"og:image:width\" content=\"600\" \/>\n\t<meta property=\"og:image:height\" content=\"600\" \/>\n\t<meta property=\"og:image:type\" content=\"image\/jpeg\" \/>\n<script type=\"application\/ld+json\" class=\"yoast-schema-graph\">{\"@context\":\"https:\/\/schema.org\",\"@graph\":[{\"@type\":\"WebPage\",\"@id\":\"https:\/\/www.thetheoryworks.com\/de\/produkt\/wire-peg-al-6-180\/\",\"url\":\"https:\/\/www.thetheoryworks.com\/de\/produkt\/wire-peg-al-6-180\/\",\"name\":\"Aluminium Drahtheringe von The Theory Works\u00ae\",\"isPartOf\":{\"@id\":\"https:\/\/www.thetheoryworks.com\/de\/#website\"},\"primaryImageOfPage\":{\"@id\":\"https:\/\/www.thetheoryworks.com\/de\/produkt\/wire-peg-al-6-180\/#primaryimage\"},\"image\":{\"@id\":\"https:\/\/www.thetheoryworks.com\/de\/produkt\/wire-peg-al-6-180\/#primaryimage\"},\"thumbnailUrl\":\"https:\/\/www.thetheoryworks.com\/wordpress\/wp-content\/uploads\/2014-Peg-WireAl6180-1.jpg\",\"datePublished\":\"2013-06-27T20:16:54+00:00\",\"dateModified\":\"2024-07-11T07:09:09+00:00\",\"description\":\"Der Aluminium Drahthering Al\/6\/180 from The Theory Works\u00ae ist preisg\u00fcnstig und vielseitig. Drahtheringe sind perfekt f\u00fcr eine viele unterschiedliche B\u00f6den.\",\"breadcrumb\":{\"@id\":\"https:\/\/www.thetheoryworks.com\/de\/produkt\/wire-peg-al-6-180\/#breadcrumb\"},\"inLanguage\":\"de\",\"potentialAction\":[{\"@type\":\"ReadAction\",\"target\":[\"https:\/\/www.thetheoryworks.com\/de\/produkt\/wire-peg-al-6-180\/\"]}]},{\"@type\":\"ImageObject\",\"inLanguage\":\"de\",\"@id\":\"https:\/\/www.thetheoryworks.com\/de\/produkt\/wire-peg-al-6-180\/#primaryimage\",\"url\":\"https:\/\/www.thetheoryworks.com\/wordpress\/wp-content\/uploads\/2014-Peg-WireAl6180-1.jpg\",\"contentUrl\":\"https:\/\/www.thetheoryworks.com\/wordpress\/wp-content\/uploads\/2014-Peg-WireAl6180-1.jpg\",\"width\":600,\"height\":600},{\"@type\":\"BreadcrumbList\",\"@id\":\"https:\/\/www.thetheoryworks.com\/de\/produkt\/wire-peg-al-6-180\/#breadcrumb\",\"itemListElement\":[{\"@type\":\"ListItem\",\"position\":1,\"name\":\"Home\",\"item\":\"https:\/\/www.thetheoryworks.com\/de\/\"},{\"@type\":\"ListItem\",\"position\":2,\"name\":\"Shop\",\"item\":\"https:\/\/www.thetheoryworks.com\/de\/shop\/\"},{\"@type\":\"ListItem\",\"position\":3,\"name\":\"Drahthering Al\/6\/180\"}]},{\"@type\":\"WebSite\",\"@id\":\"https:\/\/www.thetheoryworks.com\/de\/#website\",\"url\":\"https:\/\/www.thetheoryworks.com\/de\/\",\"name\":\"The Theory Works\u00ae\",\"description\":\"\",\"potentialAction\":[{\"@type\":\"SearchAction\",\"target\":{\"@type\":\"EntryPoint\",\"urlTemplate\":\"https:\/\/www.thetheoryworks.com\/de\/?s={search_term_string}\"},\"query-input\":{\"@type\":\"PropertyValueSpecification\",\"valueRequired\":true,\"valueName\":\"search_term_string\"}}],\"inLanguage\":\"de\"}]}<\/script>\n<!-- \/ Yoast SEO plugin. -->","yoast_head_json":{"title":"Aluminium Drahtheringe von The Theory Works\u00ae","description":"Der Aluminium Drahthering Al\/6\/180 from The Theory Works\u00ae ist preisg\u00fcnstig und vielseitig. Drahtheringe sind perfekt f\u00fcr eine viele unterschiedliche B\u00f6den.","robots":{"index":"index","follow":"follow","max-snippet":"max-snippet:-1","max-image-preview":"max-image-preview:large","max-video-preview":"max-video-preview:-1"},"canonical":"https:\/\/www.thetheoryworks.com\/de\/produkt\/wire-peg-al-6-180\/","og_locale":"de_DE","og_type":"article","og_title":"Aluminium Drahtheringe von The Theory Works\u00ae","og_description":"Der Aluminium Drahthering Al\/6\/180 from The Theory Works\u00ae ist preisg\u00fcnstig und vielseitig. Drahtheringe sind perfekt f\u00fcr eine viele unterschiedliche B\u00f6den.","og_url":"https:\/\/www.thetheoryworks.com\/de\/produkt\/wire-peg-al-6-180\/","og_site_name":"The Theory Works\u00ae","article_modified_time":"2024-07-11T07:09:09+00:00","og_image":[{"width":600,"height":600,"url":"https:\/\/www.thetheoryworks.com\/wordpress\/wp-content\/uploads\/2014-Peg-WireAl6180-1.jpg","type":"image\/jpeg"}],"schema":{"@context":"https:\/\/schema.org","@graph":[{"@type":"WebPage","@id":"https:\/\/www.thetheoryworks.com\/de\/produkt\/wire-peg-al-6-180\/","url":"https:\/\/www.thetheoryworks.com\/de\/produkt\/wire-peg-al-6-180\/","name":"Aluminium Drahtheringe von The Theory Works\u00ae","isPartOf":{"@id":"https:\/\/www.thetheoryworks.com\/de\/#website"},"primaryImageOfPage":{"@id":"https:\/\/www.thetheoryworks.com\/de\/produkt\/wire-peg-al-6-180\/#primaryimage"},"image":{"@id":"https:\/\/www.thetheoryworks.com\/de\/produkt\/wire-peg-al-6-180\/#primaryimage"},"thumbnailUrl":"https:\/\/www.thetheoryworks.com\/wordpress\/wp-content\/uploads\/2014-Peg-WireAl6180-1.jpg","datePublished":"2013-06-27T20:16:54+00:00","dateModified":"2024-07-11T07:09:09+00:00","description":"Der Aluminium Drahthering Al\/6\/180 from The Theory Works\u00ae ist preisg\u00fcnstig und vielseitig. Drahtheringe sind perfekt f\u00fcr eine viele unterschiedliche B\u00f6den.","breadcrumb":{"@id":"https:\/\/www.thetheoryworks.com\/de\/produkt\/wire-peg-al-6-180\/#breadcrumb"},"inLanguage":"de","potentialAction":[{"@type":"ReadAction","target":["https:\/\/www.thetheoryworks.com\/de\/produkt\/wire-peg-al-6-180\/"]}]},{"@type":"ImageObject","inLanguage":"de","@id":"https:\/\/www.thetheoryworks.com\/de\/produkt\/wire-peg-al-6-180\/#primaryimage","url":"https:\/\/www.thetheoryworks.com\/wordpress\/wp-content\/uploads\/2014-Peg-WireAl6180-1.jpg","contentUrl":"https:\/\/www.thetheoryworks.com\/wordpress\/wp-content\/uploads\/2014-Peg-WireAl6180-1.jpg","width":600,"height":600},{"@type":"BreadcrumbList","@id":"https:\/\/www.thetheoryworks.com\/de\/produkt\/wire-peg-al-6-180\/#breadcrumb","itemListElement":[{"@type":"ListItem","position":1,"name":"Home","item":"https:\/\/www.thetheoryworks.com\/de\/"},{"@type":"ListItem","position":2,"name":"Shop","item":"https:\/\/www.thetheoryworks.com\/de\/shop\/"},{"@type":"ListItem","position":3,"name":"Drahthering Al\/6\/180"}]},{"@type":"WebSite","@id":"https:\/\/www.thetheoryworks.com\/de\/#website","url":"https:\/\/www.thetheoryworks.com\/de\/","name":"The Theory Works\u00ae","description":"","potentialAction":[{"@type":"SearchAction","target":{"@type":"EntryPoint","urlTemplate":"https:\/\/www.thetheoryworks.com\/de\/?s={search_term_string}"},"query-input":{"@type":"PropertyValueSpecification","valueRequired":true,"valueName":"search_term_string"}}],"inLanguage":"de"}]}},"_links":{"self":[{"href":"https:\/\/www.thetheoryworks.com\/de\/wp-json\/wp\/v2\/product\/1150","targetHints":{"allow":["GET"]}}],"collection":[{"href":"https:\/\/www.thetheoryworks.com\/de\/wp-json\/wp\/v2\/product"}],"about":[{"href":"https:\/\/www.thetheoryworks.com\/de\/wp-json\/wp\/v2\/types\/product"}],"replies":[{"embeddable":true,"href":"https:\/\/www.thetheoryworks.com\/de\/wp-json\/wp\/v2\/comments?post=1150"}],"wp:featuredmedia":[{"embeddable":true,"href":"https:\/\/www.thetheoryworks.com\/de\/wp-json\/wp\/v2\/media\/2403"}],"wp:attachment":[{"href":"https:\/\/www.thetheoryworks.com\/de\/wp-json\/wp\/v2\/media?parent=1150"}],"wp:term":[{"taxonomy":"product_brand","embeddable":true,"href":"https:\/\/www.thetheoryworks.com\/de\/wp-json\/wp\/v2\/product_brand?post=1150"},{"taxonomy":"product_cat","embeddable":true,"href":"https:\/\/www.thetheoryworks.com\/de\/wp-json\/wp\/v2\/product_cat?post=1150"},{"taxonomy":"product_tag","embeddable":true,"href":"https:\/\/www.thetheoryworks.com\/de\/wp-json\/wp\/v2\/product_tag?post=1150"}],"curies":[{"name":"wp","href":"https:\/\/api.w.org\/{rel}","templated":true}]}}