{"id":1151,"date":"2013-06-27T20:06:20","date_gmt":"2013-06-27T19:06:20","guid":{"rendered":"http:\/\/thetheoryworks.com\/product\/triple-i-element-2\/"},"modified":"2021-01-19T23:44:33","modified_gmt":"2021-01-19T22:44:33","slug":"triple-i-element","status":"publish","type":"product","link":"https:\/\/www.thetheoryworks.com\/de\/produkt\/triple-i-element\/","title":{"rendered":"Triple:I Element"},"content":{"rendered":"<p>Das Triple:I Element macht drei Seiten eines modularen Shelters aus. Aus Triple Elementen l\u00e4\u00dft sich ein ungleichf\u00f6rmiger Shelter bauen \u2013 die Seiten sind k\u00fcrzer als die der gleichf\u00f6rmigen Elemente. Bei der Verwendung von Triple Elementen erh\u00e4lt man Zwischengr\u00f6\u00dfen der gleichm\u00e4\u00dfig geformten Shelter, die platzeffizienter sein k\u00f6nnen.<\/p>\n<p>Das Triple:I Element hat einen Rei\u00dfverschluss an den beiden Dachbereich-Seiten. Durch diese k\u00f6nnen Elemente verbunden werden. Die Rei\u00dfversch\u00fcsse k\u00f6nnen auch als Ein- und Ausg\u00e4nge genutzt werden.\u00a0Das Triple:I Element besteht ebenfalls aus Seitenw\u00e4nden, die mit angrenzenden Elementen durch Klettverschl\u00fcsse zusammengef\u00fcgt werden k\u00f6nnen. Die Seitenw\u00e4nde enthalten der Stabilit\u00e4t dienende St\u00e4be, die entfernt werden k\u00f6nnen.<\/p>\n<p>Durch die Verwendung der Seitenw\u00e4nde in unterschiedlichen Konfigurationen kann ein Shelter auf vier verschiedene Arten,\u00a0je nach lokalen Bedingungen und Wetterverh\u00e4ltnissen, aufgebaut werden.<\/p>\n<p>Das Triple:I Element umfasst eine regendichte Ventilations\u00f6ffnung mit Insektennetz. Der Ventilations\u00f6ffner kann bei Bedarf zur Gewichtsminimierung entfernt werden.<\/p>\n<div id=\"squelch-taas-toggle-0\" class=\"squelch-taas-toggle squelch-taas-override\" data-speed=\"800\" data-active=\"\" data-theme=\"ttw\" ><h3 id=\"squelch-taas-header-0\" class=\"squelch-taas-toggle-shortcode-header\"><a href=\"#squelch-taas-toggle-shortcode-content-0\">Spezifikationen<\/a><\/h3><div id=\"squelch-taas-toggle-shortcode-content-0\" class=\"squelch-taas-toggle-shortcode-content squelch-taas-toggle-shortcode-content-0\">\n<h4>Beschreibung<\/h4>\n<ul>\n<li>Element mit drei Seiten f\u00fcr das modulare Sheltersystem<\/li>\n<li>Kann mit anderen Elementen durch einen Rei\u00dfverschluss verbunden werden, um einen offenen oder geschlossenen Shelter zu errichten<\/li>\n<li>Unregelm\u00e4\u00dfige Form f\u00fcr einen kleineren und leichteren geschlossenen Shelter mit gleichbleibendem Kopfraum<\/li>\n<li>Gleichm\u00e4\u00dfige Form<\/li>\n<\/ul>\n<h4>Hauptmaterial<\/h4>\n<p>40D Ripstop Nylon, beidseitig silikonbeschichtet, mindestens 2.000 mm Wassers\u00e4ule <\/p>\n<h4>Verst\u00e4rkendesMaterial<\/h4>\n<p>Hypalon<\/p>\n<h4>Gewicht<\/h4>\n<p>664 g (inklusive Ventilations\u00f6ffner und Seitenwandst\u00e4be)<\/p>\n<h4>Mitgeliefertes Zubeh\u00f6r<\/h4>\n<p>Ventilations\u00f6ffner, 9g<br \/>\n3x Seitenwandst\u00e4be, je 18g<\/div>\n<h3 id=\"squelch-taas-header-1\" class=\"squelch-taas-toggle-shortcode-header\"><a href=\"#squelch-taas-toggle-shortcode-content-1\">Download<\/a><\/h3><div id=\"squelch-taas-toggle-shortcode-content-1\" class=\"squelch-taas-toggle-shortcode-content squelch-taas-toggle-shortcode-content-1\"><div class='w3eden'>\n    <div class=''>\n\n        \n        <div id=\"content_wpdm_package_1\">\n            <div class='row'><div class='col-lg-4 col-md-6 col-12'><!-- WPDM Link Template: Default Template -->\n\n<div class=\"link-template-default card mb-2\">\n    <div class=\"card-body\">\n        <div class=\"media\">\n            <div class=\"mr-3 img-48\"><img decoding=\"async\" class=\"wpdm_icon\" alt=\"Icon\"   src=\"https:\/\/www.thetheoryworks.com\/wordpress\/wp-content\/plugins\/download-manager\/assets\/file-type-icons\/file_extension_pdf.png\" \/><\/div>\n            <div class=\"media-body\">\n                <h3 class=\"package-title\"><a href='https:\/\/www.thetheoryworks.com\/de\/download\/specification-triplei-element-en\/'>Specification: Triple:I Element (EN)<\/a><\/h3>\n                <div class=\"text-muted text-small\"><i class=\"fas fa-copy\"><\/i> 1 Datei(en) <i class=\"fas fa-hdd ml-3\"><\/i> 169.52 KB<\/div>\n            <\/div>\n            <div class=\"ml-3\">\n                <a class='wpdm-download-link download-on-click btn btn-primary btn-xs' rel='nofollow' href='#' data-downloadurl=\"https:\/\/www.thetheoryworks.com\/de\/download\/specification-triplei-element-en\/?wpdmdl=2973&refresh=69f5b55a853361777710426\">Download<\/a>\n            <\/div>\n        <\/div>\n    <\/div>\n<\/div>\n\n<\/div><div class='col-lg-4 col-md-6 col-12'><!-- WPDM Link Template: Default Template -->\n\n<div class=\"link-template-default card mb-2\">\n    <div class=\"card-body\">\n        <div class=\"media\">\n            <div class=\"mr-3 img-48\"><img decoding=\"async\" class=\"wpdm_icon\" alt=\"Icon\"   src=\"https:\/\/www.thetheoryworks.com\/wordpress\/wp-content\/plugins\/download-manager\/assets\/file-type-icons\/file_extension_pdf.png\" \/><\/div>\n            <div class=\"media-body\">\n                <h3 class=\"package-title\"><a href='https:\/\/www.thetheoryworks.com\/de\/download\/spezifikation-triplei-element-de\/'>Spezifikation: Triple:I Element (DE)<\/a><\/h3>\n                <div class=\"text-muted text-small\"><i class=\"fas fa-copy\"><\/i> 1 Datei(en) <i class=\"fas fa-hdd ml-3\"><\/i> 170.86 KB<\/div>\n            <\/div>\n            <div class=\"ml-3\">\n                <a class='wpdm-download-link download-on-click btn btn-primary btn-xs' rel='nofollow' href='#' data-downloadurl=\"https:\/\/www.thetheoryworks.com\/de\/download\/spezifikation-triplei-element-de\/?wpdmdl=2974&refresh=69f5b55a913e91777710426\">Download<\/a>\n            <\/div>\n        <\/div>\n    <\/div>\n<\/div>\n\n<\/div><\/div>            <div style='clear:both'><\/div><div class='text-center'><ul class='pagination wpdm-pagination pagination-centered text-center'><\/ul><\/div><div style='clear:both'><\/div>        <\/div>\n\n        <div style='clear:both'><\/div>\n    <\/div>\n<\/div>\n<\/div><\/div>\n\n","protected":false},"excerpt":{"rendered":"<p>Das Triple:I Element macht drei Seiten eines modularen Shelters aus. Aus Triple Elementen l\u00e4\u00dft sich ein ungleichf\u00f6rmiger Shelter bauen \u2013 die Seiten sind k\u00fcrzer als die der gleichf\u00f6rmigen Elemente. Bei der Verwendung von Triple Elementen erh\u00e4lt man Zwischengr\u00f6\u00dfen der gleichm\u00e4\u00dfig geformten Shelter, die platzeffizienter sein k\u00f6nnen. Das Triple:I Element hat einen Rei\u00dfverschluss an den beiden [&hellip;]<\/p>\n","protected":false},"featured_media":2401,"comment_status":"closed","ping_status":"closed","template":"","meta":[],"product_brand":[],"product_cat":[85],"product_tag":[],"class_list":{"0":"post-1151","1":"product","2":"type-product","3":"status-publish","4":"has-post-thumbnail","6":"product_cat-einzelne-komponenten","8":"first","9":"instock","10":"taxable","11":"shipping-taxable","12":"purchasable","13":"product-type-simple"},"composite_virtual":false,"composite_layout":"","composite_add_to_cart_form_location":"","composite_editable_in_cart":false,"composite_sold_individually_context":"","composite_shop_price_calc":"","composite_components":[],"composite_scenarios":[],"yoast_head":"<!-- This site is optimized with the Yoast SEO plugin v26.9 - https:\/\/yoast.com\/product\/yoast-seo-wordpress\/ -->\n<title>Triple Element \u2013 drei Seiten eines modularen Shelters - The Theory Works\u00ae<\/title>\n<meta name=\"description\" content=\"Ein Triple Element macht drei Seiten eines modularen Shelters aus. Eine Vielzahl von Sheltern k\u00f6nnen mit Triple Elementen und anderen Komponenten von The Theory Works\u00ae erstellt werden.\" \/>\n<meta name=\"robots\" content=\"index, follow, max-snippet:-1, max-image-preview:large, max-video-preview:-1\" \/>\n<link rel=\"canonical\" href=\"https:\/\/www.thetheoryworks.com\/de\/produkt\/triple-i-element\/\" \/>\n<meta property=\"og:locale\" content=\"de_DE\" \/>\n<meta property=\"og:type\" content=\"article\" \/>\n<meta property=\"og:title\" content=\"Triple Element \u2013 drei Seiten eines modularen Shelters - The Theory Works\u00ae\" \/>\n<meta property=\"og:description\" content=\"Ein Triple Element macht drei Seiten eines modularen Shelters aus. Eine Vielzahl von Sheltern k\u00f6nnen mit Triple Elementen und anderen Komponenten von The Theory Works\u00ae erstellt werden.\" \/>\n<meta property=\"og:url\" content=\"https:\/\/www.thetheoryworks.com\/de\/produkt\/triple-i-element\/\" \/>\n<meta property=\"og:site_name\" content=\"The Theory Works\u00ae\" \/>\n<meta property=\"article:modified_time\" content=\"2021-01-19T22:44:33+00:00\" \/>\n<meta property=\"og:image\" content=\"https:\/\/www.thetheoryworks.com\/wordpress\/wp-content\/uploads\/2014-Element-TripleI-1.jpg\" \/>\n\t<meta property=\"og:image:width\" content=\"600\" \/>\n\t<meta property=\"og:image:height\" content=\"600\" \/>\n\t<meta property=\"og:image:type\" content=\"image\/jpeg\" \/>\n<meta name=\"twitter:label1\" content=\"Gesch\u00e4tzte Lesezeit\" \/>\n\t<meta name=\"twitter:data1\" content=\"1\u00a0Minute\" \/>\n<script type=\"application\/ld+json\" class=\"yoast-schema-graph\">{\"@context\":\"https:\/\/schema.org\",\"@graph\":[{\"@type\":\"WebPage\",\"@id\":\"https:\/\/www.thetheoryworks.com\/de\/produkt\/triple-i-element\/\",\"url\":\"https:\/\/www.thetheoryworks.com\/de\/produkt\/triple-i-element\/\",\"name\":\"Triple Element \u2013 drei Seiten eines modularen Shelters - The Theory Works\u00ae\",\"isPartOf\":{\"@id\":\"https:\/\/www.thetheoryworks.com\/de\/#website\"},\"primaryImageOfPage\":{\"@id\":\"https:\/\/www.thetheoryworks.com\/de\/produkt\/triple-i-element\/#primaryimage\"},\"image\":{\"@id\":\"https:\/\/www.thetheoryworks.com\/de\/produkt\/triple-i-element\/#primaryimage\"},\"thumbnailUrl\":\"https:\/\/www.thetheoryworks.com\/wordpress\/wp-content\/uploads\/2014-Element-TripleI-1.jpg\",\"datePublished\":\"2013-06-27T19:06:20+00:00\",\"dateModified\":\"2021-01-19T22:44:33+00:00\",\"description\":\"Ein Triple Element macht drei Seiten eines modularen Shelters aus. Eine Vielzahl von Sheltern k\u00f6nnen mit Triple Elementen und anderen Komponenten von The Theory Works\u00ae erstellt werden.\",\"breadcrumb\":{\"@id\":\"https:\/\/www.thetheoryworks.com\/de\/produkt\/triple-i-element\/#breadcrumb\"},\"inLanguage\":\"de\",\"potentialAction\":[{\"@type\":\"ReadAction\",\"target\":[\"https:\/\/www.thetheoryworks.com\/de\/produkt\/triple-i-element\/\"]}]},{\"@type\":\"ImageObject\",\"inLanguage\":\"de\",\"@id\":\"https:\/\/www.thetheoryworks.com\/de\/produkt\/triple-i-element\/#primaryimage\",\"url\":\"https:\/\/www.thetheoryworks.com\/wordpress\/wp-content\/uploads\/2014-Element-TripleI-1.jpg\",\"contentUrl\":\"https:\/\/www.thetheoryworks.com\/wordpress\/wp-content\/uploads\/2014-Element-TripleI-1.jpg\",\"width\":600,\"height\":600},{\"@type\":\"BreadcrumbList\",\"@id\":\"https:\/\/www.thetheoryworks.com\/de\/produkt\/triple-i-element\/#breadcrumb\",\"itemListElement\":[{\"@type\":\"ListItem\",\"position\":1,\"name\":\"Home\",\"item\":\"https:\/\/www.thetheoryworks.com\/de\/\"},{\"@type\":\"ListItem\",\"position\":2,\"name\":\"Shop\",\"item\":\"https:\/\/www.thetheoryworks.com\/de\/shop\/\"},{\"@type\":\"ListItem\",\"position\":3,\"name\":\"Triple:I Element\"}]},{\"@type\":\"WebSite\",\"@id\":\"https:\/\/www.thetheoryworks.com\/de\/#website\",\"url\":\"https:\/\/www.thetheoryworks.com\/de\/\",\"name\":\"The Theory Works\u00ae\",\"description\":\"\",\"potentialAction\":[{\"@type\":\"SearchAction\",\"target\":{\"@type\":\"EntryPoint\",\"urlTemplate\":\"https:\/\/www.thetheoryworks.com\/de\/?s={search_term_string}\"},\"query-input\":{\"@type\":\"PropertyValueSpecification\",\"valueRequired\":true,\"valueName\":\"search_term_string\"}}],\"inLanguage\":\"de\"}]}<\/script>\n<!-- \/ Yoast SEO plugin. -->","yoast_head_json":{"title":"Triple Element \u2013 drei Seiten eines modularen Shelters - The Theory Works\u00ae","description":"Ein Triple Element macht drei Seiten eines modularen Shelters aus. Eine Vielzahl von Sheltern k\u00f6nnen mit Triple Elementen und anderen Komponenten von The Theory Works\u00ae erstellt werden.","robots":{"index":"index","follow":"follow","max-snippet":"max-snippet:-1","max-image-preview":"max-image-preview:large","max-video-preview":"max-video-preview:-1"},"canonical":"https:\/\/www.thetheoryworks.com\/de\/produkt\/triple-i-element\/","og_locale":"de_DE","og_type":"article","og_title":"Triple Element \u2013 drei Seiten eines modularen Shelters - The Theory Works\u00ae","og_description":"Ein Triple Element macht drei Seiten eines modularen Shelters aus. Eine Vielzahl von Sheltern k\u00f6nnen mit Triple Elementen und anderen Komponenten von The Theory Works\u00ae erstellt werden.","og_url":"https:\/\/www.thetheoryworks.com\/de\/produkt\/triple-i-element\/","og_site_name":"The Theory Works\u00ae","article_modified_time":"2021-01-19T22:44:33+00:00","og_image":[{"width":600,"height":600,"url":"https:\/\/www.thetheoryworks.com\/wordpress\/wp-content\/uploads\/2014-Element-TripleI-1.jpg","type":"image\/jpeg"}],"twitter_misc":{"Gesch\u00e4tzte Lesezeit":"1\u00a0Minute"},"schema":{"@context":"https:\/\/schema.org","@graph":[{"@type":"WebPage","@id":"https:\/\/www.thetheoryworks.com\/de\/produkt\/triple-i-element\/","url":"https:\/\/www.thetheoryworks.com\/de\/produkt\/triple-i-element\/","name":"Triple Element \u2013 drei Seiten eines modularen Shelters - The Theory Works\u00ae","isPartOf":{"@id":"https:\/\/www.thetheoryworks.com\/de\/#website"},"primaryImageOfPage":{"@id":"https:\/\/www.thetheoryworks.com\/de\/produkt\/triple-i-element\/#primaryimage"},"image":{"@id":"https:\/\/www.thetheoryworks.com\/de\/produkt\/triple-i-element\/#primaryimage"},"thumbnailUrl":"https:\/\/www.thetheoryworks.com\/wordpress\/wp-content\/uploads\/2014-Element-TripleI-1.jpg","datePublished":"2013-06-27T19:06:20+00:00","dateModified":"2021-01-19T22:44:33+00:00","description":"Ein Triple Element macht drei Seiten eines modularen Shelters aus. Eine Vielzahl von Sheltern k\u00f6nnen mit Triple Elementen und anderen Komponenten von The Theory Works\u00ae erstellt werden.","breadcrumb":{"@id":"https:\/\/www.thetheoryworks.com\/de\/produkt\/triple-i-element\/#breadcrumb"},"inLanguage":"de","potentialAction":[{"@type":"ReadAction","target":["https:\/\/www.thetheoryworks.com\/de\/produkt\/triple-i-element\/"]}]},{"@type":"ImageObject","inLanguage":"de","@id":"https:\/\/www.thetheoryworks.com\/de\/produkt\/triple-i-element\/#primaryimage","url":"https:\/\/www.thetheoryworks.com\/wordpress\/wp-content\/uploads\/2014-Element-TripleI-1.jpg","contentUrl":"https:\/\/www.thetheoryworks.com\/wordpress\/wp-content\/uploads\/2014-Element-TripleI-1.jpg","width":600,"height":600},{"@type":"BreadcrumbList","@id":"https:\/\/www.thetheoryworks.com\/de\/produkt\/triple-i-element\/#breadcrumb","itemListElement":[{"@type":"ListItem","position":1,"name":"Home","item":"https:\/\/www.thetheoryworks.com\/de\/"},{"@type":"ListItem","position":2,"name":"Shop","item":"https:\/\/www.thetheoryworks.com\/de\/shop\/"},{"@type":"ListItem","position":3,"name":"Triple:I Element"}]},{"@type":"WebSite","@id":"https:\/\/www.thetheoryworks.com\/de\/#website","url":"https:\/\/www.thetheoryworks.com\/de\/","name":"The Theory Works\u00ae","description":"","potentialAction":[{"@type":"SearchAction","target":{"@type":"EntryPoint","urlTemplate":"https:\/\/www.thetheoryworks.com\/de\/?s={search_term_string}"},"query-input":{"@type":"PropertyValueSpecification","valueRequired":true,"valueName":"search_term_string"}}],"inLanguage":"de"}]}},"_links":{"self":[{"href":"https:\/\/www.thetheoryworks.com\/de\/wp-json\/wp\/v2\/product\/1151","targetHints":{"allow":["GET"]}}],"collection":[{"href":"https:\/\/www.thetheoryworks.com\/de\/wp-json\/wp\/v2\/product"}],"about":[{"href":"https:\/\/www.thetheoryworks.com\/de\/wp-json\/wp\/v2\/types\/product"}],"replies":[{"embeddable":true,"href":"https:\/\/www.thetheoryworks.com\/de\/wp-json\/wp\/v2\/comments?post=1151"}],"wp:featuredmedia":[{"embeddable":true,"href":"https:\/\/www.thetheoryworks.com\/de\/wp-json\/wp\/v2\/media\/2401"}],"wp:attachment":[{"href":"https:\/\/www.thetheoryworks.com\/de\/wp-json\/wp\/v2\/media?parent=1151"}],"wp:term":[{"taxonomy":"product_brand","embeddable":true,"href":"https:\/\/www.thetheoryworks.com\/de\/wp-json\/wp\/v2\/product_brand?post=1151"},{"taxonomy":"product_cat","embeddable":true,"href":"https:\/\/www.thetheoryworks.com\/de\/wp-json\/wp\/v2\/product_cat?post=1151"},{"taxonomy":"product_tag","embeddable":true,"href":"https:\/\/www.thetheoryworks.com\/de\/wp-json\/wp\/v2\/product_tag?post=1151"}],"curies":[{"name":"wp","href":"https:\/\/api.w.org\/{rel}","templated":true}]}}