{"id":1155,"date":"2013-06-25T18:18:32","date_gmt":"2013-06-25T17:18:32","guid":{"rendered":"http:\/\/thetheoryworks.com\/product\/rain-ceiling-2\/"},"modified":"2021-01-19T23:44:33","modified_gmt":"2021-01-19T22:44:33","slug":"rain-ceiling","status":"publish","type":"product","link":"https:\/\/www.thetheoryworks.com\/de\/produkt\/rain-ceiling\/","title":{"rendered":"Rain Ceiling\u2122"},"content":{"rendered":"<p>Das Regendach (Rain Ceiling\u2122) sch\u00fctzt den oberen Teil des Shelters vor Regen. Das Material besteht aus wasserfestem thermoplastischen Polyurethan und ist durchsichtig, so dass das Dach\u00a0ebenso als Zeltfenster dient. Das Regendach kann so auf den Shelter aufgesetzt werden, dass es bei Bedarf\u00a0zus\u00e4tzliche Ventilation bietet.<\/p>\n<p>Wie funktionier das? Formen Sie zun\u00e4chst einen Kegel. Es gibt insgesamt 10 Seiten. \u00dcberlappen Sie so viele Seiten des Regendaches wie Ihr Shelter Seiten hat, plus die Anzahl der gew\u00fcnschten Ventilationsl\u00fccken.<\/p>\n<p>Wenn Sie beispielsweise einen sechsseitigen Shelter haben und drei Ventilationsl\u00fccken herstellen m\u00f6chten, \u00fcberlappen Sie nur eine Seite.<\/p>\n<p>Danach kann das Regendach einfach und sicher mit dem Klettverschluss angebracht werden.\u00a0Zus\u00e4tzlich k\u00f6nnen Sie das Regendach mit den drei \u00d6sen befestigen.<\/p>\n<p>Das Regendach wird nicht bei einem offenen Shelter ben\u00f6tigt. Bei sch\u00f6nem Wetter kann das Regendach auch weggelassen werden, so dass Sie den geschlossenen Shelter mit einer gro\u00dfen Dachventilations\u00f6ffnung benutzen k\u00f6nnen.<\/p>\n<div id=\"squelch-taas-toggle-0\" class=\"squelch-taas-toggle squelch-taas-override\" data-speed=\"800\" data-active=\"\" data-theme=\"ttw\" ><h3 id=\"squelch-taas-header-0\" class=\"squelch-taas-toggle-shortcode-header\"><a href=\"#squelch-taas-toggle-shortcode-content-0\">Spezifikationen<\/a><\/h3><div id=\"squelch-taas-toggle-shortcode-content-0\" class=\"squelch-taas-toggle-shortcode-content squelch-taas-toggle-shortcode-content-0\">\n<h4>Beschreibung<\/h4>\n<ul>\n<li>Verstellbares Dach f\u00fcr das modulare Sheltersystem<\/li>\n<li>Wird mit Kletterschlu\u00df befestigt um den geschlossenen Shelter vor schlechtem Wetter zu sch\u00fctzen<\/li>\n<li>Passt auf alle Sheltervariationen<\/li>\n<\/ul>\n<h4>Hauptmaterial<\/h4>\n<p>Durchsichtiges TPU (thermoplastisches Polyurethan)<\/p>\n<h4>Gewicht<\/h4>\n<p>172 g<\/div>\n<h3 id=\"squelch-taas-header-1\" class=\"squelch-taas-toggle-shortcode-header\"><a href=\"#squelch-taas-toggle-shortcode-content-1\">Download<\/a><\/h3><div id=\"squelch-taas-toggle-shortcode-content-1\" class=\"squelch-taas-toggle-shortcode-content squelch-taas-toggle-shortcode-content-1\"><div class='w3eden'>\n    <div class=''>\n\n        \n        <div id=\"content_wpdm_package_1\">\n            <div class='row'><div class='col-lg-4 col-md-6 col-12'><!-- WPDM Link Template: Default Template -->\n\n<div class=\"link-template-default card mb-2\">\n    <div class=\"card-body\">\n        <div class=\"media\">\n            <div class=\"mr-3 img-48\"><img decoding=\"async\" class=\"wpdm_icon\" alt=\"Icon\"   src=\"https:\/\/www.thetheoryworks.com\/wordpress\/wp-content\/plugins\/download-manager\/assets\/file-type-icons\/file_extension_pdf.png\" \/><\/div>\n            <div class=\"media-body\">\n                <h3 class=\"package-title\"><a href='https:\/\/www.thetheoryworks.com\/de\/download\/specification-rain-ceiling-en\/'>Specification: Rain Ceiling (EN)<\/a><\/h3>\n                <div class=\"text-muted text-small\"><i class=\"fas fa-copy\"><\/i> 1 Datei(en) <i class=\"fas fa-hdd ml-3\"><\/i> 128.84 KB<\/div>\n            <\/div>\n            <div class=\"ml-3\">\n                <a class='wpdm-download-link download-on-click btn btn-primary btn-xs' rel='nofollow' href='#' data-downloadurl=\"https:\/\/www.thetheoryworks.com\/de\/download\/specification-rain-ceiling-en\/?wpdmdl=2977&refresh=69ea880272da71776977922\">Download<\/a>\n            <\/div>\n        <\/div>\n    <\/div>\n<\/div>\n\n<\/div><div class='col-lg-4 col-md-6 col-12'><!-- WPDM Link Template: Default Template -->\n\n<div class=\"link-template-default card mb-2\">\n    <div class=\"card-body\">\n        <div class=\"media\">\n            <div class=\"mr-3 img-48\"><img decoding=\"async\" class=\"wpdm_icon\" alt=\"Icon\"   src=\"https:\/\/www.thetheoryworks.com\/wordpress\/wp-content\/plugins\/download-manager\/assets\/file-type-icons\/file_extension_pdf.png\" \/><\/div>\n            <div class=\"media-body\">\n                <h3 class=\"package-title\"><a href='https:\/\/www.thetheoryworks.com\/de\/download\/spezifikation-rain-ceiling-de\/'>Spezifikation: Rain Ceiling (DE)<\/a><\/h3>\n                <div class=\"text-muted text-small\"><i class=\"fas fa-copy\"><\/i> 1 Datei(en) <i class=\"fas fa-hdd ml-3\"><\/i> 129.74 KB<\/div>\n            <\/div>\n            <div class=\"ml-3\">\n                <a class='wpdm-download-link download-on-click btn btn-primary btn-xs' rel='nofollow' href='#' data-downloadurl=\"https:\/\/www.thetheoryworks.com\/de\/download\/spezifikation-rain-ceiling-de\/?wpdmdl=2978&refresh=69ea88027b52e1776977922\">Download<\/a>\n            <\/div>\n        <\/div>\n    <\/div>\n<\/div>\n\n<\/div><\/div>            <div style='clear:both'><\/div><div class='text-center'><ul class='pagination wpdm-pagination pagination-centered text-center'><\/ul><\/div><div style='clear:both'><\/div>        <\/div>\n\n        <div style='clear:both'><\/div>\n    <\/div>\n<\/div>\n<\/div><\/div>\n\n","protected":false},"excerpt":{"rendered":"<p>Das Regendach (Rain Ceiling\u2122) sch\u00fctzt den oberen Teil des Shelters vor Regen. Das Material besteht aus wasserfestem thermoplastischen Polyurethan und ist durchsichtig, so dass das Dach\u00a0ebenso als Zeltfenster dient. Das Regendach kann so auf den Shelter aufgesetzt werden, dass es bei Bedarf\u00a0zus\u00e4tzliche Ventilation bietet. Wie funktionier das? Formen Sie zun\u00e4chst einen Kegel. Es gibt insgesamt [&hellip;]<\/p>\n","protected":false},"featured_media":2393,"comment_status":"closed","ping_status":"closed","template":"","meta":[],"product_brand":[],"product_cat":[85],"product_tag":[],"class_list":{"0":"post-1155","1":"product","2":"type-product","3":"status-publish","4":"has-post-thumbnail","6":"product_cat-einzelne-komponenten","8":"first","9":"instock","10":"taxable","11":"shipping-taxable","12":"purchasable","13":"product-type-simple"},"composite_virtual":false,"composite_layout":"","composite_add_to_cart_form_location":"","composite_editable_in_cart":false,"composite_sold_individually_context":"","composite_shop_price_calc":"","composite_components":[],"composite_scenarios":[],"yoast_head":"<!-- This site is optimized with the Yoast SEO plugin v26.9 - https:\/\/yoast.com\/product\/yoast-seo-wordpress\/ -->\n<title>Rain Ceiling\u2122 - Ventilation, Regendach und Zeltfenster f\u00fcr modulare Sheltersysteme<\/title>\n<meta name=\"description\" content=\"Das Regendach (Rain Ceiling\u2122) der Firma The Theory Works\u00ae sch\u00fctzt den oberen Teil des Shelters vor Regen. Gleichzeitig bietet das durchsichtige Dach extra Licht und Venitlationsm\u00f6glichkeiten.\" \/>\n<meta name=\"robots\" content=\"index, follow, max-snippet:-1, max-image-preview:large, max-video-preview:-1\" \/>\n<link rel=\"canonical\" href=\"https:\/\/www.thetheoryworks.com\/de\/produkt\/rain-ceiling\/\" \/>\n<meta property=\"og:locale\" content=\"de_DE\" \/>\n<meta property=\"og:type\" content=\"article\" \/>\n<meta property=\"og:title\" content=\"Rain Ceiling\u2122 - Ventilation, Regendach und Zeltfenster f\u00fcr modulare Sheltersysteme\" \/>\n<meta property=\"og:description\" content=\"Das Regendach (Rain Ceiling\u2122) der Firma The Theory Works\u00ae sch\u00fctzt den oberen Teil des Shelters vor Regen. Gleichzeitig bietet das durchsichtige Dach extra Licht und Venitlationsm\u00f6glichkeiten.\" \/>\n<meta property=\"og:url\" content=\"https:\/\/www.thetheoryworks.com\/de\/produkt\/rain-ceiling\/\" \/>\n<meta property=\"og:site_name\" content=\"The Theory Works\u00ae\" \/>\n<meta property=\"article:modified_time\" content=\"2021-01-19T22:44:33+00:00\" \/>\n<meta property=\"og:image\" content=\"https:\/\/www.thetheoryworks.com\/wordpress\/wp-content\/uploads\/2014-Access-RainCeiling-1.jpg\" \/>\n\t<meta property=\"og:image:width\" content=\"600\" \/>\n\t<meta property=\"og:image:height\" content=\"600\" \/>\n\t<meta property=\"og:image:type\" content=\"image\/jpeg\" \/>\n<meta name=\"twitter:label1\" content=\"Gesch\u00e4tzte Lesezeit\" \/>\n\t<meta name=\"twitter:data1\" content=\"1\u00a0Minute\" \/>\n<script type=\"application\/ld+json\" class=\"yoast-schema-graph\">{\"@context\":\"https:\/\/schema.org\",\"@graph\":[{\"@type\":\"WebPage\",\"@id\":\"https:\/\/www.thetheoryworks.com\/de\/produkt\/rain-ceiling\/\",\"url\":\"https:\/\/www.thetheoryworks.com\/de\/produkt\/rain-ceiling\/\",\"name\":\"Rain Ceiling\u2122 - Ventilation, Regendach und Zeltfenster f\u00fcr modulare Sheltersysteme\",\"isPartOf\":{\"@id\":\"https:\/\/www.thetheoryworks.com\/de\/#website\"},\"primaryImageOfPage\":{\"@id\":\"https:\/\/www.thetheoryworks.com\/de\/produkt\/rain-ceiling\/#primaryimage\"},\"image\":{\"@id\":\"https:\/\/www.thetheoryworks.com\/de\/produkt\/rain-ceiling\/#primaryimage\"},\"thumbnailUrl\":\"https:\/\/www.thetheoryworks.com\/wordpress\/wp-content\/uploads\/2014-Access-RainCeiling-1.jpg\",\"datePublished\":\"2013-06-25T17:18:32+00:00\",\"dateModified\":\"2021-01-19T22:44:33+00:00\",\"description\":\"Das Regendach (Rain Ceiling\u2122) der Firma The Theory Works\u00ae sch\u00fctzt den oberen Teil des Shelters vor Regen. Gleichzeitig bietet das durchsichtige Dach extra Licht und Venitlationsm\u00f6glichkeiten.\",\"breadcrumb\":{\"@id\":\"https:\/\/www.thetheoryworks.com\/de\/produkt\/rain-ceiling\/#breadcrumb\"},\"inLanguage\":\"de\",\"potentialAction\":[{\"@type\":\"ReadAction\",\"target\":[\"https:\/\/www.thetheoryworks.com\/de\/produkt\/rain-ceiling\/\"]}]},{\"@type\":\"ImageObject\",\"inLanguage\":\"de\",\"@id\":\"https:\/\/www.thetheoryworks.com\/de\/produkt\/rain-ceiling\/#primaryimage\",\"url\":\"https:\/\/www.thetheoryworks.com\/wordpress\/wp-content\/uploads\/2014-Access-RainCeiling-1.jpg\",\"contentUrl\":\"https:\/\/www.thetheoryworks.com\/wordpress\/wp-content\/uploads\/2014-Access-RainCeiling-1.jpg\",\"width\":600,\"height\":600},{\"@type\":\"BreadcrumbList\",\"@id\":\"https:\/\/www.thetheoryworks.com\/de\/produkt\/rain-ceiling\/#breadcrumb\",\"itemListElement\":[{\"@type\":\"ListItem\",\"position\":1,\"name\":\"Home\",\"item\":\"https:\/\/www.thetheoryworks.com\/de\/\"},{\"@type\":\"ListItem\",\"position\":2,\"name\":\"Shop\",\"item\":\"https:\/\/www.thetheoryworks.com\/de\/shop\/\"},{\"@type\":\"ListItem\",\"position\":3,\"name\":\"Rain Ceiling\u2122\"}]},{\"@type\":\"WebSite\",\"@id\":\"https:\/\/www.thetheoryworks.com\/de\/#website\",\"url\":\"https:\/\/www.thetheoryworks.com\/de\/\",\"name\":\"The Theory Works\u00ae\",\"description\":\"\",\"potentialAction\":[{\"@type\":\"SearchAction\",\"target\":{\"@type\":\"EntryPoint\",\"urlTemplate\":\"https:\/\/www.thetheoryworks.com\/de\/?s={search_term_string}\"},\"query-input\":{\"@type\":\"PropertyValueSpecification\",\"valueRequired\":true,\"valueName\":\"search_term_string\"}}],\"inLanguage\":\"de\"}]}<\/script>\n<!-- \/ Yoast SEO plugin. -->","yoast_head_json":{"title":"Rain Ceiling\u2122 - Ventilation, Regendach und Zeltfenster f\u00fcr modulare Sheltersysteme","description":"Das Regendach (Rain Ceiling\u2122) der Firma The Theory Works\u00ae sch\u00fctzt den oberen Teil des Shelters vor Regen. Gleichzeitig bietet das durchsichtige Dach extra Licht und Venitlationsm\u00f6glichkeiten.","robots":{"index":"index","follow":"follow","max-snippet":"max-snippet:-1","max-image-preview":"max-image-preview:large","max-video-preview":"max-video-preview:-1"},"canonical":"https:\/\/www.thetheoryworks.com\/de\/produkt\/rain-ceiling\/","og_locale":"de_DE","og_type":"article","og_title":"Rain Ceiling\u2122 - Ventilation, Regendach und Zeltfenster f\u00fcr modulare Sheltersysteme","og_description":"Das Regendach (Rain Ceiling\u2122) der Firma The Theory Works\u00ae sch\u00fctzt den oberen Teil des Shelters vor Regen. Gleichzeitig bietet das durchsichtige Dach extra Licht und Venitlationsm\u00f6glichkeiten.","og_url":"https:\/\/www.thetheoryworks.com\/de\/produkt\/rain-ceiling\/","og_site_name":"The Theory Works\u00ae","article_modified_time":"2021-01-19T22:44:33+00:00","og_image":[{"width":600,"height":600,"url":"https:\/\/www.thetheoryworks.com\/wordpress\/wp-content\/uploads\/2014-Access-RainCeiling-1.jpg","type":"image\/jpeg"}],"twitter_misc":{"Gesch\u00e4tzte Lesezeit":"1\u00a0Minute"},"schema":{"@context":"https:\/\/schema.org","@graph":[{"@type":"WebPage","@id":"https:\/\/www.thetheoryworks.com\/de\/produkt\/rain-ceiling\/","url":"https:\/\/www.thetheoryworks.com\/de\/produkt\/rain-ceiling\/","name":"Rain Ceiling\u2122 - Ventilation, Regendach und Zeltfenster f\u00fcr modulare Sheltersysteme","isPartOf":{"@id":"https:\/\/www.thetheoryworks.com\/de\/#website"},"primaryImageOfPage":{"@id":"https:\/\/www.thetheoryworks.com\/de\/produkt\/rain-ceiling\/#primaryimage"},"image":{"@id":"https:\/\/www.thetheoryworks.com\/de\/produkt\/rain-ceiling\/#primaryimage"},"thumbnailUrl":"https:\/\/www.thetheoryworks.com\/wordpress\/wp-content\/uploads\/2014-Access-RainCeiling-1.jpg","datePublished":"2013-06-25T17:18:32+00:00","dateModified":"2021-01-19T22:44:33+00:00","description":"Das Regendach (Rain Ceiling\u2122) der Firma The Theory Works\u00ae sch\u00fctzt den oberen Teil des Shelters vor Regen. Gleichzeitig bietet das durchsichtige Dach extra Licht und Venitlationsm\u00f6glichkeiten.","breadcrumb":{"@id":"https:\/\/www.thetheoryworks.com\/de\/produkt\/rain-ceiling\/#breadcrumb"},"inLanguage":"de","potentialAction":[{"@type":"ReadAction","target":["https:\/\/www.thetheoryworks.com\/de\/produkt\/rain-ceiling\/"]}]},{"@type":"ImageObject","inLanguage":"de","@id":"https:\/\/www.thetheoryworks.com\/de\/produkt\/rain-ceiling\/#primaryimage","url":"https:\/\/www.thetheoryworks.com\/wordpress\/wp-content\/uploads\/2014-Access-RainCeiling-1.jpg","contentUrl":"https:\/\/www.thetheoryworks.com\/wordpress\/wp-content\/uploads\/2014-Access-RainCeiling-1.jpg","width":600,"height":600},{"@type":"BreadcrumbList","@id":"https:\/\/www.thetheoryworks.com\/de\/produkt\/rain-ceiling\/#breadcrumb","itemListElement":[{"@type":"ListItem","position":1,"name":"Home","item":"https:\/\/www.thetheoryworks.com\/de\/"},{"@type":"ListItem","position":2,"name":"Shop","item":"https:\/\/www.thetheoryworks.com\/de\/shop\/"},{"@type":"ListItem","position":3,"name":"Rain Ceiling\u2122"}]},{"@type":"WebSite","@id":"https:\/\/www.thetheoryworks.com\/de\/#website","url":"https:\/\/www.thetheoryworks.com\/de\/","name":"The Theory Works\u00ae","description":"","potentialAction":[{"@type":"SearchAction","target":{"@type":"EntryPoint","urlTemplate":"https:\/\/www.thetheoryworks.com\/de\/?s={search_term_string}"},"query-input":{"@type":"PropertyValueSpecification","valueRequired":true,"valueName":"search_term_string"}}],"inLanguage":"de"}]}},"_links":{"self":[{"href":"https:\/\/www.thetheoryworks.com\/de\/wp-json\/wp\/v2\/product\/1155","targetHints":{"allow":["GET"]}}],"collection":[{"href":"https:\/\/www.thetheoryworks.com\/de\/wp-json\/wp\/v2\/product"}],"about":[{"href":"https:\/\/www.thetheoryworks.com\/de\/wp-json\/wp\/v2\/types\/product"}],"replies":[{"embeddable":true,"href":"https:\/\/www.thetheoryworks.com\/de\/wp-json\/wp\/v2\/comments?post=1155"}],"wp:featuredmedia":[{"embeddable":true,"href":"https:\/\/www.thetheoryworks.com\/de\/wp-json\/wp\/v2\/media\/2393"}],"wp:attachment":[{"href":"https:\/\/www.thetheoryworks.com\/de\/wp-json\/wp\/v2\/media?parent=1155"}],"wp:term":[{"taxonomy":"product_brand","embeddable":true,"href":"https:\/\/www.thetheoryworks.com\/de\/wp-json\/wp\/v2\/product_brand?post=1155"},{"taxonomy":"product_cat","embeddable":true,"href":"https:\/\/www.thetheoryworks.com\/de\/wp-json\/wp\/v2\/product_cat?post=1155"},{"taxonomy":"product_tag","embeddable":true,"href":"https:\/\/www.thetheoryworks.com\/de\/wp-json\/wp\/v2\/product_tag?post=1155"}],"curies":[{"name":"wp","href":"https:\/\/api.w.org\/{rel}","templated":true}]}}