{"id":1977,"date":"2014-04-30T20:16:45","date_gmt":"2014-04-30T19:16:45","guid":{"rendered":"http:\/\/thetheoryworks.com\/shop\/insect-ceiling\/"},"modified":"2021-01-19T23:44:33","modified_gmt":"2021-01-19T22:44:33","slug":"insect-ceiling","status":"publish","type":"product","link":"https:\/\/www.thetheoryworks.com\/de\/produkt\/insect-ceiling\/","title":{"rendered":"Insect Ceiling\u2122"},"content":{"rendered":"<p>Das Insektendach (Insect Ceiling\u2122) ist ein Insektennetz, das vor l\u00e4stigen Ungeziefern sch\u00fctzt und gleichzeitig gute Ventilationsm\u00f6glichkeiten bietet.<\/p>\n<p>Man kann das Insektendach an jeden geschlossenen Shelter mit Hilfe des Klettverschlusses anbringen, um die obere Ventilationsl\u00fccke abzudichten. Der Insektenschutz kann dank des Rei\u00dfverschlusses zu jeder Zeit einfach angebracht und abgenommen werden, ohne dass die Trekkingst\u00f6cke verschoben oder verk\u00fcrzt werden m\u00fcssen.<\/p>\n<p>Das Insektendach kann mit oder ohne Regendach (Rain Ceiling\u2122) benutzt werden. Wenn der Insektenschutz geschlossen ist, formt er sich wie ein gefaltetes K\u00f6rbchen um den Trekkingstock und bietet ausreichend Oberfl\u00e4che f\u00fcr Luftzirkulation. Durch das Zugband kann das Netz leicht ge\u00f6ffnet werden, um die Ventilation weiter zu erh\u00f6hen, wenn die Insektenplage vorbei ist.<\/p>\n<div id=\"squelch-taas-toggle-0\" class=\"squelch-taas-toggle squelch-taas-override\" data-speed=\"800\" data-active=\"\" data-theme=\"ttw\" ><h3 id=\"squelch-taas-header-0\" class=\"squelch-taas-toggle-shortcode-header\"><a href=\"#squelch-taas-toggle-shortcode-content-0\">Spezifikationen<\/a><\/h3><div id=\"squelch-taas-toggle-shortcode-content-0\" class=\"squelch-taas-toggle-shortcode-content squelch-taas-toggle-shortcode-content-0\">\n<h4>Beschreibung<\/h4>\n<ul>\n<li>Passt auf das Dachteil des geschlossenen Shelters und verhindert das Eindringen von Insekten durch die obere \u00d6ffnung.<\/li>\n<li>Passt auf alle geschlossenen Sheltergr\u00f6\u00dfen.<\/li>\n<\/ul>\n<h4>Hauptmaterial<\/h4>\n<p>40D Ripstop Nylon, beidseitig silikonbeschichtet<br \/>\nNylon Insektennetz, Schwarz<\/p>\n<h4>Gewicht<\/h4>\n<p>56 g<\/div>\n<h3 id=\"squelch-taas-header-1\" class=\"squelch-taas-toggle-shortcode-header\"><a href=\"#squelch-taas-toggle-shortcode-content-1\">Download<\/a><\/h3><div id=\"squelch-taas-toggle-shortcode-content-1\" class=\"squelch-taas-toggle-shortcode-content squelch-taas-toggle-shortcode-content-1\"><div class='w3eden'>\n    <div class=''>\n\n        \n        <div id=\"content_wpdm_package_1\">\n            <div class='row'><div class='col-lg-4 col-md-6 col-12'><!-- WPDM Link Template: Default Template -->\n\n<div class=\"link-template-default card mb-2\">\n    <div class=\"card-body\">\n        <div class=\"media\">\n            <div class=\"mr-3 img-48\"><img decoding=\"async\" class=\"wpdm_icon\" alt=\"Icon\"   src=\"https:\/\/www.thetheoryworks.com\/wordpress\/wp-content\/plugins\/download-manager\/assets\/file-type-icons\/file_extension_pdf.png\" \/><\/div>\n            <div class=\"media-body\">\n                <h3 class=\"package-title\"><a href='https:\/\/www.thetheoryworks.com\/de\/download\/specification-insect-ceiling-en\/'>Specification: Insect Ceiling (EN)<\/a><\/h3>\n                <div class=\"text-muted text-small\"><i class=\"fas fa-copy\"><\/i> 1 Datei(en) <i class=\"fas fa-hdd ml-3\"><\/i> 129.84 KB<\/div>\n            <\/div>\n            <div class=\"ml-3\">\n                <a class='wpdm-download-link download-on-click btn btn-primary btn-xs' rel='nofollow' href='#' data-downloadurl=\"https:\/\/www.thetheoryworks.com\/de\/download\/specification-insect-ceiling-en\/?wpdmdl=2979&refresh=69eb7fd35d8741777041363\">Download<\/a>\n            <\/div>\n        <\/div>\n    <\/div>\n<\/div>\n\n<\/div><div class='col-lg-4 col-md-6 col-12'><!-- WPDM Link Template: Default Template -->\n\n<div class=\"link-template-default card mb-2\">\n    <div class=\"card-body\">\n        <div class=\"media\">\n            <div class=\"mr-3 img-48\"><img decoding=\"async\" class=\"wpdm_icon\" alt=\"Icon\"   src=\"https:\/\/www.thetheoryworks.com\/wordpress\/wp-content\/plugins\/download-manager\/assets\/file-type-icons\/file_extension_pdf.png\" \/><\/div>\n            <div class=\"media-body\">\n                <h3 class=\"package-title\"><a href='https:\/\/www.thetheoryworks.com\/de\/download\/spezifikation-insect-ceiling-de\/'>Spezifikation: Insect Ceiling (DE)<\/a><\/h3>\n                <div class=\"text-muted text-small\"><i class=\"fas fa-copy\"><\/i> 1 Datei(en) <i class=\"fas fa-hdd ml-3\"><\/i> 129.39 KB<\/div>\n            <\/div>\n            <div class=\"ml-3\">\n                <a class='wpdm-download-link download-on-click btn btn-primary btn-xs' rel='nofollow' href='#' data-downloadurl=\"https:\/\/www.thetheoryworks.com\/de\/download\/spezifikation-insect-ceiling-de\/?wpdmdl=3005&refresh=69eb7fd364bad1777041363\">Download<\/a>\n            <\/div>\n        <\/div>\n    <\/div>\n<\/div>\n\n<\/div><\/div>            <div style='clear:both'><\/div><div class='text-center'><ul class='pagination wpdm-pagination pagination-centered text-center'><\/ul><\/div><div style='clear:both'><\/div>        <\/div>\n\n        <div style='clear:both'><\/div>\n    <\/div>\n<\/div>\n<\/div><\/div>\n\n","protected":false},"excerpt":{"rendered":"<p>Das Insektendach (Insect Ceiling\u2122) ist ein Insektennetz, das vor l\u00e4stigen Ungeziefern sch\u00fctzt und gleichzeitig gute Ventilationsm\u00f6glichkeiten bietet. Man kann das Insektendach an jeden geschlossenen Shelter mit Hilfe des Klettverschlusses anbringen, um die obere Ventilationsl\u00fccke abzudichten. Der Insektenschutz kann dank des Rei\u00dfverschlusses zu jeder Zeit einfach angebracht und abgenommen werden, ohne dass die Trekkingst\u00f6cke verschoben oder [&hellip;]<\/p>\n","protected":false},"featured_media":2389,"comment_status":"closed","ping_status":"closed","template":"","meta":[],"product_brand":[],"product_cat":[85],"product_tag":[],"class_list":{"0":"post-1977","1":"product","2":"type-product","3":"status-publish","4":"has-post-thumbnail","6":"product_cat-einzelne-komponenten","8":"first","9":"instock","10":"taxable","11":"shipping-taxable","12":"purchasable","13":"product-type-simple"},"composite_virtual":false,"composite_layout":"","composite_add_to_cart_form_location":"","composite_editable_in_cart":false,"composite_sold_individually_context":"","composite_shop_price_calc":"","composite_components":[],"composite_scenarios":[],"yoast_head":"<!-- This site is optimized with the Yoast SEO plugin v26.9 - https:\/\/yoast.com\/product\/yoast-seo-wordpress\/ -->\n<title>Insect Ceiling\u2122 - Insektennetz und Ventilationsbedeckung f\u00fcr modulare Sheltersysteme<\/title>\n<meta name=\"description\" content=\"Das Theory Works\u00ae Insektendach (Insect Ceiling\u2122) sch\u00fctzt vor dem Eindringen von Insekten durch die obere Bel\u00fcftungs\u00f6ffnung. Das Insektennetz passt auf alle Sheltergr\u00f6\u00dfen und ist einfach anzubringen.\" \/>\n<meta name=\"robots\" content=\"index, follow, max-snippet:-1, max-image-preview:large, max-video-preview:-1\" \/>\n<link rel=\"canonical\" href=\"https:\/\/www.thetheoryworks.com\/de\/produkt\/insect-ceiling\/\" \/>\n<meta property=\"og:locale\" content=\"de_DE\" \/>\n<meta property=\"og:type\" content=\"article\" \/>\n<meta property=\"og:title\" content=\"Insect Ceiling\u2122 - Insektennetz und Ventilationsbedeckung f\u00fcr modulare Sheltersysteme\" \/>\n<meta property=\"og:description\" content=\"Das Theory Works\u00ae Insektendach (Insect Ceiling\u2122) sch\u00fctzt vor dem Eindringen von Insekten durch die obere Bel\u00fcftungs\u00f6ffnung. Das Insektennetz passt auf alle Sheltergr\u00f6\u00dfen und ist einfach anzubringen.\" \/>\n<meta property=\"og:url\" content=\"https:\/\/www.thetheoryworks.com\/de\/produkt\/insect-ceiling\/\" \/>\n<meta property=\"og:site_name\" content=\"The Theory Works\u00ae\" \/>\n<meta property=\"article:modified_time\" content=\"2021-01-19T22:44:33+00:00\" \/>\n<meta property=\"og:image\" content=\"https:\/\/www.thetheoryworks.com\/wordpress\/wp-content\/uploads\/2014-Access-InsCeiling-1.jpg\" \/>\n\t<meta property=\"og:image:width\" content=\"600\" \/>\n\t<meta property=\"og:image:height\" content=\"600\" \/>\n\t<meta property=\"og:image:type\" content=\"image\/jpeg\" \/>\n<meta name=\"twitter:label1\" content=\"Gesch\u00e4tzte Lesezeit\" \/>\n\t<meta name=\"twitter:data1\" content=\"1\u00a0Minute\" \/>\n<script type=\"application\/ld+json\" class=\"yoast-schema-graph\">{\"@context\":\"https:\/\/schema.org\",\"@graph\":[{\"@type\":\"WebPage\",\"@id\":\"https:\/\/www.thetheoryworks.com\/de\/produkt\/insect-ceiling\/\",\"url\":\"https:\/\/www.thetheoryworks.com\/de\/produkt\/insect-ceiling\/\",\"name\":\"Insect Ceiling\u2122 - Insektennetz und Ventilationsbedeckung f\u00fcr modulare Sheltersysteme\",\"isPartOf\":{\"@id\":\"https:\/\/www.thetheoryworks.com\/de\/#website\"},\"primaryImageOfPage\":{\"@id\":\"https:\/\/www.thetheoryworks.com\/de\/produkt\/insect-ceiling\/#primaryimage\"},\"image\":{\"@id\":\"https:\/\/www.thetheoryworks.com\/de\/produkt\/insect-ceiling\/#primaryimage\"},\"thumbnailUrl\":\"https:\/\/www.thetheoryworks.com\/wordpress\/wp-content\/uploads\/2014-Access-InsCeiling-1.jpg\",\"datePublished\":\"2014-04-30T19:16:45+00:00\",\"dateModified\":\"2021-01-19T22:44:33+00:00\",\"description\":\"Das Theory Works\u00ae Insektendach (Insect Ceiling\u2122) sch\u00fctzt vor dem Eindringen von Insekten durch die obere Bel\u00fcftungs\u00f6ffnung. Das Insektennetz passt auf alle Sheltergr\u00f6\u00dfen und ist einfach anzubringen.\",\"breadcrumb\":{\"@id\":\"https:\/\/www.thetheoryworks.com\/de\/produkt\/insect-ceiling\/#breadcrumb\"},\"inLanguage\":\"de\",\"potentialAction\":[{\"@type\":\"ReadAction\",\"target\":[\"https:\/\/www.thetheoryworks.com\/de\/produkt\/insect-ceiling\/\"]}]},{\"@type\":\"ImageObject\",\"inLanguage\":\"de\",\"@id\":\"https:\/\/www.thetheoryworks.com\/de\/produkt\/insect-ceiling\/#primaryimage\",\"url\":\"https:\/\/www.thetheoryworks.com\/wordpress\/wp-content\/uploads\/2014-Access-InsCeiling-1.jpg\",\"contentUrl\":\"https:\/\/www.thetheoryworks.com\/wordpress\/wp-content\/uploads\/2014-Access-InsCeiling-1.jpg\",\"width\":600,\"height\":600},{\"@type\":\"BreadcrumbList\",\"@id\":\"https:\/\/www.thetheoryworks.com\/de\/produkt\/insect-ceiling\/#breadcrumb\",\"itemListElement\":[{\"@type\":\"ListItem\",\"position\":1,\"name\":\"Home\",\"item\":\"https:\/\/www.thetheoryworks.com\/de\/\"},{\"@type\":\"ListItem\",\"position\":2,\"name\":\"Shop\",\"item\":\"https:\/\/www.thetheoryworks.com\/de\/shop\/\"},{\"@type\":\"ListItem\",\"position\":3,\"name\":\"Insect Ceiling\u2122\"}]},{\"@type\":\"WebSite\",\"@id\":\"https:\/\/www.thetheoryworks.com\/de\/#website\",\"url\":\"https:\/\/www.thetheoryworks.com\/de\/\",\"name\":\"The Theory Works\u00ae\",\"description\":\"\",\"potentialAction\":[{\"@type\":\"SearchAction\",\"target\":{\"@type\":\"EntryPoint\",\"urlTemplate\":\"https:\/\/www.thetheoryworks.com\/de\/?s={search_term_string}\"},\"query-input\":{\"@type\":\"PropertyValueSpecification\",\"valueRequired\":true,\"valueName\":\"search_term_string\"}}],\"inLanguage\":\"de\"}]}<\/script>\n<!-- \/ Yoast SEO plugin. -->","yoast_head_json":{"title":"Insect Ceiling\u2122 - Insektennetz und Ventilationsbedeckung f\u00fcr modulare Sheltersysteme","description":"Das Theory Works\u00ae Insektendach (Insect Ceiling\u2122) sch\u00fctzt vor dem Eindringen von Insekten durch die obere Bel\u00fcftungs\u00f6ffnung. Das Insektennetz passt auf alle Sheltergr\u00f6\u00dfen und ist einfach anzubringen.","robots":{"index":"index","follow":"follow","max-snippet":"max-snippet:-1","max-image-preview":"max-image-preview:large","max-video-preview":"max-video-preview:-1"},"canonical":"https:\/\/www.thetheoryworks.com\/de\/produkt\/insect-ceiling\/","og_locale":"de_DE","og_type":"article","og_title":"Insect Ceiling\u2122 - Insektennetz und Ventilationsbedeckung f\u00fcr modulare Sheltersysteme","og_description":"Das Theory Works\u00ae Insektendach (Insect Ceiling\u2122) sch\u00fctzt vor dem Eindringen von Insekten durch die obere Bel\u00fcftungs\u00f6ffnung. Das Insektennetz passt auf alle Sheltergr\u00f6\u00dfen und ist einfach anzubringen.","og_url":"https:\/\/www.thetheoryworks.com\/de\/produkt\/insect-ceiling\/","og_site_name":"The Theory Works\u00ae","article_modified_time":"2021-01-19T22:44:33+00:00","og_image":[{"width":600,"height":600,"url":"https:\/\/www.thetheoryworks.com\/wordpress\/wp-content\/uploads\/2014-Access-InsCeiling-1.jpg","type":"image\/jpeg"}],"twitter_misc":{"Gesch\u00e4tzte Lesezeit":"1\u00a0Minute"},"schema":{"@context":"https:\/\/schema.org","@graph":[{"@type":"WebPage","@id":"https:\/\/www.thetheoryworks.com\/de\/produkt\/insect-ceiling\/","url":"https:\/\/www.thetheoryworks.com\/de\/produkt\/insect-ceiling\/","name":"Insect Ceiling\u2122 - Insektennetz und Ventilationsbedeckung f\u00fcr modulare Sheltersysteme","isPartOf":{"@id":"https:\/\/www.thetheoryworks.com\/de\/#website"},"primaryImageOfPage":{"@id":"https:\/\/www.thetheoryworks.com\/de\/produkt\/insect-ceiling\/#primaryimage"},"image":{"@id":"https:\/\/www.thetheoryworks.com\/de\/produkt\/insect-ceiling\/#primaryimage"},"thumbnailUrl":"https:\/\/www.thetheoryworks.com\/wordpress\/wp-content\/uploads\/2014-Access-InsCeiling-1.jpg","datePublished":"2014-04-30T19:16:45+00:00","dateModified":"2021-01-19T22:44:33+00:00","description":"Das Theory Works\u00ae Insektendach (Insect Ceiling\u2122) sch\u00fctzt vor dem Eindringen von Insekten durch die obere Bel\u00fcftungs\u00f6ffnung. Das Insektennetz passt auf alle Sheltergr\u00f6\u00dfen und ist einfach anzubringen.","breadcrumb":{"@id":"https:\/\/www.thetheoryworks.com\/de\/produkt\/insect-ceiling\/#breadcrumb"},"inLanguage":"de","potentialAction":[{"@type":"ReadAction","target":["https:\/\/www.thetheoryworks.com\/de\/produkt\/insect-ceiling\/"]}]},{"@type":"ImageObject","inLanguage":"de","@id":"https:\/\/www.thetheoryworks.com\/de\/produkt\/insect-ceiling\/#primaryimage","url":"https:\/\/www.thetheoryworks.com\/wordpress\/wp-content\/uploads\/2014-Access-InsCeiling-1.jpg","contentUrl":"https:\/\/www.thetheoryworks.com\/wordpress\/wp-content\/uploads\/2014-Access-InsCeiling-1.jpg","width":600,"height":600},{"@type":"BreadcrumbList","@id":"https:\/\/www.thetheoryworks.com\/de\/produkt\/insect-ceiling\/#breadcrumb","itemListElement":[{"@type":"ListItem","position":1,"name":"Home","item":"https:\/\/www.thetheoryworks.com\/de\/"},{"@type":"ListItem","position":2,"name":"Shop","item":"https:\/\/www.thetheoryworks.com\/de\/shop\/"},{"@type":"ListItem","position":3,"name":"Insect Ceiling\u2122"}]},{"@type":"WebSite","@id":"https:\/\/www.thetheoryworks.com\/de\/#website","url":"https:\/\/www.thetheoryworks.com\/de\/","name":"The Theory Works\u00ae","description":"","potentialAction":[{"@type":"SearchAction","target":{"@type":"EntryPoint","urlTemplate":"https:\/\/www.thetheoryworks.com\/de\/?s={search_term_string}"},"query-input":{"@type":"PropertyValueSpecification","valueRequired":true,"valueName":"search_term_string"}}],"inLanguage":"de"}]}},"_links":{"self":[{"href":"https:\/\/www.thetheoryworks.com\/de\/wp-json\/wp\/v2\/product\/1977","targetHints":{"allow":["GET"]}}],"collection":[{"href":"https:\/\/www.thetheoryworks.com\/de\/wp-json\/wp\/v2\/product"}],"about":[{"href":"https:\/\/www.thetheoryworks.com\/de\/wp-json\/wp\/v2\/types\/product"}],"replies":[{"embeddable":true,"href":"https:\/\/www.thetheoryworks.com\/de\/wp-json\/wp\/v2\/comments?post=1977"}],"wp:featuredmedia":[{"embeddable":true,"href":"https:\/\/www.thetheoryworks.com\/de\/wp-json\/wp\/v2\/media\/2389"}],"wp:attachment":[{"href":"https:\/\/www.thetheoryworks.com\/de\/wp-json\/wp\/v2\/media?parent=1977"}],"wp:term":[{"taxonomy":"product_brand","embeddable":true,"href":"https:\/\/www.thetheoryworks.com\/de\/wp-json\/wp\/v2\/product_brand?post=1977"},{"taxonomy":"product_cat","embeddable":true,"href":"https:\/\/www.thetheoryworks.com\/de\/wp-json\/wp\/v2\/product_cat?post=1977"},{"taxonomy":"product_tag","embeddable":true,"href":"https:\/\/www.thetheoryworks.com\/de\/wp-json\/wp\/v2\/product_tag?post=1977"}],"curies":[{"name":"wp","href":"https:\/\/api.w.org\/{rel}","templated":true}]}}