{"id":1982,"date":"2014-04-30T21:08:10","date_gmt":"2014-04-30T20:08:10","guid":{"rendered":"http:\/\/thetheoryworks.com\/shop\/singler-element\/"},"modified":"2020-10-16T18:42:58","modified_gmt":"2020-10-16T17:42:58","slug":"singler-element","status":"publish","type":"product","link":"https:\/\/www.thetheoryworks.com\/de\/produkt\/singler-element\/","title":{"rendered":"Single:R Element"},"content":{"rendered":"<p>Das Single:R Element macht eine Seite des modularen Shelters aus. Das Hinzuf\u00fcgen oder Wegnehmen eines Single Elements erm\u00f6glicht die Feineinstellung hinsichtlich der Gr\u00f6\u00dfe des Shelters.<\/p>\n<p>Das Single:R Element hat auf beiden Seiten des Dachteils einen Rei\u00dfverschluss. Diese k\u00f6nnen mit anderen Shelterelementen verbunden werden. Die Rei\u00dfverschl\u00fcsse k\u00f6nnen auch als Eingangs- und Ausgangsbereiche benutzt werden.<\/p>\n<p>Das Single:R Shelter besteht ebenfalls aus einer Seitenwand, die mit benachbarten Seitenw\u00e4nden anhand von Klettverschl\u00fcssen verbunden werden kann. Die Seitenwand enth\u00e4lt einen Stab zur Stabilisierung, der entfernt werden kann. Durch die Nutzung der Seitenw\u00e4nde in verschiedenen Konfigurationen kann der Shelter in vier verschiedenen Arten aufgebaut werden, um auf lokale Gegebenheiten und Wetterkonditionen einzugehen.<\/p>\n<p>Das Single:R Element besteht aus einer verstellbaren Seitenventilation mit Insektenschutz. Der Ventilations\u00f6ffner kann entfernt werden um Gewicht zu sparen.<\/p>\n<div id=\"squelch-taas-toggle-0\" class=\"squelch-taas-toggle squelch-taas-override\" data-speed=\"800\" data-active=\"\" data-theme=\"ttw\" ><h3 id=\"squelch-taas-header-0\" class=\"squelch-taas-toggle-shortcode-header\"><a href=\"#squelch-taas-toggle-shortcode-content-0\">Spezifikationen<\/a><\/h3><div id=\"squelch-taas-toggle-shortcode-content-0\" class=\"squelch-taas-toggle-shortcode-content squelch-taas-toggle-shortcode-content-0\">\n<h4>Beschreibung<\/h4>\n<ul>\n<li>Element mit einer Seite f\u00fcr das modulare Shelter System<\/li>\n<li>Kann mit anderen Elementen durch einen Rei\u00dfverschluss verbunden werden, um einen offenen oder geschlossenen Shelter zu errichten<\/li>\n<li>Gleichm\u00e4\u00dfige Form<\/li>\n<\/ul>\n<h4>Hauptmaterial<\/h4>\n<p>40D Ripstop Nylon, beidseitig silikonbeschichtet, mindestens 2.000 mm Wassers\u00e4ule<\/p>\n<h4>Verst\u00e4rkendesMaterial<\/h4>\n<p>Hypalon<\/p>\n<h4>Gewicht<\/h4>\n<p>340 g (inklusive Ventilations\u00f6ffner und Seitenwandstab)<\/p>\n<h4>Mitgeliefertes Zubeh\u00f6r<\/h4>\n<p>Ventilations\u00f6ffner, 9g<br \/>\nSeitenwandstab, 18g<\/div>\n<h3 id=\"squelch-taas-header-1\" class=\"squelch-taas-toggle-shortcode-header\"><a href=\"#squelch-taas-toggle-shortcode-content-1\">Download<\/a><\/h3><div id=\"squelch-taas-toggle-shortcode-content-1\" class=\"squelch-taas-toggle-shortcode-content squelch-taas-toggle-shortcode-content-1\"><div class='w3eden'>\n    <div class=''>\n\n        \n        <div id=\"content_wpdm_package_1\">\n            <div class='row'><div class='col-lg-4 col-md-6 col-12'><!-- WPDM Link Template: Default Template -->\n\n<div class=\"link-template-default card mb-2\">\n    <div class=\"card-body\">\n        <div class=\"media\">\n            <div class=\"mr-3 img-48\"><img decoding=\"async\" class=\"wpdm_icon\" alt=\"Icon\"   src=\"https:\/\/www.thetheoryworks.com\/wordpress\/wp-content\/plugins\/download-manager\/assets\/file-type-icons\/file_extension_pdf.png\" \/><\/div>\n            <div class=\"media-body\">\n                <h3 class=\"package-title\"><a href='https:\/\/www.thetheoryworks.com\/de\/download\/spezifikation-singler-element-de\/'>Spezifikation: Single:R Element (DE)<\/a><\/h3>\n                <div class=\"text-muted text-small\"><i class=\"fas fa-copy\"><\/i> 1 Datei(en) <i class=\"fas fa-hdd ml-3\"><\/i> 168.75 KB<\/div>\n            <\/div>\n            <div class=\"ml-3\">\n                <a class='wpdm-download-link download-on-click btn btn-primary btn-xs' rel='nofollow' href='#' data-downloadurl=\"https:\/\/www.thetheoryworks.com\/de\/download\/spezifikation-singler-element-de\/?wpdmdl=2967&refresh=69f4bddd3d2771777647069\">Download<\/a>\n            <\/div>\n        <\/div>\n    <\/div>\n<\/div>\n\n<\/div><div class='col-lg-4 col-md-6 col-12'><!-- WPDM Link Template: Default Template -->\n\n<div class=\"link-template-default card mb-2\">\n    <div class=\"card-body\">\n        <div class=\"media\">\n            <div class=\"mr-3 img-48\"><img decoding=\"async\" class=\"wpdm_icon\" alt=\"Icon\"   src=\"https:\/\/www.thetheoryworks.com\/wordpress\/wp-content\/plugins\/download-manager\/assets\/file-type-icons\/file_extension_pdf.png\" \/><\/div>\n            <div class=\"media-body\">\n                <h3 class=\"package-title\"><a href='https:\/\/www.thetheoryworks.com\/de\/download\/specification-singler-element-en\/'>Specification: Single:R Element (EN)<\/a><\/h3>\n                <div class=\"text-muted text-small\"><i class=\"fas fa-copy\"><\/i> 1 Datei(en) <i class=\"fas fa-hdd ml-3\"><\/i> 167.29 KB<\/div>\n            <\/div>\n            <div class=\"ml-3\">\n                <a class='wpdm-download-link download-on-click btn btn-primary btn-xs' rel='nofollow' href='#' data-downloadurl=\"https:\/\/www.thetheoryworks.com\/de\/download\/specification-singler-element-en\/?wpdmdl=2968&refresh=69f4bddd4209f1777647069\">Download<\/a>\n            <\/div>\n        <\/div>\n    <\/div>\n<\/div>\n\n<\/div><\/div>            <div style='clear:both'><\/div><div class='text-center'><ul class='pagination wpdm-pagination pagination-centered text-center'><\/ul><\/div><div style='clear:both'><\/div>        <\/div>\n\n        <div style='clear:both'><\/div>\n    <\/div>\n<\/div>\n<\/div><\/div>\n\n","protected":false},"excerpt":{"rendered":"<p>Das Single:R Element macht eine Seite des modularen Shelters aus. Das Hinzuf\u00fcgen oder Wegnehmen eines Single Elements erm\u00f6glicht die Feineinstellung hinsichtlich der Gr\u00f6\u00dfe des Shelters. Das Single:R Element hat auf beiden Seiten des Dachteils einen Rei\u00dfverschluss. Diese k\u00f6nnen mit anderen Shelterelementen verbunden werden. Die Rei\u00dfverschl\u00fcsse k\u00f6nnen auch als Eingangs- und Ausgangsbereiche benutzt werden. Das Single:R [&hellip;]<\/p>\n","protected":false},"featured_media":2399,"comment_status":"closed","ping_status":"closed","template":"","meta":[],"product_brand":[],"product_cat":[85],"product_tag":[],"class_list":{"0":"post-1982","1":"product","2":"type-product","3":"status-publish","4":"has-post-thumbnail","6":"product_cat-einzelne-komponenten","8":"first","9":"instock","10":"taxable","11":"shipping-taxable","12":"purchasable","13":"product-type-simple"},"composite_virtual":false,"composite_layout":"","composite_add_to_cart_form_location":"","composite_editable_in_cart":false,"composite_sold_individually_context":"","composite_shop_price_calc":"","composite_components":[],"composite_scenarios":[],"yoast_head":"<!-- This site is optimized with the Yoast SEO plugin v26.9 - https:\/\/yoast.com\/product\/yoast-seo-wordpress\/ -->\n<title>Single Element - eine Seite des modularen Shelters<\/title>\n<meta name=\"description\" content=\"Ein einzelnes Element, das eine Seite eines modularen Shelters ausmacht. Sheltern k\u00f6nnen mit Komponenten von The Theory Works\u00ae erstellt werden.\" \/>\n<meta name=\"robots\" content=\"index, follow, max-snippet:-1, max-image-preview:large, max-video-preview:-1\" \/>\n<link rel=\"canonical\" href=\"https:\/\/www.thetheoryworks.com\/de\/produkt\/singler-element\/\" \/>\n<meta property=\"og:locale\" content=\"de_DE\" \/>\n<meta property=\"og:type\" content=\"article\" \/>\n<meta property=\"og:title\" content=\"Single Element - eine Seite des modularen Shelters\" \/>\n<meta property=\"og:description\" content=\"Ein einzelnes Element, das eine Seite eines modularen Shelters ausmacht. Sheltern k\u00f6nnen mit Komponenten von The Theory Works\u00ae erstellt werden.\" \/>\n<meta property=\"og:url\" content=\"https:\/\/www.thetheoryworks.com\/de\/produkt\/singler-element\/\" \/>\n<meta property=\"og:site_name\" content=\"The Theory Works\u00ae\" \/>\n<meta property=\"article:modified_time\" content=\"2020-10-16T17:42:58+00:00\" \/>\n<meta property=\"og:image\" content=\"https:\/\/www.thetheoryworks.com\/wordpress\/wp-content\/uploads\/2014-Element-SingleR-1.jpg\" \/>\n\t<meta property=\"og:image:width\" content=\"600\" \/>\n\t<meta property=\"og:image:height\" content=\"600\" \/>\n\t<meta property=\"og:image:type\" content=\"image\/jpeg\" \/>\n<meta name=\"twitter:label1\" content=\"Gesch\u00e4tzte Lesezeit\" \/>\n\t<meta name=\"twitter:data1\" content=\"1\u00a0Minute\" \/>\n<script type=\"application\/ld+json\" class=\"yoast-schema-graph\">{\"@context\":\"https:\/\/schema.org\",\"@graph\":[{\"@type\":\"WebPage\",\"@id\":\"https:\/\/www.thetheoryworks.com\/de\/produkt\/singler-element\/\",\"url\":\"https:\/\/www.thetheoryworks.com\/de\/produkt\/singler-element\/\",\"name\":\"Single Element - eine Seite des modularen Shelters\",\"isPartOf\":{\"@id\":\"https:\/\/www.thetheoryworks.com\/de\/#website\"},\"primaryImageOfPage\":{\"@id\":\"https:\/\/www.thetheoryworks.com\/de\/produkt\/singler-element\/#primaryimage\"},\"image\":{\"@id\":\"https:\/\/www.thetheoryworks.com\/de\/produkt\/singler-element\/#primaryimage\"},\"thumbnailUrl\":\"https:\/\/www.thetheoryworks.com\/wordpress\/wp-content\/uploads\/2014-Element-SingleR-1.jpg\",\"datePublished\":\"2014-04-30T20:08:10+00:00\",\"dateModified\":\"2020-10-16T17:42:58+00:00\",\"description\":\"Ein einzelnes Element, das eine Seite eines modularen Shelters ausmacht. Sheltern k\u00f6nnen mit Komponenten von The Theory Works\u00ae erstellt werden.\",\"breadcrumb\":{\"@id\":\"https:\/\/www.thetheoryworks.com\/de\/produkt\/singler-element\/#breadcrumb\"},\"inLanguage\":\"de\",\"potentialAction\":[{\"@type\":\"ReadAction\",\"target\":[\"https:\/\/www.thetheoryworks.com\/de\/produkt\/singler-element\/\"]}]},{\"@type\":\"ImageObject\",\"inLanguage\":\"de\",\"@id\":\"https:\/\/www.thetheoryworks.com\/de\/produkt\/singler-element\/#primaryimage\",\"url\":\"https:\/\/www.thetheoryworks.com\/wordpress\/wp-content\/uploads\/2014-Element-SingleR-1.jpg\",\"contentUrl\":\"https:\/\/www.thetheoryworks.com\/wordpress\/wp-content\/uploads\/2014-Element-SingleR-1.jpg\",\"width\":600,\"height\":600},{\"@type\":\"BreadcrumbList\",\"@id\":\"https:\/\/www.thetheoryworks.com\/de\/produkt\/singler-element\/#breadcrumb\",\"itemListElement\":[{\"@type\":\"ListItem\",\"position\":1,\"name\":\"Home\",\"item\":\"https:\/\/www.thetheoryworks.com\/de\/\"},{\"@type\":\"ListItem\",\"position\":2,\"name\":\"Shop\",\"item\":\"https:\/\/www.thetheoryworks.com\/de\/shop\/\"},{\"@type\":\"ListItem\",\"position\":3,\"name\":\"Single:R Element\"}]},{\"@type\":\"WebSite\",\"@id\":\"https:\/\/www.thetheoryworks.com\/de\/#website\",\"url\":\"https:\/\/www.thetheoryworks.com\/de\/\",\"name\":\"The Theory Works\u00ae\",\"description\":\"\",\"potentialAction\":[{\"@type\":\"SearchAction\",\"target\":{\"@type\":\"EntryPoint\",\"urlTemplate\":\"https:\/\/www.thetheoryworks.com\/de\/?s={search_term_string}\"},\"query-input\":{\"@type\":\"PropertyValueSpecification\",\"valueRequired\":true,\"valueName\":\"search_term_string\"}}],\"inLanguage\":\"de\"}]}<\/script>\n<!-- \/ Yoast SEO plugin. -->","yoast_head_json":{"title":"Single Element - eine Seite des modularen Shelters","description":"Ein einzelnes Element, das eine Seite eines modularen Shelters ausmacht. Sheltern k\u00f6nnen mit Komponenten von The Theory Works\u00ae erstellt werden.","robots":{"index":"index","follow":"follow","max-snippet":"max-snippet:-1","max-image-preview":"max-image-preview:large","max-video-preview":"max-video-preview:-1"},"canonical":"https:\/\/www.thetheoryworks.com\/de\/produkt\/singler-element\/","og_locale":"de_DE","og_type":"article","og_title":"Single Element - eine Seite des modularen Shelters","og_description":"Ein einzelnes Element, das eine Seite eines modularen Shelters ausmacht. Sheltern k\u00f6nnen mit Komponenten von The Theory Works\u00ae erstellt werden.","og_url":"https:\/\/www.thetheoryworks.com\/de\/produkt\/singler-element\/","og_site_name":"The Theory Works\u00ae","article_modified_time":"2020-10-16T17:42:58+00:00","og_image":[{"width":600,"height":600,"url":"https:\/\/www.thetheoryworks.com\/wordpress\/wp-content\/uploads\/2014-Element-SingleR-1.jpg","type":"image\/jpeg"}],"twitter_misc":{"Gesch\u00e4tzte Lesezeit":"1\u00a0Minute"},"schema":{"@context":"https:\/\/schema.org","@graph":[{"@type":"WebPage","@id":"https:\/\/www.thetheoryworks.com\/de\/produkt\/singler-element\/","url":"https:\/\/www.thetheoryworks.com\/de\/produkt\/singler-element\/","name":"Single Element - eine Seite des modularen Shelters","isPartOf":{"@id":"https:\/\/www.thetheoryworks.com\/de\/#website"},"primaryImageOfPage":{"@id":"https:\/\/www.thetheoryworks.com\/de\/produkt\/singler-element\/#primaryimage"},"image":{"@id":"https:\/\/www.thetheoryworks.com\/de\/produkt\/singler-element\/#primaryimage"},"thumbnailUrl":"https:\/\/www.thetheoryworks.com\/wordpress\/wp-content\/uploads\/2014-Element-SingleR-1.jpg","datePublished":"2014-04-30T20:08:10+00:00","dateModified":"2020-10-16T17:42:58+00:00","description":"Ein einzelnes Element, das eine Seite eines modularen Shelters ausmacht. Sheltern k\u00f6nnen mit Komponenten von The Theory Works\u00ae erstellt werden.","breadcrumb":{"@id":"https:\/\/www.thetheoryworks.com\/de\/produkt\/singler-element\/#breadcrumb"},"inLanguage":"de","potentialAction":[{"@type":"ReadAction","target":["https:\/\/www.thetheoryworks.com\/de\/produkt\/singler-element\/"]}]},{"@type":"ImageObject","inLanguage":"de","@id":"https:\/\/www.thetheoryworks.com\/de\/produkt\/singler-element\/#primaryimage","url":"https:\/\/www.thetheoryworks.com\/wordpress\/wp-content\/uploads\/2014-Element-SingleR-1.jpg","contentUrl":"https:\/\/www.thetheoryworks.com\/wordpress\/wp-content\/uploads\/2014-Element-SingleR-1.jpg","width":600,"height":600},{"@type":"BreadcrumbList","@id":"https:\/\/www.thetheoryworks.com\/de\/produkt\/singler-element\/#breadcrumb","itemListElement":[{"@type":"ListItem","position":1,"name":"Home","item":"https:\/\/www.thetheoryworks.com\/de\/"},{"@type":"ListItem","position":2,"name":"Shop","item":"https:\/\/www.thetheoryworks.com\/de\/shop\/"},{"@type":"ListItem","position":3,"name":"Single:R Element"}]},{"@type":"WebSite","@id":"https:\/\/www.thetheoryworks.com\/de\/#website","url":"https:\/\/www.thetheoryworks.com\/de\/","name":"The Theory Works\u00ae","description":"","potentialAction":[{"@type":"SearchAction","target":{"@type":"EntryPoint","urlTemplate":"https:\/\/www.thetheoryworks.com\/de\/?s={search_term_string}"},"query-input":{"@type":"PropertyValueSpecification","valueRequired":true,"valueName":"search_term_string"}}],"inLanguage":"de"}]}},"_links":{"self":[{"href":"https:\/\/www.thetheoryworks.com\/de\/wp-json\/wp\/v2\/product\/1982","targetHints":{"allow":["GET"]}}],"collection":[{"href":"https:\/\/www.thetheoryworks.com\/de\/wp-json\/wp\/v2\/product"}],"about":[{"href":"https:\/\/www.thetheoryworks.com\/de\/wp-json\/wp\/v2\/types\/product"}],"replies":[{"embeddable":true,"href":"https:\/\/www.thetheoryworks.com\/de\/wp-json\/wp\/v2\/comments?post=1982"}],"wp:featuredmedia":[{"embeddable":true,"href":"https:\/\/www.thetheoryworks.com\/de\/wp-json\/wp\/v2\/media\/2399"}],"wp:attachment":[{"href":"https:\/\/www.thetheoryworks.com\/de\/wp-json\/wp\/v2\/media?parent=1982"}],"wp:term":[{"taxonomy":"product_brand","embeddable":true,"href":"https:\/\/www.thetheoryworks.com\/de\/wp-json\/wp\/v2\/product_brand?post=1982"},{"taxonomy":"product_cat","embeddable":true,"href":"https:\/\/www.thetheoryworks.com\/de\/wp-json\/wp\/v2\/product_cat?post=1982"},{"taxonomy":"product_tag","embeddable":true,"href":"https:\/\/www.thetheoryworks.com\/de\/wp-json\/wp\/v2\/product_tag?post=1982"}],"curies":[{"name":"wp","href":"https:\/\/api.w.org\/{rel}","templated":true}]}}