{"id":4379,"date":"2018-06-30T13:39:43","date_gmt":"2018-06-30T12:39:43","guid":{"rendered":"http:\/\/www.thetheoryworks.com\/?post_type=product&#038;p=4379"},"modified":"2024-07-11T08:09:23","modified_gmt":"2024-07-11T07:09:23","slug":"abspannleine-8-fach-22mm","status":"publish","type":"product","link":"https:\/\/www.thetheoryworks.com\/de\/produkt\/abspannleine-8-fach-22mm\/","title":{"rendered":"Abspannleine 8-fach, 2,2mm"},"content":{"rendered":"<p>Eine hochwertige Abspannleine ist wichtig, um das Zelt auch bei schlechten Wetterbedingungen zu sch\u00fctzen. Diese Packung enth\u00e4lt 8 Abspannleinen, die robust und in allen Wetterbedingungen leicht anpassbar sind. <\/p>\n<p>Diese Abspannleine wurde speziell f\u00fcr The Theory Works\u00ae gewebt. Die Leine besteht aus einem hochwertigen 100%igen Polyesterkern mit Ummantelung. Die Ummantelung wurde sehr fest gewebt, um sie abnutzungsresistenter zu machen und sie vor Besch\u00e4digungen von Klettverschl\u00fcssen zu sch\u00fctzen. Polyester nimmt kaum Wasser auf und beh\u00e4lt dadurch die straffe Form, wenn sich die Wetterverh\u00e4ltnisse \u00e4ndern. <\/p>\n<p>Line-Lok\u00ae Leinenspanner bieten exzellente Stopp-Eigenschaften. Sie k\u00f6nnen selbst bei extremen Wetterverh\u00e4ltnissen leicht verstellt werden. <\/p>\n<p>Abspannleinen funktionieren am besten, wenn sie so lang wie m\u00f6glich sind. L\u00e4ngere Leinen bieten besseren Schutz gegen Seitenwinde und erschweren das Herausziehen der Heringe. F\u00fcr das Quadratic\u2122 Zelt empfehlen wir zwei Pakete Abspannleinen f\u00fcr extreme Wetterverh\u00e4ltnisse, da so die unteren und oberen Abspannleinenverbindungsschlaufen benutzt werden k\u00f6nnen. <\/p>\n<div id=\"squelch-taas-toggle-0\" class=\"squelch-taas-toggle squelch-taas-override\" data-speed=\"800\" data-active=\"\" data-theme=\"ttw\" ><h3 id=\"squelch-taas-header-0\" class=\"squelch-taas-toggle-shortcode-header\"><a href=\"#squelch-taas-toggle-shortcode-content-0\">Spezifikationen<\/a><\/h3><div id=\"squelch-taas-toggle-shortcode-content-0\" class=\"squelch-taas-toggle-shortcode-content squelch-taas-toggle-shortcode-content-0\">\n<h4>Beschreibung<\/h4>\n<ul>\n<li>8x 2m lange Abspannleine<\/li>\n<li>8x Line-Lok\u00ae Leinenspanner<\/li>\n<\/ul>\n<h4>Eigenschaften<\/h4>\n<ul>\n<li>Leichtgewicht, nicht stretchbare und sehr abreibungsresistente Abspannleine <\/li>\n<li>Praktische, verl\u00e4ssliche Leinenspanner<\/li>\n<li>Gro\u00dfz\u00fcgige 2m L\u00e4nge f\u00fcr bessere Leistung bei hohen Windst\u00e4rken<\/li>\n<\/ul>\n<h4>Materialien<\/h4>\n<ul>\n<li>Polyester Kernmantel- Leine mit sehr eng gewebtem Au\u00dfenmantel<\/li>\n<li>Nylon <\/li>\n<\/ul>\n<h4>Ma\u00dfe<\/h4>\n<ul>\n<li>L\u00e4nge der Abspannleine<\/li>\n<li>Abspannleine 8x 2m: 54g (ca. 6,5 g pro Leine)<\/li>\n<li>Line-Lok\u00ae Leinenspanner 8x: 8g (ca. 1g pro Leinenspanner)<\/li>\n<li>Insgesamt 8x Abspannleinen mit Line-Loks\u00ae: 62g (ca. 7,5g pro Leine)<\/li>\n<\/ul>\n<\/div>\n<h3 id=\"squelch-taas-header-1\" class=\"squelch-taas-toggle-shortcode-header\"><a href=\"#squelch-taas-toggle-shortcode-content-1\">Download<\/a><\/h3><div id=\"squelch-taas-toggle-shortcode-content-1\" class=\"squelch-taas-toggle-shortcode-content squelch-taas-toggle-shortcode-content-1\"><div class='w3eden'>\n    <div class=''>\n\n        \n        <div id=\"content_wpdm_package_1\">\n            <div class='row'><div class='col-md-12'>Keine Downloads gefunden!<\/div><\/div>            <div style='clear:both'><\/div><div class='text-center'><ul class='pagination wpdm-pagination pagination-centered text-center'><\/ul><\/div><div style='clear:both'><\/div>        <\/div>\n\n        <div style='clear:both'><\/div>\n    <\/div>\n<\/div>\n<\/div><\/div>\n\n<p style=\"font-size: smaller;\">&nbsp;<br \/>Line-Lok\u00ae ist eine Handelsmarke der Clamcleats Ltd. <\/p>\n","protected":false},"excerpt":{"rendered":"<p>Das Paket besteht aus 8x2m Abspannleine mit dazugeh\u00f6rigem Line-Lok\u00ae Leinenspanner. Perfekt f\u00fcr das Quadratic\u2122 Zelt. Die 2,2mm Polyesterleine ist sehr abnutzungsresistent.<\/p>\n","protected":false},"featured_media":4376,"comment_status":"closed","ping_status":"closed","template":"","meta":[],"product_brand":[],"product_cat":[201,252],"product_tag":[],"class_list":{"0":"post-4379","1":"product","2":"type-product","3":"status-publish","4":"has-post-thumbnail","6":"product_cat-abspannleine","7":"product_cat-quad-erweitere-dein-system","9":"first","10":"onbackorder","11":"taxable","12":"shipping-taxable","13":"purchasable","14":"product-type-variable","15":"has-default-attributes"},"composite_virtual":false,"composite_layout":"","composite_add_to_cart_form_location":"","composite_editable_in_cart":false,"composite_sold_individually_context":"","composite_shop_price_calc":"","composite_components":[],"composite_scenarios":[],"yoast_head":"<!-- This site is optimized with the Yoast SEO plugin v26.9 - https:\/\/yoast.com\/product\/yoast-seo-wordpress\/ -->\n<title>Abspannleine 8-fach, 2,2mm -<\/title>\n<meta name=\"description\" content=\"Das Paket besteht aus 8x2m Abspannleine und dazugeh\u00f6rige Line-Lok\u00ae Stopper. Die 2,2mm Polyesterleine ist sehr abnutzungsresistent.\" \/>\n<meta name=\"robots\" content=\"index, follow, max-snippet:-1, max-image-preview:large, max-video-preview:-1\" \/>\n<link rel=\"canonical\" href=\"https:\/\/www.thetheoryworks.com\/de\/produkt\/abspannleine-8-fach-22mm\/\" \/>\n<meta property=\"og:locale\" content=\"de_DE\" \/>\n<meta property=\"og:type\" content=\"article\" \/>\n<meta property=\"og:title\" content=\"Abspannleine 8-fach, 2,2mm -\" \/>\n<meta property=\"og:description\" content=\"Das Paket besteht aus 8x2m Abspannleine und dazugeh\u00f6rige Line-Lok\u00ae Stopper. Die 2,2mm Polyesterleine ist sehr abnutzungsresistent.\" \/>\n<meta property=\"og:url\" content=\"https:\/\/www.thetheoryworks.com\/de\/produkt\/abspannleine-8-fach-22mm\/\" \/>\n<meta property=\"og:site_name\" content=\"The Theory Works\u00ae\" \/>\n<meta property=\"article:modified_time\" content=\"2024-07-11T07:09:23+00:00\" \/>\n<meta property=\"og:image\" content=\"https:\/\/www.thetheoryworks.com\/wordpress\/wp-content\/uploads\/STP-Quad-Guy_Set_Yel-18-06-012.jpg\" \/>\n\t<meta property=\"og:image:width\" content=\"600\" \/>\n\t<meta property=\"og:image:height\" content=\"600\" \/>\n\t<meta property=\"og:image:type\" content=\"image\/jpeg\" \/>\n<meta name=\"twitter:label1\" content=\"Gesch\u00e4tzte Lesezeit\" \/>\n\t<meta name=\"twitter:data1\" content=\"1\u00a0Minute\" \/>\n<script type=\"application\/ld+json\" class=\"yoast-schema-graph\">{\"@context\":\"https:\/\/schema.org\",\"@graph\":[{\"@type\":\"WebPage\",\"@id\":\"https:\/\/www.thetheoryworks.com\/de\/produkt\/abspannleine-8-fach-22mm\/\",\"url\":\"https:\/\/www.thetheoryworks.com\/de\/produkt\/abspannleine-8-fach-22mm\/\",\"name\":\"Abspannleine 8-fach, 2,2mm -\",\"isPartOf\":{\"@id\":\"https:\/\/www.thetheoryworks.com\/de\/#website\"},\"primaryImageOfPage\":{\"@id\":\"https:\/\/www.thetheoryworks.com\/de\/produkt\/abspannleine-8-fach-22mm\/#primaryimage\"},\"image\":{\"@id\":\"https:\/\/www.thetheoryworks.com\/de\/produkt\/abspannleine-8-fach-22mm\/#primaryimage\"},\"thumbnailUrl\":\"https:\/\/www.thetheoryworks.com\/wordpress\/wp-content\/uploads\/STP-Quad-Guy_Set_Yel-18-06-012.jpg\",\"datePublished\":\"2018-06-30T12:39:43+00:00\",\"dateModified\":\"2024-07-11T07:09:23+00:00\",\"description\":\"Das Paket besteht aus 8x2m Abspannleine und dazugeh\u00f6rige Line-Lok\u00ae Stopper. Die 2,2mm Polyesterleine ist sehr abnutzungsresistent.\",\"breadcrumb\":{\"@id\":\"https:\/\/www.thetheoryworks.com\/de\/produkt\/abspannleine-8-fach-22mm\/#breadcrumb\"},\"inLanguage\":\"de\",\"potentialAction\":[{\"@type\":\"ReadAction\",\"target\":[\"https:\/\/www.thetheoryworks.com\/de\/produkt\/abspannleine-8-fach-22mm\/\"]}]},{\"@type\":\"ImageObject\",\"inLanguage\":\"de\",\"@id\":\"https:\/\/www.thetheoryworks.com\/de\/produkt\/abspannleine-8-fach-22mm\/#primaryimage\",\"url\":\"https:\/\/www.thetheoryworks.com\/wordpress\/wp-content\/uploads\/STP-Quad-Guy_Set_Yel-18-06-012.jpg\",\"contentUrl\":\"https:\/\/www.thetheoryworks.com\/wordpress\/wp-content\/uploads\/STP-Quad-Guy_Set_Yel-18-06-012.jpg\",\"width\":600,\"height\":600,\"caption\":\"Guy Cord Set: 8x 2m lengths of Guy Cord 2.2mm, Yellow, with 8x Line-Lok\u00ae Adjusters\"},{\"@type\":\"BreadcrumbList\",\"@id\":\"https:\/\/www.thetheoryworks.com\/de\/produkt\/abspannleine-8-fach-22mm\/#breadcrumb\",\"itemListElement\":[{\"@type\":\"ListItem\",\"position\":1,\"name\":\"Home\",\"item\":\"https:\/\/www.thetheoryworks.com\/de\/\"},{\"@type\":\"ListItem\",\"position\":2,\"name\":\"Shop\",\"item\":\"https:\/\/www.thetheoryworks.com\/de\/shop\/\"},{\"@type\":\"ListItem\",\"position\":3,\"name\":\"Abspannleine 8-fach, 2,2mm\"}]},{\"@type\":\"WebSite\",\"@id\":\"https:\/\/www.thetheoryworks.com\/de\/#website\",\"url\":\"https:\/\/www.thetheoryworks.com\/de\/\",\"name\":\"The Theory Works\u00ae\",\"description\":\"\",\"potentialAction\":[{\"@type\":\"SearchAction\",\"target\":{\"@type\":\"EntryPoint\",\"urlTemplate\":\"https:\/\/www.thetheoryworks.com\/de\/?s={search_term_string}\"},\"query-input\":{\"@type\":\"PropertyValueSpecification\",\"valueRequired\":true,\"valueName\":\"search_term_string\"}}],\"inLanguage\":\"de\"}]}<\/script>\n<!-- \/ Yoast SEO plugin. -->","yoast_head_json":{"title":"Abspannleine 8-fach, 2,2mm -","description":"Das Paket besteht aus 8x2m Abspannleine und dazugeh\u00f6rige Line-Lok\u00ae Stopper. Die 2,2mm Polyesterleine ist sehr abnutzungsresistent.","robots":{"index":"index","follow":"follow","max-snippet":"max-snippet:-1","max-image-preview":"max-image-preview:large","max-video-preview":"max-video-preview:-1"},"canonical":"https:\/\/www.thetheoryworks.com\/de\/produkt\/abspannleine-8-fach-22mm\/","og_locale":"de_DE","og_type":"article","og_title":"Abspannleine 8-fach, 2,2mm -","og_description":"Das Paket besteht aus 8x2m Abspannleine und dazugeh\u00f6rige Line-Lok\u00ae Stopper. Die 2,2mm Polyesterleine ist sehr abnutzungsresistent.","og_url":"https:\/\/www.thetheoryworks.com\/de\/produkt\/abspannleine-8-fach-22mm\/","og_site_name":"The Theory Works\u00ae","article_modified_time":"2024-07-11T07:09:23+00:00","og_image":[{"width":600,"height":600,"url":"https:\/\/www.thetheoryworks.com\/wordpress\/wp-content\/uploads\/STP-Quad-Guy_Set_Yel-18-06-012.jpg","type":"image\/jpeg"}],"twitter_misc":{"Gesch\u00e4tzte Lesezeit":"1\u00a0Minute"},"schema":{"@context":"https:\/\/schema.org","@graph":[{"@type":"WebPage","@id":"https:\/\/www.thetheoryworks.com\/de\/produkt\/abspannleine-8-fach-22mm\/","url":"https:\/\/www.thetheoryworks.com\/de\/produkt\/abspannleine-8-fach-22mm\/","name":"Abspannleine 8-fach, 2,2mm -","isPartOf":{"@id":"https:\/\/www.thetheoryworks.com\/de\/#website"},"primaryImageOfPage":{"@id":"https:\/\/www.thetheoryworks.com\/de\/produkt\/abspannleine-8-fach-22mm\/#primaryimage"},"image":{"@id":"https:\/\/www.thetheoryworks.com\/de\/produkt\/abspannleine-8-fach-22mm\/#primaryimage"},"thumbnailUrl":"https:\/\/www.thetheoryworks.com\/wordpress\/wp-content\/uploads\/STP-Quad-Guy_Set_Yel-18-06-012.jpg","datePublished":"2018-06-30T12:39:43+00:00","dateModified":"2024-07-11T07:09:23+00:00","description":"Das Paket besteht aus 8x2m Abspannleine und dazugeh\u00f6rige Line-Lok\u00ae Stopper. Die 2,2mm Polyesterleine ist sehr abnutzungsresistent.","breadcrumb":{"@id":"https:\/\/www.thetheoryworks.com\/de\/produkt\/abspannleine-8-fach-22mm\/#breadcrumb"},"inLanguage":"de","potentialAction":[{"@type":"ReadAction","target":["https:\/\/www.thetheoryworks.com\/de\/produkt\/abspannleine-8-fach-22mm\/"]}]},{"@type":"ImageObject","inLanguage":"de","@id":"https:\/\/www.thetheoryworks.com\/de\/produkt\/abspannleine-8-fach-22mm\/#primaryimage","url":"https:\/\/www.thetheoryworks.com\/wordpress\/wp-content\/uploads\/STP-Quad-Guy_Set_Yel-18-06-012.jpg","contentUrl":"https:\/\/www.thetheoryworks.com\/wordpress\/wp-content\/uploads\/STP-Quad-Guy_Set_Yel-18-06-012.jpg","width":600,"height":600,"caption":"Guy Cord Set: 8x 2m lengths of Guy Cord 2.2mm, Yellow, with 8x Line-Lok\u00ae Adjusters"},{"@type":"BreadcrumbList","@id":"https:\/\/www.thetheoryworks.com\/de\/produkt\/abspannleine-8-fach-22mm\/#breadcrumb","itemListElement":[{"@type":"ListItem","position":1,"name":"Home","item":"https:\/\/www.thetheoryworks.com\/de\/"},{"@type":"ListItem","position":2,"name":"Shop","item":"https:\/\/www.thetheoryworks.com\/de\/shop\/"},{"@type":"ListItem","position":3,"name":"Abspannleine 8-fach, 2,2mm"}]},{"@type":"WebSite","@id":"https:\/\/www.thetheoryworks.com\/de\/#website","url":"https:\/\/www.thetheoryworks.com\/de\/","name":"The Theory Works\u00ae","description":"","potentialAction":[{"@type":"SearchAction","target":{"@type":"EntryPoint","urlTemplate":"https:\/\/www.thetheoryworks.com\/de\/?s={search_term_string}"},"query-input":{"@type":"PropertyValueSpecification","valueRequired":true,"valueName":"search_term_string"}}],"inLanguage":"de"}]}},"_links":{"self":[{"href":"https:\/\/www.thetheoryworks.com\/de\/wp-json\/wp\/v2\/product\/4379","targetHints":{"allow":["GET"]}}],"collection":[{"href":"https:\/\/www.thetheoryworks.com\/de\/wp-json\/wp\/v2\/product"}],"about":[{"href":"https:\/\/www.thetheoryworks.com\/de\/wp-json\/wp\/v2\/types\/product"}],"replies":[{"embeddable":true,"href":"https:\/\/www.thetheoryworks.com\/de\/wp-json\/wp\/v2\/comments?post=4379"}],"wp:featuredmedia":[{"embeddable":true,"href":"https:\/\/www.thetheoryworks.com\/de\/wp-json\/wp\/v2\/media\/4376"}],"wp:attachment":[{"href":"https:\/\/www.thetheoryworks.com\/de\/wp-json\/wp\/v2\/media?parent=4379"}],"wp:term":[{"taxonomy":"product_brand","embeddable":true,"href":"https:\/\/www.thetheoryworks.com\/de\/wp-json\/wp\/v2\/product_brand?post=4379"},{"taxonomy":"product_cat","embeddable":true,"href":"https:\/\/www.thetheoryworks.com\/de\/wp-json\/wp\/v2\/product_cat?post=4379"},{"taxonomy":"product_tag","embeddable":true,"href":"https:\/\/www.thetheoryworks.com\/de\/wp-json\/wp\/v2\/product_tag?post=4379"}],"curies":[{"name":"wp","href":"https:\/\/api.w.org\/{rel}","templated":true}]}}