{"id":4388,"date":"2018-02-17T12:15:14","date_gmt":"2018-02-17T11:15:14","guid":{"rendered":"http:\/\/www.thetheoryworks.com\/?post_type=product&#038;p=4388"},"modified":"2020-09-01T00:06:15","modified_gmt":"2020-08-31T23:06:15","slug":"quadratic-snow-outer","status":"publish","type":"product","link":"https:\/\/www.thetheoryworks.com\/de\/produkt\/quadratic-snow-outer\/","title":{"rendered":"Quadratic\u2122 Snow Outer"},"content":{"rendered":"<p>Das Quadratic\u2122 Snow Outer ist ein wasserdichtes Au\u00dfenzelt. Es ist f\u00fcr alle Wetterbedingungen geeignet. Durch die Absidenklappen und die verschlie\u00dfbare Allwetterventilation ist dieses Zelt besonders f\u00fcr das Winter- und Expeditionscamping geeignet.<\/p>\n<p>Drei Zeltstangen (separat erh\u00e4ltlich) werden f\u00fcr den Aufbau des Zeltes ben\u00f6tigt. Ein oder zwei optionale Seitenstangen k\u00f6nnen hinzugef\u00fcgt werden, damit das Zelt frei stehen kann und eine extreme Sicherheit bei Winden garantiert. Eine obere Zeltstange macht das Zelt noch robuster. Sie verst\u00e4rkt das Zelt bei starkem Schneefall und verbessert die Ventilation. <\/p>\n<p>Das Quadratic\u2122 Snow Outer kann mit oder ohne einem Groundfloor\u2122 oder Innenzelt aufgebaut werden. Beim Quadratic\u2122 System kann sowohl erst das Innen- als auch das Au\u00dfenzelt zuerst aufgebaut werden, oder beide k\u00f6nnen zusammen errichtet werden, was den Aufbau beschleunigt.<\/p>\n<p>Die beiden gro\u00dfen Absiden bieten gro\u00dfz\u00fcgigen Platz f\u00fcr Ausr\u00fcstung und dienen gleichzeitig als Ein- und Ausgang. Die Schneeklappen entlang der Absiden dienen dem sicheren Halt und halten den Schnee vom Inneren des Zelts fern. Die T\u00fcren k\u00f6nnen von oben oder unten ge\u00f6ffnet werden, so dass selbst bei starkem Schneefall das Zelt einfach betreten werden kann. <\/p>\n<p>Der obere Teil der T\u00fcr dient als Ventilation selbst f\u00fcr den kleinen Luftaustausch oder kann verschlossen werden. Die vier Allwetterventilationsklappen wurden so entwickelt, dass sie in fast allen Witterungsbedingungen ge\u00f6ffnet werden k\u00f6nnen. Sie k\u00f6nnen jedoch in extremen Bedingungen geschlossen werden, um Spr\u00fchschnee im Zelt zu verhindern. <\/p>\n<div id=\"squelch-taas-toggle-0\" class=\"squelch-taas-toggle squelch-taas-override\" data-speed=\"800\" data-active=\"\" data-theme=\"ttw\" ><h3 id=\"squelch-taas-header-0\" class=\"squelch-taas-toggle-shortcode-header\"><a href=\"#squelch-taas-toggle-shortcode-content-0\">Spezifikationen<\/a><\/h3><div id=\"squelch-taas-toggle-shortcode-content-0\" class=\"squelch-taas-toggle-shortcode-content squelch-taas-toggle-shortcode-content-0\">\n<h4>Beschreibung<\/h4>\n<ul>\n<li>Wasserdichtes Au\u00dfenzelt f\u00fcr das Quadratic\u2122 Zeltsystem<\/li>\n<li>Ein robustes Allwetterzelt mit extra Features f\u00fcr Schneefall<\/li>\n<li>Aufbau mit drei Zeltstangen (nicht enthalten) und bis zu drei optionalen Stangen<\/li>\n<li>Aufbau mit oder ohne Quadratic\u2122 Innenzelt oder Groundfloor\u2122<\/li>\n<\/ul>\n<h4>Eigenschaften<\/h4>\n<ul>\n<li>Teil des Quadratic\u2122 Zeltsystems, kombiniere verschiedene Komponenten f\u00fcr unterschiedliche Anforderungen<\/li>\n<li>Zeltlasche f\u00fcr optionale Seitenstangen (Quadratic\u2122 Innenzelt oder Groundfloor\u2122 werden ben\u00f6tigt) <\/li>\n<li>Vorrichtungen f\u00fcr optionale Deckenstange<\/li>\n<li>Zwei gro\u00dfe Absiden mit T\u00fcren, die nach vorne oder seitw\u00e4rts \u00f6ffnen. Die T\u00fcr kann bei Schneefall auch von oben ge\u00f6ffnet werden<\/li>\n<li>Schneeklappen an beiden Absiden vorhanden, um Spr\u00fchschnee abzuwehren und extra Stabilit\u00e4t zu schaffen. <\/li>\n<li>Vier Allwetterventilationsklappen mit Insektennetz und Rei\u00dfverschluss<\/li>\n<li>Zwei verschlie\u00dfbare Ventilationsklappen \u00fcber den T\u00fcren<\/li>\n<li>Verschlossene Tunnellasche f\u00fcr einfachen Aufbau  bei nur einer Person<\/li>\n<li>Entfernbare Abspannklemmen an den Zeltenden<\/li>\n<\/ul>\n<h4>Materialien<\/h4>\n<ul>\n<li>40D Ripstop Nylon, beidseitig silikonbeschichtet, min. 2000 mm hydrostatische Druckh\u00f6he<\/li>\n<li>Insektennetz an allen Allwetterventilationsklappen<\/li>\n<li>Hypalonverst\u00e4rkung an allen Zeltstangenenden<\/li>\n<li>YKK Rei\u00dfverschl\u00fc\u00dfe<\/li>\n<\/ul>\n<h4>Ma\u00dfe<\/h4>\n<ul>\n<li>Au\u00dfenzelt 1490 g<\/li>\n<li>Hauptgest\u00e4nge Halterungsriemen 85 g<\/li>\n<li>Deckengest\u00e4nge Halterungsriemen 39 g<\/li>\n<li>Zeltleinenabspanner 34 g<\/li>\n<li>Kompressionspacksack 64 g<\/li>\n<li>Innenbereich total 5,5m<sup>2<\/sup><\/li>\n<li>4,3m x 1,6m x 1,15m (L\u00e4nge x Breite x H\u00f6he)<\/li>\n<\/ul>\n<\/div>\n<h3 id=\"squelch-taas-header-1\" class=\"squelch-taas-toggle-shortcode-header\"><a href=\"#squelch-taas-toggle-shortcode-content-1\">Enthalten<\/a><\/h3><div id=\"squelch-taas-toggle-shortcode-content-1\" class=\"squelch-taas-toggle-shortcode-content squelch-taas-toggle-shortcode-content-1\">\n<h4>Enthalten<\/h4>\n<ul>\n<li>Wasserdichtes Au\u00dfenzelt (Zeltplane)<\/li>\n<li>Abnehmbare Deckenstangenschlaufe<\/li>\n<li>Abnehmbare Hauptgest\u00e4ngeschlaufen (nicht ben\u00f6tigt beim Quadratic\u2122 Innenzelt oder Groundfloor\u2122)<\/li>\n<li>Abnehmbare Zeltleinenabspanner<\/li>\n<li>Kompressionspacksack (Gr\u00f6\u00dfe ausreichend f\u00fcr ein komplettes Zelt)<\/li>\n<li>McNett Sil-Net Nahtdichter<\/li>\n<\/ul>\n<h4>Nicht enthalten &#8211; notwendig f\u00fcr den Aufbau<\/h4>\n<ul>\n<li>End- Zeltgest\u00e4nge (vorgebogen, 270cm), 2x <\/li>\n<li>Mittel- Zeltgest\u00e4nge (vorgebogen, 310cm) 1x<\/li>\n<li>Heringe, versch. Sorten, 4x minimum<\/li>\n<\/ul>\n<h4>Nicht enthalten &#8211; anderes Systemzubeh\u00f6r<\/h4>\n<ul>\n<li>Abspannleine (sehr empfohlen), stabilisiert das Zeltgest\u00e4nge bei Wind; 6x minimum<\/li>\n<li>Innenzelt oder Groundfloor\u2122 &#8211; verbesserter Komfort, erm\u00f6glicht Gebrauch von Zeltseitengest\u00e4nge<\/li>\n<li>Seitengest\u00e4nge &#8211; erm\u00f6glicht den freien Stand des Mittelzeltes, erh\u00f6hte Windresistenz<\/li>\n<li>Deckengest\u00e4nge &#8211; erh\u00f6ht die Zeltstabilit\u00e4t besonders bei starkem Schneefall<\/li>\n<li>Mezzanine\u2122 &#8211; extra Verstaunetz im Deckenbereich<\/li>\n<\/div>\n<h3 id=\"squelch-taas-header-2\" class=\"squelch-taas-toggle-shortcode-header\"><a href=\"#squelch-taas-toggle-shortcode-content-2\">Download<\/a><\/h3><div id=\"squelch-taas-toggle-shortcode-content-2\" class=\"squelch-taas-toggle-shortcode-content squelch-taas-toggle-shortcode-content-2\"><div class='w3eden'>\n    <div class=''>\n\n        \n        <div id=\"content_wpdm_package_1\">\n            <div class='row'><div class='col-lg-4 col-md-6 col-12'><!-- WPDM Link Template: Default Template -->\n\n<div class=\"link-template-default card mb-2\">\n    <div class=\"card-body\">\n        <div class=\"media\">\n            <div class=\"mr-3 img-48\"><img decoding=\"async\" class=\"wpdm_icon\" alt=\"Icon\"   src=\"https:\/\/www.thetheoryworks.com\/wordpress\/wp-content\/plugins\/download-manager\/assets\/file-type-icons\/pdf.svg\" \/><\/div>\n            <div class=\"media-body\">\n                <h3 class=\"package-title\"><a href='https:\/\/www.thetheoryworks.com\/de\/download\/specification-quadratic-snow-outer-en\/'>Specification: Quadratic Snow Outer (EN)<\/a><\/h3>\n                <div class=\"text-muted text-small\"><i class=\"fas fa-copy\"><\/i> 1 Datei(en) <i class=\"fas fa-hdd ml-3\"><\/i> 376.42 KB<\/div>\n            <\/div>\n            <div class=\"ml-3\">\n                <a class='wpdm-download-link download-on-click btn btn-primary btn-xs' rel='nofollow' href='#' data-downloadurl=\"https:\/\/www.thetheoryworks.com\/de\/download\/specification-quadratic-snow-outer-en\/?wpdmdl=4512&refresh=69f5181c867251777670172\">Download<\/a>\n            <\/div>\n        <\/div>\n    <\/div>\n<\/div>\n\n<\/div><\/div>            <div style='clear:both'><\/div><div class='text-center'><ul class='pagination wpdm-pagination pagination-centered text-center'><\/ul><\/div><div style='clear:both'><\/div>        <\/div>\n\n        <div style='clear:both'><\/div>\n    <\/div>\n<\/div>\n<\/div><\/div>\n\n","protected":false},"excerpt":{"rendered":"<p>Das Quadratic\u2122 Snow Outer ist speziell f\u00fcr die K\u00e4lte entwickelt worden und besitzt hervorragende Eigenschaften f\u00fcr extreme Wettersituationen. Schnee- und verschlie\u00dfbare Ventilationsklappen verhindern das Eindringen von Zugluft und N\u00e4sse. Die T\u00fcren werden von oben ge\u00f6ffnet. Eine perfekte Wahl f\u00fcr eisige Basecamps, aber auch w\u00e4hrend anderer Jahreszeiten vielseitig einsetzbar.<\/p>\n","protected":false},"featured_media":4717,"comment_status":"closed","ping_status":"closed","template":"","meta":[],"product_brand":[],"product_cat":[252],"product_tag":[292],"class_list":{"0":"post-4388","1":"product","2":"type-product","3":"status-publish","4":"has-post-thumbnail","6":"product_cat-quad-erweitere-dein-system","7":"product_tag-quadratic-snow-outer-de","9":"first","10":"instock","11":"taxable","12":"shipping-taxable","13":"purchasable","14":"product-type-simple"},"composite_virtual":false,"composite_layout":"","composite_add_to_cart_form_location":"","composite_editable_in_cart":false,"composite_sold_individually_context":"","composite_shop_price_calc":"","composite_components":[],"composite_scenarios":[],"yoast_head":"<!-- This site is optimized with the Yoast SEO plugin v26.9 - https:\/\/yoast.com\/product\/yoast-seo-wordpress\/ -->\n<title>Quadratic\u2122 Snow Outer<\/title>\n<meta name=\"description\" content=\"Dieses Quadratic\u2122 Au\u00dfenzelt ist speziell f\u00fcr die K\u00e4lte entwickelt worden und besitzt hervorragende Eigenschaften f\u00fcr extreme Wettersituationen.\" \/>\n<meta name=\"robots\" content=\"index, follow, max-snippet:-1, max-image-preview:large, max-video-preview:-1\" \/>\n<link rel=\"canonical\" href=\"https:\/\/www.thetheoryworks.com\/de\/produkt\/quadratic-snow-outer\/\" \/>\n<meta property=\"og:locale\" content=\"de_DE\" \/>\n<meta property=\"og:type\" content=\"article\" \/>\n<meta property=\"og:title\" content=\"Quadratic\u2122 Snow Outer\" \/>\n<meta property=\"og:description\" content=\"Dieses Quadratic\u2122 Au\u00dfenzelt ist speziell f\u00fcr die K\u00e4lte entwickelt worden und besitzt hervorragende Eigenschaften f\u00fcr extreme Wettersituationen.\" \/>\n<meta property=\"og:url\" content=\"https:\/\/www.thetheoryworks.com\/de\/produkt\/quadratic-snow-outer\/\" \/>\n<meta property=\"og:site_name\" content=\"The Theory Works\u00ae\" \/>\n<meta property=\"article:modified_time\" content=\"2020-08-31T23:06:15+00:00\" \/>\n<meta property=\"og:image\" content=\"https:\/\/www.thetheoryworks.com\/wordpress\/wp-content\/uploads\/SUP-Quad-SnowOuter-18-05_075.jpg\" \/>\n\t<meta property=\"og:image:width\" content=\"600\" \/>\n\t<meta property=\"og:image:height\" content=\"600\" \/>\n\t<meta property=\"og:image:type\" content=\"image\/jpeg\" \/>\n<meta name=\"twitter:label1\" content=\"Gesch\u00e4tzte Lesezeit\" \/>\n\t<meta name=\"twitter:data1\" content=\"3\u00a0Minuten\" \/>\n<script type=\"application\/ld+json\" class=\"yoast-schema-graph\">{\"@context\":\"https:\/\/schema.org\",\"@graph\":[{\"@type\":\"WebPage\",\"@id\":\"https:\/\/www.thetheoryworks.com\/de\/produkt\/quadratic-snow-outer\/\",\"url\":\"https:\/\/www.thetheoryworks.com\/de\/produkt\/quadratic-snow-outer\/\",\"name\":\"Quadratic\u2122 Snow Outer\",\"isPartOf\":{\"@id\":\"https:\/\/www.thetheoryworks.com\/de\/#website\"},\"primaryImageOfPage\":{\"@id\":\"https:\/\/www.thetheoryworks.com\/de\/produkt\/quadratic-snow-outer\/#primaryimage\"},\"image\":{\"@id\":\"https:\/\/www.thetheoryworks.com\/de\/produkt\/quadratic-snow-outer\/#primaryimage\"},\"thumbnailUrl\":\"https:\/\/www.thetheoryworks.com\/wordpress\/wp-content\/uploads\/SUP-Quad-SnowOuter-18-05_075.jpg\",\"datePublished\":\"2018-02-17T11:15:14+00:00\",\"dateModified\":\"2020-08-31T23:06:15+00:00\",\"description\":\"Dieses Quadratic\u2122 Au\u00dfenzelt ist speziell f\u00fcr die K\u00e4lte entwickelt worden und besitzt hervorragende Eigenschaften f\u00fcr extreme Wettersituationen.\",\"breadcrumb\":{\"@id\":\"https:\/\/www.thetheoryworks.com\/de\/produkt\/quadratic-snow-outer\/#breadcrumb\"},\"inLanguage\":\"de\",\"potentialAction\":[{\"@type\":\"ReadAction\",\"target\":[\"https:\/\/www.thetheoryworks.com\/de\/produkt\/quadratic-snow-outer\/\"]}]},{\"@type\":\"ImageObject\",\"inLanguage\":\"de\",\"@id\":\"https:\/\/www.thetheoryworks.com\/de\/produkt\/quadratic-snow-outer\/#primaryimage\",\"url\":\"https:\/\/www.thetheoryworks.com\/wordpress\/wp-content\/uploads\/SUP-Quad-SnowOuter-18-05_075.jpg\",\"contentUrl\":\"https:\/\/www.thetheoryworks.com\/wordpress\/wp-content\/uploads\/SUP-Quad-SnowOuter-18-05_075.jpg\",\"width\":600,\"height\":600},{\"@type\":\"BreadcrumbList\",\"@id\":\"https:\/\/www.thetheoryworks.com\/de\/produkt\/quadratic-snow-outer\/#breadcrumb\",\"itemListElement\":[{\"@type\":\"ListItem\",\"position\":1,\"name\":\"Home\",\"item\":\"https:\/\/www.thetheoryworks.com\/de\/\"},{\"@type\":\"ListItem\",\"position\":2,\"name\":\"Shop\",\"item\":\"https:\/\/www.thetheoryworks.com\/de\/shop\/\"},{\"@type\":\"ListItem\",\"position\":3,\"name\":\"Quadratic\u2122 Snow Outer\"}]},{\"@type\":\"WebSite\",\"@id\":\"https:\/\/www.thetheoryworks.com\/de\/#website\",\"url\":\"https:\/\/www.thetheoryworks.com\/de\/\",\"name\":\"The Theory Works\u00ae\",\"description\":\"\",\"potentialAction\":[{\"@type\":\"SearchAction\",\"target\":{\"@type\":\"EntryPoint\",\"urlTemplate\":\"https:\/\/www.thetheoryworks.com\/de\/?s={search_term_string}\"},\"query-input\":{\"@type\":\"PropertyValueSpecification\",\"valueRequired\":true,\"valueName\":\"search_term_string\"}}],\"inLanguage\":\"de\"}]}<\/script>\n<!-- \/ Yoast SEO plugin. -->","yoast_head_json":{"title":"Quadratic\u2122 Snow Outer","description":"Dieses Quadratic\u2122 Au\u00dfenzelt ist speziell f\u00fcr die K\u00e4lte entwickelt worden und besitzt hervorragende Eigenschaften f\u00fcr extreme Wettersituationen.","robots":{"index":"index","follow":"follow","max-snippet":"max-snippet:-1","max-image-preview":"max-image-preview:large","max-video-preview":"max-video-preview:-1"},"canonical":"https:\/\/www.thetheoryworks.com\/de\/produkt\/quadratic-snow-outer\/","og_locale":"de_DE","og_type":"article","og_title":"Quadratic\u2122 Snow Outer","og_description":"Dieses Quadratic\u2122 Au\u00dfenzelt ist speziell f\u00fcr die K\u00e4lte entwickelt worden und besitzt hervorragende Eigenschaften f\u00fcr extreme Wettersituationen.","og_url":"https:\/\/www.thetheoryworks.com\/de\/produkt\/quadratic-snow-outer\/","og_site_name":"The Theory Works\u00ae","article_modified_time":"2020-08-31T23:06:15+00:00","og_image":[{"width":600,"height":600,"url":"https:\/\/www.thetheoryworks.com\/wordpress\/wp-content\/uploads\/SUP-Quad-SnowOuter-18-05_075.jpg","type":"image\/jpeg"}],"twitter_misc":{"Gesch\u00e4tzte Lesezeit":"3\u00a0Minuten"},"schema":{"@context":"https:\/\/schema.org","@graph":[{"@type":"WebPage","@id":"https:\/\/www.thetheoryworks.com\/de\/produkt\/quadratic-snow-outer\/","url":"https:\/\/www.thetheoryworks.com\/de\/produkt\/quadratic-snow-outer\/","name":"Quadratic\u2122 Snow Outer","isPartOf":{"@id":"https:\/\/www.thetheoryworks.com\/de\/#website"},"primaryImageOfPage":{"@id":"https:\/\/www.thetheoryworks.com\/de\/produkt\/quadratic-snow-outer\/#primaryimage"},"image":{"@id":"https:\/\/www.thetheoryworks.com\/de\/produkt\/quadratic-snow-outer\/#primaryimage"},"thumbnailUrl":"https:\/\/www.thetheoryworks.com\/wordpress\/wp-content\/uploads\/SUP-Quad-SnowOuter-18-05_075.jpg","datePublished":"2018-02-17T11:15:14+00:00","dateModified":"2020-08-31T23:06:15+00:00","description":"Dieses Quadratic\u2122 Au\u00dfenzelt ist speziell f\u00fcr die K\u00e4lte entwickelt worden und besitzt hervorragende Eigenschaften f\u00fcr extreme Wettersituationen.","breadcrumb":{"@id":"https:\/\/www.thetheoryworks.com\/de\/produkt\/quadratic-snow-outer\/#breadcrumb"},"inLanguage":"de","potentialAction":[{"@type":"ReadAction","target":["https:\/\/www.thetheoryworks.com\/de\/produkt\/quadratic-snow-outer\/"]}]},{"@type":"ImageObject","inLanguage":"de","@id":"https:\/\/www.thetheoryworks.com\/de\/produkt\/quadratic-snow-outer\/#primaryimage","url":"https:\/\/www.thetheoryworks.com\/wordpress\/wp-content\/uploads\/SUP-Quad-SnowOuter-18-05_075.jpg","contentUrl":"https:\/\/www.thetheoryworks.com\/wordpress\/wp-content\/uploads\/SUP-Quad-SnowOuter-18-05_075.jpg","width":600,"height":600},{"@type":"BreadcrumbList","@id":"https:\/\/www.thetheoryworks.com\/de\/produkt\/quadratic-snow-outer\/#breadcrumb","itemListElement":[{"@type":"ListItem","position":1,"name":"Home","item":"https:\/\/www.thetheoryworks.com\/de\/"},{"@type":"ListItem","position":2,"name":"Shop","item":"https:\/\/www.thetheoryworks.com\/de\/shop\/"},{"@type":"ListItem","position":3,"name":"Quadratic\u2122 Snow Outer"}]},{"@type":"WebSite","@id":"https:\/\/www.thetheoryworks.com\/de\/#website","url":"https:\/\/www.thetheoryworks.com\/de\/","name":"The Theory Works\u00ae","description":"","potentialAction":[{"@type":"SearchAction","target":{"@type":"EntryPoint","urlTemplate":"https:\/\/www.thetheoryworks.com\/de\/?s={search_term_string}"},"query-input":{"@type":"PropertyValueSpecification","valueRequired":true,"valueName":"search_term_string"}}],"inLanguage":"de"}]}},"_links":{"self":[{"href":"https:\/\/www.thetheoryworks.com\/de\/wp-json\/wp\/v2\/product\/4388","targetHints":{"allow":["GET"]}}],"collection":[{"href":"https:\/\/www.thetheoryworks.com\/de\/wp-json\/wp\/v2\/product"}],"about":[{"href":"https:\/\/www.thetheoryworks.com\/de\/wp-json\/wp\/v2\/types\/product"}],"replies":[{"embeddable":true,"href":"https:\/\/www.thetheoryworks.com\/de\/wp-json\/wp\/v2\/comments?post=4388"}],"wp:featuredmedia":[{"embeddable":true,"href":"https:\/\/www.thetheoryworks.com\/de\/wp-json\/wp\/v2\/media\/4717"}],"wp:attachment":[{"href":"https:\/\/www.thetheoryworks.com\/de\/wp-json\/wp\/v2\/media?parent=4388"}],"wp:term":[{"taxonomy":"product_brand","embeddable":true,"href":"https:\/\/www.thetheoryworks.com\/de\/wp-json\/wp\/v2\/product_brand?post=4388"},{"taxonomy":"product_cat","embeddable":true,"href":"https:\/\/www.thetheoryworks.com\/de\/wp-json\/wp\/v2\/product_cat?post=4388"},{"taxonomy":"product_tag","embeddable":true,"href":"https:\/\/www.thetheoryworks.com\/de\/wp-json\/wp\/v2\/product_tag?post=4388"}],"curies":[{"name":"wp","href":"https:\/\/api.w.org\/{rel}","templated":true}]}}