{"id":4392,"date":"2018-02-18T13:20:24","date_gmt":"2018-02-18T12:20:24","guid":{"rendered":"http:\/\/www.thetheoryworks.com\/?post_type=product&#038;p=4392"},"modified":"2024-07-11T08:09:23","modified_gmt":"2024-07-11T07:09:23","slug":"quadratic-all-year-outer","status":"publish","type":"product","link":"https:\/\/www.thetheoryworks.com\/de\/produkt\/quadratic-all-year-outer\/","title":{"rendered":"Quadratic\u2122 All-Year Outer"},"content":{"rendered":"<p>Das Quadratic\u2122 All-Year Outer ist ein wasserdichtes Au\u00dfenzelt.  Strapazierf\u00e4higkeit steht im Vordergrund dieses vielseitigen Sommer-, Winter- und Expeditionszelts. <\/p>\n<p>Drei Zeltstangen (separat erh\u00e4ltlich) werden f\u00fcr den Aufbau ben\u00f6tigt. Eine oder zwei Zeltstangen k\u00f6nnen optional hinzugef\u00fcgt werden, um den Mittelteil des Zeltes freistehend zu machen und zur Windstabilit\u00e4t beizutragen. Eine weitere optionale Zeltstange im Deckenbereich macht das Zelt zus\u00e4tzlich bei Schneefall stabilier, reduziert die Schneebildung und verbessert die Ventilation. <\/p>\n<p>Das  Quadratic\u2122 All-Year Outer kann einzeln, mit dem Groundfloor\u2122 oder dem Innenzelt aufgebaut werden. Beim Quadratic\u2122 System k\u00f6nnen entweder das Innenzelt oder das  Au\u00dfenzelt zuerst aufgebaut werden, oder zeitsparend beide gleichzeitig. <\/p>\n<p>Die beiden gro\u00dfe Apsiden geben viel Stauraum f\u00fcr Ausr\u00fcstung und bequemes Ein- und Aussteigen. Die T\u00fcren k\u00f6nnen von oben oder unten ge\u00f6ffnet werden, um leichtes Einsteigen bei Schneefall zu erm\u00f6glichen.<\/p>\n<p>Der obere Teil der T\u00fcr dient ebenfalls zur  Ventilation bei leichten Brisen, kann aber auch verschlossen werden. Die Allwetterventilationsklappen sind so entwickelt worden, dass sie in fast allen Wetterlagen ge\u00f6ffnet bleiben k\u00f6nnen. Bei extremen Wetterbedingungen lassen sie sich jedoch einfach schlie\u00dfen, um Spr\u00fchschneebildung zu vermeiden. <\/p>\n<div id=\"squelch-taas-toggle-0\" class=\"squelch-taas-toggle squelch-taas-override\" data-speed=\"800\" data-active=\"\" data-theme=\"ttw\" ><h3 id=\"squelch-taas-header-0\" class=\"squelch-taas-toggle-shortcode-header\"><a href=\"#squelch-taas-toggle-shortcode-content-0\">Spezifikationen<\/a><\/h3><div id=\"squelch-taas-toggle-shortcode-content-0\" class=\"squelch-taas-toggle-shortcode-content squelch-taas-toggle-shortcode-content-0\">\n<h4>Beschreibung<\/h4>\n<ul>\n<li>Wasserdichtes Au\u00dfenzelt f\u00fcr das Quadratic\u2122 Zeltsystem<\/li>\n<li>Ein robustes Zelt f\u00fcr Sommer und Winter<\/li>\n<li>Aufbau mit drei Zeltstangen (nicht enthalten) und bis zu drei optionalen Zeltstangen<\/li>\n<li>Aufbau nur mit Au\u00dfenzelt, Quadratic\u2122 Innenzelt oder Groundfloor\u2122<\/li>\n<\/ul>\n<h4>Eigenschaften<\/h4>\n<ul>\n<li>Teil des Quadratic\u2122 Zeltsystems; kombiniere verschiedene Komponenten f\u00fcr unterschiedliche Anforderungen<\/li>\n<li>Schlaufen f\u00fcr optionale Seitenstangen (Quadratic\u2122 Innenzelt oder Groundfloor\u2122 werden ebenfalls f\u00fcr Seitenstangen gebraucht)<\/li>\n<li>Vorrichtung f\u00fcr optionales Deckengest\u00e4nge<\/li>\n<li>Zwei gro\u00dfe Absiden mit T\u00fcren, die nach au\u00dfen oder seitw\u00e4rts \u00f6ffnen. T\u00fcr kann bei Schneefall auch von oben ge\u00f6ffnet werden<\/li>\n<li>Vier Allwetterventilationsklappen mit Insektennetz und Rei\u00dfverschlussklappen <\/li>\n<li>Zwei verschlie\u00dfbare Ventilationsklappen \u00fcber den T\u00fcren<\/li>\n<li>Verschlossene Endschlaufentunnel f\u00fcr einfachen Aufbau nur einer Person<\/li>\n<li>Abnehmbare Abspannleinenspanner<\/li>\n<\/ul>\n<h4>Materialien<\/h4>\n<ul>\n<li>40D Ripstop Nylon, beidseitig silikonbeschichtet, min. 2000 mm Wassers\u00e4ule<\/li>\n<li>Insektennetz an allen Allwetterventilationsklappen<\/li>\n<li>Hypalonverst\u00e4rkung an allen Zeltstangenenden<\/li>\n<li>YKK Rei\u00dfverschl\u00fc\u00dfe<\/li>\n<\/ul>\n<h4>Ma\u00dfe<\/h4>\n<ul>\n<li>Au\u00dfenzelt 1370 g<\/li>\n<li>Hauptgest\u00e4nge Halterungsriemen 85 g<\/li>\n<li>Deckengest\u00e4nge Halterungsriemen 39 g<\/li>\n<li>Zeltleinenabspanner 34 g<\/li>\n<li>Kompressionspacksack 64 g<\/li>\n<li>Innenbereich total 5,5m<sup>2<\/sup><\/li>\n<li>4,3m x 1,6m x 1,15m (L\u00e4nge x Breite x H\u00f6he)<\/li>\n<\/ul>\n<\/div>\n<h3 id=\"squelch-taas-header-1\" class=\"squelch-taas-toggle-shortcode-header\"><a href=\"#squelch-taas-toggle-shortcode-content-1\">Enthalten<\/a><\/h3><div id=\"squelch-taas-toggle-shortcode-content-1\" class=\"squelch-taas-toggle-shortcode-content squelch-taas-toggle-shortcode-content-1\">\n<h4>Enthalten<\/h4>\n<ul>\n<li>Wasserdichtes Au\u00dfenzelt (Zeltplane)<\/li>\n<li>Abnehmbare Deckenstangenschlaufe<\/li>\n<li>Abnehmbare Hauptgest\u00e4ngeschlaufen (nicht ben\u00f6tigt beim Quadratic\u2122 Innenzelt oder Groundfloor\u2122)<\/li>\n<li>Abnehmbare Zeltleinenabspanner<\/li>\n<li>Kompressionspacksack (Gr\u00f6\u00dfe ausreichend f\u00fcr ein komplettes Zelt)<\/li>\n<li>McNett Sil-Net Nahtdichter<\/li>\n<\/ul>\n<h4>Nicht enthalten &#8211; notwendig f\u00fcr den Aufbau<\/h4>\n<ul>\n<li>End- Zeltgest\u00e4nge (vorgebogen, 270cm), 2x <\/li>\n<li>Mittel- Zeltgest\u00e4nge (vorgebogen, 310cm) 1x<\/li>\n<li>Heringe, versch. Sorten, 4x minimum<\/li>\n<\/ul>\n<h4>Nicht enthalten &#8211; anderes Systemzubeh\u00f6r<\/h4>\n<ul>\n<li>Abspannleine (sehr empfohlen), stabilisiert das Zeltgest\u00e4nge bei Wind; 6x minimum<\/li>\n<li>Innenzelt oder Groundfloor\u2122 &#8211; verbesserter Komfort, erm\u00f6glicht Gebrauch von Zeltseitengest\u00e4nge<\/li>\n<li>Seitengest\u00e4nge &#8211; erm\u00f6glicht den freien Stand des Mittelzeltes, erh\u00f6hte Windresistenz<\/li>\n<li>Deckengest\u00e4nge &#8211; erh\u00f6ht die Zeltstabilit\u00e4t besonders bei starkem Schneefall<\/li>\n<li>Mezzanine\u2122 &#8211; extra Verstaunetz im Deckenbereich<\/li>\n<\/ul>\n<\/div>\n<h3 id=\"squelch-taas-header-2\" class=\"squelch-taas-toggle-shortcode-header\"><a href=\"#squelch-taas-toggle-shortcode-content-2\">Download<\/a><\/h3><div id=\"squelch-taas-toggle-shortcode-content-2\" class=\"squelch-taas-toggle-shortcode-content squelch-taas-toggle-shortcode-content-2\"><div class='w3eden'>\n    <div class=''>\n\n        \n        <div id=\"content_wpdm_package_1\">\n            <div class='row'><div class='col-lg-4 col-md-6 col-12'><!-- WPDM Link Template: Default Template -->\n\n<div class=\"link-template-default card mb-2\">\n    <div class=\"card-body\">\n        <div class=\"media\">\n            <div class=\"mr-3 img-48\"><img decoding=\"async\" class=\"wpdm_icon\" alt=\"Icon\"   src=\"https:\/\/www.thetheoryworks.com\/wordpress\/wp-content\/plugins\/download-manager\/assets\/file-type-icons\/pdf.svg\" \/><\/div>\n            <div class=\"media-body\">\n                <h3 class=\"package-title\"><a href='https:\/\/www.thetheoryworks.com\/de\/download\/specification-quadratic-all-year-outer-en\/'>Specification: Quadratic All-Year Outer (EN)<\/a><\/h3>\n                <div class=\"text-muted text-small\"><i class=\"fas fa-copy\"><\/i> 1 Datei(en) <i class=\"fas fa-hdd ml-3\"><\/i> 363.39 KB<\/div>\n            <\/div>\n            <div class=\"ml-3\">\n                <a class='wpdm-download-link download-on-click btn btn-primary btn-xs' rel='nofollow' href='#' data-downloadurl=\"https:\/\/www.thetheoryworks.com\/de\/download\/specification-quadratic-all-year-outer-en\/?wpdmdl=4514&refresh=69ea49b360c911776961971\">Download<\/a>\n            <\/div>\n        <\/div>\n    <\/div>\n<\/div>\n\n<\/div><\/div>            <div style='clear:both'><\/div><div class='text-center'><ul class='pagination wpdm-pagination pagination-centered text-center'><\/ul><\/div><div style='clear:both'><\/div>        <\/div>\n\n        <div style='clear:both'><\/div>\n    <\/div>\n<\/div>\n<\/div><\/div>\n\n","protected":false},"excerpt":{"rendered":"<p>Das flexible Quadratic\u2122 All-Year Outer ist bequem und sicher zu jeder Jahreszeit. Die T\u00fcren \u00f6ffnen nach au\u00dfen und auf jede Seite. Ideal f\u00fcr sommerliche Ventilation oder schnellen Eingang bei einem Schneesturm.<\/p>\n","protected":false},"featured_media":4718,"comment_status":"closed","ping_status":"closed","template":"","meta":[],"product_brand":[],"product_cat":[252],"product_tag":[],"class_list":{"0":"post-4392","1":"product","2":"type-product","3":"status-publish","4":"has-post-thumbnail","6":"product_cat-quad-erweitere-dein-system","8":"first","9":"outofstock","10":"taxable","11":"shipping-taxable","12":"purchasable","13":"product-type-variable","14":"has-default-attributes"},"composite_virtual":false,"composite_layout":"","composite_add_to_cart_form_location":"","composite_editable_in_cart":false,"composite_sold_individually_context":"","composite_shop_price_calc":"","composite_components":[],"composite_scenarios":[],"yoast_head":"<!-- This site is optimized with the Yoast SEO plugin v26.9 - https:\/\/yoast.com\/product\/yoast-seo-wordpress\/ -->\n<title>Quadratic\u2122 All-Year Outer<\/title>\n<meta name=\"description\" content=\"Das flexible Quadratic\u2122 All-Year Outer. Strapazierf\u00e4higkeit steht im Vordergrund dieses vielseitigen Sommer-, Winter- und Expeditionszelts.\" \/>\n<meta name=\"robots\" content=\"index, follow, max-snippet:-1, max-image-preview:large, max-video-preview:-1\" \/>\n<link rel=\"canonical\" href=\"https:\/\/www.thetheoryworks.com\/de\/produkt\/quadratic-all-year-outer\/\" \/>\n<meta property=\"og:locale\" content=\"de_DE\" \/>\n<meta property=\"og:type\" content=\"article\" \/>\n<meta property=\"og:title\" content=\"Quadratic\u2122 All-Year Outer\" \/>\n<meta property=\"og:description\" content=\"Das flexible Quadratic\u2122 All-Year Outer. Strapazierf\u00e4higkeit steht im Vordergrund dieses vielseitigen Sommer-, Winter- und Expeditionszelts.\" \/>\n<meta property=\"og:url\" content=\"https:\/\/www.thetheoryworks.com\/de\/produkt\/quadratic-all-year-outer\/\" \/>\n<meta property=\"og:site_name\" content=\"The Theory Works\u00ae\" \/>\n<meta property=\"article:modified_time\" content=\"2024-07-11T07:09:23+00:00\" \/>\n<meta property=\"og:image\" content=\"https:\/\/www.thetheoryworks.com\/wordpress\/wp-content\/uploads\/SUP-Quad-AllYrOuterGr-18-05_084.jpg\" \/>\n\t<meta property=\"og:image:width\" content=\"600\" \/>\n\t<meta property=\"og:image:height\" content=\"600\" \/>\n\t<meta property=\"og:image:type\" content=\"image\/jpeg\" \/>\n<meta name=\"twitter:label1\" content=\"Gesch\u00e4tzte Lesezeit\" \/>\n\t<meta name=\"twitter:data1\" content=\"3\u00a0Minuten\" \/>\n<script type=\"application\/ld+json\" class=\"yoast-schema-graph\">{\"@context\":\"https:\/\/schema.org\",\"@graph\":[{\"@type\":\"WebPage\",\"@id\":\"https:\/\/www.thetheoryworks.com\/de\/produkt\/quadratic-all-year-outer\/\",\"url\":\"https:\/\/www.thetheoryworks.com\/de\/produkt\/quadratic-all-year-outer\/\",\"name\":\"Quadratic\u2122 All-Year Outer\",\"isPartOf\":{\"@id\":\"https:\/\/www.thetheoryworks.com\/de\/#website\"},\"primaryImageOfPage\":{\"@id\":\"https:\/\/www.thetheoryworks.com\/de\/produkt\/quadratic-all-year-outer\/#primaryimage\"},\"image\":{\"@id\":\"https:\/\/www.thetheoryworks.com\/de\/produkt\/quadratic-all-year-outer\/#primaryimage\"},\"thumbnailUrl\":\"https:\/\/www.thetheoryworks.com\/wordpress\/wp-content\/uploads\/SUP-Quad-AllYrOuterGr-18-05_084.jpg\",\"datePublished\":\"2018-02-18T12:20:24+00:00\",\"dateModified\":\"2024-07-11T07:09:23+00:00\",\"description\":\"Das flexible Quadratic\u2122 All-Year Outer. Strapazierf\u00e4higkeit steht im Vordergrund dieses vielseitigen Sommer-, Winter- und Expeditionszelts.\",\"breadcrumb\":{\"@id\":\"https:\/\/www.thetheoryworks.com\/de\/produkt\/quadratic-all-year-outer\/#breadcrumb\"},\"inLanguage\":\"de\",\"potentialAction\":[{\"@type\":\"ReadAction\",\"target\":[\"https:\/\/www.thetheoryworks.com\/de\/produkt\/quadratic-all-year-outer\/\"]}]},{\"@type\":\"ImageObject\",\"inLanguage\":\"de\",\"@id\":\"https:\/\/www.thetheoryworks.com\/de\/produkt\/quadratic-all-year-outer\/#primaryimage\",\"url\":\"https:\/\/www.thetheoryworks.com\/wordpress\/wp-content\/uploads\/SUP-Quad-AllYrOuterGr-18-05_084.jpg\",\"contentUrl\":\"https:\/\/www.thetheoryworks.com\/wordpress\/wp-content\/uploads\/SUP-Quad-AllYrOuterGr-18-05_084.jpg\",\"width\":600,\"height\":600},{\"@type\":\"BreadcrumbList\",\"@id\":\"https:\/\/www.thetheoryworks.com\/de\/produkt\/quadratic-all-year-outer\/#breadcrumb\",\"itemListElement\":[{\"@type\":\"ListItem\",\"position\":1,\"name\":\"Home\",\"item\":\"https:\/\/www.thetheoryworks.com\/de\/\"},{\"@type\":\"ListItem\",\"position\":2,\"name\":\"Shop\",\"item\":\"https:\/\/www.thetheoryworks.com\/de\/shop\/\"},{\"@type\":\"ListItem\",\"position\":3,\"name\":\"Quadratic\u2122 All-Year Outer\"}]},{\"@type\":\"WebSite\",\"@id\":\"https:\/\/www.thetheoryworks.com\/de\/#website\",\"url\":\"https:\/\/www.thetheoryworks.com\/de\/\",\"name\":\"The Theory Works\u00ae\",\"description\":\"\",\"potentialAction\":[{\"@type\":\"SearchAction\",\"target\":{\"@type\":\"EntryPoint\",\"urlTemplate\":\"https:\/\/www.thetheoryworks.com\/de\/?s={search_term_string}\"},\"query-input\":{\"@type\":\"PropertyValueSpecification\",\"valueRequired\":true,\"valueName\":\"search_term_string\"}}],\"inLanguage\":\"de\"}]}<\/script>\n<!-- \/ Yoast SEO plugin. -->","yoast_head_json":{"title":"Quadratic\u2122 All-Year Outer","description":"Das flexible Quadratic\u2122 All-Year Outer. Strapazierf\u00e4higkeit steht im Vordergrund dieses vielseitigen Sommer-, Winter- und Expeditionszelts.","robots":{"index":"index","follow":"follow","max-snippet":"max-snippet:-1","max-image-preview":"max-image-preview:large","max-video-preview":"max-video-preview:-1"},"canonical":"https:\/\/www.thetheoryworks.com\/de\/produkt\/quadratic-all-year-outer\/","og_locale":"de_DE","og_type":"article","og_title":"Quadratic\u2122 All-Year Outer","og_description":"Das flexible Quadratic\u2122 All-Year Outer. Strapazierf\u00e4higkeit steht im Vordergrund dieses vielseitigen Sommer-, Winter- und Expeditionszelts.","og_url":"https:\/\/www.thetheoryworks.com\/de\/produkt\/quadratic-all-year-outer\/","og_site_name":"The Theory Works\u00ae","article_modified_time":"2024-07-11T07:09:23+00:00","og_image":[{"width":600,"height":600,"url":"https:\/\/www.thetheoryworks.com\/wordpress\/wp-content\/uploads\/SUP-Quad-AllYrOuterGr-18-05_084.jpg","type":"image\/jpeg"}],"twitter_misc":{"Gesch\u00e4tzte Lesezeit":"3\u00a0Minuten"},"schema":{"@context":"https:\/\/schema.org","@graph":[{"@type":"WebPage","@id":"https:\/\/www.thetheoryworks.com\/de\/produkt\/quadratic-all-year-outer\/","url":"https:\/\/www.thetheoryworks.com\/de\/produkt\/quadratic-all-year-outer\/","name":"Quadratic\u2122 All-Year Outer","isPartOf":{"@id":"https:\/\/www.thetheoryworks.com\/de\/#website"},"primaryImageOfPage":{"@id":"https:\/\/www.thetheoryworks.com\/de\/produkt\/quadratic-all-year-outer\/#primaryimage"},"image":{"@id":"https:\/\/www.thetheoryworks.com\/de\/produkt\/quadratic-all-year-outer\/#primaryimage"},"thumbnailUrl":"https:\/\/www.thetheoryworks.com\/wordpress\/wp-content\/uploads\/SUP-Quad-AllYrOuterGr-18-05_084.jpg","datePublished":"2018-02-18T12:20:24+00:00","dateModified":"2024-07-11T07:09:23+00:00","description":"Das flexible Quadratic\u2122 All-Year Outer. Strapazierf\u00e4higkeit steht im Vordergrund dieses vielseitigen Sommer-, Winter- und Expeditionszelts.","breadcrumb":{"@id":"https:\/\/www.thetheoryworks.com\/de\/produkt\/quadratic-all-year-outer\/#breadcrumb"},"inLanguage":"de","potentialAction":[{"@type":"ReadAction","target":["https:\/\/www.thetheoryworks.com\/de\/produkt\/quadratic-all-year-outer\/"]}]},{"@type":"ImageObject","inLanguage":"de","@id":"https:\/\/www.thetheoryworks.com\/de\/produkt\/quadratic-all-year-outer\/#primaryimage","url":"https:\/\/www.thetheoryworks.com\/wordpress\/wp-content\/uploads\/SUP-Quad-AllYrOuterGr-18-05_084.jpg","contentUrl":"https:\/\/www.thetheoryworks.com\/wordpress\/wp-content\/uploads\/SUP-Quad-AllYrOuterGr-18-05_084.jpg","width":600,"height":600},{"@type":"BreadcrumbList","@id":"https:\/\/www.thetheoryworks.com\/de\/produkt\/quadratic-all-year-outer\/#breadcrumb","itemListElement":[{"@type":"ListItem","position":1,"name":"Home","item":"https:\/\/www.thetheoryworks.com\/de\/"},{"@type":"ListItem","position":2,"name":"Shop","item":"https:\/\/www.thetheoryworks.com\/de\/shop\/"},{"@type":"ListItem","position":3,"name":"Quadratic\u2122 All-Year Outer"}]},{"@type":"WebSite","@id":"https:\/\/www.thetheoryworks.com\/de\/#website","url":"https:\/\/www.thetheoryworks.com\/de\/","name":"The Theory Works\u00ae","description":"","potentialAction":[{"@type":"SearchAction","target":{"@type":"EntryPoint","urlTemplate":"https:\/\/www.thetheoryworks.com\/de\/?s={search_term_string}"},"query-input":{"@type":"PropertyValueSpecification","valueRequired":true,"valueName":"search_term_string"}}],"inLanguage":"de"}]}},"_links":{"self":[{"href":"https:\/\/www.thetheoryworks.com\/de\/wp-json\/wp\/v2\/product\/4392","targetHints":{"allow":["GET"]}}],"collection":[{"href":"https:\/\/www.thetheoryworks.com\/de\/wp-json\/wp\/v2\/product"}],"about":[{"href":"https:\/\/www.thetheoryworks.com\/de\/wp-json\/wp\/v2\/types\/product"}],"replies":[{"embeddable":true,"href":"https:\/\/www.thetheoryworks.com\/de\/wp-json\/wp\/v2\/comments?post=4392"}],"wp:featuredmedia":[{"embeddable":true,"href":"https:\/\/www.thetheoryworks.com\/de\/wp-json\/wp\/v2\/media\/4718"}],"wp:attachment":[{"href":"https:\/\/www.thetheoryworks.com\/de\/wp-json\/wp\/v2\/media?parent=4392"}],"wp:term":[{"taxonomy":"product_brand","embeddable":true,"href":"https:\/\/www.thetheoryworks.com\/de\/wp-json\/wp\/v2\/product_brand?post=4392"},{"taxonomy":"product_cat","embeddable":true,"href":"https:\/\/www.thetheoryworks.com\/de\/wp-json\/wp\/v2\/product_cat?post=4392"},{"taxonomy":"product_tag","embeddable":true,"href":"https:\/\/www.thetheoryworks.com\/de\/wp-json\/wp\/v2\/product_tag?post=4392"}],"curies":[{"name":"wp","href":"https:\/\/api.w.org\/{rel}","templated":true}]}}