{"id":4396,"date":"2018-02-18T17:29:19","date_gmt":"2018-02-18T16:29:19","guid":{"rendered":"http:\/\/www.thetheoryworks.com\/?post_type=product&#038;p=4396"},"modified":"2023-07-04T23:07:19","modified_gmt":"2023-07-04T22:07:19","slug":"quadratic-light-outer","status":"publish","type":"product","link":"https:\/\/www.thetheoryworks.com\/de\/produkt\/quadratic-light-outer\/","title":{"rendered":"Quadratic\u2122 Light Outer"},"content":{"rendered":"<p>Das Quadratic\u2122 Light Outer ist ein wasserdichtes Au\u00dfenzelt. Es ist die leichte und zuverl\u00e4ssige Variante f\u00fcr Fr\u00fchling, Sommer und Herbst und eine Leichtgewichtsoption f\u00fcr den Winter.<\/p>\n<p>Drei Zeltstangen (separat erh\u00e4ltlich) werden zum Aufbau des Zeltes gebraucht. Ein oder zwei optionale Seitenstangen erm\u00f6glichen den freien Stand des Mittelzeltes und tragen zur Windstabilit\u00e4t bei. Eine weitere optionale Zeltstange im Deckenbereich macht das Zelt zus\u00e4tzlich bei Schneefall stabilier, reduziert die Schneebildung und verbessert die Ventilation. <\/p>\n<p>Das Quadratic\u2122 Light Outer kann einzeln, mit dem Groundfloor\u2122 oder dem Innenzelt aufgebaut werden. Beim Quadratic\u2122 System k\u00f6nnen entweder das Innenzelt oder das  Au\u00dfenzelt zuerst aufgebaut werden, oder zeitsparend beide gleichzeitig. <\/p>\n<p>Eine gro\u00dfe und eine kleinere Abside bieten viel Stauraum f\u00fcr Ausr\u00fcstung und bequemes Ein- und Aussteigen. Die T\u00fcren k\u00f6nnen von oben oder unten ge\u00f6ffnet werden, um leichtes Einsteigen bei Schneefall zu erm\u00f6glichen.<\/p>\n<p>Der obere Teil der T\u00fcr dient ebenfalls als Ventilation f\u00fcr leichte Brisen, kann aber auch verschlossen werden. Die Allwetterventilationsklappen sind so entwickelt worden, dass sie in fast allen Wetterlagen ge\u00f6ffnet bleiben k\u00f6nnen. <\/p>\n<div id=\"squelch-taas-toggle-0\" class=\"squelch-taas-toggle squelch-taas-override\" data-speed=\"800\" data-active=\"\" data-theme=\"ttw\" ><h3 id=\"squelch-taas-header-0\" class=\"squelch-taas-toggle-shortcode-header\"><a href=\"#squelch-taas-toggle-shortcode-content-0\">Spezifikationen<\/a><\/h3><div id=\"squelch-taas-toggle-shortcode-content-0\" class=\"squelch-taas-toggle-shortcode-content squelch-taas-toggle-shortcode-content-0\">\n<h4>Beschreibung<\/h4>\n<ul>\n<li>Wasserdichtes Au\u00dfenzelt f\u00fcr das Quadratic\u2122 Zeltsystem<\/li>\n<li>Perfekt f\u00fcr drei Jahreszeiten und ebenfalls als leichtes Winterzelt nutzbar<\/li>\n<li>Aufbau mit drei Zeltstangen (nicht enthalten) und bis zu drei optionalen Zeltstangen<\/li>\n<li>Aufbau nur mit Au\u00dfenzelt, Quadratic\u2122 Innenzelt oder Groundfloor\u2122<\/li>\n<\/ul>\n<h4>Eigenschaften<\/h4>\n<ul>\n<li>Teil des Quadratic\u2122 Zeltsystems; kombiniere verschiedene Komponenten f\u00fcr unterschiedliche Anforderungen<\/li>\n<li>Schlaufen f\u00fcr optionale Seitenstangen (Quadratic\u2122 Innenzelt oder Groundfloor\u2122 werden ebenfalls f\u00fcr Seitenstangen gebraucht)<\/li>\n<li>Vorrichtung f\u00fcr optionales Deckengest\u00e4nge<\/li>\n<li>Eine gro\u00dfe und eine kleinere Abside, beide mit T\u00fcren, die nach au\u00dfen oder zu einer Seite \u00f6ffnen. T\u00fcr kann auch von oben ge\u00f6ffnet werden<\/li>\n<li>Zwei Allwetterventilationsklappen mit Insektennetz<\/li>\n<li>Zwei verschlie\u00dfbare Ventilationsklappen \u00fcber den T\u00fcren<\/li>\n<li>Verschlossene Endschlaufentunnel f\u00fcr einfachen Aufbau nur einer Person<\/li>\n<li>Leichtgewicht Abspannleinenspanner an den Zeltenden<\/li>\n<\/ul>\n<h4>Materialien<\/h4>\n<ul>\n<li>30D Ripstop Nylon 66, beidseitig silikonbeschichtet, min. 2000 mm hydrostatische Druckh\u00f6he<\/li>\n<li>Insektennetz  an allen Allwetterventilationsklappen<\/li>\n<li>Hypalonverst\u00e4rkung an allen Zeltstangenenden<\/li>\n<li>YKK Rei\u00dfverschl\u00fc\u00dfe<\/li>\n<\/ul>\n<h4>Ma\u00dfe<\/h4>\n<ul>\n<li>Au\u00dfenzelt mit Abspannleinenspanner 1040 g<\/li>\n<li>Hauptgest\u00e4nge Halterungsriemen 85 g<\/li>\n<li>Deckengest\u00e4nge Halterungsriemen 39 g<\/li>\n<li>Kompressionspacksack 59 g<\/li>\n<li>Innenbereich total 4,9m<sup>2<\/sup><\/li>\n<li>3,85m x 1,6m x 1,15m (L\u00e4nge x Breite x H\u00f6he)<\/li>\n<\/ul>\n<\/div>\n<h3 id=\"squelch-taas-header-1\" class=\"squelch-taas-toggle-shortcode-header\"><a href=\"#squelch-taas-toggle-shortcode-content-1\">Enthalten<\/a><\/h3><div id=\"squelch-taas-toggle-shortcode-content-1\" class=\"squelch-taas-toggle-shortcode-content squelch-taas-toggle-shortcode-content-1\">\n<h4>Enthalten<\/h4>\n<ul>\n<li>Wasserdichtes Au\u00dfenzelt (Zeltplane)<\/li>\n<li>Abnehmbare Deckenstangenschlaufe<\/li>\n<li>Abnehmbare Hauptgest\u00e4ngeschlaufen (nicht ben\u00f6tigt beim Quadratic\u2122 Innenzelt oder Groundfloor\u2122)<\/li>\n<li>Kompressionspacksack, Gr\u00f6\u00dfe ausreichend f\u00fcr ein komplettes Zelt<\/li>\n<li>McNett Sil-Net Nahtdichter<\/li>\n<\/ul>\n<h4>Nicht enthalten &#8211; notwendig f\u00fcr den Aufbau<\/h4>\n<ul>\n<li>End- Zeltgest\u00e4nge (vorgebogen, 270cm), 2x <\/li>\n<li>Mittel- Zeltgest\u00e4nge (vorgebogen, 310cm) 1x<\/li>\n<li>Heringe, versch. Sorten, 4x minimum<\/li>\n<\/ul>\n<h4>Nicht enthalten &#8211; anderes Systemzubeh\u00f6r<\/h4>\n<ul>\n<li>Abspannleine (sehr empfohlen), stabilisiert das Zeltgest\u00e4nge bei Wind; 6x minimum<\/li>\n<li>Innenzelt oder Groundfloor\u2122 &#8211; verbesserter Komfort, erm\u00f6glicht Gebrauch von Zeltseitengest\u00e4nge<\/li>\n<li>Seitengest\u00e4nge &#8211; erm\u00f6glicht den freien Stand des Mittelzeltes, erh\u00f6hte Windresistenz<\/li>\n<li>Deckengest\u00e4nge &#8211; erh\u00f6ht die Zeltstabilit\u00e4t besonders bei starkem Schneefall<\/li>\n<li>Mezzanine\u2122 &#8211; extra Verstaunetz im Deckenbereich<\/li>\n<\/ul>\n<\/div>\n<h3 id=\"squelch-taas-header-2\" class=\"squelch-taas-toggle-shortcode-header\"><a href=\"#squelch-taas-toggle-shortcode-content-2\">Download<\/a><\/h3><div id=\"squelch-taas-toggle-shortcode-content-2\" class=\"squelch-taas-toggle-shortcode-content squelch-taas-toggle-shortcode-content-2\"><div class='w3eden'>\n    <div class=''>\n\n        \n        <div id=\"content_wpdm_package_1\">\n            <div class='row'><div class='col-lg-4 col-md-6 col-12'><!-- WPDM Link Template: Default Template -->\n\n<div class=\"link-template-default card mb-2\">\n    <div class=\"card-body\">\n        <div class=\"media\">\n            <div class=\"mr-3 img-48\"><img decoding=\"async\" class=\"wpdm_icon\" alt=\"Icon\"   src=\"https:\/\/www.thetheoryworks.com\/wordpress\/wp-content\/plugins\/download-manager\/assets\/file-type-icons\/pdf.svg\" \/><\/div>\n            <div class=\"media-body\">\n                <h3 class=\"package-title\"><a href='https:\/\/www.thetheoryworks.com\/de\/download\/specification-quadratic-light-outer-en\/'>Specification: Quadratic Light Outer (EN)<\/a><\/h3>\n                <div class=\"text-muted text-small\"><i class=\"fas fa-copy\"><\/i> 1 Datei(en) <i class=\"fas fa-hdd ml-3\"><\/i> 338.33 KB<\/div>\n            <\/div>\n            <div class=\"ml-3\">\n                <a class='wpdm-download-link download-on-click btn btn-primary btn-xs' rel='nofollow' href='#' data-downloadurl=\"https:\/\/www.thetheoryworks.com\/de\/download\/specification-quadratic-light-outer-en\/?wpdmdl=4516&refresh=69f19e6ce4ccc1777442412\">Download<\/a>\n            <\/div>\n        <\/div>\n    <\/div>\n<\/div>\n\n<\/div><\/div>            <div style='clear:both'><\/div><div class='text-center'><ul class='pagination wpdm-pagination pagination-centered text-center'><\/ul><\/div><div style='clear:both'><\/div>        <\/div>\n\n        <div style='clear:both'><\/div>\n    <\/div>\n<\/div>\n<\/div><\/div>\n\n","protected":false},"excerpt":{"rendered":"<p>Gewichtsreduktion ohne Kompromisse. Das Quadratic\u2122 Light Outer verwendet leichtere Materialien, hat eine kleinere hintere Abside und speziell entwickelte T\u00fcren f\u00fcr die Minimierung des Gewichts. Das Quadratic\u2122 Gest\u00e4nge bietet selbst bei Schlechtwettersituationen extreme Sicherheit.<\/p>\n","protected":false},"featured_media":4713,"comment_status":"closed","ping_status":"closed","template":"","meta":[],"product_brand":[],"product_cat":[252],"product_tag":[293],"class_list":{"0":"post-4396","1":"product","2":"type-product","3":"status-publish","4":"has-post-thumbnail","6":"product_cat-quad-erweitere-dein-system","7":"product_tag-quadratic-light-outer-de","9":"first","10":"instock","11":"taxable","12":"shipping-taxable","13":"purchasable","14":"product-type-simple"},"composite_virtual":false,"composite_layout":"","composite_add_to_cart_form_location":"","composite_editable_in_cart":false,"composite_sold_individually_context":"","composite_shop_price_calc":"","composite_components":[],"composite_scenarios":[],"yoast_head":"<!-- This site is optimized with the Yoast SEO plugin v26.9 - https:\/\/yoast.com\/product\/yoast-seo-wordpress\/ -->\n<title>Quadratic\u2122 Light Outer<\/title>\n<meta name=\"description\" content=\"Gewichtsreduktion ohne Kompromisse. Das Quadratic\u2122 Light Outer verwendet leichtere Materialien, eine kleinere hintere Abside und speziell entwickelte T\u00fcren.\" \/>\n<meta name=\"robots\" content=\"index, follow, max-snippet:-1, max-image-preview:large, max-video-preview:-1\" \/>\n<link rel=\"canonical\" href=\"https:\/\/www.thetheoryworks.com\/de\/produkt\/quadratic-light-outer\/\" \/>\n<meta property=\"og:locale\" content=\"de_DE\" \/>\n<meta property=\"og:type\" content=\"article\" \/>\n<meta property=\"og:title\" content=\"Quadratic\u2122 Light Outer\" \/>\n<meta property=\"og:description\" content=\"Gewichtsreduktion ohne Kompromisse. Das Quadratic\u2122 Light Outer verwendet leichtere Materialien, eine kleinere hintere Abside und speziell entwickelte T\u00fcren.\" \/>\n<meta property=\"og:url\" content=\"https:\/\/www.thetheoryworks.com\/de\/produkt\/quadratic-light-outer\/\" \/>\n<meta property=\"og:site_name\" content=\"The Theory Works\u00ae\" \/>\n<meta property=\"article:modified_time\" content=\"2023-07-04T22:07:19+00:00\" \/>\n<meta property=\"og:image\" content=\"https:\/\/www.thetheoryworks.com\/wordpress\/wp-content\/uploads\/SUP-Quad-LightOuter-18-05_094.jpg\" \/>\n\t<meta property=\"og:image:width\" content=\"600\" \/>\n\t<meta property=\"og:image:height\" content=\"600\" \/>\n\t<meta property=\"og:image:type\" content=\"image\/jpeg\" \/>\n<meta name=\"twitter:label1\" content=\"Gesch\u00e4tzte Lesezeit\" \/>\n\t<meta name=\"twitter:data1\" content=\"3\u00a0Minuten\" \/>\n<script type=\"application\/ld+json\" class=\"yoast-schema-graph\">{\"@context\":\"https:\/\/schema.org\",\"@graph\":[{\"@type\":\"WebPage\",\"@id\":\"https:\/\/www.thetheoryworks.com\/de\/produkt\/quadratic-light-outer\/\",\"url\":\"https:\/\/www.thetheoryworks.com\/de\/produkt\/quadratic-light-outer\/\",\"name\":\"Quadratic\u2122 Light Outer\",\"isPartOf\":{\"@id\":\"https:\/\/www.thetheoryworks.com\/de\/#website\"},\"primaryImageOfPage\":{\"@id\":\"https:\/\/www.thetheoryworks.com\/de\/produkt\/quadratic-light-outer\/#primaryimage\"},\"image\":{\"@id\":\"https:\/\/www.thetheoryworks.com\/de\/produkt\/quadratic-light-outer\/#primaryimage\"},\"thumbnailUrl\":\"https:\/\/www.thetheoryworks.com\/wordpress\/wp-content\/uploads\/SUP-Quad-LightOuter-18-05_094.jpg\",\"datePublished\":\"2018-02-18T16:29:19+00:00\",\"dateModified\":\"2023-07-04T22:07:19+00:00\",\"description\":\"Gewichtsreduktion ohne Kompromisse. Das Quadratic\u2122 Light Outer verwendet leichtere Materialien, eine kleinere hintere Abside und speziell entwickelte T\u00fcren.\",\"breadcrumb\":{\"@id\":\"https:\/\/www.thetheoryworks.com\/de\/produkt\/quadratic-light-outer\/#breadcrumb\"},\"inLanguage\":\"de\",\"potentialAction\":[{\"@type\":\"ReadAction\",\"target\":[\"https:\/\/www.thetheoryworks.com\/de\/produkt\/quadratic-light-outer\/\"]}]},{\"@type\":\"ImageObject\",\"inLanguage\":\"de\",\"@id\":\"https:\/\/www.thetheoryworks.com\/de\/produkt\/quadratic-light-outer\/#primaryimage\",\"url\":\"https:\/\/www.thetheoryworks.com\/wordpress\/wp-content\/uploads\/SUP-Quad-LightOuter-18-05_094.jpg\",\"contentUrl\":\"https:\/\/www.thetheoryworks.com\/wordpress\/wp-content\/uploads\/SUP-Quad-LightOuter-18-05_094.jpg\",\"width\":600,\"height\":600},{\"@type\":\"BreadcrumbList\",\"@id\":\"https:\/\/www.thetheoryworks.com\/de\/produkt\/quadratic-light-outer\/#breadcrumb\",\"itemListElement\":[{\"@type\":\"ListItem\",\"position\":1,\"name\":\"Home\",\"item\":\"https:\/\/www.thetheoryworks.com\/de\/\"},{\"@type\":\"ListItem\",\"position\":2,\"name\":\"Shop\",\"item\":\"https:\/\/www.thetheoryworks.com\/de\/shop\/\"},{\"@type\":\"ListItem\",\"position\":3,\"name\":\"Quadratic\u2122 Light Outer\"}]},{\"@type\":\"WebSite\",\"@id\":\"https:\/\/www.thetheoryworks.com\/de\/#website\",\"url\":\"https:\/\/www.thetheoryworks.com\/de\/\",\"name\":\"The Theory Works\u00ae\",\"description\":\"\",\"potentialAction\":[{\"@type\":\"SearchAction\",\"target\":{\"@type\":\"EntryPoint\",\"urlTemplate\":\"https:\/\/www.thetheoryworks.com\/de\/?s={search_term_string}\"},\"query-input\":{\"@type\":\"PropertyValueSpecification\",\"valueRequired\":true,\"valueName\":\"search_term_string\"}}],\"inLanguage\":\"de\"}]}<\/script>\n<!-- \/ Yoast SEO plugin. -->","yoast_head_json":{"title":"Quadratic\u2122 Light Outer","description":"Gewichtsreduktion ohne Kompromisse. Das Quadratic\u2122 Light Outer verwendet leichtere Materialien, eine kleinere hintere Abside und speziell entwickelte T\u00fcren.","robots":{"index":"index","follow":"follow","max-snippet":"max-snippet:-1","max-image-preview":"max-image-preview:large","max-video-preview":"max-video-preview:-1"},"canonical":"https:\/\/www.thetheoryworks.com\/de\/produkt\/quadratic-light-outer\/","og_locale":"de_DE","og_type":"article","og_title":"Quadratic\u2122 Light Outer","og_description":"Gewichtsreduktion ohne Kompromisse. Das Quadratic\u2122 Light Outer verwendet leichtere Materialien, eine kleinere hintere Abside und speziell entwickelte T\u00fcren.","og_url":"https:\/\/www.thetheoryworks.com\/de\/produkt\/quadratic-light-outer\/","og_site_name":"The Theory Works\u00ae","article_modified_time":"2023-07-04T22:07:19+00:00","og_image":[{"width":600,"height":600,"url":"https:\/\/www.thetheoryworks.com\/wordpress\/wp-content\/uploads\/SUP-Quad-LightOuter-18-05_094.jpg","type":"image\/jpeg"}],"twitter_misc":{"Gesch\u00e4tzte Lesezeit":"3\u00a0Minuten"},"schema":{"@context":"https:\/\/schema.org","@graph":[{"@type":"WebPage","@id":"https:\/\/www.thetheoryworks.com\/de\/produkt\/quadratic-light-outer\/","url":"https:\/\/www.thetheoryworks.com\/de\/produkt\/quadratic-light-outer\/","name":"Quadratic\u2122 Light Outer","isPartOf":{"@id":"https:\/\/www.thetheoryworks.com\/de\/#website"},"primaryImageOfPage":{"@id":"https:\/\/www.thetheoryworks.com\/de\/produkt\/quadratic-light-outer\/#primaryimage"},"image":{"@id":"https:\/\/www.thetheoryworks.com\/de\/produkt\/quadratic-light-outer\/#primaryimage"},"thumbnailUrl":"https:\/\/www.thetheoryworks.com\/wordpress\/wp-content\/uploads\/SUP-Quad-LightOuter-18-05_094.jpg","datePublished":"2018-02-18T16:29:19+00:00","dateModified":"2023-07-04T22:07:19+00:00","description":"Gewichtsreduktion ohne Kompromisse. Das Quadratic\u2122 Light Outer verwendet leichtere Materialien, eine kleinere hintere Abside und speziell entwickelte T\u00fcren.","breadcrumb":{"@id":"https:\/\/www.thetheoryworks.com\/de\/produkt\/quadratic-light-outer\/#breadcrumb"},"inLanguage":"de","potentialAction":[{"@type":"ReadAction","target":["https:\/\/www.thetheoryworks.com\/de\/produkt\/quadratic-light-outer\/"]}]},{"@type":"ImageObject","inLanguage":"de","@id":"https:\/\/www.thetheoryworks.com\/de\/produkt\/quadratic-light-outer\/#primaryimage","url":"https:\/\/www.thetheoryworks.com\/wordpress\/wp-content\/uploads\/SUP-Quad-LightOuter-18-05_094.jpg","contentUrl":"https:\/\/www.thetheoryworks.com\/wordpress\/wp-content\/uploads\/SUP-Quad-LightOuter-18-05_094.jpg","width":600,"height":600},{"@type":"BreadcrumbList","@id":"https:\/\/www.thetheoryworks.com\/de\/produkt\/quadratic-light-outer\/#breadcrumb","itemListElement":[{"@type":"ListItem","position":1,"name":"Home","item":"https:\/\/www.thetheoryworks.com\/de\/"},{"@type":"ListItem","position":2,"name":"Shop","item":"https:\/\/www.thetheoryworks.com\/de\/shop\/"},{"@type":"ListItem","position":3,"name":"Quadratic\u2122 Light Outer"}]},{"@type":"WebSite","@id":"https:\/\/www.thetheoryworks.com\/de\/#website","url":"https:\/\/www.thetheoryworks.com\/de\/","name":"The Theory Works\u00ae","description":"","potentialAction":[{"@type":"SearchAction","target":{"@type":"EntryPoint","urlTemplate":"https:\/\/www.thetheoryworks.com\/de\/?s={search_term_string}"},"query-input":{"@type":"PropertyValueSpecification","valueRequired":true,"valueName":"search_term_string"}}],"inLanguage":"de"}]}},"_links":{"self":[{"href":"https:\/\/www.thetheoryworks.com\/de\/wp-json\/wp\/v2\/product\/4396","targetHints":{"allow":["GET"]}}],"collection":[{"href":"https:\/\/www.thetheoryworks.com\/de\/wp-json\/wp\/v2\/product"}],"about":[{"href":"https:\/\/www.thetheoryworks.com\/de\/wp-json\/wp\/v2\/types\/product"}],"replies":[{"embeddable":true,"href":"https:\/\/www.thetheoryworks.com\/de\/wp-json\/wp\/v2\/comments?post=4396"}],"wp:featuredmedia":[{"embeddable":true,"href":"https:\/\/www.thetheoryworks.com\/de\/wp-json\/wp\/v2\/media\/4713"}],"wp:attachment":[{"href":"https:\/\/www.thetheoryworks.com\/de\/wp-json\/wp\/v2\/media?parent=4396"}],"wp:term":[{"taxonomy":"product_brand","embeddable":true,"href":"https:\/\/www.thetheoryworks.com\/de\/wp-json\/wp\/v2\/product_brand?post=4396"},{"taxonomy":"product_cat","embeddable":true,"href":"https:\/\/www.thetheoryworks.com\/de\/wp-json\/wp\/v2\/product_cat?post=4396"},{"taxonomy":"product_tag","embeddable":true,"href":"https:\/\/www.thetheoryworks.com\/de\/wp-json\/wp\/v2\/product_tag?post=4396"}],"curies":[{"name":"wp","href":"https:\/\/api.w.org\/{rel}","templated":true}]}}