{"id":4400,"date":"2018-02-18T17:53:31","date_gmt":"2018-02-18T16:53:31","guid":{"rendered":"http:\/\/www.thetheoryworks.com\/?post_type=product&#038;p=4400"},"modified":"2021-04-22T05:08:49","modified_gmt":"2021-04-22T04:08:49","slug":"quadratic-winter-inner","status":"publish","type":"product","link":"https:\/\/www.thetheoryworks.com\/de\/produkt\/quadratic-winter-inner\/","title":{"rendered":"Quadratic\u2122 Winter Inner"},"content":{"rendered":"<p>Das Quadratic\u2122 Winter Inner ist ein winddichtes Innenzelt. Es ist best\u00e4ndig und komfortabel nicht nur f\u00fcr den Winter, sondern auch f\u00fcr die Sommermonate und Expeditionen. <\/p>\n<p>Drei Zeltstangen (separat erh\u00e4ltlich) werden zum Aufbau des Zeltes gebraucht. Ein oder zwei optionale Seitenstangen erm\u00f6glichen den freien Stand des Mittelzeltes und tragen zur Windstabilit\u00e4t bei. Das Quadratic\u2122 Winter Inner kann alleine aufgebaut werden oder in Kombination mit dem Au\u00dfenzelt. Beim Quadratic\u2122 System k\u00f6nnen entweder das Innenzelt oder das  Au\u00dfenzelt zuerst aufgebaut werden, oder zeitsparend beide gleichzeitig. <\/p>\n<p>Jede T\u00fcr hat sowohl eine silikonbeschichtete Nylonschicht als auch ein Insektennetzschicht. Der Stoff kann vom Insektennetz getrennt werden, um das Zelt zu durchl\u00fcften ohne Insekten in den Innenraum zu lassen. Die T\u00fcren werden an die Seite und nicht an den Boden geklappt. Sie k\u00f6nnen dort z\u00fcgig in eine Netztasche verstaut oder mit verstellbaren Schlaufen befestigt werden. Die robuste &#8222;Wannen&#8220; Zeltunterlage hat eine sehr hohe Wassers\u00e4ule f\u00fcr langanhaltende Wasserdichte. Die N\u00e4hte sind verschwei\u00dft, um Bodenn\u00e4sse abzuweisen. <\/p>\n<p>Zehn Innentaschen garantieren die Ordnung im Zelt. Deckentaschen sind ideal f\u00fcr Beleuchtung und zerbrechliche Gegenst\u00e4nde, Seitentaschen erm\u00f6glichen einen schnellen Zugang zu den Gebrauchsgegenst\u00e4nden. Zwei weitere Taschen an der T\u00fcr k\u00f6nnen ebenfalls als Stauraum benutzt werden. Gurtschlaufen am Deckenbereich k\u00f6nnen als W\u00e4scheleine, Lichthalterung oder f\u00fcr den optionalen Mezzanine\u2122 Deckenstauraum benutzt werden. <\/p>\n<div id=\"squelch-taas-toggle-0\" class=\"squelch-taas-toggle squelch-taas-override\" data-speed=\"800\" data-active=\"\" data-theme=\"ttw\" ><h3 id=\"squelch-taas-header-0\" class=\"squelch-taas-toggle-shortcode-header\"><a href=\"#squelch-taas-toggle-shortcode-content-0\">Spezifikationen<\/a><\/h3><div id=\"squelch-taas-toggle-shortcode-content-0\" class=\"squelch-taas-toggle-shortcode-content squelch-taas-toggle-shortcode-content-0\">\n<h4>Beschreibung<\/h4>\n<ul>\n<li>Winddichtes Innenzelt f\u00fcr das Quadratic\u2122 Zeltsystem<\/li>\n<li>Wasserabweisendes Material blockt auch den Wind ab, die doppelwandigen T\u00fcren haben sowohl eine Stoff- als auch eine Insektennetzschicht, um das Zelt gut bel\u00fcftet und insektenfrei zu halten. <\/li>\n<li>Aufbau mit drei Zeltstangen (nicht enthalten) und bis zu drei optionalen Zeltstangen<\/li>\n<li>Aufbau nur mit Au\u00dfenzelt, Quadratic\u2122 Innenzelt oder Groundfloor\u2122<\/li>\n<\/ul>\n<h4>Eigenschaften<\/h4>\n<ul>\n<li>Teil des Quadratic\u2122 Zeltsystems; kombiniere verschiedene Komponenten f\u00fcr unterschiedliche Anforderungen<\/li>\n<li>Die Endschlaufen verbinden und straffen das Innen- und Au\u00dfenzelt und bieten Vorrichtungen f\u00fcr die optionalen Seitenstangen<\/li>\n<li>Zwei T\u00fcren \u00f6ffnen sich zur Seite. Die doppelwandigen T\u00fcren haben sowohl eine Stoff- als auch eine Insektennetzschicht, um das Zelt gut bel\u00fcftet zu halten. <\/li>\n<li>Vier Netztaschen und Schlaufen im Deckenbereich f\u00fcr Beleuchtung und das Verstauen gebrechlicher Gegenst\u00e4nde<\/li>\n<li>Vier gro\u00dfe Netzseitentaschen f\u00fcr Ausr\u00fcstungsgegenst\u00e4nde<\/li>\n<li>Zwei Netztaschen an der T\u00fcr f\u00fcr schnelles Verstauen der ge\u00f6ffneten T\u00fcr oder andere Gegenst\u00e4nde.<\/li>\n<p>Verschlossene Endschlaufentunnel f\u00fcr einfachen Aufbau nur einer Person<\/ul>\n<h4>Materialien<\/h4>\n<ul>\n<li>30D Ripstop Nylon 66, wasserabweisend<\/li>\n<li>70D Nylon, polyurathanbeschichtet, min. 10.000 mm Wassers\u00e4ule<\/li>\n<li>Insektennetz  an T\u00fcren und Verstautaschen<\/li>\n<li>YKK Rei\u00dfverschl\u00fc\u00dfe<\/li>\n<\/ul>\n<h4>Ma\u00dfe<\/h4>\n<ul>\n<li>Innenzelt 1190 g<\/li>\n<li>Packsack 27 g<\/li>\n<li>Bodenfl\u00e4che 2,8m<sup>2<\/sup><\/li>\n<li>2,2m x 1,4m x 1,05m (L\u00e4nge x Breite x H\u00f6he)<\/li>\n<\/ul>\n<\/div>\n<h3 id=\"squelch-taas-header-1\" class=\"squelch-taas-toggle-shortcode-header\"><a href=\"#squelch-taas-toggle-shortcode-content-1\">Enthalten<\/a><\/h3><div id=\"squelch-taas-toggle-shortcode-content-1\" class=\"squelch-taas-toggle-shortcode-content squelch-taas-toggle-shortcode-content-1\">\n<h4>Enthalten<\/h4>\n<ul>\n<li>Winddichtes Innenzelt<\/li>\n<li>Packsack<\/li>\n<\/ul>\n<h4>Nicht enthalten &#8211; notwendig f\u00fcr den Aufbau<\/h4>\n<ul>\n<li>End- Zeltgest\u00e4nge (vorgebogen, 270cm), 2x <\/li>\n<li>Mittel- Zeltgest\u00e4nge (vorgebogen, 310cm) 1x<\/li>\n<li>Au\u00dfenzelt (das Innenzelt ist nicht wasserdicht)<\/li>\n<li>Heringe, versch. Sorten, 4x minimum<\/li>\n<\/ul>\n<h4>Nicht enthalten &#8211; anderes Systemzubeh\u00f6r<\/h4>\n<ul>\n<li>Abspannleine (sehr empfohlen), stabilisiert das Zeltgest\u00e4nge bei Wind; 6x minimum<\/li>\n<li>Seitengest\u00e4nge &#8211; erm\u00f6glicht den freien Stand des Mittelzeltes, erh\u00f6hte Windresistenz<\/li>\n<li>Deckengest\u00e4nge &#8211; erh\u00f6ht die Zeltstabilit\u00e4t besonders bei Schneefall<\/li>\n<li>Mezzanine\u2122 &#8211; extra Verstaunetz im Deckenbereich<\/li>\n<\/ul>\n<\/div>\n<h3 id=\"squelch-taas-header-2\" class=\"squelch-taas-toggle-shortcode-header\"><a href=\"#squelch-taas-toggle-shortcode-content-2\">Download<\/a><\/h3><div id=\"squelch-taas-toggle-shortcode-content-2\" class=\"squelch-taas-toggle-shortcode-content squelch-taas-toggle-shortcode-content-2\"><div class='w3eden'>\n    <div class=''>\n\n        \n        <div id=\"content_wpdm_package_1\">\n            <div class='row'><div class='col-lg-4 col-md-6 col-12'><!-- WPDM Link Template: Default Template -->\n\n<div class=\"link-template-default card mb-2\">\n    <div class=\"card-body\">\n        <div class=\"media\">\n            <div class=\"mr-3 img-48\"><img decoding=\"async\" class=\"wpdm_icon\" alt=\"Icon\"   src=\"https:\/\/www.thetheoryworks.com\/wordpress\/wp-content\/plugins\/download-manager\/assets\/file-type-icons\/file_extension_pdf.png\" \/><\/div>\n            <div class=\"media-body\">\n                <h3 class=\"package-title\"><a href='https:\/\/www.thetheoryworks.com\/de\/download\/specification-quadratic-winter-inner-en\/'>Specification: Quadratic Winter Inner (EN)<\/a><\/h3>\n                <div class=\"text-muted text-small\"><i class=\"fas fa-copy\"><\/i> 1 Datei(en) <i class=\"fas fa-hdd ml-3\"><\/i> 366.04 KB<\/div>\n            <\/div>\n            <div class=\"ml-3\">\n                <a class='wpdm-download-link download-on-click btn btn-primary btn-xs' rel='nofollow' href='#' data-downloadurl=\"https:\/\/www.thetheoryworks.com\/de\/download\/specification-quadratic-winter-inner-en\/?wpdmdl=4663&refresh=69ea49b4c69bb1776961972\">Download<\/a>\n            <\/div>\n        <\/div>\n    <\/div>\n<\/div>\n\n<\/div><\/div>            <div style='clear:both'><\/div><div class='text-center'><ul class='pagination wpdm-pagination pagination-centered text-center'><\/ul><\/div><div style='clear:both'><\/div>        <\/div>\n\n        <div style='clear:both'><\/div>\n    <\/div>\n<\/div>\n<\/div><\/div>\n\n","protected":false},"excerpt":{"rendered":"<p>Das Quadratic\u2122 Winter Inner bietet das ganze Jahr \u00fcber h\u00f6chsten Komfort. Es sch\u00fctzt vor Zug, Staub und Kondensation. Die zwei Insektenschutz-T\u00fcren erm\u00f6glichen Durchl\u00fcftung ohne Insektenplage.<\/p>\n","protected":false},"featured_media":4509,"comment_status":"closed","ping_status":"closed","template":"","meta":[],"product_brand":[],"product_cat":[252],"product_tag":[294],"class_list":{"0":"post-4400","1":"product","2":"type-product","3":"status-publish","4":"has-post-thumbnail","6":"product_cat-quad-erweitere-dein-system","7":"product_tag-quadratic-winter-inner-de","9":"first","10":"instock","11":"taxable","12":"shipping-taxable","13":"purchasable","14":"product-type-simple"},"composite_virtual":false,"composite_layout":"","composite_add_to_cart_form_location":"","composite_editable_in_cart":false,"composite_sold_individually_context":"","composite_shop_price_calc":"","composite_components":[],"composite_scenarios":[],"yoast_head":"<!-- This site is optimized with the Yoast SEO plugin v26.9 - https:\/\/yoast.com\/product\/yoast-seo-wordpress\/ -->\n<title>Quadratic\u2122 Winter Inner<\/title>\n<meta name=\"description\" content=\"Das Quadratic\u2122 Winter Inner bietet das Jahr \u00fcber h\u00f6chsten Komfort. Es sch\u00fctzt vor Zug, und Kondensation. Die Insektenschutz-T\u00fcren erm\u00f6glichen Durchl\u00fcftung.\" \/>\n<meta name=\"robots\" content=\"index, follow, max-snippet:-1, max-image-preview:large, max-video-preview:-1\" \/>\n<link rel=\"canonical\" href=\"https:\/\/www.thetheoryworks.com\/de\/produkt\/quadratic-winter-inner\/\" \/>\n<meta property=\"og:locale\" content=\"de_DE\" \/>\n<meta property=\"og:type\" content=\"article\" \/>\n<meta property=\"og:title\" content=\"Quadratic\u2122 Winter Inner\" \/>\n<meta property=\"og:description\" content=\"Das Quadratic\u2122 Winter Inner bietet das Jahr \u00fcber h\u00f6chsten Komfort. Es sch\u00fctzt vor Zug, und Kondensation. Die Insektenschutz-T\u00fcren erm\u00f6glichen Durchl\u00fcftung.\" \/>\n<meta property=\"og:url\" content=\"https:\/\/www.thetheoryworks.com\/de\/produkt\/quadratic-winter-inner\/\" \/>\n<meta property=\"og:site_name\" content=\"The Theory Works\u00ae\" \/>\n<meta property=\"article:modified_time\" content=\"2021-04-22T04:08:49+00:00\" \/>\n<meta property=\"og:image\" content=\"https:\/\/www.thetheoryworks.com\/wordpress\/wp-content\/uploads\/SUP-Quad-WinterInner-18-05_046.jpg\" \/>\n\t<meta property=\"og:image:width\" content=\"600\" \/>\n\t<meta property=\"og:image:height\" content=\"600\" \/>\n\t<meta property=\"og:image:type\" content=\"image\/jpeg\" \/>\n<meta name=\"twitter:label1\" content=\"Gesch\u00e4tzte Lesezeit\" \/>\n\t<meta name=\"twitter:data1\" content=\"3\u00a0Minuten\" \/>\n<script type=\"application\/ld+json\" class=\"yoast-schema-graph\">{\"@context\":\"https:\/\/schema.org\",\"@graph\":[{\"@type\":\"WebPage\",\"@id\":\"https:\/\/www.thetheoryworks.com\/de\/produkt\/quadratic-winter-inner\/\",\"url\":\"https:\/\/www.thetheoryworks.com\/de\/produkt\/quadratic-winter-inner\/\",\"name\":\"Quadratic\u2122 Winter Inner\",\"isPartOf\":{\"@id\":\"https:\/\/www.thetheoryworks.com\/de\/#website\"},\"primaryImageOfPage\":{\"@id\":\"https:\/\/www.thetheoryworks.com\/de\/produkt\/quadratic-winter-inner\/#primaryimage\"},\"image\":{\"@id\":\"https:\/\/www.thetheoryworks.com\/de\/produkt\/quadratic-winter-inner\/#primaryimage\"},\"thumbnailUrl\":\"https:\/\/www.thetheoryworks.com\/wordpress\/wp-content\/uploads\/SUP-Quad-WinterInner-18-05_046.jpg\",\"datePublished\":\"2018-02-18T16:53:31+00:00\",\"dateModified\":\"2021-04-22T04:08:49+00:00\",\"description\":\"Das Quadratic\u2122 Winter Inner bietet das Jahr \u00fcber h\u00f6chsten Komfort. Es sch\u00fctzt vor Zug, und Kondensation. Die Insektenschutz-T\u00fcren erm\u00f6glichen Durchl\u00fcftung.\",\"breadcrumb\":{\"@id\":\"https:\/\/www.thetheoryworks.com\/de\/produkt\/quadratic-winter-inner\/#breadcrumb\"},\"inLanguage\":\"de\",\"potentialAction\":[{\"@type\":\"ReadAction\",\"target\":[\"https:\/\/www.thetheoryworks.com\/de\/produkt\/quadratic-winter-inner\/\"]}]},{\"@type\":\"ImageObject\",\"inLanguage\":\"de\",\"@id\":\"https:\/\/www.thetheoryworks.com\/de\/produkt\/quadratic-winter-inner\/#primaryimage\",\"url\":\"https:\/\/www.thetheoryworks.com\/wordpress\/wp-content\/uploads\/SUP-Quad-WinterInner-18-05_046.jpg\",\"contentUrl\":\"https:\/\/www.thetheoryworks.com\/wordpress\/wp-content\/uploads\/SUP-Quad-WinterInner-18-05_046.jpg\",\"width\":600,\"height\":600},{\"@type\":\"BreadcrumbList\",\"@id\":\"https:\/\/www.thetheoryworks.com\/de\/produkt\/quadratic-winter-inner\/#breadcrumb\",\"itemListElement\":[{\"@type\":\"ListItem\",\"position\":1,\"name\":\"Home\",\"item\":\"https:\/\/www.thetheoryworks.com\/de\/\"},{\"@type\":\"ListItem\",\"position\":2,\"name\":\"Shop\",\"item\":\"https:\/\/www.thetheoryworks.com\/de\/shop\/\"},{\"@type\":\"ListItem\",\"position\":3,\"name\":\"Quadratic\u2122 Winter Inner\"}]},{\"@type\":\"WebSite\",\"@id\":\"https:\/\/www.thetheoryworks.com\/de\/#website\",\"url\":\"https:\/\/www.thetheoryworks.com\/de\/\",\"name\":\"The Theory Works\u00ae\",\"description\":\"\",\"potentialAction\":[{\"@type\":\"SearchAction\",\"target\":{\"@type\":\"EntryPoint\",\"urlTemplate\":\"https:\/\/www.thetheoryworks.com\/de\/?s={search_term_string}\"},\"query-input\":{\"@type\":\"PropertyValueSpecification\",\"valueRequired\":true,\"valueName\":\"search_term_string\"}}],\"inLanguage\":\"de\"}]}<\/script>\n<!-- \/ Yoast SEO plugin. -->","yoast_head_json":{"title":"Quadratic\u2122 Winter Inner","description":"Das Quadratic\u2122 Winter Inner bietet das Jahr \u00fcber h\u00f6chsten Komfort. Es sch\u00fctzt vor Zug, und Kondensation. Die Insektenschutz-T\u00fcren erm\u00f6glichen Durchl\u00fcftung.","robots":{"index":"index","follow":"follow","max-snippet":"max-snippet:-1","max-image-preview":"max-image-preview:large","max-video-preview":"max-video-preview:-1"},"canonical":"https:\/\/www.thetheoryworks.com\/de\/produkt\/quadratic-winter-inner\/","og_locale":"de_DE","og_type":"article","og_title":"Quadratic\u2122 Winter Inner","og_description":"Das Quadratic\u2122 Winter Inner bietet das Jahr \u00fcber h\u00f6chsten Komfort. Es sch\u00fctzt vor Zug, und Kondensation. Die Insektenschutz-T\u00fcren erm\u00f6glichen Durchl\u00fcftung.","og_url":"https:\/\/www.thetheoryworks.com\/de\/produkt\/quadratic-winter-inner\/","og_site_name":"The Theory Works\u00ae","article_modified_time":"2021-04-22T04:08:49+00:00","og_image":[{"width":600,"height":600,"url":"https:\/\/www.thetheoryworks.com\/wordpress\/wp-content\/uploads\/SUP-Quad-WinterInner-18-05_046.jpg","type":"image\/jpeg"}],"twitter_misc":{"Gesch\u00e4tzte Lesezeit":"3\u00a0Minuten"},"schema":{"@context":"https:\/\/schema.org","@graph":[{"@type":"WebPage","@id":"https:\/\/www.thetheoryworks.com\/de\/produkt\/quadratic-winter-inner\/","url":"https:\/\/www.thetheoryworks.com\/de\/produkt\/quadratic-winter-inner\/","name":"Quadratic\u2122 Winter Inner","isPartOf":{"@id":"https:\/\/www.thetheoryworks.com\/de\/#website"},"primaryImageOfPage":{"@id":"https:\/\/www.thetheoryworks.com\/de\/produkt\/quadratic-winter-inner\/#primaryimage"},"image":{"@id":"https:\/\/www.thetheoryworks.com\/de\/produkt\/quadratic-winter-inner\/#primaryimage"},"thumbnailUrl":"https:\/\/www.thetheoryworks.com\/wordpress\/wp-content\/uploads\/SUP-Quad-WinterInner-18-05_046.jpg","datePublished":"2018-02-18T16:53:31+00:00","dateModified":"2021-04-22T04:08:49+00:00","description":"Das Quadratic\u2122 Winter Inner bietet das Jahr \u00fcber h\u00f6chsten Komfort. Es sch\u00fctzt vor Zug, und Kondensation. Die Insektenschutz-T\u00fcren erm\u00f6glichen Durchl\u00fcftung.","breadcrumb":{"@id":"https:\/\/www.thetheoryworks.com\/de\/produkt\/quadratic-winter-inner\/#breadcrumb"},"inLanguage":"de","potentialAction":[{"@type":"ReadAction","target":["https:\/\/www.thetheoryworks.com\/de\/produkt\/quadratic-winter-inner\/"]}]},{"@type":"ImageObject","inLanguage":"de","@id":"https:\/\/www.thetheoryworks.com\/de\/produkt\/quadratic-winter-inner\/#primaryimage","url":"https:\/\/www.thetheoryworks.com\/wordpress\/wp-content\/uploads\/SUP-Quad-WinterInner-18-05_046.jpg","contentUrl":"https:\/\/www.thetheoryworks.com\/wordpress\/wp-content\/uploads\/SUP-Quad-WinterInner-18-05_046.jpg","width":600,"height":600},{"@type":"BreadcrumbList","@id":"https:\/\/www.thetheoryworks.com\/de\/produkt\/quadratic-winter-inner\/#breadcrumb","itemListElement":[{"@type":"ListItem","position":1,"name":"Home","item":"https:\/\/www.thetheoryworks.com\/de\/"},{"@type":"ListItem","position":2,"name":"Shop","item":"https:\/\/www.thetheoryworks.com\/de\/shop\/"},{"@type":"ListItem","position":3,"name":"Quadratic\u2122 Winter Inner"}]},{"@type":"WebSite","@id":"https:\/\/www.thetheoryworks.com\/de\/#website","url":"https:\/\/www.thetheoryworks.com\/de\/","name":"The Theory Works\u00ae","description":"","potentialAction":[{"@type":"SearchAction","target":{"@type":"EntryPoint","urlTemplate":"https:\/\/www.thetheoryworks.com\/de\/?s={search_term_string}"},"query-input":{"@type":"PropertyValueSpecification","valueRequired":true,"valueName":"search_term_string"}}],"inLanguage":"de"}]}},"_links":{"self":[{"href":"https:\/\/www.thetheoryworks.com\/de\/wp-json\/wp\/v2\/product\/4400","targetHints":{"allow":["GET"]}}],"collection":[{"href":"https:\/\/www.thetheoryworks.com\/de\/wp-json\/wp\/v2\/product"}],"about":[{"href":"https:\/\/www.thetheoryworks.com\/de\/wp-json\/wp\/v2\/types\/product"}],"replies":[{"embeddable":true,"href":"https:\/\/www.thetheoryworks.com\/de\/wp-json\/wp\/v2\/comments?post=4400"}],"wp:featuredmedia":[{"embeddable":true,"href":"https:\/\/www.thetheoryworks.com\/de\/wp-json\/wp\/v2\/media\/4509"}],"wp:attachment":[{"href":"https:\/\/www.thetheoryworks.com\/de\/wp-json\/wp\/v2\/media?parent=4400"}],"wp:term":[{"taxonomy":"product_brand","embeddable":true,"href":"https:\/\/www.thetheoryworks.com\/de\/wp-json\/wp\/v2\/product_brand?post=4400"},{"taxonomy":"product_cat","embeddable":true,"href":"https:\/\/www.thetheoryworks.com\/de\/wp-json\/wp\/v2\/product_cat?post=4400"},{"taxonomy":"product_tag","embeddable":true,"href":"https:\/\/www.thetheoryworks.com\/de\/wp-json\/wp\/v2\/product_tag?post=4400"}],"curies":[{"name":"wp","href":"https:\/\/api.w.org\/{rel}","templated":true}]}}