{"id":4403,"date":"2018-03-31T09:50:17","date_gmt":"2018-03-31T08:50:17","guid":{"rendered":"http:\/\/www.thetheoryworks.com\/?post_type=product&#038;p=4403"},"modified":"2024-07-11T08:09:09","modified_gmt":"2024-07-11T07:09:09","slug":"quadratic-summer-inner","status":"publish","type":"product","link":"https:\/\/www.thetheoryworks.com\/de\/produkt\/quadratic-summer-inner\/","title":{"rendered":"Quadratic\u2122 Summer Inner"},"content":{"rendered":"<p>Das Quadratic\u2122 Summer Inner ist ein insektenfreies Netzinnenzelt. Es besitzt hervorragende Ventilationseigenschaften und ist sehr leicht und daher die perfekte Wahl f\u00fcr die Sommer- und \u00dcbergangsmonate oder bei Reisen in warmen L\u00e4ndern.<\/p>\n<p>Drei Zeltstangen (separat erh\u00e4ltlich) werden zum Aufbau des Zeltes gebraucht. Ein oder zwei optionale Seitenstangen erm\u00f6glichen den freien Stand des Mittelzeltes und tragen zur Windstabilit\u00e4t bei. Das Quadratic\u2122  Summer Inner  kann alleine aufgebaut werden oder in Kombination mit dem Au\u00dfenzelt. Beim Quadratic\u2122 System k\u00f6nnen entweder das Innenzelt oder das  Au\u00dfenzelt zuerst aufgebaut werden, oder zeitsparend beide gleichzeitig. <\/p>\n<p>Die Seitenw\u00e4nde des Zeltes bestehen am unteren Ende aus Zeltstoff. Das reduziert den Durchzug und erh\u00f6ht den Komfort bei kaltem Wetter.<\/p>\n<p>Die T\u00fcren \u00f6ffnen seitlich und fallen nicht nach unten. Sie k\u00f6nnen schnell in die Seitentasche gesteckt werden oder ordentlich mit dem verstellbaren Band zur\u00fcckgebunden werden. Die robuste &#8222;Wannen&#8220; Zeltunterlage hat eine sehr hohe Wassers\u00e4ule f\u00fcr langanhaltende Wasserdichte. Die N\u00e4hte sind verschwei\u00dft, um Bodenn\u00e4sse abzuweisen. <\/p>\n<p>Zehn Innentaschen garantieren die Ordnung im Zelt. Deckentaschen sind ideal f\u00fcr Beleuchtung und zerbrechliche Gegenst\u00e4nde, Seitentaschen erm\u00f6glichen einen schnellen Zugang zu den Gebrauchsgegenst\u00e4nden. Zwei weitere Taschen an der T\u00fcr k\u00f6nnen ebenfalls als Stauraum benutzt werden. Gurtschlaufen am Deckenbereich k\u00f6nnen als W\u00e4scheleine, Lichthalterung oder f\u00fcr den optionalen Mezzanine\u2122 Deckenstauraum benutzt werden. <\/p>\n<div id=\"squelch-taas-toggle-0\" class=\"squelch-taas-toggle squelch-taas-override\" data-speed=\"800\" data-active=\"\" data-theme=\"ttw\" ><h3 id=\"squelch-taas-header-0\" class=\"squelch-taas-toggle-shortcode-header\"><a href=\"#squelch-taas-toggle-shortcode-content-0\">Spezifikationen<\/a><\/h3><div id=\"squelch-taas-toggle-shortcode-content-0\" class=\"squelch-taas-toggle-shortcode-content squelch-taas-toggle-shortcode-content-0\">\n<h4>Beschreibung <\/h4>\n<ul>\n<li>Winddichtes Innenzelt f\u00fcr das Quadratic\u2122 Zeltsystem<\/li>\n<li>Wasserabweisendes Material blockt den Wind ab, die doppelwandigen T\u00fcren haben sowohl eine Stoff- als auch eine Insektennetzschicht, um das Zelt gut bel\u00fcftet und insektenfrei zu halten. <\/li>\n<li>Aufbau mit drei Zeltstangen (nicht enthalten) und bis zu drei optionalen Zeltstangen<\/li>\n<li>Aufbau nur als Innenzelt oder mit Quadratic\u2122 Au\u00dfenzelt m\u00f6glich<\/li>\n<\/ul>\n<h4>Eigenschaften<\/h4>\n<ul>\n<li>Teil des Quadratic\u2122 Zeltsystems; kombiniere verschiedene Komponenten f\u00fcr unterschiedliche Anforderungen<\/li>\n<li>Die Endschlaufen verbinden und straffen das Innen- und Au\u00dfenzelt und bieten Vorrichtungen f\u00fcr die optionalen Seitenstangen<\/li>\n<li>Zwei T\u00fcren, die seitlich \u00f6ffnen.<\/li>\n<li>Vier gro\u00dfe Netzdeckentaschen f\u00fcr Beleuchtung und zerbrechliche Gegenst\u00e4nde sowie Gurtschlaufen im Deckenbereich<\/li>\n<li>Vier gro\u00dfe Netzseitentaschen f\u00fcr das Verstauen von Ausr\u00fcstungsgegenst\u00e4nden<\/li>\n<li>Zwei Netztaschen an der T\u00fcr f\u00fcr schnelles Verstauen der ge\u00f6ffneten T\u00fcr oder andere Gegenst\u00e4nde.<\/li>\n<\/ul>\n<h4>Materialien<\/h4>\n<ul>\n<li>Nylon Insektennetz<\/li>\n<li>30D Ripstop Nylon 66, wasserabweisend<\/li>\n<li>40D Nylon, polyurathanbeschichtet, min. 10.000 mm Wassers\u00e4ule<\/li>\n<li>YKK Rei\u00dfverschl\u00fc\u00dfe<\/li>\n<\/ul>\n<h4>Ma\u00dfe<\/h4>\n<ul>\n<li>Innenzelt 1100 g<\/li>\n<li>Packsack 24 g<\/li>\n<li>Bodenfl\u00e4che 2,8 m<sup>2<\/sup><\/li>\n<li>2,2 m x 1,4 m x 1,05 m (L\u00e4nge x Breite x H\u00f6he)<\/li>\n<\/ul>\n<\/div>\n<h3 id=\"squelch-taas-header-1\" class=\"squelch-taas-toggle-shortcode-header\"><a href=\"#squelch-taas-toggle-shortcode-content-1\">Enthalten<\/a><\/h3><div id=\"squelch-taas-toggle-shortcode-content-1\" class=\"squelch-taas-toggle-shortcode-content squelch-taas-toggle-shortcode-content-1\">\n<h4>Enthalten<\/h4>\n<ul>\n<li>Insektendichtes Innenzelt<\/li>\n<li>Packsack<\/li>\n<\/ul>\n<h4>Nicht enthalten &#8211; notwendig f\u00fcr den Aufbau<\/h4>\n<ul>\n<li>End- Zeltgest\u00e4nge (vorgebogen, 270 cm), 2x <\/li>\n<li>Mittel- Zeltgest\u00e4nge (vorgebogen, 310 cm) 1x<\/li>\n<li>Au\u00dfenzelt (das Innenzelt ist nicht wasserdicht)<\/li>\n<li>Heringe, versch. Sorten, 4x minimum<\/li>\n<\/ul>\n<h4>Nicht enthalten &#8211; anderes Systemzubeh\u00f6r<\/h4>\n<ul>\n<li>Abspannleine (sehr empfohlen), stabilisiert das Zeltgest\u00e4nge bei Wind; 6x minimum<\/li>\n<li>Seitengest\u00e4nge &#8211; erm\u00f6glicht den freien Stand des Mittelzeltes, erh\u00f6hte Windresistenz<\/li>\n<li>Deckengest\u00e4nge &#8211; erh\u00f6ht die Zeltstabilit\u00e4t besonders bei starkem Schneefall<\/li>\n<li>Mezzanine\u2122 &#8211; extra Verstaunetz im Deckenbereich<\/li>\n<\/ul>\n<\/div>\n<h3 id=\"squelch-taas-header-2\" class=\"squelch-taas-toggle-shortcode-header\"><a href=\"#squelch-taas-toggle-shortcode-content-2\">Download<\/a><\/h3><div id=\"squelch-taas-toggle-shortcode-content-2\" class=\"squelch-taas-toggle-shortcode-content squelch-taas-toggle-shortcode-content-2\"><div class='w3eden'>\n    <div class=''>\n\n        \n        <div id=\"content_wpdm_package_1\">\n            <div class='row'><div class='col-lg-4 col-md-6 col-12'><!-- WPDM Link Template: Default Template -->\n\n<div class=\"link-template-default card mb-2\">\n    <div class=\"card-body\">\n        <div class=\"media\">\n            <div class=\"mr-3 img-48\"><img decoding=\"async\" class=\"wpdm_icon\" alt=\"Icon\"   src=\"https:\/\/www.thetheoryworks.com\/wordpress\/wp-content\/plugins\/download-manager\/assets\/file-type-icons\/file_extension_pdf.png\" \/><\/div>\n            <div class=\"media-body\">\n                <h3 class=\"package-title\"><a href='https:\/\/www.thetheoryworks.com\/de\/download\/specification-quadratic-summer-inner-en\/'>Specification: Quadratic Summer Inner (EN)<\/a><\/h3>\n                <div class=\"text-muted text-small\"><i class=\"fas fa-copy\"><\/i> 1 Datei(en) <i class=\"fas fa-hdd ml-3\"><\/i> 370.87 KB<\/div>\n            <\/div>\n            <div class=\"ml-3\">\n                <a class='wpdm-download-link download-on-click btn btn-primary btn-xs' rel='nofollow' href='#' data-downloadurl=\"https:\/\/www.thetheoryworks.com\/de\/download\/specification-quadratic-summer-inner-en\/?wpdmdl=4665&refresh=69ea5e81a77d81776967297\">Download<\/a>\n            <\/div>\n        <\/div>\n    <\/div>\n<\/div>\n\n<\/div><\/div>            <div style='clear:both'><\/div><div class='text-center'><ul class='pagination wpdm-pagination pagination-centered text-center'><\/ul><\/div><div style='clear:both'><\/div>        <\/div>\n\n        <div style='clear:both'><\/div>\n    <\/div>\n<\/div>\n<\/div><\/div>\n\n","protected":false},"excerpt":{"rendered":"<p>An warmen, insektenreichen Tagen sch\u00fctzt ein Netzinnenzelt vor Plagegeistern und erm\u00f6glicht gute Ventilation. Ohne ein Au\u00dfenzelt kann man die Landschaft genie\u00dfen. An nassen Tagen kann das Au\u00dfenzelt zuerst errichtet werden, oder zeitgleich mit dem Innenzelt.<\/p>\n","protected":false},"featured_media":4714,"comment_status":"closed","ping_status":"closed","template":"","meta":[],"product_brand":[],"product_cat":[252],"product_tag":[295],"class_list":{"0":"post-4403","1":"product","2":"type-product","3":"status-publish","4":"has-post-thumbnail","6":"product_cat-quad-erweitere-dein-system","7":"product_tag-quadratic-summer-inner-de","9":"first","10":"instock","11":"taxable","12":"shipping-taxable","13":"purchasable","14":"product-type-simple"},"composite_virtual":false,"composite_layout":"","composite_add_to_cart_form_location":"","composite_editable_in_cart":false,"composite_sold_individually_context":"","composite_shop_price_calc":"","composite_components":[],"composite_scenarios":[],"yoast_head":"<!-- This site is optimized with the Yoast SEO plugin v26.9 - https:\/\/yoast.com\/product\/yoast-seo-wordpress\/ -->\n<title>Quadratic\u2122 Summer Inner<\/title>\n<meta name=\"description\" content=\"Das Quadratic\u2122 Summer Inner besitzt hervorragende Ventilationseigenschaften und daher die perfekte Wahl f\u00fcr die Sommer oder bei Reisen in warmen L\u00e4ndern.\" \/>\n<meta name=\"robots\" content=\"index, follow, max-snippet:-1, max-image-preview:large, max-video-preview:-1\" \/>\n<link rel=\"canonical\" href=\"https:\/\/www.thetheoryworks.com\/de\/produkt\/quadratic-summer-inner\/\" \/>\n<meta property=\"og:locale\" content=\"de_DE\" \/>\n<meta property=\"og:type\" content=\"article\" \/>\n<meta property=\"og:title\" content=\"Quadratic\u2122 Summer Inner\" \/>\n<meta property=\"og:description\" content=\"Das Quadratic\u2122 Summer Inner besitzt hervorragende Ventilationseigenschaften und daher die perfekte Wahl f\u00fcr die Sommer oder bei Reisen in warmen L\u00e4ndern.\" \/>\n<meta property=\"og:url\" content=\"https:\/\/www.thetheoryworks.com\/de\/produkt\/quadratic-summer-inner\/\" \/>\n<meta property=\"og:site_name\" content=\"The Theory Works\u00ae\" \/>\n<meta property=\"article:modified_time\" content=\"2024-07-11T07:09:09+00:00\" \/>\n<meta property=\"og:image\" content=\"https:\/\/www.thetheoryworks.com\/wordpress\/wp-content\/uploads\/SUP-Quad-SummInner-18-05_059.jpg\" \/>\n\t<meta property=\"og:image:width\" content=\"600\" \/>\n\t<meta property=\"og:image:height\" content=\"600\" \/>\n\t<meta property=\"og:image:type\" content=\"image\/jpeg\" \/>\n<meta name=\"twitter:label1\" content=\"Gesch\u00e4tzte Lesezeit\" \/>\n\t<meta name=\"twitter:data1\" content=\"3\u00a0Minuten\" \/>\n<script type=\"application\/ld+json\" class=\"yoast-schema-graph\">{\"@context\":\"https:\/\/schema.org\",\"@graph\":[{\"@type\":\"WebPage\",\"@id\":\"https:\/\/www.thetheoryworks.com\/de\/produkt\/quadratic-summer-inner\/\",\"url\":\"https:\/\/www.thetheoryworks.com\/de\/produkt\/quadratic-summer-inner\/\",\"name\":\"Quadratic\u2122 Summer Inner\",\"isPartOf\":{\"@id\":\"https:\/\/www.thetheoryworks.com\/de\/#website\"},\"primaryImageOfPage\":{\"@id\":\"https:\/\/www.thetheoryworks.com\/de\/produkt\/quadratic-summer-inner\/#primaryimage\"},\"image\":{\"@id\":\"https:\/\/www.thetheoryworks.com\/de\/produkt\/quadratic-summer-inner\/#primaryimage\"},\"thumbnailUrl\":\"https:\/\/www.thetheoryworks.com\/wordpress\/wp-content\/uploads\/SUP-Quad-SummInner-18-05_059.jpg\",\"datePublished\":\"2018-03-31T08:50:17+00:00\",\"dateModified\":\"2024-07-11T07:09:09+00:00\",\"description\":\"Das Quadratic\u2122 Summer Inner besitzt hervorragende Ventilationseigenschaften und daher die perfekte Wahl f\u00fcr die Sommer oder bei Reisen in warmen L\u00e4ndern.\",\"breadcrumb\":{\"@id\":\"https:\/\/www.thetheoryworks.com\/de\/produkt\/quadratic-summer-inner\/#breadcrumb\"},\"inLanguage\":\"de\",\"potentialAction\":[{\"@type\":\"ReadAction\",\"target\":[\"https:\/\/www.thetheoryworks.com\/de\/produkt\/quadratic-summer-inner\/\"]}]},{\"@type\":\"ImageObject\",\"inLanguage\":\"de\",\"@id\":\"https:\/\/www.thetheoryworks.com\/de\/produkt\/quadratic-summer-inner\/#primaryimage\",\"url\":\"https:\/\/www.thetheoryworks.com\/wordpress\/wp-content\/uploads\/SUP-Quad-SummInner-18-05_059.jpg\",\"contentUrl\":\"https:\/\/www.thetheoryworks.com\/wordpress\/wp-content\/uploads\/SUP-Quad-SummInner-18-05_059.jpg\",\"width\":600,\"height\":600},{\"@type\":\"BreadcrumbList\",\"@id\":\"https:\/\/www.thetheoryworks.com\/de\/produkt\/quadratic-summer-inner\/#breadcrumb\",\"itemListElement\":[{\"@type\":\"ListItem\",\"position\":1,\"name\":\"Home\",\"item\":\"https:\/\/www.thetheoryworks.com\/de\/\"},{\"@type\":\"ListItem\",\"position\":2,\"name\":\"Shop\",\"item\":\"https:\/\/www.thetheoryworks.com\/de\/shop\/\"},{\"@type\":\"ListItem\",\"position\":3,\"name\":\"Quadratic\u2122 Summer Inner\"}]},{\"@type\":\"WebSite\",\"@id\":\"https:\/\/www.thetheoryworks.com\/de\/#website\",\"url\":\"https:\/\/www.thetheoryworks.com\/de\/\",\"name\":\"The Theory Works\u00ae\",\"description\":\"\",\"potentialAction\":[{\"@type\":\"SearchAction\",\"target\":{\"@type\":\"EntryPoint\",\"urlTemplate\":\"https:\/\/www.thetheoryworks.com\/de\/?s={search_term_string}\"},\"query-input\":{\"@type\":\"PropertyValueSpecification\",\"valueRequired\":true,\"valueName\":\"search_term_string\"}}],\"inLanguage\":\"de\"}]}<\/script>\n<!-- \/ Yoast SEO plugin. -->","yoast_head_json":{"title":"Quadratic\u2122 Summer Inner","description":"Das Quadratic\u2122 Summer Inner besitzt hervorragende Ventilationseigenschaften und daher die perfekte Wahl f\u00fcr die Sommer oder bei Reisen in warmen L\u00e4ndern.","robots":{"index":"index","follow":"follow","max-snippet":"max-snippet:-1","max-image-preview":"max-image-preview:large","max-video-preview":"max-video-preview:-1"},"canonical":"https:\/\/www.thetheoryworks.com\/de\/produkt\/quadratic-summer-inner\/","og_locale":"de_DE","og_type":"article","og_title":"Quadratic\u2122 Summer Inner","og_description":"Das Quadratic\u2122 Summer Inner besitzt hervorragende Ventilationseigenschaften und daher die perfekte Wahl f\u00fcr die Sommer oder bei Reisen in warmen L\u00e4ndern.","og_url":"https:\/\/www.thetheoryworks.com\/de\/produkt\/quadratic-summer-inner\/","og_site_name":"The Theory Works\u00ae","article_modified_time":"2024-07-11T07:09:09+00:00","og_image":[{"width":600,"height":600,"url":"https:\/\/www.thetheoryworks.com\/wordpress\/wp-content\/uploads\/SUP-Quad-SummInner-18-05_059.jpg","type":"image\/jpeg"}],"twitter_misc":{"Gesch\u00e4tzte Lesezeit":"3\u00a0Minuten"},"schema":{"@context":"https:\/\/schema.org","@graph":[{"@type":"WebPage","@id":"https:\/\/www.thetheoryworks.com\/de\/produkt\/quadratic-summer-inner\/","url":"https:\/\/www.thetheoryworks.com\/de\/produkt\/quadratic-summer-inner\/","name":"Quadratic\u2122 Summer Inner","isPartOf":{"@id":"https:\/\/www.thetheoryworks.com\/de\/#website"},"primaryImageOfPage":{"@id":"https:\/\/www.thetheoryworks.com\/de\/produkt\/quadratic-summer-inner\/#primaryimage"},"image":{"@id":"https:\/\/www.thetheoryworks.com\/de\/produkt\/quadratic-summer-inner\/#primaryimage"},"thumbnailUrl":"https:\/\/www.thetheoryworks.com\/wordpress\/wp-content\/uploads\/SUP-Quad-SummInner-18-05_059.jpg","datePublished":"2018-03-31T08:50:17+00:00","dateModified":"2024-07-11T07:09:09+00:00","description":"Das Quadratic\u2122 Summer Inner besitzt hervorragende Ventilationseigenschaften und daher die perfekte Wahl f\u00fcr die Sommer oder bei Reisen in warmen L\u00e4ndern.","breadcrumb":{"@id":"https:\/\/www.thetheoryworks.com\/de\/produkt\/quadratic-summer-inner\/#breadcrumb"},"inLanguage":"de","potentialAction":[{"@type":"ReadAction","target":["https:\/\/www.thetheoryworks.com\/de\/produkt\/quadratic-summer-inner\/"]}]},{"@type":"ImageObject","inLanguage":"de","@id":"https:\/\/www.thetheoryworks.com\/de\/produkt\/quadratic-summer-inner\/#primaryimage","url":"https:\/\/www.thetheoryworks.com\/wordpress\/wp-content\/uploads\/SUP-Quad-SummInner-18-05_059.jpg","contentUrl":"https:\/\/www.thetheoryworks.com\/wordpress\/wp-content\/uploads\/SUP-Quad-SummInner-18-05_059.jpg","width":600,"height":600},{"@type":"BreadcrumbList","@id":"https:\/\/www.thetheoryworks.com\/de\/produkt\/quadratic-summer-inner\/#breadcrumb","itemListElement":[{"@type":"ListItem","position":1,"name":"Home","item":"https:\/\/www.thetheoryworks.com\/de\/"},{"@type":"ListItem","position":2,"name":"Shop","item":"https:\/\/www.thetheoryworks.com\/de\/shop\/"},{"@type":"ListItem","position":3,"name":"Quadratic\u2122 Summer Inner"}]},{"@type":"WebSite","@id":"https:\/\/www.thetheoryworks.com\/de\/#website","url":"https:\/\/www.thetheoryworks.com\/de\/","name":"The Theory Works\u00ae","description":"","potentialAction":[{"@type":"SearchAction","target":{"@type":"EntryPoint","urlTemplate":"https:\/\/www.thetheoryworks.com\/de\/?s={search_term_string}"},"query-input":{"@type":"PropertyValueSpecification","valueRequired":true,"valueName":"search_term_string"}}],"inLanguage":"de"}]}},"_links":{"self":[{"href":"https:\/\/www.thetheoryworks.com\/de\/wp-json\/wp\/v2\/product\/4403","targetHints":{"allow":["GET"]}}],"collection":[{"href":"https:\/\/www.thetheoryworks.com\/de\/wp-json\/wp\/v2\/product"}],"about":[{"href":"https:\/\/www.thetheoryworks.com\/de\/wp-json\/wp\/v2\/types\/product"}],"replies":[{"embeddable":true,"href":"https:\/\/www.thetheoryworks.com\/de\/wp-json\/wp\/v2\/comments?post=4403"}],"wp:featuredmedia":[{"embeddable":true,"href":"https:\/\/www.thetheoryworks.com\/de\/wp-json\/wp\/v2\/media\/4714"}],"wp:attachment":[{"href":"https:\/\/www.thetheoryworks.com\/de\/wp-json\/wp\/v2\/media?parent=4403"}],"wp:term":[{"taxonomy":"product_brand","embeddable":true,"href":"https:\/\/www.thetheoryworks.com\/de\/wp-json\/wp\/v2\/product_brand?post=4403"},{"taxonomy":"product_cat","embeddable":true,"href":"https:\/\/www.thetheoryworks.com\/de\/wp-json\/wp\/v2\/product_cat?post=4403"},{"taxonomy":"product_tag","embeddable":true,"href":"https:\/\/www.thetheoryworks.com\/de\/wp-json\/wp\/v2\/product_tag?post=4403"}],"curies":[{"name":"wp","href":"https:\/\/api.w.org\/{rel}","templated":true}]}}