{"id":4407,"date":"2018-03-31T10:10:59","date_gmt":"2018-03-31T09:10:59","guid":{"rendered":"http:\/\/www.thetheoryworks.com\/?post_type=product&#038;p=4407"},"modified":"2020-09-01T00:06:15","modified_gmt":"2020-08-31T23:06:15","slug":"quadratic-groundfloor","status":"publish","type":"product","link":"https:\/\/www.thetheoryworks.com\/de\/produkt\/quadratic-groundfloor\/","title":{"rendered":"Quadratic\u2122 Groundfloor\u2122"},"content":{"rendered":"<p>Der Quadratic\u2122 Groundfloor\u2122 ist eine &#8222;Wannen&#8220;- Zeltplane, die zusammen mit dem Quadratic\u2122 Au\u00dfenzelt benutzt werden kann. Die Zeltplane garantiert nicht nur einen wasserdichten Boden, sondern erlaubt ebenso die Nutzung von Seitenstangen zur weiteren Stabilisierung des Zeltes.<\/p>\n<p>Der Quadratic\u2122 Groundfloor\u2122 wird mit dem Quadratic\u2122 Au\u00dfenzelt verbunden. Dadurch wird die wasserdichte Bodenfl\u00e4che vergr\u00f6\u00dfert und funktioniert wie der Boden eines Innenzeltes. Die Seiten des Groundfloor\u2122 werden mit dem Au\u00dfenzelt an den Zeltstangen verbunden. Dieser \u00dcberstand verhindert Regenspritzer auf den Zeltboden. Die Endschlaufen straffen die Zeltplane l\u00e4ngs und besitzen \u00d6sen f\u00fcr die optionalen Seitenstangen, die extra Windstabilit\u00e4t schaffen.  <\/p>\n<p>Die robuste &#8222;Wannen&#8220;- Zeltunterlage hat eine sehr hohe Wassers\u00e4ule f\u00fcr langanhaltende Wasserdichte. Die N\u00e4hte sind verschwei\u00dft, um Bodenn\u00e4sse abzuweisen. <\/p>\n<div id=\"squelch-taas-toggle-0\" class=\"squelch-taas-toggle squelch-taas-override\" data-speed=\"800\" data-active=\"\" data-theme=\"ttw\" ><h3 id=\"squelch-taas-header-0\" class=\"squelch-taas-toggle-shortcode-header\"><a href=\"#squelch-taas-toggle-shortcode-content-0\">Spezifikationen<\/a><\/h3><div id=\"squelch-taas-toggle-shortcode-content-0\" class=\"squelch-taas-toggle-shortcode-content squelch-taas-toggle-shortcode-content-0\">\n<h4>Beschreibung<\/h4>\n<ul>\n<li>Wasserdichter Zeltboden f\u00fcr das Quadratic\u2122 Zeltsystem<\/li>\n<li>Klippverschlu\u00df mit dem Quadratic\u2122 Au\u00dfenzelt<\/li>\n<\/ul>\n<h4>Eigenschaften<\/h4>\n<ul>\n<li>Teil des Quadratic\u2122 Zeltsystems; kombiniere verschiedene Komponenten f\u00fcr unterschiedliche Anforderungen<\/li>\n<li>Das &#8222;Wannen&#8220;- Design und die Versiegelung an den N\u00e4hten verhindern das Eindringen von Bodenwasser<\/li>\n<li>Die Endschlaufen straffen den  Groundfloor\u2122 und bieten Vorrichtungen f\u00fcr die optionalen Seitenstangen<\/li>\n<\/ul>\n<h4>Materialien<\/h4>\n<ul>\n<li>40D Nylon, polyurathanbeschichtet, min. 10.000 mm Wassers\u00e4ule<\/li>\n<\/ul>\n<h4>Ma\u00dfe<\/h4>\n<ul>\n<li>Zeltboden 610 g<\/li>\n<li>Packsack 19 g<\/li>\n<li>Bodengr\u00f6\u00dfe 2,8 m<\/li>\n<li>2,2 m x 1,4 m (L\u00e4nge x Breite)<\/li>\n<\/ul>\n<\/div>\n<h3 id=\"squelch-taas-header-1\" class=\"squelch-taas-toggle-shortcode-header\"><a href=\"#squelch-taas-toggle-shortcode-content-1\">Enthalten<\/a><\/h3><div id=\"squelch-taas-toggle-shortcode-content-1\" class=\"squelch-taas-toggle-shortcode-content squelch-taas-toggle-shortcode-content-1\">\n<h4>Enthalten<\/h4>\n<ul>\n<li>Wasserdichter Zeltboden f\u00fcr das Quadratic\u2122 Zeltsystem<\/li>\n<li>Packsack<\/li>\n<\/ul>\n<h4>Nicht enthalten &#8211; notwendig f\u00fcr den Aufbau<\/h4>\n<ul>\n<li>Au\u00dfenzelt <\/li>\n<li>End- Zeltgest\u00e4nge (vorgebogen, 270 cm), 2x <\/li>\n<li>Mittel- Zeltgest\u00e4nge (vorgebogen, 310 cm) 1x<\/li>\n<li>Heringe, versch. Sorten, 4x minimum<\/li>\n<\/ul>\n<h4>Nicht enthalten &#8211; anderes Systemzubeh\u00f6r<\/h4>\n<ul>\n<li>Abspannleine (sehr empfohlen), stabilisiert das Zeltgest\u00e4nge bei Wind; 6x minimum<\/li>\n<li>Seitengest\u00e4nge &#8211; erm\u00f6glicht den freien Stand des Mittelzeltes, erh\u00f6hte Windresistenz<\/li>\n<li>Deckengest\u00e4nge &#8211; erh\u00f6ht die Zeltstabilit\u00e4t besonders bei Schneefall<\/li>\n<li>Mezzanine\u2122 &#8211; extra Verstaunetz im Deckenbereich<\/li>\n<\/ul>\n<\/div>\n<h3 id=\"squelch-taas-header-2\" class=\"squelch-taas-toggle-shortcode-header\"><a href=\"#squelch-taas-toggle-shortcode-content-2\">Download<\/a><\/h3><div id=\"squelch-taas-toggle-shortcode-content-2\" class=\"squelch-taas-toggle-shortcode-content squelch-taas-toggle-shortcode-content-2\"><div class='w3eden'>\n    <div class=''>\n\n        \n        <div id=\"content_wpdm_package_1\">\n            <div class='row'><div class='col-lg-4 col-md-6 col-12'><!-- WPDM Link Template: Default Template -->\n\n<div class=\"link-template-default card mb-2\">\n    <div class=\"card-body\">\n        <div class=\"media\">\n            <div class=\"mr-3 img-48\"><img decoding=\"async\" class=\"wpdm_icon\" alt=\"Icon\"   src=\"https:\/\/www.thetheoryworks.com\/wordpress\/wp-content\/plugins\/download-manager\/assets\/file-type-icons\/file_extension_pdf.png\" \/><\/div>\n            <div class=\"media-body\">\n                <h3 class=\"package-title\"><a href='https:\/\/www.thetheoryworks.com\/de\/download\/specification-quadratic-groundfloor-en\/'>Specification: Quadratic Groundfloor (EN)<\/a><\/h3>\n                <div class=\"text-muted text-small\"><i class=\"fas fa-copy\"><\/i> 1 Datei(en) <i class=\"fas fa-hdd ml-3\"><\/i> 205.17 KB<\/div>\n            <\/div>\n            <div class=\"ml-3\">\n                <a class='wpdm-download-link download-on-click btn btn-primary btn-xs' rel='nofollow' href='#' data-downloadurl=\"https:\/\/www.thetheoryworks.com\/de\/download\/specification-quadratic-groundfloor-en\/?wpdmdl=4669&refresh=69ea49c81c0701776961992\">Download<\/a>\n            <\/div>\n        <\/div>\n    <\/div>\n<\/div>\n\n<\/div><\/div>            <div style='clear:both'><\/div><div class='text-center'><ul class='pagination wpdm-pagination pagination-centered text-center'><\/ul><\/div><div style='clear:both'><\/div>        <\/div>\n\n        <div style='clear:both'><\/div>\n    <\/div>\n<\/div>\n<\/div><\/div>\n\n","protected":false},"excerpt":{"rendered":"<p>Ein winddichter Leichtgewichtshelter bei Regen? Der Quadratic\u2122 Groundfloor\u2122 besteht nur aus einer &#8222;Wannen&#8220;- Zeltplane und spart dadurch das Gewicht eines Innenzelts. Die ideale Leichtgewichtoption in insektenfreien Fr\u00fchlings- und Herbstmonaten.<\/p>\n","protected":false},"featured_media":4716,"comment_status":"closed","ping_status":"closed","template":"","meta":[],"product_brand":[],"product_cat":[252],"product_tag":[],"class_list":{"0":"post-4407","1":"product","2":"type-product","3":"status-publish","4":"has-post-thumbnail","6":"product_cat-quad-erweitere-dein-system","8":"first","9":"instock","10":"taxable","11":"shipping-taxable","12":"purchasable","13":"product-type-simple"},"composite_virtual":false,"composite_layout":"","composite_add_to_cart_form_location":"","composite_editable_in_cart":false,"composite_sold_individually_context":"","composite_shop_price_calc":"","composite_components":[],"composite_scenarios":[],"yoast_head":"<!-- This site is optimized with the Yoast SEO plugin v26.9 - https:\/\/yoast.com\/product\/yoast-seo-wordpress\/ -->\n<title>Quadratic\u2122 Groundfloor\u2122<\/title>\n<meta name=\"description\" content=\"Der Quadratic\u2122 Groundfloor\u2122 besteht nur aus einer &quot;Wannen&quot;- Zeltplane und spart dadurch das Gewicht einer Innendecke.\" \/>\n<meta name=\"robots\" content=\"index, follow, max-snippet:-1, max-image-preview:large, max-video-preview:-1\" \/>\n<link rel=\"canonical\" href=\"https:\/\/www.thetheoryworks.com\/de\/produkt\/quadratic-groundfloor\/\" \/>\n<meta property=\"og:locale\" content=\"de_DE\" \/>\n<meta property=\"og:type\" content=\"article\" \/>\n<meta property=\"og:title\" content=\"Quadratic\u2122 Groundfloor\u2122\" \/>\n<meta property=\"og:description\" content=\"Der Quadratic\u2122 Groundfloor\u2122 besteht nur aus einer &quot;Wannen&quot;- Zeltplane und spart dadurch das Gewicht einer Innendecke.\" \/>\n<meta property=\"og:url\" content=\"https:\/\/www.thetheoryworks.com\/de\/produkt\/quadratic-groundfloor\/\" \/>\n<meta property=\"og:site_name\" content=\"The Theory Works\u00ae\" \/>\n<meta property=\"article:modified_time\" content=\"2020-08-31T23:06:15+00:00\" \/>\n<meta property=\"og:image\" content=\"https:\/\/www.thetheoryworks.com\/wordpress\/wp-content\/uploads\/SUP-Quad-Groundfloor-18-05_011.jpg\" \/>\n\t<meta property=\"og:image:width\" content=\"600\" \/>\n\t<meta property=\"og:image:height\" content=\"600\" \/>\n\t<meta property=\"og:image:type\" content=\"image\/jpeg\" \/>\n<meta name=\"twitter:label1\" content=\"Gesch\u00e4tzte Lesezeit\" \/>\n\t<meta name=\"twitter:data1\" content=\"2\u00a0Minuten\" \/>\n<script type=\"application\/ld+json\" class=\"yoast-schema-graph\">{\"@context\":\"https:\/\/schema.org\",\"@graph\":[{\"@type\":\"WebPage\",\"@id\":\"https:\/\/www.thetheoryworks.com\/de\/produkt\/quadratic-groundfloor\/\",\"url\":\"https:\/\/www.thetheoryworks.com\/de\/produkt\/quadratic-groundfloor\/\",\"name\":\"Quadratic\u2122 Groundfloor\u2122\",\"isPartOf\":{\"@id\":\"https:\/\/www.thetheoryworks.com\/de\/#website\"},\"primaryImageOfPage\":{\"@id\":\"https:\/\/www.thetheoryworks.com\/de\/produkt\/quadratic-groundfloor\/#primaryimage\"},\"image\":{\"@id\":\"https:\/\/www.thetheoryworks.com\/de\/produkt\/quadratic-groundfloor\/#primaryimage\"},\"thumbnailUrl\":\"https:\/\/www.thetheoryworks.com\/wordpress\/wp-content\/uploads\/SUP-Quad-Groundfloor-18-05_011.jpg\",\"datePublished\":\"2018-03-31T09:10:59+00:00\",\"dateModified\":\"2020-08-31T23:06:15+00:00\",\"description\":\"Der Quadratic\u2122 Groundfloor\u2122 besteht nur aus einer \\\"Wannen\\\"- Zeltplane und spart dadurch das Gewicht einer Innendecke.\",\"breadcrumb\":{\"@id\":\"https:\/\/www.thetheoryworks.com\/de\/produkt\/quadratic-groundfloor\/#breadcrumb\"},\"inLanguage\":\"de\",\"potentialAction\":[{\"@type\":\"ReadAction\",\"target\":[\"https:\/\/www.thetheoryworks.com\/de\/produkt\/quadratic-groundfloor\/\"]}]},{\"@type\":\"ImageObject\",\"inLanguage\":\"de\",\"@id\":\"https:\/\/www.thetheoryworks.com\/de\/produkt\/quadratic-groundfloor\/#primaryimage\",\"url\":\"https:\/\/www.thetheoryworks.com\/wordpress\/wp-content\/uploads\/SUP-Quad-Groundfloor-18-05_011.jpg\",\"contentUrl\":\"https:\/\/www.thetheoryworks.com\/wordpress\/wp-content\/uploads\/SUP-Quad-Groundfloor-18-05_011.jpg\",\"width\":600,\"height\":600},{\"@type\":\"BreadcrumbList\",\"@id\":\"https:\/\/www.thetheoryworks.com\/de\/produkt\/quadratic-groundfloor\/#breadcrumb\",\"itemListElement\":[{\"@type\":\"ListItem\",\"position\":1,\"name\":\"Home\",\"item\":\"https:\/\/www.thetheoryworks.com\/de\/\"},{\"@type\":\"ListItem\",\"position\":2,\"name\":\"Shop\",\"item\":\"https:\/\/www.thetheoryworks.com\/de\/shop\/\"},{\"@type\":\"ListItem\",\"position\":3,\"name\":\"Quadratic\u2122 Groundfloor\u2122\"}]},{\"@type\":\"WebSite\",\"@id\":\"https:\/\/www.thetheoryworks.com\/de\/#website\",\"url\":\"https:\/\/www.thetheoryworks.com\/de\/\",\"name\":\"The Theory Works\u00ae\",\"description\":\"\",\"potentialAction\":[{\"@type\":\"SearchAction\",\"target\":{\"@type\":\"EntryPoint\",\"urlTemplate\":\"https:\/\/www.thetheoryworks.com\/de\/?s={search_term_string}\"},\"query-input\":{\"@type\":\"PropertyValueSpecification\",\"valueRequired\":true,\"valueName\":\"search_term_string\"}}],\"inLanguage\":\"de\"}]}<\/script>\n<!-- \/ Yoast SEO plugin. -->","yoast_head_json":{"title":"Quadratic\u2122 Groundfloor\u2122","description":"Der Quadratic\u2122 Groundfloor\u2122 besteht nur aus einer \"Wannen\"- Zeltplane und spart dadurch das Gewicht einer Innendecke.","robots":{"index":"index","follow":"follow","max-snippet":"max-snippet:-1","max-image-preview":"max-image-preview:large","max-video-preview":"max-video-preview:-1"},"canonical":"https:\/\/www.thetheoryworks.com\/de\/produkt\/quadratic-groundfloor\/","og_locale":"de_DE","og_type":"article","og_title":"Quadratic\u2122 Groundfloor\u2122","og_description":"Der Quadratic\u2122 Groundfloor\u2122 besteht nur aus einer \"Wannen\"- Zeltplane und spart dadurch das Gewicht einer Innendecke.","og_url":"https:\/\/www.thetheoryworks.com\/de\/produkt\/quadratic-groundfloor\/","og_site_name":"The Theory Works\u00ae","article_modified_time":"2020-08-31T23:06:15+00:00","og_image":[{"width":600,"height":600,"url":"https:\/\/www.thetheoryworks.com\/wordpress\/wp-content\/uploads\/SUP-Quad-Groundfloor-18-05_011.jpg","type":"image\/jpeg"}],"twitter_misc":{"Gesch\u00e4tzte Lesezeit":"2\u00a0Minuten"},"schema":{"@context":"https:\/\/schema.org","@graph":[{"@type":"WebPage","@id":"https:\/\/www.thetheoryworks.com\/de\/produkt\/quadratic-groundfloor\/","url":"https:\/\/www.thetheoryworks.com\/de\/produkt\/quadratic-groundfloor\/","name":"Quadratic\u2122 Groundfloor\u2122","isPartOf":{"@id":"https:\/\/www.thetheoryworks.com\/de\/#website"},"primaryImageOfPage":{"@id":"https:\/\/www.thetheoryworks.com\/de\/produkt\/quadratic-groundfloor\/#primaryimage"},"image":{"@id":"https:\/\/www.thetheoryworks.com\/de\/produkt\/quadratic-groundfloor\/#primaryimage"},"thumbnailUrl":"https:\/\/www.thetheoryworks.com\/wordpress\/wp-content\/uploads\/SUP-Quad-Groundfloor-18-05_011.jpg","datePublished":"2018-03-31T09:10:59+00:00","dateModified":"2020-08-31T23:06:15+00:00","description":"Der Quadratic\u2122 Groundfloor\u2122 besteht nur aus einer \"Wannen\"- Zeltplane und spart dadurch das Gewicht einer Innendecke.","breadcrumb":{"@id":"https:\/\/www.thetheoryworks.com\/de\/produkt\/quadratic-groundfloor\/#breadcrumb"},"inLanguage":"de","potentialAction":[{"@type":"ReadAction","target":["https:\/\/www.thetheoryworks.com\/de\/produkt\/quadratic-groundfloor\/"]}]},{"@type":"ImageObject","inLanguage":"de","@id":"https:\/\/www.thetheoryworks.com\/de\/produkt\/quadratic-groundfloor\/#primaryimage","url":"https:\/\/www.thetheoryworks.com\/wordpress\/wp-content\/uploads\/SUP-Quad-Groundfloor-18-05_011.jpg","contentUrl":"https:\/\/www.thetheoryworks.com\/wordpress\/wp-content\/uploads\/SUP-Quad-Groundfloor-18-05_011.jpg","width":600,"height":600},{"@type":"BreadcrumbList","@id":"https:\/\/www.thetheoryworks.com\/de\/produkt\/quadratic-groundfloor\/#breadcrumb","itemListElement":[{"@type":"ListItem","position":1,"name":"Home","item":"https:\/\/www.thetheoryworks.com\/de\/"},{"@type":"ListItem","position":2,"name":"Shop","item":"https:\/\/www.thetheoryworks.com\/de\/shop\/"},{"@type":"ListItem","position":3,"name":"Quadratic\u2122 Groundfloor\u2122"}]},{"@type":"WebSite","@id":"https:\/\/www.thetheoryworks.com\/de\/#website","url":"https:\/\/www.thetheoryworks.com\/de\/","name":"The Theory Works\u00ae","description":"","potentialAction":[{"@type":"SearchAction","target":{"@type":"EntryPoint","urlTemplate":"https:\/\/www.thetheoryworks.com\/de\/?s={search_term_string}"},"query-input":{"@type":"PropertyValueSpecification","valueRequired":true,"valueName":"search_term_string"}}],"inLanguage":"de"}]}},"_links":{"self":[{"href":"https:\/\/www.thetheoryworks.com\/de\/wp-json\/wp\/v2\/product\/4407","targetHints":{"allow":["GET"]}}],"collection":[{"href":"https:\/\/www.thetheoryworks.com\/de\/wp-json\/wp\/v2\/product"}],"about":[{"href":"https:\/\/www.thetheoryworks.com\/de\/wp-json\/wp\/v2\/types\/product"}],"replies":[{"embeddable":true,"href":"https:\/\/www.thetheoryworks.com\/de\/wp-json\/wp\/v2\/comments?post=4407"}],"wp:featuredmedia":[{"embeddable":true,"href":"https:\/\/www.thetheoryworks.com\/de\/wp-json\/wp\/v2\/media\/4716"}],"wp:attachment":[{"href":"https:\/\/www.thetheoryworks.com\/de\/wp-json\/wp\/v2\/media?parent=4407"}],"wp:term":[{"taxonomy":"product_brand","embeddable":true,"href":"https:\/\/www.thetheoryworks.com\/de\/wp-json\/wp\/v2\/product_brand?post=4407"},{"taxonomy":"product_cat","embeddable":true,"href":"https:\/\/www.thetheoryworks.com\/de\/wp-json\/wp\/v2\/product_cat?post=4407"},{"taxonomy":"product_tag","embeddable":true,"href":"https:\/\/www.thetheoryworks.com\/de\/wp-json\/wp\/v2\/product_tag?post=4407"}],"curies":[{"name":"wp","href":"https:\/\/api.w.org\/{rel}","templated":true}]}}