{"id":4419,"date":"2018-04-01T16:12:41","date_gmt":"2018-04-01T15:12:41","guid":{"rendered":"http:\/\/www.thetheoryworks.com\/?post_type=product&#038;p=4419"},"modified":"2023-07-04T23:07:19","modified_gmt":"2023-07-04T22:07:19","slug":"quadratic-nanolite-pole-set","status":"publish","type":"product","link":"https:\/\/www.thetheoryworks.com\/de\/produkt\/quadratic-nanolite-pole-set\/","title":{"rendered":"Quadratic\u2122 Nanolite Pole Set"},"content":{"rendered":"<p>Das Set besteht aus drei Hauptstangen f\u00fcr das Quadratic\u2122 Zelt: einer Mittelstange (310 cm) und zwei Endstangen (270 cm). Diese drei Stangen werden f\u00fcr den Aufbau des Quadratic\u2122 Zeltes ben\u00f6tigt.<\/p>\n<p>Diese Easton<sup3>\u00ae<\/sup3>  Nanolight Stangen wurden f\u00fcr Situationen entwickelt, in denen Leichtgewicht entscheidend ist, da die St\u00e4rke der Gest\u00e4nge reduziert wurde.  Die Stangen bestehen aus 7075 Aluminium und erreichen durch eine Hitzebehandlung die extreme T9 H\u00e4rtestufe und sind zudem harteloxiert. Die Zeltstangenabschnitte sind vorgebogen um die St\u00e4rke und Lebensdauer zu maximieren. <\/p>\n<p>Das Set wird mit einer robusten, verst\u00e4rkten Zeltstangentasche geliefert. Ebenfalls besteht das Set aus einem Reparaturrohr, mit dem man eine gebrochene Zeltstange unterwegs flicken kann. <\/p>\n<div id=\"squelch-taas-toggle-0\" class=\"squelch-taas-toggle squelch-taas-override\" data-speed=\"800\" data-active=\"\" data-theme=\"ttw\" ><h3 id=\"squelch-taas-header-0\" class=\"squelch-taas-toggle-shortcode-header\"><a href=\"#squelch-taas-toggle-shortcode-content-0\">Spezifikationen<\/a><\/h3><div id=\"squelch-taas-toggle-shortcode-content-0\" class=\"squelch-taas-toggle-shortcode-content squelch-taas-toggle-shortcode-content-0\">\n<h4>Beschreibung<\/h4>\n<ul>\n<li>Ein Set bestehend aus drei Hauptstangen f\u00fcr das Quadratic\u2122 Zelt<\/li>\n<li>Sehr leichtes Gewicht f\u00fcr gem\u00e4\u00dfigte Wetterbedingungen<\/li>\n<\/ul>\n<h4>Eigenschaften<\/h4>\n<ul>\n<li>2x 270 cm Endstangen, 1x 310 cm Mittelstange<\/li>\n<li>Leicht lesbare L\u00e4ngenbeschriftungen<\/li>\n<li>Reparaturrohr f\u00fcr unterwegs gebrochene Zeltstangen<\/li>\n<li>Verst\u00e4rkte Zeltstangentasche f\u00fcr extra langanhaltenden Schutz<\/li>\n<\/ul>\n<h4>Materialien<\/h4>\n<ul>\n<li>8,9 mm Durchmesser Zeltstangen mit verd\u00fcnnter Wandst\u00e4rke f\u00fcr Gewichtsreduktion bei gesch\u00fctzteren Trips<\/li>\n<li>Easton<sup3>\u00ae<\/sup3>  Nanolite Zeltstangen. 7075 Aluminium, Hitzebehandlung f\u00fcr extreme T9 H\u00e4rtestufe.<\/li>\n<li>Die ausgesuchten Zeltstangen sind vorgebogen. Daher ist der Zeltaufbau einfacher und die Stangen robuster und langlebiger.<\/li>\n<li>70D Nylon, polyurathanbeschichtet, min. 10.000 mm Wassers\u00e4ule (Zeltstangentasche)<\/li>\n<\/ul>\n<h4>Ma\u00dfe<\/h4>\n<ul>\n<li>2x 270 cm Endstangen, 1x 310 cm Mittelstange, Gesamt: 443 g<\/li>\n<li>Zusammengefaltet ca. 50 cm L\u00e4nge<\/li>\n<li>Zeltstangentasche: 28 g<\/li>\n<li>Reparaturrohr: 11 g<\/li>\n<\/ul>\n<\/div>\n<h3 id=\"squelch-taas-header-1\" class=\"squelch-taas-toggle-shortcode-header\"><a href=\"#squelch-taas-toggle-shortcode-content-1\">Download<\/a><\/h3><div id=\"squelch-taas-toggle-shortcode-content-1\" class=\"squelch-taas-toggle-shortcode-content squelch-taas-toggle-shortcode-content-1\"><div class='w3eden'>\n    <div class=''>\n\n        \n        <div id=\"content_wpdm_package_1\">\n            <div class='row'><div class='col-lg-4 col-md-6 col-12'><!-- WPDM Link Template: Default Template -->\n\n<div class=\"link-template-default card mb-2\">\n    <div class=\"card-body\">\n        <div class=\"media\">\n            <div class=\"mr-3 img-48\"><img decoding=\"async\" class=\"wpdm_icon\" alt=\"Icon\"   src=\"https:\/\/www.thetheoryworks.com\/wordpress\/wp-content\/plugins\/download-manager\/assets\/file-type-icons\/file_extension_pdf.png\" \/><\/div>\n            <div class=\"media-body\">\n                <h3 class=\"package-title\"><a href='https:\/\/www.thetheoryworks.com\/de\/download\/specification-quadratic-poles-en\/'>Specification: Quadratic Poles (EN)<\/a><\/h3>\n                <div class=\"text-muted text-small\"><i class=\"fas fa-copy\"><\/i> 1 Datei(en) <i class=\"fas fa-hdd ml-3\"><\/i> 249.39 KB<\/div>\n            <\/div>\n            <div class=\"ml-3\">\n                <a class='wpdm-download-link download-on-click btn btn-primary btn-xs' rel='nofollow' href='#' data-downloadurl=\"https:\/\/www.thetheoryworks.com\/de\/download\/specification-quadratic-poles-en\/?wpdmdl=4364&refresh=69ea49b361bb51776961971\">Download<\/a>\n            <\/div>\n        <\/div>\n    <\/div>\n<\/div>\n\n<\/div><\/div>            <div style='clear:both'><\/div><div class='text-center'><ul class='pagination wpdm-pagination pagination-centered text-center'><\/ul><\/div><div style='clear:both'><\/div>        <\/div>\n\n        <div style='clear:both'><\/div>\n    <\/div>\n<\/div>\n<\/div><\/div>\n\n<p style=\"font-size: smaller;\">&nbsp;<br \/>Easton\u00ae ist eine Handelsmarke der Easton Technical Products. <\/p>\n","protected":false},"excerpt":{"rendered":"<p>Ein Set bestehend aus drei Hauptstangen f\u00fcr das Quadratic\u2122 Zelt. Diese Leichtgewicht Easton\u00ae Nanolite Zeltstangen sind perfekt f\u00fcr weniger extreme Bedingungen geeignet.<\/p>\n","protected":false},"featured_media":4339,"comment_status":"closed","ping_status":"closed","template":"","meta":[],"product_brand":[],"product_cat":[252],"product_tag":[],"class_list":{"0":"post-4419","1":"product","2":"type-product","3":"status-publish","4":"has-post-thumbnail","6":"product_cat-quad-erweitere-dein-system","8":"first","9":"instock","10":"taxable","11":"shipping-taxable","12":"purchasable","13":"product-type-simple"},"composite_virtual":false,"composite_layout":"","composite_add_to_cart_form_location":"","composite_editable_in_cart":false,"composite_sold_individually_context":"","composite_shop_price_calc":"","composite_components":[],"composite_scenarios":[],"yoast_head":"<!-- This site is optimized with the Yoast SEO plugin v26.9 - https:\/\/yoast.com\/product\/yoast-seo-wordpress\/ -->\n<title>Quadratic\u2122 Nanolite Pole Set<\/title>\n<meta name=\"description\" content=\"Ein Set bestehend aus drei Hauptstangen f\u00fcr das Quadratic\u2122 Zelt. Nanolite Zeltstangen sind perfekt f\u00fcr weniger extreme Bedingungen geeignet.\" \/>\n<meta name=\"robots\" content=\"index, follow, max-snippet:-1, max-image-preview:large, max-video-preview:-1\" \/>\n<link rel=\"canonical\" href=\"https:\/\/www.thetheoryworks.com\/de\/produkt\/quadratic-nanolite-pole-set\/\" \/>\n<meta property=\"og:locale\" content=\"de_DE\" \/>\n<meta property=\"og:type\" content=\"article\" \/>\n<meta property=\"og:title\" content=\"Quadratic\u2122 Nanolite Pole Set\" \/>\n<meta property=\"og:description\" content=\"Ein Set bestehend aus drei Hauptstangen f\u00fcr das Quadratic\u2122 Zelt. Nanolite Zeltstangen sind perfekt f\u00fcr weniger extreme Bedingungen geeignet.\" \/>\n<meta property=\"og:url\" content=\"https:\/\/www.thetheoryworks.com\/de\/produkt\/quadratic-nanolite-pole-set\/\" \/>\n<meta property=\"og:site_name\" content=\"The Theory Works\u00ae\" \/>\n<meta property=\"article:modified_time\" content=\"2023-07-04T22:07:19+00:00\" \/>\n<meta property=\"og:image\" content=\"https:\/\/www.thetheoryworks.com\/wordpress\/wp-content\/uploads\/STP-Quad-Pole_Set_Nanolite-18-06.jpg\" \/>\n\t<meta property=\"og:image:width\" content=\"600\" \/>\n\t<meta property=\"og:image:height\" content=\"600\" \/>\n\t<meta property=\"og:image:type\" content=\"image\/jpeg\" \/>\n<meta name=\"twitter:label1\" content=\"Gesch\u00e4tzte Lesezeit\" \/>\n\t<meta name=\"twitter:data1\" content=\"1\u00a0Minute\" \/>\n<script type=\"application\/ld+json\" class=\"yoast-schema-graph\">{\"@context\":\"https:\/\/schema.org\",\"@graph\":[{\"@type\":\"WebPage\",\"@id\":\"https:\/\/www.thetheoryworks.com\/de\/produkt\/quadratic-nanolite-pole-set\/\",\"url\":\"https:\/\/www.thetheoryworks.com\/de\/produkt\/quadratic-nanolite-pole-set\/\",\"name\":\"Quadratic\u2122 Nanolite Pole Set\",\"isPartOf\":{\"@id\":\"https:\/\/www.thetheoryworks.com\/de\/#website\"},\"primaryImageOfPage\":{\"@id\":\"https:\/\/www.thetheoryworks.com\/de\/produkt\/quadratic-nanolite-pole-set\/#primaryimage\"},\"image\":{\"@id\":\"https:\/\/www.thetheoryworks.com\/de\/produkt\/quadratic-nanolite-pole-set\/#primaryimage\"},\"thumbnailUrl\":\"https:\/\/www.thetheoryworks.com\/wordpress\/wp-content\/uploads\/STP-Quad-Pole_Set_Nanolite-18-06.jpg\",\"datePublished\":\"2018-04-01T15:12:41+00:00\",\"dateModified\":\"2023-07-04T22:07:19+00:00\",\"description\":\"Ein Set bestehend aus drei Hauptstangen f\u00fcr das Quadratic\u2122 Zelt. Nanolite Zeltstangen sind perfekt f\u00fcr weniger extreme Bedingungen geeignet.\",\"breadcrumb\":{\"@id\":\"https:\/\/www.thetheoryworks.com\/de\/produkt\/quadratic-nanolite-pole-set\/#breadcrumb\"},\"inLanguage\":\"de\",\"potentialAction\":[{\"@type\":\"ReadAction\",\"target\":[\"https:\/\/www.thetheoryworks.com\/de\/produkt\/quadratic-nanolite-pole-set\/\"]}]},{\"@type\":\"ImageObject\",\"inLanguage\":\"de\",\"@id\":\"https:\/\/www.thetheoryworks.com\/de\/produkt\/quadratic-nanolite-pole-set\/#primaryimage\",\"url\":\"https:\/\/www.thetheoryworks.com\/wordpress\/wp-content\/uploads\/STP-Quad-Pole_Set_Nanolite-18-06.jpg\",\"contentUrl\":\"https:\/\/www.thetheoryworks.com\/wordpress\/wp-content\/uploads\/STP-Quad-Pole_Set_Nanolite-18-06.jpg\",\"width\":600,\"height\":600},{\"@type\":\"BreadcrumbList\",\"@id\":\"https:\/\/www.thetheoryworks.com\/de\/produkt\/quadratic-nanolite-pole-set\/#breadcrumb\",\"itemListElement\":[{\"@type\":\"ListItem\",\"position\":1,\"name\":\"Home\",\"item\":\"https:\/\/www.thetheoryworks.com\/de\/\"},{\"@type\":\"ListItem\",\"position\":2,\"name\":\"Shop\",\"item\":\"https:\/\/www.thetheoryworks.com\/de\/shop\/\"},{\"@type\":\"ListItem\",\"position\":3,\"name\":\"Quadratic\u2122 Nanolite Pole Set\"}]},{\"@type\":\"WebSite\",\"@id\":\"https:\/\/www.thetheoryworks.com\/de\/#website\",\"url\":\"https:\/\/www.thetheoryworks.com\/de\/\",\"name\":\"The Theory Works\u00ae\",\"description\":\"\",\"potentialAction\":[{\"@type\":\"SearchAction\",\"target\":{\"@type\":\"EntryPoint\",\"urlTemplate\":\"https:\/\/www.thetheoryworks.com\/de\/?s={search_term_string}\"},\"query-input\":{\"@type\":\"PropertyValueSpecification\",\"valueRequired\":true,\"valueName\":\"search_term_string\"}}],\"inLanguage\":\"de\"}]}<\/script>\n<!-- \/ Yoast SEO plugin. -->","yoast_head_json":{"title":"Quadratic\u2122 Nanolite Pole Set","description":"Ein Set bestehend aus drei Hauptstangen f\u00fcr das Quadratic\u2122 Zelt. Nanolite Zeltstangen sind perfekt f\u00fcr weniger extreme Bedingungen geeignet.","robots":{"index":"index","follow":"follow","max-snippet":"max-snippet:-1","max-image-preview":"max-image-preview:large","max-video-preview":"max-video-preview:-1"},"canonical":"https:\/\/www.thetheoryworks.com\/de\/produkt\/quadratic-nanolite-pole-set\/","og_locale":"de_DE","og_type":"article","og_title":"Quadratic\u2122 Nanolite Pole Set","og_description":"Ein Set bestehend aus drei Hauptstangen f\u00fcr das Quadratic\u2122 Zelt. Nanolite Zeltstangen sind perfekt f\u00fcr weniger extreme Bedingungen geeignet.","og_url":"https:\/\/www.thetheoryworks.com\/de\/produkt\/quadratic-nanolite-pole-set\/","og_site_name":"The Theory Works\u00ae","article_modified_time":"2023-07-04T22:07:19+00:00","og_image":[{"width":600,"height":600,"url":"https:\/\/www.thetheoryworks.com\/wordpress\/wp-content\/uploads\/STP-Quad-Pole_Set_Nanolite-18-06.jpg","type":"image\/jpeg"}],"twitter_misc":{"Gesch\u00e4tzte Lesezeit":"1\u00a0Minute"},"schema":{"@context":"https:\/\/schema.org","@graph":[{"@type":"WebPage","@id":"https:\/\/www.thetheoryworks.com\/de\/produkt\/quadratic-nanolite-pole-set\/","url":"https:\/\/www.thetheoryworks.com\/de\/produkt\/quadratic-nanolite-pole-set\/","name":"Quadratic\u2122 Nanolite Pole Set","isPartOf":{"@id":"https:\/\/www.thetheoryworks.com\/de\/#website"},"primaryImageOfPage":{"@id":"https:\/\/www.thetheoryworks.com\/de\/produkt\/quadratic-nanolite-pole-set\/#primaryimage"},"image":{"@id":"https:\/\/www.thetheoryworks.com\/de\/produkt\/quadratic-nanolite-pole-set\/#primaryimage"},"thumbnailUrl":"https:\/\/www.thetheoryworks.com\/wordpress\/wp-content\/uploads\/STP-Quad-Pole_Set_Nanolite-18-06.jpg","datePublished":"2018-04-01T15:12:41+00:00","dateModified":"2023-07-04T22:07:19+00:00","description":"Ein Set bestehend aus drei Hauptstangen f\u00fcr das Quadratic\u2122 Zelt. Nanolite Zeltstangen sind perfekt f\u00fcr weniger extreme Bedingungen geeignet.","breadcrumb":{"@id":"https:\/\/www.thetheoryworks.com\/de\/produkt\/quadratic-nanolite-pole-set\/#breadcrumb"},"inLanguage":"de","potentialAction":[{"@type":"ReadAction","target":["https:\/\/www.thetheoryworks.com\/de\/produkt\/quadratic-nanolite-pole-set\/"]}]},{"@type":"ImageObject","inLanguage":"de","@id":"https:\/\/www.thetheoryworks.com\/de\/produkt\/quadratic-nanolite-pole-set\/#primaryimage","url":"https:\/\/www.thetheoryworks.com\/wordpress\/wp-content\/uploads\/STP-Quad-Pole_Set_Nanolite-18-06.jpg","contentUrl":"https:\/\/www.thetheoryworks.com\/wordpress\/wp-content\/uploads\/STP-Quad-Pole_Set_Nanolite-18-06.jpg","width":600,"height":600},{"@type":"BreadcrumbList","@id":"https:\/\/www.thetheoryworks.com\/de\/produkt\/quadratic-nanolite-pole-set\/#breadcrumb","itemListElement":[{"@type":"ListItem","position":1,"name":"Home","item":"https:\/\/www.thetheoryworks.com\/de\/"},{"@type":"ListItem","position":2,"name":"Shop","item":"https:\/\/www.thetheoryworks.com\/de\/shop\/"},{"@type":"ListItem","position":3,"name":"Quadratic\u2122 Nanolite Pole Set"}]},{"@type":"WebSite","@id":"https:\/\/www.thetheoryworks.com\/de\/#website","url":"https:\/\/www.thetheoryworks.com\/de\/","name":"The Theory Works\u00ae","description":"","potentialAction":[{"@type":"SearchAction","target":{"@type":"EntryPoint","urlTemplate":"https:\/\/www.thetheoryworks.com\/de\/?s={search_term_string}"},"query-input":{"@type":"PropertyValueSpecification","valueRequired":true,"valueName":"search_term_string"}}],"inLanguage":"de"}]}},"_links":{"self":[{"href":"https:\/\/www.thetheoryworks.com\/de\/wp-json\/wp\/v2\/product\/4419","targetHints":{"allow":["GET"]}}],"collection":[{"href":"https:\/\/www.thetheoryworks.com\/de\/wp-json\/wp\/v2\/product"}],"about":[{"href":"https:\/\/www.thetheoryworks.com\/de\/wp-json\/wp\/v2\/types\/product"}],"replies":[{"embeddable":true,"href":"https:\/\/www.thetheoryworks.com\/de\/wp-json\/wp\/v2\/comments?post=4419"}],"wp:featuredmedia":[{"embeddable":true,"href":"https:\/\/www.thetheoryworks.com\/de\/wp-json\/wp\/v2\/media\/4339"}],"wp:attachment":[{"href":"https:\/\/www.thetheoryworks.com\/de\/wp-json\/wp\/v2\/media?parent=4419"}],"wp:term":[{"taxonomy":"product_brand","embeddable":true,"href":"https:\/\/www.thetheoryworks.com\/de\/wp-json\/wp\/v2\/product_brand?post=4419"},{"taxonomy":"product_cat","embeddable":true,"href":"https:\/\/www.thetheoryworks.com\/de\/wp-json\/wp\/v2\/product_cat?post=4419"},{"taxonomy":"product_tag","embeddable":true,"href":"https:\/\/www.thetheoryworks.com\/de\/wp-json\/wp\/v2\/product_tag?post=4419"}],"curies":[{"name":"wp","href":"https:\/\/api.w.org\/{rel}","templated":true}]}}