{"id":4424,"date":"2018-04-01T20:08:34","date_gmt":"2018-04-01T19:08:34","guid":{"rendered":"http:\/\/www.thetheoryworks.com\/?post_type=product&#038;p=4424"},"modified":"2024-07-11T08:09:09","modified_gmt":"2024-07-11T07:09:09","slug":"quadratic-expedition-9-7-side-pole","status":"publish","type":"product","link":"https:\/\/www.thetheoryworks.com\/de\/produkt\/quadratic-expedition-9-7-side-pole\/","title":{"rendered":"Quadratic\u2122 Expedition 9.7 Side Pole"},"content":{"rendered":"<p>Eine einzelne Seitenstange f\u00fcr das Quadratic\u2122 Zelt. Eine oder mehrere Seitenstangen (366 cm) k\u00f6nnen optional benutzt werden, um das Quadratic\u2122 Zelt widerstandsf\u00e4higer und freistehend zu machen. Die Seitenstangen helfen zus\u00e4tzlich das Zelt l\u00e4ngs zu spannen; die Heringe werden also nur f\u00fcr die Apsiden ben\u00f6tigt. Die Seitenstange verleiht dem Zelt ebenso extreme Stabilit\u00e4t bei Seitenwinden, indem die Seitenw\u00e4nde verst\u00e4rkt und das Hauptgest\u00e4nge unterst\u00fctzt wird. <\/p>\n<p>Leicht aber extrem widerstandsf\u00e4hige Easton<sup3>\u00ae<\/sup3>  Expedition Aluminium Zeltstange mit 9,7 mm Durchmesser. Das 7075er Aluminium ist  auf H\u00e4rtestufe T9 hitzebehandelt und harteloxiert.<\/p>\n<p>Quadratic\u2122 Zelte haben an jeder Seite eine Tunnelschlaufe f\u00fcr die Seitenstangen. Normalerweise werden pro Seite eine Zeltstange verwendet. Um Gewicht zu sparen, kann auch nur eine Zeltstange f\u00fcr die windzugewendete Seite verwendet werden. Die Seitenstangen m\u00fcssen nicht vom gleichen Typen sein. Bei extremen Windb\u00f6en k\u00f6nnen auch zwei Seitenstangen gleichzeitig verwendet werden. <\/p>\n<div id=\"squelch-taas-toggle-0\" class=\"squelch-taas-toggle squelch-taas-override\" data-speed=\"800\" data-active=\"\" data-theme=\"ttw\" ><h3 id=\"squelch-taas-header-0\" class=\"squelch-taas-toggle-shortcode-header\"><a href=\"#squelch-taas-toggle-shortcode-content-0\">Spezifikationen<\/a><\/h3><div id=\"squelch-taas-toggle-shortcode-content-0\" class=\"squelch-taas-toggle-shortcode-content squelch-taas-toggle-shortcode-content-0\">\n<h4>Beschreibung<\/h4>\n<ul>\n<li>Eine einzelne Zeltstange f\u00fcr das Quadratic\u2122 Zelt<\/li>\n<li>Stark und widerstandsf\u00e4hig, f\u00fcr extreme Wetterbedingungen<\/li>\n<\/ul>\n<h4>Eigenschaften<\/h4>\n<ul>\n<li>Leicht lesbare L\u00e4ngenbeschriftungen<\/li>\n<\/ul>\n<h4>Materialien <\/h4>\n<ul>\n<li>9,7 mm Durchmesser Zeltstangen f\u00fcr optimale Steifheit und Belastbarkeit<\/li>\n<li>Easton<sup3>\u00ae<\/sup3>  Expedition Aluminium.  7075 Aluminium, Hitzebehandlung f\u00fcr extreme T9 H\u00e4rtestufe<\/li>\n<\/ul>\n<h4>Ma\u00dfe<\/h4>\n<ul>\n<li>1x 366 cm Seitenstange: 246 g<\/li>\n<li>Zusammengefaltet ca. 50 cm L\u00e4nge<\/li>\n<\/ul>\n<\/div>\n<h3 id=\"squelch-taas-header-1\" class=\"squelch-taas-toggle-shortcode-header\"><a href=\"#squelch-taas-toggle-shortcode-content-1\">Download<\/a><\/h3><div id=\"squelch-taas-toggle-shortcode-content-1\" class=\"squelch-taas-toggle-shortcode-content squelch-taas-toggle-shortcode-content-1\"><div class='w3eden'>\n    <div class=''>\n\n        \n        <div id=\"content_wpdm_package_1\">\n            <div class='row'><div class='col-lg-4 col-md-6 col-12'><!-- WPDM Link Template: Default Template -->\n\n<div class=\"link-template-default card mb-2\">\n    <div class=\"card-body\">\n        <div class=\"media\">\n            <div class=\"mr-3 img-48\"><img decoding=\"async\" class=\"wpdm_icon\" alt=\"Icon\"   src=\"https:\/\/www.thetheoryworks.com\/wordpress\/wp-content\/plugins\/download-manager\/assets\/file-type-icons\/file_extension_pdf.png\" \/><\/div>\n            <div class=\"media-body\">\n                <h3 class=\"package-title\"><a href='https:\/\/www.thetheoryworks.com\/de\/download\/specification-quadratic-poles-en\/'>Specification: Quadratic Poles (EN)<\/a><\/h3>\n                <div class=\"text-muted text-small\"><i class=\"fas fa-copy\"><\/i> 1 Datei(en) <i class=\"fas fa-hdd ml-3\"><\/i> 249.39 KB<\/div>\n            <\/div>\n            <div class=\"ml-3\">\n                <a class='wpdm-download-link download-on-click btn btn-primary btn-xs' rel='nofollow' href='#' data-downloadurl=\"https:\/\/www.thetheoryworks.com\/de\/download\/specification-quadratic-poles-en\/?wpdmdl=4364&refresh=69f2d47bd825e1777521787\">Download<\/a>\n            <\/div>\n        <\/div>\n    <\/div>\n<\/div>\n\n<\/div><\/div>            <div style='clear:both'><\/div><div class='text-center'><ul class='pagination wpdm-pagination pagination-centered text-center'><\/ul><\/div><div style='clear:both'><\/div>        <\/div>\n\n        <div style='clear:both'><\/div>\n    <\/div>\n<\/div>\n<\/div><\/div>\n\n<p style=\"font-size: smaller;\">&nbsp;<br \/>Easton\u00ae ist eine Handelsmarke der Easton Technical Products. <\/p>\n","protected":false},"excerpt":{"rendered":"<p>Eine einzelne Seitenstange (optional) f\u00fcr das Quadratic\u2122 Zelt. Mit 9,7 mm Durchmesser ist diese Easton\u00ae Expedition Aluminium Zeltstange leicht und sehr robust.<\/p>\n","protected":false},"featured_media":4299,"comment_status":"closed","ping_status":"closed","template":"","meta":[],"product_brand":[],"product_cat":[252],"product_tag":[],"class_list":{"0":"post-4424","1":"product","2":"type-product","3":"status-publish","4":"has-post-thumbnail","6":"product_cat-quad-erweitere-dein-system","8":"first","9":"instock","10":"taxable","11":"shipping-taxable","12":"purchasable","13":"product-type-simple"},"composite_virtual":false,"composite_layout":"","composite_add_to_cart_form_location":"","composite_editable_in_cart":false,"composite_sold_individually_context":"","composite_shop_price_calc":"","composite_components":[],"composite_scenarios":[],"yoast_head":"<!-- This site is optimized with the Yoast SEO plugin v26.9 - https:\/\/yoast.com\/product\/yoast-seo-wordpress\/ -->\n<title>Quadratic\u2122 Expedition 9.7 Side Pole<\/title>\n<meta name=\"description\" content=\"Eine einzelne Seitenstange (optional) f\u00fcr das Quadratic\u2122 Zelt. Mit 9,7 mm Durchmesser ist diese Aluminium Zeltstange leicht und sehr robust.\" \/>\n<meta name=\"robots\" content=\"index, follow, max-snippet:-1, max-image-preview:large, max-video-preview:-1\" \/>\n<link rel=\"canonical\" href=\"https:\/\/www.thetheoryworks.com\/de\/produkt\/quadratic-expedition-9-7-side-pole\/\" \/>\n<meta property=\"og:locale\" content=\"de_DE\" \/>\n<meta property=\"og:type\" content=\"article\" \/>\n<meta property=\"og:title\" content=\"Quadratic\u2122 Expedition 9.7 Side Pole\" \/>\n<meta property=\"og:description\" content=\"Eine einzelne Seitenstange (optional) f\u00fcr das Quadratic\u2122 Zelt. Mit 9,7 mm Durchmesser ist diese Aluminium Zeltstange leicht und sehr robust.\" \/>\n<meta property=\"og:url\" content=\"https:\/\/www.thetheoryworks.com\/de\/produkt\/quadratic-expedition-9-7-side-pole\/\" \/>\n<meta property=\"og:site_name\" content=\"The Theory Works\u00ae\" \/>\n<meta property=\"article:modified_time\" content=\"2024-07-11T07:09:09+00:00\" \/>\n<meta property=\"og:image\" content=\"https:\/\/www.thetheoryworks.com\/wordpress\/wp-content\/uploads\/STP-Quad-Pole_366_380_Flat-18-06-003.jpg\" \/>\n\t<meta property=\"og:image:width\" content=\"600\" \/>\n\t<meta property=\"og:image:height\" content=\"600\" \/>\n\t<meta property=\"og:image:type\" content=\"image\/jpeg\" \/>\n<meta name=\"twitter:label1\" content=\"Gesch\u00e4tzte Lesezeit\" \/>\n\t<meta name=\"twitter:data1\" content=\"1\u00a0Minute\" \/>\n<script type=\"application\/ld+json\" class=\"yoast-schema-graph\">{\"@context\":\"https:\/\/schema.org\",\"@graph\":[{\"@type\":\"WebPage\",\"@id\":\"https:\/\/www.thetheoryworks.com\/de\/produkt\/quadratic-expedition-9-7-side-pole\/\",\"url\":\"https:\/\/www.thetheoryworks.com\/de\/produkt\/quadratic-expedition-9-7-side-pole\/\",\"name\":\"Quadratic\u2122 Expedition 9.7 Side Pole\",\"isPartOf\":{\"@id\":\"https:\/\/www.thetheoryworks.com\/de\/#website\"},\"primaryImageOfPage\":{\"@id\":\"https:\/\/www.thetheoryworks.com\/de\/produkt\/quadratic-expedition-9-7-side-pole\/#primaryimage\"},\"image\":{\"@id\":\"https:\/\/www.thetheoryworks.com\/de\/produkt\/quadratic-expedition-9-7-side-pole\/#primaryimage\"},\"thumbnailUrl\":\"https:\/\/www.thetheoryworks.com\/wordpress\/wp-content\/uploads\/STP-Quad-Pole_366_380_Flat-18-06-003.jpg\",\"datePublished\":\"2018-04-01T19:08:34+00:00\",\"dateModified\":\"2024-07-11T07:09:09+00:00\",\"description\":\"Eine einzelne Seitenstange (optional) f\u00fcr das Quadratic\u2122 Zelt. Mit 9,7 mm Durchmesser ist diese Aluminium Zeltstange leicht und sehr robust.\",\"breadcrumb\":{\"@id\":\"https:\/\/www.thetheoryworks.com\/de\/produkt\/quadratic-expedition-9-7-side-pole\/#breadcrumb\"},\"inLanguage\":\"de\",\"potentialAction\":[{\"@type\":\"ReadAction\",\"target\":[\"https:\/\/www.thetheoryworks.com\/de\/produkt\/quadratic-expedition-9-7-side-pole\/\"]}]},{\"@type\":\"ImageObject\",\"inLanguage\":\"de\",\"@id\":\"https:\/\/www.thetheoryworks.com\/de\/produkt\/quadratic-expedition-9-7-side-pole\/#primaryimage\",\"url\":\"https:\/\/www.thetheoryworks.com\/wordpress\/wp-content\/uploads\/STP-Quad-Pole_366_380_Flat-18-06-003.jpg\",\"contentUrl\":\"https:\/\/www.thetheoryworks.com\/wordpress\/wp-content\/uploads\/STP-Quad-Pole_366_380_Flat-18-06-003.jpg\",\"width\":600,\"height\":600},{\"@type\":\"BreadcrumbList\",\"@id\":\"https:\/\/www.thetheoryworks.com\/de\/produkt\/quadratic-expedition-9-7-side-pole\/#breadcrumb\",\"itemListElement\":[{\"@type\":\"ListItem\",\"position\":1,\"name\":\"Home\",\"item\":\"https:\/\/www.thetheoryworks.com\/de\/\"},{\"@type\":\"ListItem\",\"position\":2,\"name\":\"Shop\",\"item\":\"https:\/\/www.thetheoryworks.com\/de\/shop\/\"},{\"@type\":\"ListItem\",\"position\":3,\"name\":\"Quadratic\u2122 Expedition 9.7 Side Pole\"}]},{\"@type\":\"WebSite\",\"@id\":\"https:\/\/www.thetheoryworks.com\/de\/#website\",\"url\":\"https:\/\/www.thetheoryworks.com\/de\/\",\"name\":\"The Theory Works\u00ae\",\"description\":\"\",\"potentialAction\":[{\"@type\":\"SearchAction\",\"target\":{\"@type\":\"EntryPoint\",\"urlTemplate\":\"https:\/\/www.thetheoryworks.com\/de\/?s={search_term_string}\"},\"query-input\":{\"@type\":\"PropertyValueSpecification\",\"valueRequired\":true,\"valueName\":\"search_term_string\"}}],\"inLanguage\":\"de\"}]}<\/script>\n<!-- \/ Yoast SEO plugin. -->","yoast_head_json":{"title":"Quadratic\u2122 Expedition 9.7 Side Pole","description":"Eine einzelne Seitenstange (optional) f\u00fcr das Quadratic\u2122 Zelt. Mit 9,7 mm Durchmesser ist diese Aluminium Zeltstange leicht und sehr robust.","robots":{"index":"index","follow":"follow","max-snippet":"max-snippet:-1","max-image-preview":"max-image-preview:large","max-video-preview":"max-video-preview:-1"},"canonical":"https:\/\/www.thetheoryworks.com\/de\/produkt\/quadratic-expedition-9-7-side-pole\/","og_locale":"de_DE","og_type":"article","og_title":"Quadratic\u2122 Expedition 9.7 Side Pole","og_description":"Eine einzelne Seitenstange (optional) f\u00fcr das Quadratic\u2122 Zelt. Mit 9,7 mm Durchmesser ist diese Aluminium Zeltstange leicht und sehr robust.","og_url":"https:\/\/www.thetheoryworks.com\/de\/produkt\/quadratic-expedition-9-7-side-pole\/","og_site_name":"The Theory Works\u00ae","article_modified_time":"2024-07-11T07:09:09+00:00","og_image":[{"width":600,"height":600,"url":"https:\/\/www.thetheoryworks.com\/wordpress\/wp-content\/uploads\/STP-Quad-Pole_366_380_Flat-18-06-003.jpg","type":"image\/jpeg"}],"twitter_misc":{"Gesch\u00e4tzte Lesezeit":"1\u00a0Minute"},"schema":{"@context":"https:\/\/schema.org","@graph":[{"@type":"WebPage","@id":"https:\/\/www.thetheoryworks.com\/de\/produkt\/quadratic-expedition-9-7-side-pole\/","url":"https:\/\/www.thetheoryworks.com\/de\/produkt\/quadratic-expedition-9-7-side-pole\/","name":"Quadratic\u2122 Expedition 9.7 Side Pole","isPartOf":{"@id":"https:\/\/www.thetheoryworks.com\/de\/#website"},"primaryImageOfPage":{"@id":"https:\/\/www.thetheoryworks.com\/de\/produkt\/quadratic-expedition-9-7-side-pole\/#primaryimage"},"image":{"@id":"https:\/\/www.thetheoryworks.com\/de\/produkt\/quadratic-expedition-9-7-side-pole\/#primaryimage"},"thumbnailUrl":"https:\/\/www.thetheoryworks.com\/wordpress\/wp-content\/uploads\/STP-Quad-Pole_366_380_Flat-18-06-003.jpg","datePublished":"2018-04-01T19:08:34+00:00","dateModified":"2024-07-11T07:09:09+00:00","description":"Eine einzelne Seitenstange (optional) f\u00fcr das Quadratic\u2122 Zelt. Mit 9,7 mm Durchmesser ist diese Aluminium Zeltstange leicht und sehr robust.","breadcrumb":{"@id":"https:\/\/www.thetheoryworks.com\/de\/produkt\/quadratic-expedition-9-7-side-pole\/#breadcrumb"},"inLanguage":"de","potentialAction":[{"@type":"ReadAction","target":["https:\/\/www.thetheoryworks.com\/de\/produkt\/quadratic-expedition-9-7-side-pole\/"]}]},{"@type":"ImageObject","inLanguage":"de","@id":"https:\/\/www.thetheoryworks.com\/de\/produkt\/quadratic-expedition-9-7-side-pole\/#primaryimage","url":"https:\/\/www.thetheoryworks.com\/wordpress\/wp-content\/uploads\/STP-Quad-Pole_366_380_Flat-18-06-003.jpg","contentUrl":"https:\/\/www.thetheoryworks.com\/wordpress\/wp-content\/uploads\/STP-Quad-Pole_366_380_Flat-18-06-003.jpg","width":600,"height":600},{"@type":"BreadcrumbList","@id":"https:\/\/www.thetheoryworks.com\/de\/produkt\/quadratic-expedition-9-7-side-pole\/#breadcrumb","itemListElement":[{"@type":"ListItem","position":1,"name":"Home","item":"https:\/\/www.thetheoryworks.com\/de\/"},{"@type":"ListItem","position":2,"name":"Shop","item":"https:\/\/www.thetheoryworks.com\/de\/shop\/"},{"@type":"ListItem","position":3,"name":"Quadratic\u2122 Expedition 9.7 Side Pole"}]},{"@type":"WebSite","@id":"https:\/\/www.thetheoryworks.com\/de\/#website","url":"https:\/\/www.thetheoryworks.com\/de\/","name":"The Theory Works\u00ae","description":"","potentialAction":[{"@type":"SearchAction","target":{"@type":"EntryPoint","urlTemplate":"https:\/\/www.thetheoryworks.com\/de\/?s={search_term_string}"},"query-input":{"@type":"PropertyValueSpecification","valueRequired":true,"valueName":"search_term_string"}}],"inLanguage":"de"}]}},"_links":{"self":[{"href":"https:\/\/www.thetheoryworks.com\/de\/wp-json\/wp\/v2\/product\/4424","targetHints":{"allow":["GET"]}}],"collection":[{"href":"https:\/\/www.thetheoryworks.com\/de\/wp-json\/wp\/v2\/product"}],"about":[{"href":"https:\/\/www.thetheoryworks.com\/de\/wp-json\/wp\/v2\/types\/product"}],"replies":[{"embeddable":true,"href":"https:\/\/www.thetheoryworks.com\/de\/wp-json\/wp\/v2\/comments?post=4424"}],"wp:featuredmedia":[{"embeddable":true,"href":"https:\/\/www.thetheoryworks.com\/de\/wp-json\/wp\/v2\/media\/4299"}],"wp:attachment":[{"href":"https:\/\/www.thetheoryworks.com\/de\/wp-json\/wp\/v2\/media?parent=4424"}],"wp:term":[{"taxonomy":"product_brand","embeddable":true,"href":"https:\/\/www.thetheoryworks.com\/de\/wp-json\/wp\/v2\/product_brand?post=4424"},{"taxonomy":"product_cat","embeddable":true,"href":"https:\/\/www.thetheoryworks.com\/de\/wp-json\/wp\/v2\/product_cat?post=4424"},{"taxonomy":"product_tag","embeddable":true,"href":"https:\/\/www.thetheoryworks.com\/de\/wp-json\/wp\/v2\/product_tag?post=4424"}],"curies":[{"name":"wp","href":"https:\/\/api.w.org\/{rel}","templated":true}]}}