{"id":4882,"date":"2020-05-26T17:22:51","date_gmt":"2020-05-26T16:22:51","guid":{"rendered":"https:\/\/www.thetheoryworks.com\/?post_type=product&#038;p=4882"},"modified":"2023-07-04T23:07:19","modified_gmt":"2023-07-04T22:07:19","slug":"exp-guy-cord-8-pack-2-2-mm","status":"publish","type":"product","link":"https:\/\/www.thetheoryworks.com\/de\/produkt\/exp-guy-cord-8-pack-2-2-mm\/","title":{"rendered":"Expeditions- Abspannleine 8-fach; 2,2 mm"},"content":{"rendered":"<p>Eine hochwertige Abspannleine ist wichtig, um das Zelt auch bei schlechten Wetterbedingungen zu sch\u00fctzen. Diese Packung enth\u00e4lt 8 Abspannleinen, die robust und in allen Wetterbedingungen leicht anpassbar sind. Die extra langen 3 m Abspannleinen verbessern zus\u00e4tzlich die Stabilit\u00e4t des Zelts und sind perfekt f\u00fcr das Zelten im Schnee und Basecamp geeignet. Die extra L\u00e4nge ist ebenfalls sinnvoll, wenn die Abspannleinen an vergrabenen Ankern oder gro\u00dfen Steinen befestigt werden sollen.<\/p>\n<p>Diese Abspannleine wurde speziell f\u00fcr The Theory Works\u00ae gewebt. Die Leine besteht aus einem hochwertigen 100%igen Polyesterkern mit Ummantelung. Die Ummantelung wurde sehr fest gewebt, um sie abnutzungsresistenter gegen\u00fcber Heringen, Skis, Steinen und Schneeankern zu machen und sie vor Besch\u00e4digungen von Klettverschl\u00fcssen zu sch\u00fctzen. Polyester nimmt kaum Wasser auf und beh\u00e4lt dadurch die straffe Form, wenn sich die Wetterverh\u00e4ltnisse \u00e4ndern. <\/p>\n<p>Line-Lok\u00ae Leinenspanner bieten exzellente Stopp-Eigenschaften. Sie k\u00f6nnen selbst bei extremen Wetterverh\u00e4ltnissen leicht verstellt werden, wenn man Handschuhe tr\u00e4gt. <\/p>\n<p>Abspannleinen funktionieren am besten, wenn sie so lang wie m\u00f6glich sind. L\u00e4ngere Leinen bieten besseren Schutz gegen Seitenwinde und erschweren das Herausziehen der Heringe. F\u00fcr das Quadratic\u2122 Zelt empfehlen wir zwei Pakete Abspannleinen f\u00fcr extreme Wetterverh\u00e4ltnisse, da so die unteren und oberen Abspannleinenverbindungsschlaufen benutzt werden k\u00f6nnen. <\/p>\n<div id=\"squelch-taas-toggle-0\" class=\"squelch-taas-toggle squelch-taas-override\" data-speed=\"800\" data-active=\"\" data-theme=\"ttw\" ><h3 id=\"squelch-taas-header-0\" class=\"squelch-taas-toggle-shortcode-header\"><a href=\"#squelch-taas-toggle-shortcode-content-0\">Spezifikationen<\/a><\/h3><div id=\"squelch-taas-toggle-shortcode-content-0\" class=\"squelch-taas-toggle-shortcode-content squelch-taas-toggle-shortcode-content-0\">\n<h4>Beschreibung<\/h4>\n<ul>\n<li>8x 3 m lange Abspannleine<\/li>\n<li>8x Line-Lok\u00ae Leinenspanner<\/li>\n<\/ul>\n<h4>Eigenschaften<\/h4>\n<ul>\n<li>Leichtgewicht, nicht stretchbare und sehr abreibungsresistente Abspannleine <\/li>\n<li>Sehr praktische, verl\u00e4ssliche Leinenspanner, die einfach zu benutzen sind, wenn man Handschuhe tr\u00e4gt<\/li>\n<li>Gro\u00dfz\u00fcgige 3 m L\u00e4nge f\u00fcr perfekte Leistung f\u00fcr Basecamps, Expeditionen und bei extremen Wetterverh\u00e4ltnissen<\/li>\n<\/ul>\n<h4>Materialien<\/h4>\n<ul>\n<li>Polyester Kernmantel- Leine mit sehr eng gewebtem Au\u00dfenmantel<\/li>\n<li>Gespritztes Nylon<\/li>\n<\/ul>\n<h4>Ma\u00dfe<\/h4>\n<ul>\n<li>L\u00e4nge der Abspannleine: 3 m<\/li>\n<li>Abspannleine 8x 3 m: 80 g (ca. 10 g pro Leine)<\/li>\n<li>Line-Lok\u00ae Leinenspanner 8x: 8 g (ca. 1 g pro Leinenspanner)<\/li>\n<li>Insgesamt 8x Abspannleinen mit Line-Loks\u00ae: 88 g (ca. 11 g pro Leine)<\/li>\n<\/ul>\n<\/div>\n<h3 id=\"squelch-taas-header-1\" class=\"squelch-taas-toggle-shortcode-header\"><a href=\"#squelch-taas-toggle-shortcode-content-1\">Download<\/a><\/h3><div id=\"squelch-taas-toggle-shortcode-content-1\" class=\"squelch-taas-toggle-shortcode-content squelch-taas-toggle-shortcode-content-1\"><div class='w3eden'>\n    <div class=''>\n\n        \n        <div id=\"content_wpdm_package_1\">\n            <div class='row'><div class='col-md-12'>Keine Downloads gefunden!<\/div><\/div>            <div style='clear:both'><\/div><div class='text-center'><ul class='pagination wpdm-pagination pagination-centered text-center'><\/ul><\/div><div style='clear:both'><\/div>        <\/div>\n\n        <div style='clear:both'><\/div>\n    <\/div>\n<\/div>\n<\/div><\/div>\n\n<p style=\"font-size: smaller;\">&nbsp;<br \/>Line-Lok\u00ae ist eine Handelsmarke der Clamcleats Ltd. <\/p>\n","protected":false},"excerpt":{"rendered":"<p>Das Paket besteht aus 8x Abspannleine von 3 m L\u00e4nge mit dazugeh\u00f6rigem Line-Lok\u00ae Leinenspanner. Perfekt f\u00fcr das Quadratic\u2122 Zelt. Die 2,2 mm Polyesterleine ist sehr abnutzungsresistent. Die gelbe fluoreszierende Abspannleine absorbiert UV Strahlung und leuchtet in der D\u00e4mmerung.<\/p>\n","protected":false},"featured_media":4905,"comment_status":"closed","ping_status":"closed","template":"","meta":[],"product_brand":[],"product_cat":[201,252],"product_tag":[],"class_list":{"0":"post-4882","1":"product","2":"type-product","3":"status-publish","4":"has-post-thumbnail","6":"product_cat-abspannleine","7":"product_cat-quad-erweitere-dein-system","9":"first","10":"instock","11":"taxable","12":"shipping-taxable","13":"purchasable","14":"product-type-simple"},"composite_virtual":false,"composite_layout":"","composite_add_to_cart_form_location":"","composite_editable_in_cart":false,"composite_sold_individually_context":"","composite_shop_price_calc":"","composite_components":[],"composite_scenarios":[],"yoast_head":"<!-- This site is optimized with the Yoast SEO plugin v26.9 - https:\/\/yoast.com\/product\/yoast-seo-wordpress\/ -->\n<title>Expeditions- Abspannleine 8-fach; 2,2 mm -<\/title>\n<meta name=\"description\" content=\"Das Paket besteht aus 8x2m Abspannleine und dazugeh\u00f6rige Line-Lok\u00ae Stopper. Die 2,2mm Polyesterleine ist sehr abnutzungsresistent.\" \/>\n<meta name=\"robots\" content=\"index, follow, max-snippet:-1, max-image-preview:large, max-video-preview:-1\" \/>\n<link rel=\"canonical\" href=\"https:\/\/www.thetheoryworks.com\/de\/produkt\/exp-guy-cord-8-pack-2-2-mm\/\" \/>\n<meta property=\"og:locale\" content=\"de_DE\" \/>\n<meta property=\"og:type\" content=\"article\" \/>\n<meta property=\"og:title\" content=\"Expeditions- Abspannleine 8-fach; 2,2 mm -\" \/>\n<meta property=\"og:description\" content=\"Das Paket besteht aus 8x2m Abspannleine und dazugeh\u00f6rige Line-Lok\u00ae Stopper. Die 2,2mm Polyesterleine ist sehr abnutzungsresistent.\" \/>\n<meta property=\"og:url\" content=\"https:\/\/www.thetheoryworks.com\/de\/produkt\/exp-guy-cord-8-pack-2-2-mm\/\" \/>\n<meta property=\"og:site_name\" content=\"The Theory Works\u00ae\" \/>\n<meta property=\"article:modified_time\" content=\"2023-07-04T22:07:19+00:00\" \/>\n<meta property=\"og:image\" content=\"https:\/\/www.thetheoryworks.com\/wordpress\/wp-content\/uploads\/STP-Quad-Exp_Guy_Set_Yel-20-06-0.jpg\" \/>\n\t<meta property=\"og:image:width\" content=\"600\" \/>\n\t<meta property=\"og:image:height\" content=\"600\" \/>\n\t<meta property=\"og:image:type\" content=\"image\/jpeg\" \/>\n<meta name=\"twitter:label1\" content=\"Gesch\u00e4tzte Lesezeit\" \/>\n\t<meta name=\"twitter:data1\" content=\"2\u00a0Minuten\" \/>\n<script type=\"application\/ld+json\" class=\"yoast-schema-graph\">{\"@context\":\"https:\/\/schema.org\",\"@graph\":[{\"@type\":\"WebPage\",\"@id\":\"https:\/\/www.thetheoryworks.com\/de\/produkt\/exp-guy-cord-8-pack-2-2-mm\/\",\"url\":\"https:\/\/www.thetheoryworks.com\/de\/produkt\/exp-guy-cord-8-pack-2-2-mm\/\",\"name\":\"Expeditions- Abspannleine 8-fach; 2,2 mm -\",\"isPartOf\":{\"@id\":\"https:\/\/www.thetheoryworks.com\/de\/#website\"},\"primaryImageOfPage\":{\"@id\":\"https:\/\/www.thetheoryworks.com\/de\/produkt\/exp-guy-cord-8-pack-2-2-mm\/#primaryimage\"},\"image\":{\"@id\":\"https:\/\/www.thetheoryworks.com\/de\/produkt\/exp-guy-cord-8-pack-2-2-mm\/#primaryimage\"},\"thumbnailUrl\":\"https:\/\/www.thetheoryworks.com\/wordpress\/wp-content\/uploads\/STP-Quad-Exp_Guy_Set_Yel-20-06-0.jpg\",\"datePublished\":\"2020-05-26T16:22:51+00:00\",\"dateModified\":\"2023-07-04T22:07:19+00:00\",\"description\":\"Das Paket besteht aus 8x2m Abspannleine und dazugeh\u00f6rige Line-Lok\u00ae Stopper. Die 2,2mm Polyesterleine ist sehr abnutzungsresistent.\",\"breadcrumb\":{\"@id\":\"https:\/\/www.thetheoryworks.com\/de\/produkt\/exp-guy-cord-8-pack-2-2-mm\/#breadcrumb\"},\"inLanguage\":\"de\",\"potentialAction\":[{\"@type\":\"ReadAction\",\"target\":[\"https:\/\/www.thetheoryworks.com\/de\/produkt\/exp-guy-cord-8-pack-2-2-mm\/\"]}]},{\"@type\":\"ImageObject\",\"inLanguage\":\"de\",\"@id\":\"https:\/\/www.thetheoryworks.com\/de\/produkt\/exp-guy-cord-8-pack-2-2-mm\/#primaryimage\",\"url\":\"https:\/\/www.thetheoryworks.com\/wordpress\/wp-content\/uploads\/STP-Quad-Exp_Guy_Set_Yel-20-06-0.jpg\",\"contentUrl\":\"https:\/\/www.thetheoryworks.com\/wordpress\/wp-content\/uploads\/STP-Quad-Exp_Guy_Set_Yel-20-06-0.jpg\",\"width\":600,\"height\":600},{\"@type\":\"BreadcrumbList\",\"@id\":\"https:\/\/www.thetheoryworks.com\/de\/produkt\/exp-guy-cord-8-pack-2-2-mm\/#breadcrumb\",\"itemListElement\":[{\"@type\":\"ListItem\",\"position\":1,\"name\":\"Home\",\"item\":\"https:\/\/www.thetheoryworks.com\/de\/\"},{\"@type\":\"ListItem\",\"position\":2,\"name\":\"Shop\",\"item\":\"https:\/\/www.thetheoryworks.com\/de\/shop\/\"},{\"@type\":\"ListItem\",\"position\":3,\"name\":\"Expeditions- Abspannleine 8-fach; 2,2 mm\"}]},{\"@type\":\"WebSite\",\"@id\":\"https:\/\/www.thetheoryworks.com\/de\/#website\",\"url\":\"https:\/\/www.thetheoryworks.com\/de\/\",\"name\":\"The Theory Works\u00ae\",\"description\":\"\",\"potentialAction\":[{\"@type\":\"SearchAction\",\"target\":{\"@type\":\"EntryPoint\",\"urlTemplate\":\"https:\/\/www.thetheoryworks.com\/de\/?s={search_term_string}\"},\"query-input\":{\"@type\":\"PropertyValueSpecification\",\"valueRequired\":true,\"valueName\":\"search_term_string\"}}],\"inLanguage\":\"de\"}]}<\/script>\n<!-- \/ Yoast SEO plugin. -->","yoast_head_json":{"title":"Expeditions- Abspannleine 8-fach; 2,2 mm -","description":"Das Paket besteht aus 8x2m Abspannleine und dazugeh\u00f6rige Line-Lok\u00ae Stopper. Die 2,2mm Polyesterleine ist sehr abnutzungsresistent.","robots":{"index":"index","follow":"follow","max-snippet":"max-snippet:-1","max-image-preview":"max-image-preview:large","max-video-preview":"max-video-preview:-1"},"canonical":"https:\/\/www.thetheoryworks.com\/de\/produkt\/exp-guy-cord-8-pack-2-2-mm\/","og_locale":"de_DE","og_type":"article","og_title":"Expeditions- Abspannleine 8-fach; 2,2 mm -","og_description":"Das Paket besteht aus 8x2m Abspannleine und dazugeh\u00f6rige Line-Lok\u00ae Stopper. Die 2,2mm Polyesterleine ist sehr abnutzungsresistent.","og_url":"https:\/\/www.thetheoryworks.com\/de\/produkt\/exp-guy-cord-8-pack-2-2-mm\/","og_site_name":"The Theory Works\u00ae","article_modified_time":"2023-07-04T22:07:19+00:00","og_image":[{"width":600,"height":600,"url":"https:\/\/www.thetheoryworks.com\/wordpress\/wp-content\/uploads\/STP-Quad-Exp_Guy_Set_Yel-20-06-0.jpg","type":"image\/jpeg"}],"twitter_misc":{"Gesch\u00e4tzte Lesezeit":"2\u00a0Minuten"},"schema":{"@context":"https:\/\/schema.org","@graph":[{"@type":"WebPage","@id":"https:\/\/www.thetheoryworks.com\/de\/produkt\/exp-guy-cord-8-pack-2-2-mm\/","url":"https:\/\/www.thetheoryworks.com\/de\/produkt\/exp-guy-cord-8-pack-2-2-mm\/","name":"Expeditions- Abspannleine 8-fach; 2,2 mm -","isPartOf":{"@id":"https:\/\/www.thetheoryworks.com\/de\/#website"},"primaryImageOfPage":{"@id":"https:\/\/www.thetheoryworks.com\/de\/produkt\/exp-guy-cord-8-pack-2-2-mm\/#primaryimage"},"image":{"@id":"https:\/\/www.thetheoryworks.com\/de\/produkt\/exp-guy-cord-8-pack-2-2-mm\/#primaryimage"},"thumbnailUrl":"https:\/\/www.thetheoryworks.com\/wordpress\/wp-content\/uploads\/STP-Quad-Exp_Guy_Set_Yel-20-06-0.jpg","datePublished":"2020-05-26T16:22:51+00:00","dateModified":"2023-07-04T22:07:19+00:00","description":"Das Paket besteht aus 8x2m Abspannleine und dazugeh\u00f6rige Line-Lok\u00ae Stopper. Die 2,2mm Polyesterleine ist sehr abnutzungsresistent.","breadcrumb":{"@id":"https:\/\/www.thetheoryworks.com\/de\/produkt\/exp-guy-cord-8-pack-2-2-mm\/#breadcrumb"},"inLanguage":"de","potentialAction":[{"@type":"ReadAction","target":["https:\/\/www.thetheoryworks.com\/de\/produkt\/exp-guy-cord-8-pack-2-2-mm\/"]}]},{"@type":"ImageObject","inLanguage":"de","@id":"https:\/\/www.thetheoryworks.com\/de\/produkt\/exp-guy-cord-8-pack-2-2-mm\/#primaryimage","url":"https:\/\/www.thetheoryworks.com\/wordpress\/wp-content\/uploads\/STP-Quad-Exp_Guy_Set_Yel-20-06-0.jpg","contentUrl":"https:\/\/www.thetheoryworks.com\/wordpress\/wp-content\/uploads\/STP-Quad-Exp_Guy_Set_Yel-20-06-0.jpg","width":600,"height":600},{"@type":"BreadcrumbList","@id":"https:\/\/www.thetheoryworks.com\/de\/produkt\/exp-guy-cord-8-pack-2-2-mm\/#breadcrumb","itemListElement":[{"@type":"ListItem","position":1,"name":"Home","item":"https:\/\/www.thetheoryworks.com\/de\/"},{"@type":"ListItem","position":2,"name":"Shop","item":"https:\/\/www.thetheoryworks.com\/de\/shop\/"},{"@type":"ListItem","position":3,"name":"Expeditions- Abspannleine 8-fach; 2,2 mm"}]},{"@type":"WebSite","@id":"https:\/\/www.thetheoryworks.com\/de\/#website","url":"https:\/\/www.thetheoryworks.com\/de\/","name":"The Theory Works\u00ae","description":"","potentialAction":[{"@type":"SearchAction","target":{"@type":"EntryPoint","urlTemplate":"https:\/\/www.thetheoryworks.com\/de\/?s={search_term_string}"},"query-input":{"@type":"PropertyValueSpecification","valueRequired":true,"valueName":"search_term_string"}}],"inLanguage":"de"}]}},"_links":{"self":[{"href":"https:\/\/www.thetheoryworks.com\/de\/wp-json\/wp\/v2\/product\/4882","targetHints":{"allow":["GET"]}}],"collection":[{"href":"https:\/\/www.thetheoryworks.com\/de\/wp-json\/wp\/v2\/product"}],"about":[{"href":"https:\/\/www.thetheoryworks.com\/de\/wp-json\/wp\/v2\/types\/product"}],"replies":[{"embeddable":true,"href":"https:\/\/www.thetheoryworks.com\/de\/wp-json\/wp\/v2\/comments?post=4882"}],"wp:featuredmedia":[{"embeddable":true,"href":"https:\/\/www.thetheoryworks.com\/de\/wp-json\/wp\/v2\/media\/4905"}],"wp:attachment":[{"href":"https:\/\/www.thetheoryworks.com\/de\/wp-json\/wp\/v2\/media?parent=4882"}],"wp:term":[{"taxonomy":"product_brand","embeddable":true,"href":"https:\/\/www.thetheoryworks.com\/de\/wp-json\/wp\/v2\/product_brand?post=4882"},{"taxonomy":"product_cat","embeddable":true,"href":"https:\/\/www.thetheoryworks.com\/de\/wp-json\/wp\/v2\/product_cat?post=4882"},{"taxonomy":"product_tag","embeddable":true,"href":"https:\/\/www.thetheoryworks.com\/de\/wp-json\/wp\/v2\/product_tag?post=4882"}],"curies":[{"name":"wp","href":"https:\/\/api.w.org\/{rel}","templated":true}]}}